{"id":37490,"date":"2025-06-14T12:14:26","date_gmt":"2025-06-14T10:14:26","guid":{"rendered":"https:\/\/sakyapa.eu\/sakya-tsechen-changchub-ling-buddhistiskt-center-bad-gams\/"},"modified":"2025-06-14T14:17:15","modified_gmt":"2025-06-14T12:17:15","slug":"sakya-tsechen-changchub-ling-buddhistiskt-center-bad-gams","status":"publish","type":"page","link":"https:\/\/sakyapa.eu\/sv\/sakya-tsechen-changchub-ling-buddhistiskt-center-bad-gams\/","title":{"rendered":"Sakya Tsechen Changchub Ling &#8211; Buddhistiskt Center Bad Gams\/ \u00d6sterrike"},"content":{"rendered":"\n<div class=\"wp-block-media-text is-stacked-on-mobile is-vertically-aligned-top\" style=\"grid-template-columns:34% auto\"><figure class=\"wp-block-media-text__media\"><img fetchpriority=\"high\" decoding=\"async\" width=\"768\" height=\"1024\" src=\"https:\/\/sakyapa.eu\/wp-content\/uploads\/2025\/06\/photo-Sakya-Tsechen-Changchub-Ling-Austria-768x1024.jpg\" alt=\"\" class=\"wp-image-37471 size-full\" srcset=\"https:\/\/sakyapa.eu\/wp-content\/uploads\/2025\/06\/photo-Sakya-Tsechen-Changchub-Ling-Austria-768x1024.jpg 768w, https:\/\/sakyapa.eu\/wp-content\/uploads\/2025\/06\/photo-Sakya-Tsechen-Changchub-Ling-Austria-225x300.jpg 225w, https:\/\/sakyapa.eu\/wp-content\/uploads\/2025\/06\/photo-Sakya-Tsechen-Changchub-Ling-Austria-45x60.jpg 45w, https:\/\/sakyapa.eu\/wp-content\/uploads\/2025\/06\/photo-Sakya-Tsechen-Changchub-Ling-Austria-rotated.jpg 960w\" sizes=\"(max-width: 768px) 100vw, 768px\" \/><\/figure><div class=\"wp-block-media-text__content\">\n<p>Inge-Margareta Brenner<br>Furth 14, 8524 Bad Gams, \u00d6sterrike<br>Tel: +43 (0)3463-69 515<br>Mobil: +43(0)676 32 81 473<br>Postadress: K\u00f6rblergasse 62 K\u00f6rblergasse 62, 8010 Graz, \u00d6sterrike<br>Tfn: +43 (0)316-351 776<br>E-post: <a href=\"mailto:info@sakyaling.at\">info@sakyaling.at<\/a> <br>Webbplats:: <a href=\"http:\/\/www.sakyaling.at\">www.sakyaling.at<\/a><br>Sakya Tsechen Changchub Ling, bel\u00e4get bland de b\u00f6ljande kullarna i sydv\u00e4stra Steiermark, 40 km fr\u00e5n Graz, i kurorten Bad Gams, grundades den 13 oktober 2002 av V\u00f6rdade Khenchen Sherab Gyaltsen Amipa Rinpoche.<\/p>\n\n\n\n<p>Efter omfattande renoveringar har det kulturminnesm\u00e4rkta &#8220;Baderhaus&#8221; och \u201dBrabeck-v\u00e4veriet&#8221; tillsammans med en charmig tr\u00e4dg\u00e5rd \u00f6ppnats f\u00f6r bes\u00f6kare och buddhister fr\u00e5n hela v\u00e4rlden.<\/p>\n\n\n\n<p>Ut\u00f6ver buddhistiska evenemang fungerar centret ocks\u00e5 som en plats f\u00f6r interkulturellt utbyte.<\/p>\n<\/div><\/div>\n","protected":false},"excerpt":{"rendered":"<p>Inge-Margareta BrennerFurth 14, 8524 Bad Gams, \u00d6sterrikeTel: +43 (0)3463-69 515Mobil: +43(0)676 32 81 473Postadress: K\u00f6rblergasse 62 K\u00f6rblergasse 62, 8010 Graz, \u00d6sterrikeTfn: +43 (0)316-351 776E-post: info@sakyaling.at &hellip; <\/p>\n","protected":false},"author":1,"featured_media":0,"parent":0,"menu_order":0,"comment_status":"closed","ping_status":"closed","template":"","meta":{"_tec_requires_first_save":true,"_eb_attr":"","_price":"","_stock":"","_tribe_ticket_header":"","_tribe_default_ticket_provider":"","_tribe_ticket_capacity":"0","_ticket_start_date":"","_ticket_end_date":"","_tribe_ticket_show_description":"","_tribe_ticket_show_not_going":false,"_tribe_ticket_use_global_stock":"","_tribe_ticket_global_stock_level":"","_global_stock_mode":"","_global_stock_cap":"","_tribe_rsvp_for_event":"","_tribe_ticket_going_count":"","_tribe_ticket_not_going_count":"","_tribe_tickets_list":"[]","_tribe_ticket_has_attendee_info_fields":false,"_EventAllDay":false,"_EventTimezone":"","_EventStartDate":"","_EventEndDate":"","_EventStartDateUTC":"","_EventEndDateUTC":"","_EventShowMap":false,"_EventShowMapLink":false,"_EventURL":"","_EventCost":"","_EventCostDescription":"","_EventCurrencySymbol":"","_EventCurrencyCode":"","_EventCurrencyPosition":"","_EventDateTimeSeparator":"","_EventTimeRangeSeparator":"","_EventOrganizerID":[],"_EventVenueID":[],"_OrganizerEmail":"","_OrganizerPhone":"","_OrganizerWebsite":"","_VenueAddress":"","_VenueCity":"","_VenueCountry":"","_VenueProvince":"","_VenueState":"","_VenueZip":"","_VenuePhone":"","_VenueURL":"","_VenueStateProvince":"","_VenueLat":"","_VenueLng":"","_VenueShowMap":false,"_VenueShowMapLink":false,"_tribe_blocks_recurrence_rules":"","_tribe_blocks_recurrence_description":"","_tribe_blocks_recurrence_exclusions":"","footnotes":"","_tec_slr_enabled":"","_tec_slr_layout":""},"class_list":["post-37490","page","type-page","status-publish","hentry","latest_post"],"ticketed":false,"_links":{"self":[{"href":"https:\/\/sakyapa.eu\/sv\/wp-json\/wp\/v2\/pages\/37490","targetHints":{"allow":["GET"]}}],"collection":[{"href":"https:\/\/sakyapa.eu\/sv\/wp-json\/wp\/v2\/pages"}],"about":[{"href":"https:\/\/sakyapa.eu\/sv\/wp-json\/wp\/v2\/types\/page"}],"author":[{"embeddable":true,"href":"https:\/\/sakyapa.eu\/sv\/wp-json\/wp\/v2\/users\/1"}],"replies":[{"embeddable":true,"href":"https:\/\/sakyapa.eu\/sv\/wp-json\/wp\/v2\/comments?post=37490"}],"version-history":[{"count":3,"href":"https:\/\/sakyapa.eu\/sv\/wp-json\/wp\/v2\/pages\/37490\/revisions"}],"predecessor-version":[{"id":37626,"href":"https:\/\/sakyapa.eu\/sv\/wp-json\/wp\/v2\/pages\/37490\/revisions\/37626"}],"wp:attachment":[{"href":"https:\/\/sakyapa.eu\/sv\/wp-json\/wp\/v2\/media?parent=37490"}],"curies":[{"name":"wp","href":"https:\/\/api.w.org\/{rel}","templated":true}]}}