{"id":37483,"date":"2025-06-14T12:10:45","date_gmt":"2025-06-14T10:10:45","guid":{"rendered":"https:\/\/sakyapa.eu\/sakya-tsechen-ling-2\/"},"modified":"2025-06-14T14:15:41","modified_gmt":"2025-06-14T12:15:41","slug":"sakya-tsechen-ling-2","status":"publish","type":"page","link":"https:\/\/sakyapa.eu\/sv\/sakya-tsechen-ling-2\/","title":{"rendered":"Sakya Tsechen Ling"},"content":{"rendered":"\n<p>Meditations- och studiegrupp i Z\u00fcrich, Schweiz<br>E-post: <a href=\"mailto:sakyatsechenling@gmx.net\">sakyatsechenling@gmx.net<\/a><\/p>\n\n\n\n<div class=\"wp-block-media-text is-stacked-on-mobile is-vertically-aligned-top\"><figure class=\"wp-block-media-text__media\"><img fetchpriority=\"high\" decoding=\"async\" width=\"1000\" height=\"667\" src=\"https:\/\/sakyapa.eu\/wp-content\/uploads\/2025\/06\/photo-Sakya-Tsechen-Ling-Zurich-Switzerland.jpg\" alt=\"\" class=\"wp-image-37459 size-full\" srcset=\"https:\/\/sakyapa.eu\/wp-content\/uploads\/2025\/06\/photo-Sakya-Tsechen-Ling-Zurich-Switzerland.jpg 1000w, https:\/\/sakyapa.eu\/wp-content\/uploads\/2025\/06\/photo-Sakya-Tsechen-Ling-Zurich-Switzerland-300x200.jpg 300w, https:\/\/sakyapa.eu\/wp-content\/uploads\/2025\/06\/photo-Sakya-Tsechen-Ling-Zurich-Switzerland-768x512.jpg 768w, https:\/\/sakyapa.eu\/wp-content\/uploads\/2025\/06\/photo-Sakya-Tsechen-Ling-Zurich-Switzerland-90x60.jpg 90w, https:\/\/sakyapa.eu\/wp-content\/uploads\/2025\/06\/photo-Sakya-Tsechen-Ling-Zurich-Switzerland-480x320.jpg 480w, https:\/\/sakyapa.eu\/wp-content\/uploads\/2025\/06\/photo-Sakya-Tsechen-Ling-Zurich-Switzerland-420x280.jpg 420w\" sizes=\"(max-width: 1000px) 100vw, 1000px\" \/><\/figure><div class=\"wp-block-media-text__content\">\n<p>SAKYA TSECHEN LING \u00e4r en meditations- och studiegrupp inom den tibetanskt buddhistiska Sakyatraditionen som tr\u00e4ffas p\u00e5 onsdagseftermiddagar en g\u00e5ng i m\u00e5naden i Z\u00fcrich.<\/p>\n\n\n\n<p>F\u00f6reningen grundades 1986 och V\u00f6rdade Khenchen Sherab Gyaltsen Amipa var f\u00f6reningens andlige ledare under n\u00e4stan 30 \u00e5r och erbj\u00f6d omfattande undervisning och initiationer. Trots att det \u00e4r en liten f\u00f6rening har vi haft \u00e4ran att v\u00e4lkomna n\u00e5gra av de viktigaste m\u00e4starna inom tibetansk buddhism till Z\u00fcrich med omnejd.<\/p>\n\n\n\n<p>Efter grundarens d\u00f6d den 14 april 2014 tog Khenpo Tashi Sangpo Amipa \u00f6ver den andliga v\u00e4gledningen.<\/p>\n\n\n\n<p>Den 1 januari 2025 inf\u00f6rlivades f\u00f6reningen i det buddhistiska centret Thupten Changchup Ling i Arosio, Schweiz, och forts\u00e4tter sin verksamhet utan f\u00f6r\u00e4ndring.<\/p>\n<\/div><\/div>\n","protected":false},"excerpt":{"rendered":"<p>Meditations- och studiegrupp i Z\u00fcrich, SchweizE-post: sakyatsechenling@gmx.net SAKYA TSECHEN LING \u00e4r en meditations- och studiegrupp inom den tibetanskt buddhistiska Sakyatraditionen som tr\u00e4ffas p\u00e5 onsdagseftermiddagar en &hellip; <\/p>\n","protected":false},"author":1,"featured_media":0,"parent":0,"menu_order":0,"comment_status":"closed","ping_status":"closed","template":"","meta":{"_tec_requires_first_save":true,"_eb_attr":"","_price":"","_stock":"","_tribe_ticket_header":"","_tribe_default_ticket_provider":"","_tribe_ticket_capacity":"0","_ticket_start_date":"","_ticket_end_date":"","_tribe_ticket_show_description":"","_tribe_ticket_show_not_going":false,"_tribe_ticket_use_global_stock":"","_tribe_ticket_global_stock_level":"","_global_stock_mode":"","_global_stock_cap":"","_tribe_rsvp_for_event":"","_tribe_ticket_going_count":"","_tribe_ticket_not_going_count":"","_tribe_tickets_list":"[]","_tribe_ticket_has_attendee_info_fields":false,"_EventAllDay":false,"_EventTimezone":"","_EventStartDate":"","_EventEndDate":"","_EventStartDateUTC":"","_EventEndDateUTC":"","_EventShowMap":false,"_EventShowMapLink":false,"_EventURL":"","_EventCost":"","_EventCostDescription":"","_EventCurrencySymbol":"","_EventCurrencyCode":"","_EventCurrencyPosition":"","_EventDateTimeSeparator":"","_EventTimeRangeSeparator":"","_EventOrganizerID":[],"_EventVenueID":[],"_OrganizerEmail":"","_OrganizerPhone":"","_OrganizerWebsite":"","_VenueAddress":"","_VenueCity":"","_VenueCountry":"","_VenueProvince":"","_VenueState":"","_VenueZip":"","_VenuePhone":"","_VenueURL":"","_VenueStateProvince":"","_VenueLat":"","_VenueLng":"","_VenueShowMap":false,"_VenueShowMapLink":false,"_tribe_blocks_recurrence_rules":"","_tribe_blocks_recurrence_description":"","_tribe_blocks_recurrence_exclusions":"","footnotes":"","_tec_slr_enabled":"","_tec_slr_layout":""},"class_list":["post-37483","page","type-page","status-publish","hentry","latest_post"],"ticketed":false,"_links":{"self":[{"href":"https:\/\/sakyapa.eu\/sv\/wp-json\/wp\/v2\/pages\/37483","targetHints":{"allow":["GET"]}}],"collection":[{"href":"https:\/\/sakyapa.eu\/sv\/wp-json\/wp\/v2\/pages"}],"about":[{"href":"https:\/\/sakyapa.eu\/sv\/wp-json\/wp\/v2\/types\/page"}],"author":[{"embeddable":true,"href":"https:\/\/sakyapa.eu\/sv\/wp-json\/wp\/v2\/users\/1"}],"replies":[{"embeddable":true,"href":"https:\/\/sakyapa.eu\/sv\/wp-json\/wp\/v2\/comments?post=37483"}],"version-history":[{"count":2,"href":"https:\/\/sakyapa.eu\/sv\/wp-json\/wp\/v2\/pages\/37483\/revisions"}],"predecessor-version":[{"id":37625,"href":"https:\/\/sakyapa.eu\/sv\/wp-json\/wp\/v2\/pages\/37483\/revisions\/37625"}],"wp:attachment":[{"href":"https:\/\/sakyapa.eu\/sv\/wp-json\/wp\/v2\/media?parent=37483"}],"curies":[{"name":"wp","href":"https:\/\/api.w.org\/{rel}","templated":true}]}}