{"id":37437,"date":"2025-06-14T11:49:56","date_gmt":"2025-06-14T09:49:56","guid":{"rendered":"https:\/\/sakyapa.eu\/sakya-thegchen-ling\/"},"modified":"2025-06-14T14:13:59","modified_gmt":"2025-06-14T12:13:59","slug":"sakya-thegchen-ling","status":"publish","type":"page","link":"https:\/\/sakyapa.eu\/sv\/sakya-thegchen-ling\/","title":{"rendered":"Sakya Thegchen Ling"},"content":{"rendered":"\n<p>Laan van Meerdervoort 200 A, NL-2517 BJ Haag, Nederl\u00e4nderna<\/p>\n\n\n\n<p>Webbplats: <a href=\"http:\/\/www.sakya.nl\">www.sakya.nl<\/a><br>Tel: +31 (0)6 12116704<br>E-post: <a href=\"mailto:sakya.denhaag@hotmail.com\">sakya.denhaag@hotmail.com<\/a><br><br><strong>St\u00f6d detta center:<\/strong><br>Bankkonto: NL83 TRIO 0197 7958 03<br>BIC: TRIONL2U<\/p>\n\n\n\n<div class=\"wp-block-media-text is-stacked-on-mobile is-vertically-aligned-top\" style=\"grid-template-columns:46% auto\"><figure class=\"wp-block-media-text__media\"><img fetchpriority=\"high\" decoding=\"async\" width=\"768\" height=\"1024\" src=\"https:\/\/sakyapa.eu\/wp-content\/uploads\/2025\/06\/photo-Sakya-Thegchen-Ling-NL-768x1024.jpeg\" alt=\"\" class=\"wp-image-37421 size-full\" srcset=\"https:\/\/sakyapa.eu\/wp-content\/uploads\/2025\/06\/photo-Sakya-Thegchen-Ling-NL-768x1024.jpeg 768w, https:\/\/sakyapa.eu\/wp-content\/uploads\/2025\/06\/photo-Sakya-Thegchen-Ling-NL-225x300.jpeg 225w, https:\/\/sakyapa.eu\/wp-content\/uploads\/2025\/06\/photo-Sakya-Thegchen-Ling-NL-1152x1536.jpeg 1152w, https:\/\/sakyapa.eu\/wp-content\/uploads\/2025\/06\/photo-Sakya-Thegchen-Ling-NL-45x60.jpeg 45w, https:\/\/sakyapa.eu\/wp-content\/uploads\/2025\/06\/photo-Sakya-Thegchen-Ling-NL.jpeg 1512w\" sizes=\"(max-width: 768px) 100vw, 768px\" \/><\/figure><div class=\"wp-block-media-text__content\">\n<p>Sakya Thegchen Ling \u00e4r ett tibetanskt buddhistcenter inom Sakya-traditionen i Nederl\u00e4nderna. Centret \u00e4r bel\u00e4get i Haag, fredens och r\u00e4ttvisans stad, vid den stora centrala avenyn Laan van Meerdervoort.<\/p>\n\n\n\n<p>Den framlidne Khenchen Sherab Gyaltsen Amipa bes\u00f6kte Nederl\u00e4nderna i oktober 1976 p\u00e5 inbjudan av Stiftelsen Buddhismens V\u00e4nner. Vid detta bes\u00f6k beslutades att grunda ett Sakya-center i Nederl\u00e4nderna. Centret registrerade som stiftelse 1985.<\/p>\n\n\n\n<p>Hans Helighet Kyabgon Gongma Trichen Rinpoche gjorde sitt f\u00f6rsta bes\u00f6k i september 1978. Hans Helighet \u00e5tf\u00f6ljdes av Lama Sangyay och familjemedlemmar. Vid detta tillf\u00e4lle gav Hans Helighet initiationer i Buddha Manjushri och Buddha Amitayus.<\/p>\n\n\n\n<p>Fastigheten d\u00e4r Sakya Thegchen Ling \u00e4r bel\u00e4get testamenterades av Emilie van der Wiel, n\u00e5got som v\u00e5r sangha \u00e4r djupt tacksam f\u00f6r.<\/p>\n\n\n\n<p>Centret \u00e4r en m\u00f6tesplats f\u00f6r alla som vill komma i kontakt med tibetansk buddhism. F\u00f6rutom de veckovisa m\u00f6tena erbjuder centret en introduktionskurs i tibetansk buddhism, kurs i Samatha och Ng\u00f6ndro, en engelsk meditationsgrupp, en Lamdre-studiegrupp och en studiegrupp om Vajrayogini.<\/p>\n\n\n\n<p>F\u00f6rutom Hans Helighet Kyabgon Gongma Trichen Rinpoches bes\u00f6k f\u00e5r sanghan \u00e4ven regelbundet bes\u00f6k av Khenpo Tashi Sangpo Amipa och andra l\u00e4rare inom Sakya-traditionen.<\/p>\n<\/div><\/div>\n","protected":false},"excerpt":{"rendered":"<p>Laan van Meerdervoort 200 A, NL-2517 BJ Haag, Nederl\u00e4nderna Webbplats: www.sakya.nlTel: +31 (0)6 12116704E-post: sakya.denhaag@hotmail.com St\u00f6d detta center:Bankkonto: NL83 TRIO 0197 7958 03BIC: TRIONL2U Sakya &hellip; <\/p>\n","protected":false},"author":1,"featured_media":0,"parent":0,"menu_order":0,"comment_status":"closed","ping_status":"closed","template":"","meta":{"_tec_requires_first_save":true,"_eb_attr":"","_price":"","_stock":"","_tribe_ticket_header":"","_tribe_default_ticket_provider":"","_tribe_ticket_capacity":"0","_ticket_start_date":"","_ticket_end_date":"","_tribe_ticket_show_description":"","_tribe_ticket_show_not_going":false,"_tribe_ticket_use_global_stock":"","_tribe_ticket_global_stock_level":"","_global_stock_mode":"","_global_stock_cap":"","_tribe_rsvp_for_event":"","_tribe_ticket_going_count":"","_tribe_ticket_not_going_count":"","_tribe_tickets_list":"[]","_tribe_ticket_has_attendee_info_fields":false,"_EventAllDay":false,"_EventTimezone":"","_EventStartDate":"","_EventEndDate":"","_EventStartDateUTC":"","_EventEndDateUTC":"","_EventShowMap":false,"_EventShowMapLink":false,"_EventURL":"","_EventCost":"","_EventCostDescription":"","_EventCurrencySymbol":"","_EventCurrencyCode":"","_EventCurrencyPosition":"","_EventDateTimeSeparator":"","_EventTimeRangeSeparator":"","_EventOrganizerID":[],"_EventVenueID":[],"_OrganizerEmail":"","_OrganizerPhone":"","_OrganizerWebsite":"","_VenueAddress":"","_VenueCity":"","_VenueCountry":"","_VenueProvince":"","_VenueState":"","_VenueZip":"","_VenuePhone":"","_VenueURL":"","_VenueStateProvince":"","_VenueLat":"","_VenueLng":"","_VenueShowMap":false,"_VenueShowMapLink":false,"_tribe_blocks_recurrence_rules":"","_tribe_blocks_recurrence_description":"","_tribe_blocks_recurrence_exclusions":"","footnotes":"","_tec_slr_enabled":"","_tec_slr_layout":""},"class_list":["post-37437","page","type-page","status-publish","hentry","latest_post"],"ticketed":false,"_links":{"self":[{"href":"https:\/\/sakyapa.eu\/sv\/wp-json\/wp\/v2\/pages\/37437","targetHints":{"allow":["GET"]}}],"collection":[{"href":"https:\/\/sakyapa.eu\/sv\/wp-json\/wp\/v2\/pages"}],"about":[{"href":"https:\/\/sakyapa.eu\/sv\/wp-json\/wp\/v2\/types\/page"}],"author":[{"embeddable":true,"href":"https:\/\/sakyapa.eu\/sv\/wp-json\/wp\/v2\/users\/1"}],"replies":[{"embeddable":true,"href":"https:\/\/sakyapa.eu\/sv\/wp-json\/wp\/v2\/comments?post=37437"}],"version-history":[{"count":2,"href":"https:\/\/sakyapa.eu\/sv\/wp-json\/wp\/v2\/pages\/37437\/revisions"}],"predecessor-version":[{"id":37623,"href":"https:\/\/sakyapa.eu\/sv\/wp-json\/wp\/v2\/pages\/37437\/revisions\/37623"}],"wp:attachment":[{"href":"https:\/\/sakyapa.eu\/sv\/wp-json\/wp\/v2\/media?parent=37437"}],"curies":[{"name":"wp","href":"https:\/\/api.w.org\/{rel}","templated":true}]}}