{"id":37418,"date":"2025-06-14T11:33:09","date_gmt":"2025-06-14T09:33:09","guid":{"rendered":"https:\/\/sakyapa.eu\/yeshe-choling-sakya-forderverein-e-v\/"},"modified":"2025-06-14T14:12:19","modified_gmt":"2025-06-14T12:12:19","slug":"yeshe-choling-sakya-forderverein-e-v","status":"publish","type":"page","link":"https:\/\/sakyapa.eu\/sv\/yeshe-choling-sakya-forderverein-e-v\/","title":{"rendered":"Yeshe Ch\u00f6ling Sakya F\u00f6rderverein e.V."},"content":{"rendered":"\n<p><strong>Adress: c\/o Veronika Lederer, Jahnstrasse 6, D-79117 Freiburg im Breisgau, Tyskland<br>Tel: +49 761 72412<br>E-post:: <a href=\"mailto:yeshe@sakya.de\">yeshe@sakya.de<\/a><\/strong><\/p>\n\n\n\n<div class=\"wp-block-media-text is-stacked-on-mobile is-vertically-aligned-top\" style=\"grid-template-columns:46% auto\"><figure class=\"wp-block-media-text__media\"><img fetchpriority=\"high\" decoding=\"async\" width=\"1024\" height=\"765\" src=\"https:\/\/sakyapa.eu\/wp-content\/uploads\/2025\/06\/photo-Yeshe-Choling-Freiburg-Germany-1024x765.jpg\" alt=\"\" class=\"wp-image-37400 size-full\" srcset=\"https:\/\/sakyapa.eu\/wp-content\/uploads\/2025\/06\/photo-Yeshe-Choling-Freiburg-Germany-1024x765.jpg 1024w, https:\/\/sakyapa.eu\/wp-content\/uploads\/2025\/06\/photo-Yeshe-Choling-Freiburg-Germany-300x224.jpg 300w, https:\/\/sakyapa.eu\/wp-content\/uploads\/2025\/06\/photo-Yeshe-Choling-Freiburg-Germany-768x574.jpg 768w, https:\/\/sakyapa.eu\/wp-content\/uploads\/2025\/06\/photo-Yeshe-Choling-Freiburg-Germany-1536x1147.jpg 1536w, https:\/\/sakyapa.eu\/wp-content\/uploads\/2025\/06\/photo-Yeshe-Choling-Freiburg-Germany-2048x1530.jpg 2048w, https:\/\/sakyapa.eu\/wp-content\/uploads\/2025\/06\/photo-Yeshe-Choling-Freiburg-Germany-80x60.jpg 80w, https:\/\/sakyapa.eu\/wp-content\/uploads\/2025\/06\/photo-Yeshe-Choling-Freiburg-Germany-470x352.jpg 470w\" sizes=\"(max-width: 1024px) 100vw, 1024px\" \/><\/figure><div class=\"wp-block-media-text__content\">\n<p>F\u00f6reningen grundades av V\u00f6rdade Khenchen Sherab Gyaltsen Amipa Rinpoche i november 1977 och leds nu av hans eftertr\u00e4dare Khenpo Tashi Sangpo Amipa.<br>Under flera decennier har m\u00e5nga elever f\u00e5tt den unika m\u00f6jligheten att ta emot autentisk undervisning fr\u00e5n Rinpoche och hans eftertr\u00e4dare, samt att f\u00e5 initiationer inom Mahayana-buddhismens alla fyra klasser, framf\u00f6r allt inom den tibetanska Sakya-traditionen.<\/p>\n\n\n\n<p>Hans Helighet Kyabg\u00f6n Gongma Trichen Rinpoche har gett undervisning &nbsp;och initiationer i Freiburg p\u00e5 inbjudan av Yeshe Ch\u00f6ling.<br>\u00c4ven V\u00f6rdade Khenpo Dakpa Woeser kom regelbundet till centret f\u00f6r att utf\u00f6ra ritualer i enlighet med den tibetanska kalendern.<\/p>\n\n\n\n<p>Sedan centret grundades har ett av dess syften varit att ge ekonomiskt st\u00f6d till tibetanska flyktingar samt till utbildning- och v\u00e5rdinr\u00e4ttningar i Indien och Nepal.<\/p>\n\n\n\n<p>F\u00f6rutom Khenpo Tashi Sangpo Amipa ger \u00e4ven andra h\u00f6gt kvalificerade l\u00e4rare inom den tibetanska buddhismen i Sakya-traditionen regelbundet undervisning och seminarier hos Yeshe Ch\u00f6ling, b\u00e5de online och p\u00e5 centret.<\/p>\n<\/div><\/div>\n\n\n\n<p><\/p>\n","protected":false},"excerpt":{"rendered":"<p>Adress: c\/o Veronika Lederer, Jahnstrasse 6, D-79117 Freiburg im Breisgau, TysklandTel: +49 761 72412E-post:: yeshe@sakya.de F\u00f6reningen grundades av V\u00f6rdade Khenchen Sherab Gyaltsen Amipa Rinpoche i &hellip; <\/p>\n","protected":false},"author":1,"featured_media":0,"parent":0,"menu_order":0,"comment_status":"closed","ping_status":"closed","template":"","meta":{"_tec_requires_first_save":true,"_eb_attr":"","_price":"","_stock":"","_tribe_ticket_header":"","_tribe_default_ticket_provider":"","_tribe_ticket_capacity":"0","_ticket_start_date":"","_ticket_end_date":"","_tribe_ticket_show_description":"","_tribe_ticket_show_not_going":false,"_tribe_ticket_use_global_stock":"","_tribe_ticket_global_stock_level":"","_global_stock_mode":"","_global_stock_cap":"","_tribe_rsvp_for_event":"","_tribe_ticket_going_count":"","_tribe_ticket_not_going_count":"","_tribe_tickets_list":"[]","_tribe_ticket_has_attendee_info_fields":false,"_EventAllDay":false,"_EventTimezone":"","_EventStartDate":"","_EventEndDate":"","_EventStartDateUTC":"","_EventEndDateUTC":"","_EventShowMap":false,"_EventShowMapLink":false,"_EventURL":"","_EventCost":"","_EventCostDescription":"","_EventCurrencySymbol":"","_EventCurrencyCode":"","_EventCurrencyPosition":"","_EventDateTimeSeparator":"","_EventTimeRangeSeparator":"","_EventOrganizerID":[],"_EventVenueID":[],"_OrganizerEmail":"","_OrganizerPhone":"","_OrganizerWebsite":"","_VenueAddress":"","_VenueCity":"","_VenueCountry":"","_VenueProvince":"","_VenueState":"","_VenueZip":"","_VenuePhone":"","_VenueURL":"","_VenueStateProvince":"","_VenueLat":"","_VenueLng":"","_VenueShowMap":false,"_VenueShowMapLink":false,"_tribe_blocks_recurrence_rules":"","_tribe_blocks_recurrence_description":"","_tribe_blocks_recurrence_exclusions":"","footnotes":"","_tec_slr_enabled":"","_tec_slr_layout":""},"class_list":["post-37418","page","type-page","status-publish","hentry","latest_post"],"ticketed":false,"_links":{"self":[{"href":"https:\/\/sakyapa.eu\/sv\/wp-json\/wp\/v2\/pages\/37418","targetHints":{"allow":["GET"]}}],"collection":[{"href":"https:\/\/sakyapa.eu\/sv\/wp-json\/wp\/v2\/pages"}],"about":[{"href":"https:\/\/sakyapa.eu\/sv\/wp-json\/wp\/v2\/types\/page"}],"author":[{"embeddable":true,"href":"https:\/\/sakyapa.eu\/sv\/wp-json\/wp\/v2\/users\/1"}],"replies":[{"embeddable":true,"href":"https:\/\/sakyapa.eu\/sv\/wp-json\/wp\/v2\/comments?post=37418"}],"version-history":[{"count":3,"href":"https:\/\/sakyapa.eu\/sv\/wp-json\/wp\/v2\/pages\/37418\/revisions"}],"predecessor-version":[{"id":37622,"href":"https:\/\/sakyapa.eu\/sv\/wp-json\/wp\/v2\/pages\/37418\/revisions\/37622"}],"wp:attachment":[{"href":"https:\/\/sakyapa.eu\/sv\/wp-json\/wp\/v2\/media?parent=37418"}],"curies":[{"name":"wp","href":"https:\/\/api.w.org\/{rel}","templated":true}]}}