{"id":37281,"date":"2025-06-14T09:12:00","date_gmt":"2025-06-14T07:12:00","guid":{"rendered":"https:\/\/sakyapa.eu\/hans-helighet-den-42a-sakya-trizin-ratna-vajra-rinpoche\/"},"modified":"2025-06-14T10:41:56","modified_gmt":"2025-06-14T08:41:56","slug":"hh42","status":"publish","type":"page","link":"https:\/\/sakyapa.eu\/sv\/hh42\/","title":{"rendered":"Hans Helighet den 42:a Sakya Trizin Ratna Vajra Rinpoche"},"content":{"rendered":"\n<div class=\"wp-block-media-text is-stacked-on-mobile is-vertically-aligned-top\" style=\"grid-template-columns:43% auto\"><figure class=\"wp-block-media-text__media\"><img fetchpriority=\"high\" decoding=\"async\" width=\"800\" height=\"800\" src=\"https:\/\/sakyapa.eu\/wp-content\/uploads\/2025\/06\/env3j26f5e.jpg\" alt=\"\" class=\"wp-image-37240 size-full\" srcset=\"https:\/\/sakyapa.eu\/wp-content\/uploads\/2025\/06\/env3j26f5e.jpg 800w, https:\/\/sakyapa.eu\/wp-content\/uploads\/2025\/06\/env3j26f5e-300x300.jpg 300w, https:\/\/sakyapa.eu\/wp-content\/uploads\/2025\/06\/env3j26f5e-150x150.jpg 150w, https:\/\/sakyapa.eu\/wp-content\/uploads\/2025\/06\/env3j26f5e-768x768.jpg 768w, https:\/\/sakyapa.eu\/wp-content\/uploads\/2025\/06\/env3j26f5e-60x60.jpg 60w\" sizes=\"(max-width: 800px) 100vw, 800px\" \/><\/figure><div class=\"wp-block-media-text__content\">\n<p><br>Hans Helighet den 42:a Sakya Trizin Ratna Vajra Rinpoche, \u00e4ldste son till H.H. Kyabgon Gongma Trichen Rinpoche, anses vara en av de mest kvalificerade sl\u00e4ktlinje m\u00e4starna inom den tibetanska buddhismen. Rinpoche \u00e4r k\u00e4nd f\u00f6r kunskapen&nbsp; och tydligheten i sin undervisning och tillh\u00f6r den prestigefyllda Sakya K\u00f6hn-familjen, vars generationer har givit upphov till en obruten sl\u00e4ktlinje av exceptionella m\u00e4stare.<\/p>\n\n\n\n<p>H.H. f\u00f6ddes den 19 november 1974 i Dehradun, Indien, och har sedan f\u00f6dseln varit mottagare av otaliga v\u00e4lsignelser, initieringar och l\u00e4ror fr\u00e5n H.H. Kyabgon Gongma Trichen Rinpoche och m\u00e5nga andra l\u00e4rda och f\u00f6rverkligade m\u00e4stare.<\/p>\n\n\n\n<p>Rinpoches formella utbildning b\u00f6rjade vid sex \u00e5rs \u00e5lder, under ledning av v\u00f6rdade&nbsp; Rinchen Sangpo, med studier, l\u00e4sning, skrivning, grammatik, memorering och recitation av b\u00f6ner och grundl\u00e4ggande ritualer p\u00e5 tibetanska.<br>\u00c5r 1987, n\u00e4r han var tolv \u00e5r gammal, klarade han sin f\u00f6rsta stora tentamen vid Sakya Center i Rajpur, Dehradun. Tv\u00e5 \u00e5r senare avslutade han sina grundl\u00e4ggande studier av de viktigaste ritualerna och skrifterna i Sakya Traditionen.<\/p>\n\n\n\n<p>\u00c5r 1990 b\u00f6rjade Rinpoche studier vid Sakya College d\u00e4r han huvudsakligen studerade buddhistisk filosofi under ledning av den bortg\u00e5ngne Khenpo Migmar Tsering.<br>\u00c5r 1998, slutf\u00f6rde Hans Helighet sina studier och fick graden Kachupa, &#8220;m\u00e4stare av de tio skrifterna&#8221;.<br>F\u00f6rutom sina filosofiska studier har Hans Helighet f\u00e5tt m\u00e5nga exoteriska och esoteriska l\u00e4ror, v\u00e4lsignelser, initieringar, muntliga \u00f6verf\u00f6ringar, f\u00f6rklaringar och essens instruktioner, fr\u00e4mst fr\u00e5n H.H. Kyabgon Gongma Trichen Rinpoche, men ocks\u00e5 fr\u00e5n m\u00e5nga andra viktiga m\u00e4stare i sl\u00e4ktlinjen, inklusive Hans Helighet den 14:e Dalai Lama, Hans Eminens Chogye Trichen Rinpoche, Hans Eminens Luding Khenchen Rinpoche och Khenchen Abbey Rinpoche.<\/p>\n\n\n\n<p>Fr\u00e5n tolv \u00e5rs \u00e5lder har Hans Helighet genomf\u00f6rt ett antal meditationsretreater, inklusive den kompletta Hevajra-retreaten, en av f\u00f6ruts\u00e4ttningarna f\u00f6r att kunna ge de initieringar som ing\u00e5r i Lamdre.<\/p>\n\n\n\n<p>Av alla sina dyrbara l\u00e4rare har H.H. Kyabgon Gongma Trichen Rinpoche har alltid varit, och forts\u00e4tter att vara, hans fr\u00e4msta rotguru, k\u00e4lla till v\u00e4gledning och inspiration.<\/p>\n\n\n\n<p>\u00c5r 2002, efter l\u00e5ngt s\u00f6kande efter en gem\u00e5l, valdes Hans Eminens Dagmo Kalden Dunkyi som en l\u00e4mplig person, allt enligt gammal&nbsp; Sakya Tradition med helig sp\u00e5dom, och blev d\u00e4rmed Hans Helighets andliga gem\u00e5l. Tillsammans har de tre barn, som ocks\u00e5 utbildas enligt de gamla buddhistiska traditionerna.<\/p>\n\n\n\n<p>Med visdom och medk\u00e4nsla forts\u00e4tter Rinpoche att regelbundet f\u00f6rmedla ett stort antal l\u00e4ror och initieringar vid v\u00e4lrenommerade buddhistiska institutioner som Sakya Institute, Dzongsar Institute, Sakya College, Tantric College, International Buddhist Academy och otaliga andra skolor, center och kloster runt om i v\u00e4rlden.<\/p>\n\n\n\n<p>Enligt det nya systemet f\u00f6r historisk succession av tron innehavare, som enh\u00e4lligt avtalades av Dolma Phodrang och Phuntsok Phodrang den 8 maj 2014, \u00e4rvde Hans Helighet \u00e5r 2017 fr\u00e5n sin uppskattade far och rotguru den prestigefyllda rollen som tron innehavare och antog titeln: Hans Helighet den 42:a Sakya Trizin av Sakya Traditionen inom tibetansk buddhism.<\/p>\n\n\n\n<p>Hans Helighet forts\u00e4tter att v\u00e4gleda och inspirera Dharma-studenter runt om i v\u00e4rlden med sin visdom, sina genuina kvaliteter av or\u00f6rd enkelhet, \u00f6dmjukhet och \u00e4rlighet, och f\u00f6rmedlar Buddhas l\u00e4ror p\u00e5 det mest autentiska s\u00e4tt och bidrar till att uppr\u00e4tth\u00e5lla den renaste buddhistiska traditionen.<\/p>\n<\/div><\/div>\n","protected":false},"excerpt":{"rendered":"<p>Hans Helighet den 42:a Sakya Trizin Ratna Vajra Rinpoche, \u00e4ldste son till H.H. Kyabgon Gongma Trichen Rinpoche, anses vara en av de mest kvalificerade sl\u00e4ktlinje &hellip; <\/p>\n","protected":false},"author":1,"featured_media":0,"parent":0,"menu_order":0,"comment_status":"closed","ping_status":"closed","template":"","meta":{"_tec_requires_first_save":true,"_eb_attr":"","_price":"","_stock":"","_tribe_ticket_header":"","_tribe_default_ticket_provider":"","_tribe_ticket_capacity":"0","_ticket_start_date":"","_ticket_end_date":"","_tribe_ticket_show_description":"","_tribe_ticket_show_not_going":false,"_tribe_ticket_use_global_stock":"","_tribe_ticket_global_stock_level":"","_global_stock_mode":"","_global_stock_cap":"","_tribe_rsvp_for_event":"","_tribe_ticket_going_count":"","_tribe_ticket_not_going_count":"","_tribe_tickets_list":"[]","_tribe_ticket_has_attendee_info_fields":false,"_EventAllDay":false,"_EventTimezone":"","_EventStartDate":"","_EventEndDate":"","_EventStartDateUTC":"","_EventEndDateUTC":"","_EventShowMap":false,"_EventShowMapLink":false,"_EventURL":"","_EventCost":"","_EventCostDescription":"","_EventCurrencySymbol":"","_EventCurrencyCode":"","_EventCurrencyPosition":"","_EventDateTimeSeparator":"","_EventTimeRangeSeparator":"","_EventOrganizerID":[],"_EventVenueID":[],"_OrganizerEmail":"","_OrganizerPhone":"","_OrganizerWebsite":"","_VenueAddress":"","_VenueCity":"","_VenueCountry":"","_VenueProvince":"","_VenueState":"","_VenueZip":"","_VenuePhone":"","_VenueURL":"","_VenueStateProvince":"","_VenueLat":"","_VenueLng":"","_VenueShowMap":false,"_VenueShowMapLink":false,"_tribe_blocks_recurrence_rules":"","_tribe_blocks_recurrence_description":"","_tribe_blocks_recurrence_exclusions":"","footnotes":"","_tec_slr_enabled":"","_tec_slr_layout":""},"class_list":["post-37281","page","type-page","status-publish","hentry","latest_post"],"ticketed":false,"_links":{"self":[{"href":"https:\/\/sakyapa.eu\/sv\/wp-json\/wp\/v2\/pages\/37281","targetHints":{"allow":["GET"]}}],"collection":[{"href":"https:\/\/sakyapa.eu\/sv\/wp-json\/wp\/v2\/pages"}],"about":[{"href":"https:\/\/sakyapa.eu\/sv\/wp-json\/wp\/v2\/types\/page"}],"author":[{"embeddable":true,"href":"https:\/\/sakyapa.eu\/sv\/wp-json\/wp\/v2\/users\/1"}],"replies":[{"embeddable":true,"href":"https:\/\/sakyapa.eu\/sv\/wp-json\/wp\/v2\/comments?post=37281"}],"version-history":[{"count":4,"href":"https:\/\/sakyapa.eu\/sv\/wp-json\/wp\/v2\/pages\/37281\/revisions"}],"predecessor-version":[{"id":37343,"href":"https:\/\/sakyapa.eu\/sv\/wp-json\/wp\/v2\/pages\/37281\/revisions\/37343"}],"wp:attachment":[{"href":"https:\/\/sakyapa.eu\/sv\/wp-json\/wp\/v2\/media?parent=37281"}],"curies":[{"name":"wp","href":"https:\/\/api.w.org\/{rel}","templated":true}]}}