{"id":37271,"date":"2025-06-14T09:14:11","date_gmt":"2025-06-14T07:14:11","guid":{"rendered":"https:\/\/sakyapa.eu\/hans-helighet-den-43e-sakya-trizin-gyana-vajra-rinpoche\/"},"modified":"2025-06-14T10:42:28","modified_gmt":"2025-06-14T08:42:28","slug":"hh43","status":"publish","type":"page","link":"https:\/\/sakyapa.eu\/sv\/hh43\/","title":{"rendered":"Hans Helighet den 43:a Sakya Trizin Gyana Vajra Rinpoche"},"content":{"rendered":"\n<div class=\"wp-block-media-text is-stacked-on-mobile is-vertically-aligned-top\" style=\"grid-template-columns:38% auto\"><figure class=\"wp-block-media-text__media\"><img fetchpriority=\"high\" decoding=\"async\" width=\"715\" height=\"1024\" src=\"https:\/\/sakyapa.eu\/wp-content\/uploads\/2025\/06\/HH43RD-Gyana-Vajra-Rinpoche-715x1024.jpg\" alt=\"\" class=\"wp-image-37142 size-full\" srcset=\"https:\/\/sakyapa.eu\/wp-content\/uploads\/2025\/06\/HH43RD-Gyana-Vajra-Rinpoche-715x1024.jpg 715w, https:\/\/sakyapa.eu\/wp-content\/uploads\/2025\/06\/HH43RD-Gyana-Vajra-Rinpoche-209x300.jpg 209w, https:\/\/sakyapa.eu\/wp-content\/uploads\/2025\/06\/HH43RD-Gyana-Vajra-Rinpoche-768x1100.jpg 768w, https:\/\/sakyapa.eu\/wp-content\/uploads\/2025\/06\/HH43RD-Gyana-Vajra-Rinpoche-42x60.jpg 42w, https:\/\/sakyapa.eu\/wp-content\/uploads\/2025\/06\/HH43RD-Gyana-Vajra-Rinpoche.jpg 1039w\" sizes=\"(max-width: 715px) 100vw, 715px\" \/><\/figure><div class=\"wp-block-media-text__content\">\n<p><br>Hans Helighet Gyana Vajra Rinpoche, yngste son till H.H. Kyabgon Gongma Trichen Rinpoche, f\u00f6ddes den 5 juli 1979 i Dehra Dun, Indien. Han fick sin f\u00f6rsta utbildning av Ven. Rinchen Sangpo, studerade sedan vid Sakya Center, H.H. Gongma Trichens huvudkloster, och slutf\u00f6rde slutligen sina studier vid Sakya College. Han har ocks\u00e5 f\u00e5tt m\u00e5nga st\u00f6rre l\u00e4ror och initieringar fr\u00e5n sin far, H.H. Kyabgon Gongma Trichen Rinpoche.<\/p>\n\n\n\n<p>Genom att f\u00f6rena anrik visdom med kunskap och ett modernt tillv\u00e4gag\u00e5ngss\u00e4tt \u00e4r hans undervisningsstil unik, direkt och djup. Det g\u00f6r hans undervisning relevant f\u00f6r v\u00e5r vardagliga verklighet. De komplexa buddhistiska begreppen g\u00f6rs av honom tillg\u00e4ngliga genom exempel som alla studenter l\u00e4tt kan f\u00f6rst\u00e5. Rinpoche har best\u00e4mt sig f\u00f6r att v\u00e4gleda sina studenter som en v\u00e4n l\u00e4ngs Dharmas v\u00e4g, hans \u00f6ppenhet och sinne f\u00f6r humor sprider gl\u00e4dje till alla som befinner sig i hans n\u00e4rhet.<\/p>\n\n\n\n<p>F\u00f6r n\u00e4rvarande \u00e4r en av hans huvudsakliga aktiviteter Sakya Academy, ett projekt som han startat med syftet att ge unga munkar och nunnor gedigen kunskap om buddhismen och samtidigt en modern utbildning, som \u00e4r oumb\u00e4rlig f\u00f6r att hj\u00e4lpa dem att relatera till omv\u00e4rlden och g\u00f6ra studier&nbsp; av de buddhistiska l\u00e4rorna relevant i samtida sammanhang.<\/p>\n\n\n\n<p>I mars 2022 blev Hans Helighet Gyana Vajra Rinpoche Ngawang Kunga Rinchen Khyentse Dorje officiellt den 43:e Sakya Trizin.<\/p>\n<\/div><\/div>\n","protected":false},"excerpt":{"rendered":"<p>Hans Helighet Gyana Vajra Rinpoche, yngste son till H.H. Kyabgon Gongma Trichen Rinpoche, f\u00f6ddes den 5 juli 1979 i Dehra Dun, Indien. Han fick sin &hellip; <\/p>\n","protected":false},"author":1,"featured_media":0,"parent":0,"menu_order":0,"comment_status":"closed","ping_status":"closed","template":"","meta":{"_tec_requires_first_save":true,"_eb_attr":"","_price":"","_stock":"","_tribe_ticket_header":"","_tribe_default_ticket_provider":"","_tribe_ticket_capacity":"0","_ticket_start_date":"","_ticket_end_date":"","_tribe_ticket_show_description":"","_tribe_ticket_show_not_going":false,"_tribe_ticket_use_global_stock":"","_tribe_ticket_global_stock_level":"","_global_stock_mode":"","_global_stock_cap":"","_tribe_rsvp_for_event":"","_tribe_ticket_going_count":"","_tribe_ticket_not_going_count":"","_tribe_tickets_list":"[]","_tribe_ticket_has_attendee_info_fields":false,"_EventAllDay":false,"_EventTimezone":"","_EventStartDate":"","_EventEndDate":"","_EventStartDateUTC":"","_EventEndDateUTC":"","_EventShowMap":false,"_EventShowMapLink":false,"_EventURL":"","_EventCost":"","_EventCostDescription":"","_EventCurrencySymbol":"","_EventCurrencyCode":"","_EventCurrencyPosition":"","_EventDateTimeSeparator":"","_EventTimeRangeSeparator":"","_EventOrganizerID":[],"_EventVenueID":[],"_OrganizerEmail":"","_OrganizerPhone":"","_OrganizerWebsite":"","_VenueAddress":"","_VenueCity":"","_VenueCountry":"","_VenueProvince":"","_VenueState":"","_VenueZip":"","_VenuePhone":"","_VenueURL":"","_VenueStateProvince":"","_VenueLat":"","_VenueLng":"","_VenueShowMap":false,"_VenueShowMapLink":false,"_tribe_blocks_recurrence_rules":"","_tribe_blocks_recurrence_description":"","_tribe_blocks_recurrence_exclusions":"","footnotes":"","_tec_slr_enabled":"","_tec_slr_layout":""},"class_list":["post-37271","page","type-page","status-publish","hentry","latest_post"],"ticketed":false,"_links":{"self":[{"href":"https:\/\/sakyapa.eu\/sv\/wp-json\/wp\/v2\/pages\/37271","targetHints":{"allow":["GET"]}}],"collection":[{"href":"https:\/\/sakyapa.eu\/sv\/wp-json\/wp\/v2\/pages"}],"about":[{"href":"https:\/\/sakyapa.eu\/sv\/wp-json\/wp\/v2\/types\/page"}],"author":[{"embeddable":true,"href":"https:\/\/sakyapa.eu\/sv\/wp-json\/wp\/v2\/users\/1"}],"replies":[{"embeddable":true,"href":"https:\/\/sakyapa.eu\/sv\/wp-json\/wp\/v2\/comments?post=37271"}],"version-history":[{"count":2,"href":"https:\/\/sakyapa.eu\/sv\/wp-json\/wp\/v2\/pages\/37271\/revisions"}],"predecessor-version":[{"id":37345,"href":"https:\/\/sakyapa.eu\/sv\/wp-json\/wp\/v2\/pages\/37271\/revisions\/37345"}],"wp:attachment":[{"href":"https:\/\/sakyapa.eu\/sv\/wp-json\/wp\/v2\/media?parent=37271"}],"curies":[{"name":"wp","href":"https:\/\/api.w.org\/{rel}","templated":true}]}}