{"id":37261,"date":"2025-06-14T09:07:34","date_gmt":"2025-06-14T07:07:34","guid":{"rendered":"https:\/\/sakyapa.eu\/hans-helighet-jigdal-dagchen-sakya\/"},"modified":"2025-06-14T10:41:13","modified_gmt":"2025-06-14T08:41:13","slug":"hh-jd","status":"publish","type":"page","link":"https:\/\/sakyapa.eu\/sv\/hh-jd\/","title":{"rendered":"Hans Helighet Jigdal Dagchen Sakya"},"content":{"rendered":"\n<div class=\"wp-block-media-text is-stacked-on-mobile is-vertically-aligned-top\"><figure class=\"wp-block-media-text__media\"><img fetchpriority=\"high\" decoding=\"async\" width=\"977\" height=\"1024\" src=\"https:\/\/sakyapa.eu\/wp-content\/uploads\/2025\/06\/Sa-S.-Jigdal-Dagchen-Sakya02-1-977x1024.jpg\" alt=\"\" class=\"wp-image-37231 size-full\" srcset=\"https:\/\/sakyapa.eu\/wp-content\/uploads\/2025\/06\/Sa-S.-Jigdal-Dagchen-Sakya02-1-977x1024.jpg 977w, https:\/\/sakyapa.eu\/wp-content\/uploads\/2025\/06\/Sa-S.-Jigdal-Dagchen-Sakya02-1-286x300.jpg 286w, https:\/\/sakyapa.eu\/wp-content\/uploads\/2025\/06\/Sa-S.-Jigdal-Dagchen-Sakya02-1-768x805.jpg 768w, https:\/\/sakyapa.eu\/wp-content\/uploads\/2025\/06\/Sa-S.-Jigdal-Dagchen-Sakya02-1-57x60.jpg 57w, https:\/\/sakyapa.eu\/wp-content\/uploads\/2025\/06\/Sa-S.-Jigdal-Dagchen-Sakya02-1.jpg 1174w\" sizes=\"(max-width: 977px) 100vw, 977px\" \/><\/figure><div class=\"wp-block-media-text__content\">\n<p><br>Hans Helighet Jigdal Dagchen Sakya f\u00f6ddes 1929 i sydv\u00e4stra Tibet inom Phuntsokgrenen av Kh\u00f6n-sl\u00e4ktlinjen. Rinpoche fick Theravada-, Mahayana- och Vajrayana-undervisning av sin far, Hans Helighet Sakya Trichen Ngawang Thutob Wangchuk, den 40:e troninnehavaren av Sakya i Tibet, och av andra framst\u00e5ende m\u00e4stare. Han fick ocks\u00e5 den oavbrutna \u00f6verf\u00f6ringen av Kh\u00f6n-sl\u00e4ktlinjens Sakya-initieringar av Vajrakilaya och Hevajra, den kompletta Lamdre och de 13 gyllene Dharma.<\/p>\n\n\n\n<p>Han fick sin utbildning i Sakya fram till 22 \u00e5rs \u00e5lder, varefter han reste till \u00f6stra Tibet f\u00f6r att f\u00e5 mer avancerad andlig v\u00e4gledning och d\u00e4r tr\u00e4ffade han sina huvudl\u00e4rare. Han blev en mycket l\u00e4rd tantrisk m\u00e4stare och f\u00f6rmedlade Lamdre m\u00e5nga g\u00e5nger i Tibet &#8211; i Kham och Sakya, s\u00e5v\u00e4l som i Nepal och Indien.<\/p>\n\n\n\n<p>Sedan 1960 bodde&nbsp; Rinpoche i Seattle, i Amerikas f\u00f6renta stater, d\u00e4r han&nbsp; engagerade sig intensivt f\u00f6r att bevara och f\u00f6rmedla den tibetanska buddhistiska traditionen. Han gav m\u00e5nga undervisningar och initieringar i USA, Kanada, Europa och \u00d6stasien.<\/p>\n\n\n\n<p>I Seattle grundade han ocks\u00e5 ett viktigt kloster som fungerar som s\u00e4te f\u00f6r kulturella och religi\u00f6sa studier i v\u00e4st. \u00c5r 2001 grundade han \u00e4ven&nbsp; Sakya Heritage Society i New Delhi, i syfte att bevara familjens arv f\u00f6r framtida generationer och f\u00f6r innehavarna av sl\u00e4ktlinjen.<\/p>\n\n\n\n<p>Den 8 maj 2014 accepterades det nya successions-systemet, som f\u00f6reskriver en rotation vart tredje \u00e5r av den sittande Sakya Trizin, enh\u00e4lligt av Dolma Phodrang (H.H. Gongma Trichen) och Phuntsok Phodrang (H.H. Jigdal Dagchen).<\/p>\n\n\n\n<p>Den 29 april 2016 gick Hans Helighet Jigdal Dagchen in i den djupa meditationen som kallas Thukdam och den 5 maj 2016 l\u00e4mnade han sin jordiska kropp och gick in i Parinirvana.<\/p>\n<\/div><\/div>\n","protected":false},"excerpt":{"rendered":"<p>Hans Helighet Jigdal Dagchen Sakya f\u00f6ddes 1929 i sydv\u00e4stra Tibet inom Phuntsokgrenen av Kh\u00f6n-sl\u00e4ktlinjen. Rinpoche fick Theravada-, Mahayana- och Vajrayana-undervisning av sin far, Hans Helighet &hellip; <\/p>\n","protected":false},"author":1,"featured_media":0,"parent":0,"menu_order":0,"comment_status":"closed","ping_status":"closed","template":"","meta":{"_tec_requires_first_save":true,"_eb_attr":"","_price":"","_stock":"","_tribe_ticket_header":"","_tribe_default_ticket_provider":"","_tribe_ticket_capacity":"0","_ticket_start_date":"","_ticket_end_date":"","_tribe_ticket_show_description":"","_tribe_ticket_show_not_going":false,"_tribe_ticket_use_global_stock":"","_tribe_ticket_global_stock_level":"","_global_stock_mode":"","_global_stock_cap":"","_tribe_rsvp_for_event":"","_tribe_ticket_going_count":"","_tribe_ticket_not_going_count":"","_tribe_tickets_list":"[]","_tribe_ticket_has_attendee_info_fields":false,"_EventAllDay":false,"_EventTimezone":"","_EventStartDate":"","_EventEndDate":"","_EventStartDateUTC":"","_EventEndDateUTC":"","_EventShowMap":false,"_EventShowMapLink":false,"_EventURL":"","_EventCost":"","_EventCostDescription":"","_EventCurrencySymbol":"","_EventCurrencyCode":"","_EventCurrencyPosition":"","_EventDateTimeSeparator":"","_EventTimeRangeSeparator":"","_EventOrganizerID":[],"_EventVenueID":[],"_OrganizerEmail":"","_OrganizerPhone":"","_OrganizerWebsite":"","_VenueAddress":"","_VenueCity":"","_VenueCountry":"","_VenueProvince":"","_VenueState":"","_VenueZip":"","_VenuePhone":"","_VenueURL":"","_VenueStateProvince":"","_VenueLat":"","_VenueLng":"","_VenueShowMap":false,"_VenueShowMapLink":false,"_tribe_blocks_recurrence_rules":"","_tribe_blocks_recurrence_description":"","_tribe_blocks_recurrence_exclusions":"","footnotes":"","_tec_slr_enabled":"","_tec_slr_layout":""},"class_list":["post-37261","page","type-page","status-publish","hentry","latest_post"],"ticketed":false,"_links":{"self":[{"href":"https:\/\/sakyapa.eu\/sv\/wp-json\/wp\/v2\/pages\/37261","targetHints":{"allow":["GET"]}}],"collection":[{"href":"https:\/\/sakyapa.eu\/sv\/wp-json\/wp\/v2\/pages"}],"about":[{"href":"https:\/\/sakyapa.eu\/sv\/wp-json\/wp\/v2\/types\/page"}],"author":[{"embeddable":true,"href":"https:\/\/sakyapa.eu\/sv\/wp-json\/wp\/v2\/users\/1"}],"replies":[{"embeddable":true,"href":"https:\/\/sakyapa.eu\/sv\/wp-json\/wp\/v2\/comments?post=37261"}],"version-history":[{"count":2,"href":"https:\/\/sakyapa.eu\/sv\/wp-json\/wp\/v2\/pages\/37261\/revisions"}],"predecessor-version":[{"id":37342,"href":"https:\/\/sakyapa.eu\/sv\/wp-json\/wp\/v2\/pages\/37261\/revisions\/37342"}],"wp:attachment":[{"href":"https:\/\/sakyapa.eu\/sv\/wp-json\/wp\/v2\/media?parent=37261"}],"curies":[{"name":"wp","href":"https:\/\/api.w.org\/{rel}","templated":true}]}}