{"id":37255,"date":"2025-06-14T09:03:10","date_gmt":"2025-06-14T07:03:10","guid":{"rendered":"https:\/\/sakyapa.eu\/hans-helighet-kyabgon-gongma-trichen-rinpoche\/"},"modified":"2025-06-14T10:39:55","modified_gmt":"2025-06-14T08:39:55","slug":"hh41","status":"publish","type":"page","link":"https:\/\/sakyapa.eu\/sv\/hh41\/","title":{"rendered":"Hans Helighet Kyabgon Gongma Trichen Rinpoche"},"content":{"rendered":"\n<div class=\"wp-block-media-text is-stacked-on-mobile is-vertically-aligned-top\" style=\"grid-template-columns:39% auto\"><figure class=\"wp-block-media-text__media\"><img fetchpriority=\"high\" decoding=\"async\" width=\"932\" height=\"1024\" src=\"https:\/\/sakyapa.eu\/wp-content\/uploads\/2024\/08\/HH41ST-Gongma-Trichen-Rinpoche-with-bumpa-932x1024.jpg\" alt=\"\" class=\"wp-image-34620 size-full\" srcset=\"https:\/\/sakyapa.eu\/wp-content\/uploads\/2024\/08\/HH41ST-Gongma-Trichen-Rinpoche-with-bumpa-932x1024.jpg 932w, https:\/\/sakyapa.eu\/wp-content\/uploads\/2024\/08\/HH41ST-Gongma-Trichen-Rinpoche-with-bumpa-273x300.jpg 273w, https:\/\/sakyapa.eu\/wp-content\/uploads\/2024\/08\/HH41ST-Gongma-Trichen-Rinpoche-with-bumpa-768x844.jpg 768w, https:\/\/sakyapa.eu\/wp-content\/uploads\/2024\/08\/HH41ST-Gongma-Trichen-Rinpoche-with-bumpa-1398x1536.jpg 1398w, https:\/\/sakyapa.eu\/wp-content\/uploads\/2024\/08\/HH41ST-Gongma-Trichen-Rinpoche-with-bumpa-1864x2048.jpg 1864w, https:\/\/sakyapa.eu\/wp-content\/uploads\/2024\/08\/HH41ST-Gongma-Trichen-Rinpoche-with-bumpa-55x60.jpg 55w\" sizes=\"(max-width: 932px) 100vw, 932px\" \/><\/figure><div class=\"wp-block-media-text__content\">\n<p><br>Hans Helighet Kyabgon Gongma Trichen Rinpoche, den 41:a Sakya Trizin, \u00e4r den h\u00f6gste ledaren f\u00f6r Sakyaskolan inom den tibetanska buddhismen. Han f\u00f6ddes i Tibet 1945 och tillh\u00f6r den gamla Kh\u00f6n-familjens sl\u00e4ktlinje. Han anses vara en manifestation av Buddha Manjushri; han \u00e4r en mycket respekterad andlig m\u00e4stare, utrustad med djup visdom och&nbsp; medk\u00e4nsla. Redan i unga \u00e5r introducerades Rinpoche i buddhistisk filosofi och genomf\u00f6rde meditationsretreater.<\/p>\n\n\n\n<p>Ceremonin f\u00f6r hans kr\u00f6ning \u00e4gde rum i Tibet 1959, samma \u00e5r som han tillsammans med sitt f\u00f6lje tvingades l\u00e4mna Tibet f\u00f6r Indien.&nbsp; Sedan dess har han verkat till f\u00f6rm\u00e5n f\u00f6r sitt folk, Sakyaskolan och buddhismen, genom att bygga kloster, skolor f\u00f6r munkar och nunnor inom Sakyatraditionen och byar f\u00f6r flyktingar. Dessa byar utg\u00f6r en ny bas f\u00f6r tibetanernas sekul\u00e4ra och religi\u00f6sa liv. I Nepal och Indien har han lett grundandet av mer \u00e4n 30 kloster. Dessutom st\u00f6der han skapandet av Sakya Center \u00f6ver hela v\u00e4rlden.<\/p>\n\n\n\n<p>Rinpoche g\u00f6r m\u00e5nga resor f\u00f6r att undervisa i Dharma runt om i v\u00e4rlden och f\u00f6rmedlar p\u00e5 ett utt\u00f6mmande s\u00e4tt de djupa l\u00e4rorna med ett spr\u00e5k som \u00e4r anpassat till de l\u00e4rjungar han undervisar.<\/p>\n\n\n\n<p>Eftersom H.H. Sakya Trizin har mottagit initieringar i de fyra huvudskolorna inom den tibetanska buddhismen, \u00e4r han k\u00e4nd som en icke-sekteristisk (Rim\u00e9) lama.<\/p>\n\n\n\n<p>H.H. Kyabgon Gongma Trichen Rinpoche s\u00e5g med sin vida vision att det i den nuvarande eran skulle vara bra att \u00e4ndra systemet f\u00f6r succession av tron-innehavare, \u00e4ven om detta avvek fr\u00e5n den procedur som hade f\u00f6rekommit i \u00e5rhundraden inom Sakyatraditionen. Denna f\u00f6r\u00e4ndring skulle leda till \u00f6kad stabilitet i kontinuiteten i undervisningen och administrationen av Sakyaskolan.<br>Den 8 maj 2014 accepterades det nya successionssystemet, som f\u00f6reskriver en rotation vart tredje \u00e5r av den sittande Sakya Trizin, enh\u00e4lligt av Dolma Phodrang (H.H. Gongma Trichen) och Phuntsok Phodrang (H.H. Jigdal Dagchen).<\/p>\n<\/div><\/div>\n","protected":false},"excerpt":{"rendered":"<p>Hans Helighet Kyabgon Gongma Trichen Rinpoche, den 41:a Sakya Trizin, \u00e4r den h\u00f6gste ledaren f\u00f6r Sakyaskolan inom den tibetanska buddhismen. Han f\u00f6ddes i Tibet 1945 &hellip; <\/p>\n","protected":false},"author":1,"featured_media":0,"parent":0,"menu_order":0,"comment_status":"closed","ping_status":"closed","template":"","meta":{"_tec_requires_first_save":true,"_eb_attr":"","_price":"","_stock":"","_tribe_ticket_header":"","_tribe_default_ticket_provider":"","_tribe_ticket_capacity":"0","_ticket_start_date":"","_ticket_end_date":"","_tribe_ticket_show_description":"","_tribe_ticket_show_not_going":false,"_tribe_ticket_use_global_stock":"","_tribe_ticket_global_stock_level":"","_global_stock_mode":"","_global_stock_cap":"","_tribe_rsvp_for_event":"","_tribe_ticket_going_count":"","_tribe_ticket_not_going_count":"","_tribe_tickets_list":"[]","_tribe_ticket_has_attendee_info_fields":false,"_EventAllDay":false,"_EventTimezone":"","_EventStartDate":"","_EventEndDate":"","_EventStartDateUTC":"","_EventEndDateUTC":"","_EventShowMap":false,"_EventShowMapLink":false,"_EventURL":"","_EventCost":"","_EventCostDescription":"","_EventCurrencySymbol":"","_EventCurrencyCode":"","_EventCurrencyPosition":"","_EventDateTimeSeparator":"","_EventTimeRangeSeparator":"","_EventOrganizerID":[],"_EventVenueID":[],"_OrganizerEmail":"","_OrganizerPhone":"","_OrganizerWebsite":"","_VenueAddress":"","_VenueCity":"","_VenueCountry":"","_VenueProvince":"","_VenueState":"","_VenueZip":"","_VenuePhone":"","_VenueURL":"","_VenueStateProvince":"","_VenueLat":"","_VenueLng":"","_VenueShowMap":false,"_VenueShowMapLink":false,"_tribe_blocks_recurrence_rules":"","_tribe_blocks_recurrence_description":"","_tribe_blocks_recurrence_exclusions":"","footnotes":"","_tec_slr_enabled":"","_tec_slr_layout":""},"class_list":["post-37255","page","type-page","status-publish","hentry","latest_post"],"ticketed":false,"_links":{"self":[{"href":"https:\/\/sakyapa.eu\/sv\/wp-json\/wp\/v2\/pages\/37255","targetHints":{"allow":["GET"]}}],"collection":[{"href":"https:\/\/sakyapa.eu\/sv\/wp-json\/wp\/v2\/pages"}],"about":[{"href":"https:\/\/sakyapa.eu\/sv\/wp-json\/wp\/v2\/types\/page"}],"author":[{"embeddable":true,"href":"https:\/\/sakyapa.eu\/sv\/wp-json\/wp\/v2\/users\/1"}],"replies":[{"embeddable":true,"href":"https:\/\/sakyapa.eu\/sv\/wp-json\/wp\/v2\/comments?post=37255"}],"version-history":[{"count":2,"href":"https:\/\/sakyapa.eu\/sv\/wp-json\/wp\/v2\/pages\/37255\/revisions"}],"predecessor-version":[{"id":37341,"href":"https:\/\/sakyapa.eu\/sv\/wp-json\/wp\/v2\/pages\/37255\/revisions\/37341"}],"wp:attachment":[{"href":"https:\/\/sakyapa.eu\/sv\/wp-json\/wp\/v2\/media?parent=37255"}],"curies":[{"name":"wp","href":"https:\/\/api.w.org\/{rel}","templated":true}]}}