{"id":32496,"date":"2023-11-22T14:52:35","date_gmt":"2023-11-22T13:52:35","guid":{"rendered":"https:\/\/sakyapa.eu\/khenchen-sherab-gyaltsen-amipa-rinpoche\/"},"modified":"2024-04-12T22:36:55","modified_gmt":"2024-04-12T20:36:55","slug":"khenchen-sherab-gyaltsen-amipa-rinpoche","status":"publish","type":"page","link":"https:\/\/sakyapa.eu\/sv\/khenchen-sherab-gyaltsen-amipa-rinpoche\/","title":{"rendered":"Khenchen Sherab Gyaltsen Amipa Rinpoche"},"content":{"rendered":"\t\t<div data-elementor-type=\"wp-page\" data-elementor-id=\"32496\" class=\"elementor elementor-32496 elementor-30871\">\n\t\t\t\t<div class=\"elementor-element elementor-element-adeb4ac e-flex e-con-boxed e-con e-parent\" data-id=\"adeb4ac\" data-element_type=\"container\">\n\t\t\t\t\t<div class=\"e-con-inner\">\n\t\t<div class=\"elementor-element elementor-element-c916f27 e-con-full e-flex e-con e-child\" data-id=\"c916f27\" data-element_type=\"container\">\n\t\t\t\t<div class=\"elementor-element elementor-element-d4e57b3 elementor-widget elementor-widget-text-editor\" data-id=\"d4e57b3\" data-element_type=\"widget\" data-widget_type=\"text-editor.default\">\n\t\t\t\t<div class=\"elementor-widget-container\">\n\t\t\t\t\t\t\t\t\t<p>Den V\u00f6rdade Lama Sherab Gyaltsen Amipa f\u00f6ddes 1931 i Sakya, i v\u00e4stra Tibet. Vid sju \u00e5rs \u00e5lder gick han in i Sakyas huvudkloster, Thubten Lhakhang Chenmo. Efter att ha avslutat sina grundl\u00e4ggande studier f\u00f6rdjupade han sina kunskaper under m\u00e5nga \u00e5r vid Sakya Monastic University, d\u00e4r han studerade de fem h\u00f6gre vetenskaperna: pramana (logik), vinaya (disciplin), madhyamika (den medelv\u00e4gen), prajna paramita (\u00f6vergripande visdom) och abhidharma (filosofi). Dessutom studerade han de fem h\u00f6gre \u00e4mnena: tantra, tibetansk grammatik, poesi, historien om buddhismen och tibetansk historia. Hans mest betydande och relevanta m\u00e4stare var hans rotguru, HH den 40: e Sakya Trizin Ngawang Thutob Wangchuk. Hans Helighet gav tantriska initieringar p\u00e5 m\u00e5nga gudar, Lamdre och de 13 Gyllene Dharmorna. Dessa \u00f6verf\u00f6ringar f\u00f6rdjupades sedan och omvandlades till andlig erfarenhet under m\u00e5nga meditationsretreater. Efter att ha uppn\u00e5tt den h\u00f6gsta filosofiska graden av Geshe Rabjampa, motsvarande en doktorsexamen i filosofi, b\u00f6rjade han undervisa munkarna i det huvudsakliga Sakya-klostret och \u00e4ven lekm\u00e4n. \u00c5r 1960, gick Ven. Lama Sherab, som andra tibetaner, i exil i Indien d\u00e4r han fortsatte sina studier, s\u00e4rskilt de som tillh\u00f6rde hans tradition, i Sakya-klostren i Darjeeling och Dalhousie. \u00c5r 1967 s\u00e4nde HH den 14: e Dalai Lama och den tibetanska exilregeringen honom, tillsammans med en f\u00f6rsta grupp munkar, till Rikon (n\u00e4ra Z\u00fcrich) p\u00e5 det nyligen inr\u00e4ttade Tibet-Institutet. Hans uppgift var att hj\u00e4lpa tibetanska flyktingar i Schweiz. Senare, f\u00f6r att m\u00f6ta efterfr\u00e5gan fr\u00e5n m\u00e5nga intresserade v\u00e4sterl\u00e4nningar, grundade han talrika buddhistiska centra i Europa. Det fr\u00e4msta \u00e4r Sakya Tsechen Ling (Europeiska institutet f\u00f6r tibetansk buddhism), grundat 1978 i Kuttolsheim (Strasbourg \/ Frankrike). Andra etablerades i Haag, Freiburg (Tyskland), Z\u00fcrich, Stockholm, Trieste, Toulouse och Lugano-Arosio. Regelbundna l\u00e4ror ges vid alla centra, och tv\u00e5 \u00e5rliga retr\u00e4tter \u00e4ger rum vid huvudcentret. Hyllning till Guru \u00c5r 2010 gav HH Kyabgon Gongma Trichen Rinpoche, i Strasbourg, titeln Khenchen (Senior Abbot) till V\u00f6rdade Lama Sherab. Den 14 april 2014 avled Khenchen Lama Sherab. Den visdom och medk\u00e4nsla han f\u00f6rmedlade under alla dessa \u00e5r forts\u00e4tter att inspirera de l\u00e4rjungar som hade turen att tr\u00e4ffa honom. Den 14 april 2014, klockan 11:04, l\u00e4mnade v\u00e5r \u00e4lskade Guru sin kropp, men inte sin f\u00f6rm\u00e5ga att f\u00f6rmedla det Heliga Dharma p\u00e5 ett rent och kontinuerligt s\u00e4tt. <br \/><strong>Hyllning till Guru<\/strong> <br \/>I hans privata bostad i Rikon \u00e4gde de praxis som f\u00f6ljde honom p\u00e5 denna resa rum, d\u00e4r hans dyrbara n\u00e4rvaro var p\u00e5taglig b\u00e5de dag och natt. I enlighet med tibetansk tradition utf\u00f6rdes i sju veckor b\u00f6ner och lyckobringande ritualer f\u00f6r v\u00e5r Guru i Rikon, i hans centra och i m\u00e5nga kloster. Han \u00e4gnade hela sin tillvaro \u00e5t Dharma-praktiken och uppn\u00e5dde den h\u00f6gsta utbildningsniv\u00e5n vid det monastiska universitetet i Sakya. Han valdes av Dalai Lama att komma till Schweiz p\u00e5 sextiotalet f\u00f6r att st\u00f6dja den f\u00f6rsta tibetanska gemenskapen i exil. Men han slutade inte d\u00e4r; han grundade flera Dharma Centers i olika europeiska l\u00e4nder d\u00e4r han delade med sig, med sina l\u00e4rjungar, sin andliga erfarenhet pr\u00e4glad av stor medk\u00e4nnande k\u00e4rlek och visdom. Hans exempel som en sann Dharma-ut\u00f6vare l\u00e4rde oss att djup tro transcenderar fenomenens f\u00f6rg\u00e4nglighet och att det \u00e4r l\u00e4rjungarna som \u00e5terupplivar M\u00e4starna genom sin h\u00e4ngivenhet och uppriktiga praktik i enlighet med de mottagna l\u00e4ror. Han gav oss allt han hade och angav tydligt v\u00e4gen att f\u00f6lja. Genom att f\u00f6lja hans instruktioner n\u00e5r man s\u00e4kert m\u00e5let, platsen d\u00e4r det inte l\u00e4ngre finns n\u00e5gon separation eller \u00e5nger f\u00f6r det man tror att man har f\u00f6rlorat. Han har inte l\u00e4mnat oss; han har bara f\u00f6r\u00e4ndrat, tillf\u00e4lligt, sitt s\u00e4tt att undervisa. Varje g\u00e5ng vi utf\u00f6r en dygdig handling \u00e4r Han med oss; varje g\u00e5ng v\u00e5r leende \u00e4r fyllt av k\u00e4rlek, praktiserar vi Hans l\u00e4ror; varje g\u00e5ng vi vet hur man fattar det r\u00e4tta beslutet, har vi f\u00f6rst\u00e5tt Dharma. L\u00e4rjungen som lever i harmoni med sig sj\u00e4lv \u00e4r aldrig ensam.<\/p>\t\t\t\t\t\t\t\t<\/div>\n\t\t\t\t<\/div>\n\t\t\t\t<\/div>\n\t\t<div class=\"elementor-element elementor-element-bc4bcbb e-con-full e-flex e-con e-child\" data-id=\"bc4bcbb\" data-element_type=\"container\">\n\t\t<div class=\"elementor-element elementor-element-c6c30f6 e-flex e-con-boxed e-con e-child\" data-id=\"c6c30f6\" data-element_type=\"container\">\n\t\t\t\t\t<div class=\"e-con-inner\">\n\t\t\t\t<div class=\"elementor-element elementor-element-79c0c66 elementor-widget elementor-widget-image\" data-id=\"79c0c66\" data-element_type=\"widget\" data-widget_type=\"image.default\">\n\t\t\t\t<div class=\"elementor-widget-container\">\n\t\t\t\t\t\t\t\t\t\t\t\t\t\t\t<img fetchpriority=\"high\" decoding=\"async\" width=\"840\" height=\"559\" src=\"https:\/\/sakyapa.eu\/wp-content\/uploads\/2024\/04\/DSC03013_PS-CS6-1024x681.jpg\" class=\"attachment-large size-large wp-image-32400\" alt=\"\" srcset=\"https:\/\/sakyapa.eu\/wp-content\/uploads\/2024\/04\/DSC03013_PS-CS6-1024x681.jpg 1024w, https:\/\/sakyapa.eu\/wp-content\/uploads\/2024\/04\/DSC03013_PS-CS6-300x199.jpg 300w, https:\/\/sakyapa.eu\/wp-content\/uploads\/2024\/04\/DSC03013_PS-CS6-768x511.jpg 768w, https:\/\/sakyapa.eu\/wp-content\/uploads\/2024\/04\/DSC03013_PS-CS6-90x60.jpg 90w, https:\/\/sakyapa.eu\/wp-content\/uploads\/2024\/04\/DSC03013_PS-CS6-480x320.jpg 480w, https:\/\/sakyapa.eu\/wp-content\/uploads\/2024\/04\/DSC03013_PS-CS6-420x280.jpg 420w, https:\/\/sakyapa.eu\/wp-content\/uploads\/2024\/04\/DSC03013_PS-CS6-520x345.jpg 520w, https:\/\/sakyapa.eu\/wp-content\/uploads\/2024\/04\/DSC03013_PS-CS6.jpg 1396w\" sizes=\"(max-width: 840px) 100vw, 840px\" \/>\t\t\t\t\t\t\t\t\t\t\t\t\t\t\t<\/div>\n\t\t\t\t<\/div>\n\t\t\t\t\t<\/div>\n\t\t\t\t<\/div>\n\t\t<div class=\"elementor-element elementor-element-cb6c79e e-flex e-con-boxed e-con e-child\" data-id=\"cb6c79e\" data-element_type=\"container\">\n\t\t\t\t\t<div class=\"e-con-inner\">\n\t\t\t\t<div class=\"elementor-element elementor-element-6578073 elementor-widget elementor-widget-video\" data-id=\"6578073\" data-element_type=\"widget\" data-settings=\"{&quot;video_type&quot;:&quot;hosted&quot;,&quot;controls&quot;:&quot;yes&quot;}\" data-widget_type=\"video.default\">\n\t\t\t\t<div class=\"elementor-widget-container\">\n\t\t\t\t\t\t\t<div class=\"e-hosted-video elementor-wrapper elementor-open-inline\">\n\t\t\t\t\t<video class=\"elementor-video\" src=\"https:\/\/sakyapa.eu\/wp-content\/uploads\/2023\/11\/KC1.mp4\" controls=\"\" preload=\"metadata\" controlsList=\"nodownload\"><\/video>\n\t\t\t\t<\/div>\n\t\t\t\t\t\t<\/div>\n\t\t\t\t<\/div>\n\t\t\t\t\t<\/div>\n\t\t\t\t<\/div>\n\t\t\t\t<\/div>\n\t\t\t\t\t<\/div>\n\t\t\t\t<\/div>\n\t\t<div class=\"elementor-element elementor-element-39d88fc3 e-flex e-con-boxed e-con e-parent\" data-id=\"39d88fc3\" data-element_type=\"container\">\n\t\t\t\t\t<div class=\"e-con-inner\">\n\t\t\t\t<div class=\"elementor-element elementor-element-9a4e434 elementor-widget elementor-widget-heading\" data-id=\"9a4e434\" data-element_type=\"widget\" data-widget_type=\"heading.default\">\n\t\t\t\t<div class=\"elementor-widget-container\">\n\t\t\t\t\t<h4 class=\"elementor-heading-title elementor-size-default\"><a href=\"https:\/\/sakyapa.eu\/wp-content\/uploads\/2024\/04\/Rinpoche-Prayer-for-Swift-Rebirth_SWE.pdf\">En innerlig b\u00f6n som v\u00e4djar till M\u00e4starens medk\u00e4nsla\n<BR>B\u00f6n om snar \u00e5terkomst f\u00f6r Khenchen Sherab Gyaltsen Amipa Rinpoche<\/a><\/h4>\t\t\t\t<\/div>\n\t\t\t\t<\/div>\n\t\t\t\t\t<\/div>\n\t\t\t\t<\/div>\n\t\t<div class=\"elementor-element elementor-element-29fb269 e-flex e-con-boxed e-con e-parent\" data-id=\"29fb269\" data-element_type=\"container\">\n\t\t\t\t\t<div class=\"e-con-inner\">\n\t\t<div class=\"elementor-element elementor-element-026bb07 e-con-full e-flex e-con e-child\" data-id=\"026bb07\" data-element_type=\"container\">\n\t\t\t\t<div class=\"elementor-element elementor-element-c093f03 elementor-position-top elementor-widget elementor-widget-image-box\" data-id=\"c093f03\" data-element_type=\"widget\" data-widget_type=\"image-box.default\">\n\t\t\t\t<div class=\"elementor-widget-container\">\n\t\t\t\t\t<div class=\"elementor-image-box-wrapper\"><figure class=\"elementor-image-box-img\"><a href=\"https:\/\/player.vod2.infomaniak.com\/embed\/1jhvl2uqo28ie\" tabindex=\"-1\"><img decoding=\"async\" width=\"1772\" height=\"1181\" src=\"https:\/\/sakyapa.eu\/wp-content\/uploads\/2024\/03\/Lama_Sherab_15x10.jpg\" class=\"attachment-full size-full wp-image-32184\" alt=\"\" srcset=\"https:\/\/sakyapa.eu\/wp-content\/uploads\/2024\/03\/Lama_Sherab_15x10.jpg 1772w, https:\/\/sakyapa.eu\/wp-content\/uploads\/2024\/03\/Lama_Sherab_15x10-300x200.jpg 300w, https:\/\/sakyapa.eu\/wp-content\/uploads\/2024\/03\/Lama_Sherab_15x10-1024x682.jpg 1024w, https:\/\/sakyapa.eu\/wp-content\/uploads\/2024\/03\/Lama_Sherab_15x10-768x512.jpg 768w, https:\/\/sakyapa.eu\/wp-content\/uploads\/2024\/03\/Lama_Sherab_15x10-1536x1024.jpg 1536w, https:\/\/sakyapa.eu\/wp-content\/uploads\/2024\/03\/Lama_Sherab_15x10-90x60.jpg 90w, https:\/\/sakyapa.eu\/wp-content\/uploads\/2024\/03\/Lama_Sherab_15x10-480x320.jpg 480w, https:\/\/sakyapa.eu\/wp-content\/uploads\/2024\/03\/Lama_Sherab_15x10-420x280.jpg 420w\" sizes=\"(max-width: 1772px) 100vw, 1772px\" \/><\/a><\/figure><div class=\"elementor-image-box-content\"><h3 class=\"elementor-image-box-title\"><a href=\"https:\/\/player.vod2.infomaniak.com\/embed\/1jhvl2uqo28ie\">Khenchen Las sista undervisning<\/a><\/h3><p class=\"elementor-image-box-description\">\u00d6 Medelw\u00e4gen av Nagarjuna<\/p><\/div><\/div>\t\t\t\t<\/div>\n\t\t\t\t<\/div>\n\t\t\t\t<\/div>\n\t\t<div class=\"elementor-element elementor-element-792c2aa e-con-full e-flex e-con e-child\" data-id=\"792c2aa\" data-element_type=\"container\">\n\t\t\t\t<div class=\"elementor-element elementor-element-1345f7e elementor-position-top elementor-widget elementor-widget-image-box\" data-id=\"1345f7e\" data-element_type=\"widget\" data-widget_type=\"image-box.default\">\n\t\t\t\t<div class=\"elementor-widget-container\">\n\t\t\t\t\t<div class=\"elementor-image-box-wrapper\"><figure class=\"elementor-image-box-img\"><a href=\"https:\/\/player.vod2.infomaniak.com\/embed\/1jhvl2uqo7p4w\" tabindex=\"-1\"><img decoding=\"async\" width=\"949\" height=\"720\" src=\"https:\/\/sakyapa.eu\/wp-content\/uploads\/2024\/04\/Tib.jpg\" class=\"attachment-full size-full wp-image-32405\" alt=\"\" srcset=\"https:\/\/sakyapa.eu\/wp-content\/uploads\/2024\/04\/Tib.jpg 949w, https:\/\/sakyapa.eu\/wp-content\/uploads\/2024\/04\/Tib-300x228.jpg 300w, https:\/\/sakyapa.eu\/wp-content\/uploads\/2024\/04\/Tib-768x583.jpg 768w, https:\/\/sakyapa.eu\/wp-content\/uploads\/2024\/04\/Tib-79x60.jpg 79w\" sizes=\"(max-width: 949px) 100vw, 949px\" \/><\/a><\/figure><div class=\"elementor-image-box-content\"><h3 class=\"elementor-image-box-title\"><a href=\"https:\/\/player.vod2.infomaniak.com\/embed\/1jhvl2uqo7p4w\">Khenchen La in Tibet<\/a><\/h3><p class=\"elementor-image-box-description\">In 1997<\/p><\/div><\/div>\t\t\t\t<\/div>\n\t\t\t\t<\/div>\n\t\t\t\t<\/div>\n\t\t\t\t\t<\/div>\n\t\t\t\t<\/div>\n\t\t\t\t<\/div>\n\t\t","protected":false},"excerpt":{"rendered":"<p>Den V\u00f6rdade Lama Sherab Gyaltsen Amipa f\u00f6ddes 1931 i Sakya, i v\u00e4stra Tibet. Vid sju \u00e5rs \u00e5lder gick han in i Sakyas huvudkloster, Thubten Lhakhang &hellip; <\/p>\n","protected":false},"author":1,"featured_media":0,"parent":0,"menu_order":0,"comment_status":"closed","ping_status":"closed","template":"","meta":{"_tec_requires_first_save":true,"_eb_attr":"","_price":"","_stock":"","_tribe_ticket_header":"","_tribe_default_ticket_provider":"","_tribe_ticket_capacity":"0","_ticket_start_date":"","_ticket_end_date":"","_tribe_ticket_show_description":"","_tribe_ticket_show_not_going":false,"_tribe_ticket_use_global_stock":"","_tribe_ticket_global_stock_level":"","_global_stock_mode":"","_global_stock_cap":"","_tribe_rsvp_for_event":"","_tribe_ticket_going_count":"","_tribe_ticket_not_going_count":"","_tribe_tickets_list":"[]","_tribe_ticket_has_attendee_info_fields":false,"_EventAllDay":false,"_EventTimezone":"","_EventStartDate":"","_EventEndDate":"","_EventStartDateUTC":"","_EventEndDateUTC":"","_EventShowMap":false,"_EventShowMapLink":false,"_EventURL":"","_EventCost":"","_EventCostDescription":"","_EventCurrencySymbol":"","_EventCurrencyCode":"","_EventCurrencyPosition":"","_EventDateTimeSeparator":"","_EventTimeRangeSeparator":"","_EventOrganizerID":[],"_EventVenueID":[],"_OrganizerEmail":"","_OrganizerPhone":"","_OrganizerWebsite":"","_VenueAddress":"","_VenueCity":"","_VenueCountry":"","_VenueProvince":"","_VenueState":"","_VenueZip":"","_VenuePhone":"","_VenueURL":"","_VenueStateProvince":"","_VenueLat":"","_VenueLng":"","_VenueShowMap":false,"_VenueShowMapLink":false,"_tribe_blocks_recurrence_rules":"","_tribe_blocks_recurrence_description":"","_tribe_blocks_recurrence_exclusions":"","footnotes":"","_tec_slr_enabled":"","_tec_slr_layout":""},"class_list":["post-32496","page","type-page","status-publish","hentry","latest_post"],"ticketed":false,"_links":{"self":[{"href":"https:\/\/sakyapa.eu\/sv\/wp-json\/wp\/v2\/pages\/32496","targetHints":{"allow":["GET"]}}],"collection":[{"href":"https:\/\/sakyapa.eu\/sv\/wp-json\/wp\/v2\/pages"}],"about":[{"href":"https:\/\/sakyapa.eu\/sv\/wp-json\/wp\/v2\/types\/page"}],"author":[{"embeddable":true,"href":"https:\/\/sakyapa.eu\/sv\/wp-json\/wp\/v2\/users\/1"}],"replies":[{"embeddable":true,"href":"https:\/\/sakyapa.eu\/sv\/wp-json\/wp\/v2\/comments?post=32496"}],"version-history":[{"count":7,"href":"https:\/\/sakyapa.eu\/sv\/wp-json\/wp\/v2\/pages\/32496\/revisions"}],"predecessor-version":[{"id":32545,"href":"https:\/\/sakyapa.eu\/sv\/wp-json\/wp\/v2\/pages\/32496\/revisions\/32545"}],"wp:attachment":[{"href":"https:\/\/sakyapa.eu\/sv\/wp-json\/wp\/v2\/media?parent=32496"}],"curies":[{"name":"wp","href":"https:\/\/api.w.org\/{rel}","templated":true}]}}