{"id":31083,"date":"2023-11-23T15:16:52","date_gmt":"2023-11-23T14:16:52","guid":{"rendered":"https:\/\/sakyapa.eu\/thupten-changchup-ling\/"},"modified":"2025-06-14T11:28:41","modified_gmt":"2025-06-14T09:28:41","slug":"thupten-changchup-ling","status":"publish","type":"page","link":"https:\/\/sakyapa.eu\/sv\/thupten-changchup-ling\/","title":{"rendered":"Thupten Changchup Ling"},"content":{"rendered":"\t\t<div data-elementor-type=\"wp-page\" data-elementor-id=\"31083\" class=\"elementor elementor-31083 elementor-30987\">\n\t\t\t\t<div class=\"elementor-element elementor-element-b0a24ca e-flex e-con-boxed e-con e-parent\" data-id=\"b0a24ca\" data-element_type=\"container\">\n\t\t\t\t\t<div class=\"e-con-inner\">\n\t\t<div class=\"elementor-element elementor-element-07bcd62 e-con-full e-flex e-con e-child\" data-id=\"07bcd62\" data-element_type=\"container\">\n\t\t\t\t<div class=\"elementor-element elementor-element-5b22d95 elementor-widget elementor-widget-text-editor\" data-id=\"5b22d95\" data-element_type=\"widget\" data-widget_type=\"text-editor.default\">\n\t\t\t\t<div class=\"elementor-widget-container\">\n\t\t\t\t\t\t\t\t\t<p>L\u00fccc 20, 6939 Alto Malcantone\/Arosio, Ticino, Switzerland<\/p>\t\t\t\t\t\t\t\t<\/div>\n\t\t\t\t<\/div>\n\t\t\t\t<\/div>\n\t\t<div class=\"elementor-element elementor-element-154dcb6 e-con-full e-flex e-con e-child\" data-id=\"154dcb6\" data-element_type=\"container\">\n\t\t\t\t<div class=\"elementor-element elementor-element-01bea1f elementor-align-right elementor-widget elementor-widget-button\" data-id=\"01bea1f\" data-element_type=\"widget\" data-widget_type=\"button.default\">\n\t\t\t\t<div class=\"elementor-widget-container\">\n\t\t\t\t\t\t\t\t\t<div class=\"elementor-button-wrapper\">\n\t\t\t\t\t<a class=\"elementor-button elementor-button-link elementor-size-md\" href=\"https:\/\/donate.stripe.com\/fZe6pzcr99hI67S5kl\" target=\"_blank\">\n\t\t\t\t\t\t<span class=\"elementor-button-content-wrapper\">\n\t\t\t\t\t\t\t\t\t<span class=\"elementor-button-text\">St\u00f6d denna center<\/span>\n\t\t\t\t\t<\/span>\n\t\t\t\t\t<\/a>\n\t\t\t\t<\/div>\n\t\t\t\t\t\t\t\t<\/div>\n\t\t\t\t<\/div>\n\t\t\t\t<\/div>\n\t\t\t\t\t<\/div>\n\t\t\t\t<\/div>\n\t\t<div class=\"elementor-element elementor-element-cfa0a05 e-flex e-con-boxed e-con e-parent\" data-id=\"cfa0a05\" data-element_type=\"container\">\n\t\t\t\t\t<div class=\"e-con-inner\">\n\t\t<div class=\"elementor-element elementor-element-b19a827 e-con-full e-flex e-con e-child\" data-id=\"b19a827\" data-element_type=\"container\">\n\t\t\t\t<div class=\"elementor-element elementor-element-7a0b293 elementor-widget elementor-widget-text-editor\" data-id=\"7a0b293\" data-element_type=\"widget\" data-widget_type=\"text-editor.default\">\n\t\t\t\t<div class=\"elementor-widget-container\">\n\t\t\t\t\t\t\t\t\t<p><strong>Website:\u00a0<\/strong><a href=\"https:\/\/sakya.ch\">https:\/\/sakya.ch<\/a><\/p><p><strong>Tel :<\/strong>\u00a00041 91 600 32 15<br \/><strong>E-mail:<\/strong> <a href=\"mailto:info@sakya.ch\">info@sakya.ch<\/a><\/p>\t\t\t\t\t\t\t\t<\/div>\n\t\t\t\t<\/div>\n\t\t\t\t<\/div>\n\t\t<div class=\"elementor-element elementor-element-5750345 e-con-full e-flex e-con e-child\" data-id=\"5750345\" data-element_type=\"container\">\n\t\t\t\t<div class=\"elementor-element elementor-element-2fc87c6 elementor-widget elementor-widget-image\" data-id=\"2fc87c6\" data-element_type=\"widget\" data-widget_type=\"image.default\">\n\t\t\t\t<div class=\"elementor-widget-container\">\n\t\t\t\t\t\t\t\t\t\t\t\t\t\t\t<img fetchpriority=\"high\" decoding=\"async\" width=\"840\" height=\"558\" src=\"https:\/\/sakyapa.eu\/wp-content\/uploads\/2023\/12\/Arosio-2-1024x680.jpg\" class=\"attachment-large size-large wp-image-31018\" alt=\"\" srcset=\"https:\/\/sakyapa.eu\/wp-content\/uploads\/2023\/12\/Arosio-2-1024x680.jpg 1024w, https:\/\/sakyapa.eu\/wp-content\/uploads\/2023\/12\/Arosio-2-300x199.jpg 300w, https:\/\/sakyapa.eu\/wp-content\/uploads\/2023\/12\/Arosio-2-768x510.jpg 768w, https:\/\/sakyapa.eu\/wp-content\/uploads\/2023\/12\/Arosio-2-1536x1020.jpg 1536w, https:\/\/sakyapa.eu\/wp-content\/uploads\/2023\/12\/Arosio-2-90x60.jpg 90w, https:\/\/sakyapa.eu\/wp-content\/uploads\/2023\/12\/Arosio-2-480x320.jpg 480w, https:\/\/sakyapa.eu\/wp-content\/uploads\/2023\/12\/Arosio-2-800x530.jpg 800w, https:\/\/sakyapa.eu\/wp-content\/uploads\/2023\/12\/Arosio-2-420x280.jpg 420w, https:\/\/sakyapa.eu\/wp-content\/uploads\/2023\/12\/Arosio-2-520x345.jpg 520w, https:\/\/sakyapa.eu\/wp-content\/uploads\/2023\/12\/Arosio-2.jpg 1972w\" sizes=\"(max-width: 840px) 100vw, 840px\" \/>\t\t\t\t\t\t\t\t\t\t\t\t\t\t\t<\/div>\n\t\t\t\t<\/div>\n\t\t\t\t<\/div>\n\t\t\t\t\t<\/div>\n\t\t\t\t<\/div>\n\t\t\t\t<section class=\"elementor-section elementor-top-section elementor-element elementor-element-36b54701 elementor-section-boxed elementor-section-height-default elementor-section-height-default\" data-id=\"36b54701\" data-element_type=\"section\" data-settings=\"{&quot;background_background&quot;:&quot;classic&quot;}\">\n\t\t\t\t\t\t<div class=\"elementor-container elementor-column-gap-no\">\n\t\t\t\t\t<div class=\"elementor-column elementor-col-100 elementor-top-column elementor-element elementor-element-3b96b072\" data-id=\"3b96b072\" data-element_type=\"column\">\n\t\t\t<div class=\"elementor-widget-wrap elementor-element-populated\">\n\t\t\t\t\t\t<section class=\"elementor-section elementor-inner-section elementor-element elementor-element-4d28e353 elementor-section-full_width elementor-section-height-default elementor-section-height-default\" data-id=\"4d28e353\" data-element_type=\"section\">\n\t\t\t\t\t\t<div class=\"elementor-container elementor-column-gap-no\">\n\t\t\t\t\t<div class=\"elementor-column elementor-col-100 elementor-inner-column elementor-element elementor-element-4281f75c\" data-id=\"4281f75c\" data-element_type=\"column\">\n\t\t\t<div class=\"elementor-widget-wrap elementor-element-populated\">\n\t\t\t\t\t\t<div class=\"elementor-element elementor-element-58042214 elementor-invisible elementor-widget elementor-widget-heading\" data-id=\"58042214\" data-element_type=\"widget\" data-settings=\"{&quot;_animation&quot;:&quot;fadeInDown&quot;}\" data-widget_type=\"heading.default\">\n\t\t\t\t<div class=\"elementor-widget-container\">\n\t\t\t\t\t<h2 class=\"elementor-heading-title elementor-size-default\">Om oss<\/h2>\t\t\t\t<\/div>\n\t\t\t\t<\/div>\n\t\t\t\t<div class=\"elementor-element elementor-element-7853165d elementor-widget__width-initial elementor-invisible elementor-widget elementor-widget-text-editor\" data-id=\"7853165d\" data-element_type=\"widget\" data-settings=\"{&quot;_animation&quot;:&quot;zoomIn&quot;}\" data-widget_type=\"text-editor.default\">\n\t\t\t\t<div class=\"elementor-widget-container\">\n\t\t\t\t\t\t\t\t\t<p>Thupten Changchup Ling \u00e4r ett tibetanskt buddhistiskt center av Sakya-traditionen som ligger i Arosio, mitt bland de pittoreska kullarna i Malcantone. Det grundades 1978 av Khenchen Sherab. Namnet Thupten Changchup Ling betyder &#8220;Plats d\u00e4r jag f\u00f6rvarar Buddhas l\u00e4ror&#8221;. Trots att det var ett litet center hade det \u00e4ran att vara en av de viktigaste platserna d\u00e4r den v\u00f6rdnadsv\u00e4rde Lama Sherab regelbundet f\u00f6rmedlade sina l\u00e4ror och m\u00e5nga g\u00e5nger stod v\u00e4rd f\u00f6r n\u00e5gra av de viktigaste m\u00e4starna inom den tibetanska buddhismen. Dessutom finns en mycket tillg\u00e4nglig tibetansk lama p\u00e5 centret, som v\u00e4lkomnar alla intresserade.<\/p>\n<p>Syftet med Thupten Changchup Ling \u00e4r att fr\u00e4mja och stimulera andlig utveckling, samt att erbjuda m\u00f6jlighet f\u00f6r alla intresserade individer att f\u00f6rdjupa sin sj\u00e4lvk\u00e4nnedom och finna inre frid och fullkomlighet genom meditation, studier och reflektion. Med detta m\u00e5l erbjuder centret olika regelbundna aktiviteter som seminarier, undervisning, meditationer och ritualer, b\u00e5de i det tibetanska templets varma och avkopplande atmosf\u00e4r och i den vackra omgivande naturen, d\u00e4r en Stupa ocks\u00e5 finns &#8211; en typisk helig struktur som representerar det upplysta sinnet och syftar till att sprida fred till alla varelser. Som ett buddhistiskt center betonar det Buddhas autentiska l\u00e4ror, men det tar ocks\u00e5 h\u00e4nsyn till m\u00e4nsklighetens alla stora andliga och filosofiska traditioner.<\/p>\n\t\t\t\t\t\t\t\t<\/div>\n\t\t\t\t<\/div>\n\t\t\t\t\t<\/div>\n\t\t<\/div>\n\t\t\t\t\t<\/div>\n\t\t<\/section>\n\t\t\t\t\t<\/div>\n\t\t<\/div>\n\t\t\t\t\t<\/div>\n\t\t<\/section>\n\t\t<div class=\"elementor-element elementor-element-2788880 e-flex e-con-boxed e-con e-parent\" data-id=\"2788880\" data-element_type=\"container\">\n\t\t\t\t\t<div class=\"e-con-inner\">\n\t\t\t\t\t<\/div>\n\t\t\t\t<\/div>\n\t\t<div class=\"elementor-element elementor-element-b7cf9bb e-flex e-con-boxed e-con e-parent\" data-id=\"b7cf9bb\" data-element_type=\"container\">\n\t\t\t\t\t<div class=\"e-con-inner\">\n\t\t<div class=\"elementor-element elementor-element-84edbc7 e-con-full e-flex e-con e-child\" data-id=\"84edbc7\" data-element_type=\"container\">\n\t\t\t\t<div class=\"elementor-element elementor-element-0abda82 elementor-align-center elementor-widget elementor-widget-button\" data-id=\"0abda82\" data-element_type=\"widget\" data-widget_type=\"button.default\">\n\t\t\t\t<div class=\"elementor-widget-container\">\n\t\t\t\t\t\t\t\t\t<div class=\"elementor-button-wrapper\">\n\t\t\t\t\t<a class=\"elementor-button elementor-button-link elementor-size-md\" href=\"https:\/\/sakyapa.eu\/it\/events\/category\/thupten-changchup-ling\/\" target=\"_blank\">\n\t\t\t\t\t\t<span class=\"elementor-button-content-wrapper\">\n\t\t\t\t\t\t\t\t\t<span class=\"elementor-button-text\">Evenemang p\u00e5 italienska<\/span>\n\t\t\t\t\t<\/span>\n\t\t\t\t\t<\/a>\n\t\t\t\t<\/div>\n\t\t\t\t\t\t\t\t<\/div>\n\t\t\t\t<\/div>\n\t\t\t\t<\/div>\n\t\t<div class=\"elementor-element elementor-element-9591eb4 e-con-full e-flex e-con e-child\" data-id=\"9591eb4\" data-element_type=\"container\">\n\t\t\t\t<div class=\"elementor-element elementor-element-043d3e2 elementor-align-center elementor-widget elementor-widget-button\" data-id=\"043d3e2\" data-element_type=\"widget\" data-widget_type=\"button.default\">\n\t\t\t\t<div class=\"elementor-widget-container\">\n\t\t\t\t\t\t\t\t\t<div class=\"elementor-button-wrapper\">\n\t\t\t\t\t<a class=\"elementor-button elementor-button-link elementor-size-md\" href=\"https:\/\/sakyapa.eu\/de\/events\/category\/thupten-changchup-ling-de\/\" target=\"_blank\">\n\t\t\t\t\t\t<span class=\"elementor-button-content-wrapper\">\n\t\t\t\t\t\t\t\t\t<span class=\"elementor-button-text\">Evenemang p\u00e5 tyska<\/span>\n\t\t\t\t\t<\/span>\n\t\t\t\t\t<\/a>\n\t\t\t\t<\/div>\n\t\t\t\t\t\t\t\t<\/div>\n\t\t\t\t<\/div>\n\t\t\t\t<\/div>\n\t\t<div class=\"elementor-element elementor-element-ffe915d e-con-full e-flex e-con e-child\" data-id=\"ffe915d\" data-element_type=\"container\">\n\t\t\t\t<div class=\"elementor-element elementor-element-392578f elementor-widget elementor-widget-button\" data-id=\"392578f\" data-element_type=\"widget\" data-widget_type=\"button.default\">\n\t\t\t\t<div class=\"elementor-widget-container\">\n\t\t\t\t\t\t\t\t\t<div class=\"elementor-button-wrapper\">\n\t\t\t\t\t<a class=\"elementor-button elementor-button-link elementor-size-md\" href=\"https:\/\/sakyapa.eu\/fr\/events\/category\/thupten-changchup-ling-fr\/\">\n\t\t\t\t\t\t<span class=\"elementor-button-content-wrapper\">\n\t\t\t\t\t\t\t\t\t<span class=\"elementor-button-text\">H\u00e4ndelser p\u00e5 franska<\/span>\n\t\t\t\t\t<\/span>\n\t\t\t\t\t<\/a>\n\t\t\t\t<\/div>\n\t\t\t\t\t\t\t\t<\/div>\n\t\t\t\t<\/div>\n\t\t\t\t<\/div>\n\t\t<div class=\"elementor-element elementor-element-24ebd29 e-con-full e-flex e-con e-child\" data-id=\"24ebd29\" data-element_type=\"container\">\n\t\t\t\t<div class=\"elementor-element elementor-element-966eb0b elementor-widget elementor-widget-button\" data-id=\"966eb0b\" data-element_type=\"widget\" data-widget_type=\"button.default\">\n\t\t\t\t<div class=\"elementor-widget-container\">\n\t\t\t\t\t\t\t\t\t<div class=\"elementor-button-wrapper\">\n\t\t\t\t\t<a class=\"elementor-button elementor-button-link elementor-size-md\" href=\"https:\/\/sakyapa.eu\/events\/category\/tcl\/\" target=\"_blank\">\n\t\t\t\t\t\t<span class=\"elementor-button-content-wrapper\">\n\t\t\t\t\t\t\t\t\t<span class=\"elementor-button-text\">Evenemang p\u00e5 engelska<\/span>\n\t\t\t\t\t<\/span>\n\t\t\t\t\t<\/a>\n\t\t\t\t<\/div>\n\t\t\t\t\t\t\t\t<\/div>\n\t\t\t\t<\/div>\n\t\t\t\t<\/div>\n\t\t\t\t\t<\/div>\n\t\t\t\t<\/div>\n\t\t<div class=\"elementor-element elementor-element-7682036 e-flex e-con-boxed e-con e-parent\" data-id=\"7682036\" data-element_type=\"container\">\n\t\t\t\t\t<div class=\"e-con-inner\">\n\t\t\t\t<div class=\"elementor-element elementor-element-57a83f0 elementor-widget elementor-widget-google_maps\" data-id=\"57a83f0\" data-element_type=\"widget\" data-widget_type=\"google_maps.default\">\n\t\t\t\t<div class=\"elementor-widget-container\">\n\t\t\t\t\t\t\t<div class=\"elementor-custom-embed\">\n\t\t\t<iframe loading=\"lazy\"\n\t\t\t\t\tsrc=\"https:\/\/maps.google.com\/maps?q=Centro%20Buddhista%20THUPTEN%20CHANGCHUP%20LING&#038;t=m&#038;z=10&#038;output=embed&#038;iwloc=near\"\n\t\t\t\t\ttitle=\"Centro Buddhista THUPTEN CHANGCHUP LING\"\n\t\t\t\t\taria-label=\"Centro Buddhista THUPTEN CHANGCHUP LING\"\n\t\t\t><\/iframe>\n\t\t<\/div>\n\t\t\t\t\t\t<\/div>\n\t\t\t\t<\/div>\n\t\t\t\t\t<\/div>\n\t\t\t\t<\/div>\n\t\t\t\t<\/div>\n\t\t","protected":false},"excerpt":{"rendered":"<p>L\u00fccc 20, 6939 Alto Malcantone\/Arosio, Ticino, Switzerland St\u00f6d denna center Website:\u00a0https:\/\/sakya.ch Tel :\u00a00041 91 600 32 15E-mail: info@sakya.ch Om oss Thupten Changchup Ling \u00e4r ett &hellip; <\/p>\n","protected":false},"author":1,"featured_media":0,"parent":0,"menu_order":0,"comment_status":"closed","ping_status":"closed","template":"","meta":{"_tec_requires_first_save":true,"_eb_attr":"","_price":"","_stock":"","_tribe_ticket_header":"","_tribe_default_ticket_provider":"","_tribe_ticket_capacity":"0","_ticket_start_date":"","_ticket_end_date":"","_tribe_ticket_show_description":"","_tribe_ticket_show_not_going":false,"_tribe_ticket_use_global_stock":"","_tribe_ticket_global_stock_level":"","_global_stock_mode":"","_global_stock_cap":"","_tribe_rsvp_for_event":"","_tribe_ticket_going_count":"","_tribe_ticket_not_going_count":"","_tribe_tickets_list":"[]","_tribe_ticket_has_attendee_info_fields":false,"_EventAllDay":false,"_EventTimezone":"","_EventStartDate":"","_EventEndDate":"","_EventStartDateUTC":"","_EventEndDateUTC":"","_EventShowMap":false,"_EventShowMapLink":false,"_EventURL":"","_EventCost":"","_EventCostDescription":"","_EventCurrencySymbol":"","_EventCurrencyCode":"","_EventCurrencyPosition":"","_EventDateTimeSeparator":"","_EventTimeRangeSeparator":"","_EventOrganizerID":[],"_EventVenueID":[],"_OrganizerEmail":"","_OrganizerPhone":"","_OrganizerWebsite":"","_VenueAddress":"","_VenueCity":"","_VenueCountry":"","_VenueProvince":"","_VenueState":"","_VenueZip":"","_VenuePhone":"","_VenueURL":"","_VenueStateProvince":"","_VenueLat":"","_VenueLng":"","_VenueShowMap":false,"_VenueShowMapLink":false,"_tribe_blocks_recurrence_rules":"","_tribe_blocks_recurrence_description":"","_tribe_blocks_recurrence_exclusions":"","footnotes":"","_tec_slr_enabled":"","_tec_slr_layout":""},"class_list":["post-31083","page","type-page","status-publish","hentry","latest_post"],"ticketed":false,"_links":{"self":[{"href":"https:\/\/sakyapa.eu\/sv\/wp-json\/wp\/v2\/pages\/31083","targetHints":{"allow":["GET"]}}],"collection":[{"href":"https:\/\/sakyapa.eu\/sv\/wp-json\/wp\/v2\/pages"}],"about":[{"href":"https:\/\/sakyapa.eu\/sv\/wp-json\/wp\/v2\/types\/page"}],"author":[{"embeddable":true,"href":"https:\/\/sakyapa.eu\/sv\/wp-json\/wp\/v2\/users\/1"}],"replies":[{"embeddable":true,"href":"https:\/\/sakyapa.eu\/sv\/wp-json\/wp\/v2\/comments?post=31083"}],"version-history":[{"count":16,"href":"https:\/\/sakyapa.eu\/sv\/wp-json\/wp\/v2\/pages\/31083\/revisions"}],"predecessor-version":[{"id":37398,"href":"https:\/\/sakyapa.eu\/sv\/wp-json\/wp\/v2\/pages\/31083\/revisions\/37398"}],"wp:attachment":[{"href":"https:\/\/sakyapa.eu\/sv\/wp-json\/wp\/v2\/media?parent=31083"}],"curies":[{"name":"wp","href":"https:\/\/api.w.org\/{rel}","templated":true}]}}