{"id":30771,"date":"2023-11-19T20:19:55","date_gmt":"2023-11-19T19:19:55","guid":{"rendered":"https:\/\/sakyapa.eu\/lama-sherab-sangpo\/"},"modified":"2023-11-19T20:33:57","modified_gmt":"2023-11-19T19:33:57","slug":"lama-sherab-sangpo","status":"publish","type":"page","link":"https:\/\/sakyapa.eu\/sv\/lama-sherab-sangpo\/","title":{"rendered":"Lama Sherab Sangpo"},"content":{"rendered":"\n<div class=\"wp-block-media-text is-stacked-on-mobile\" style=\"grid-template-columns:38% auto\"><figure class=\"wp-block-media-text__media\"><img fetchpriority=\"high\" decoding=\"async\" width=\"833\" height=\"556\" src=\"https:\/\/sakyapa.eu\/wp-content\/uploads\/2023\/10\/Puja-Lama.png\" alt=\"\" class=\"wp-image-29890 size-full\" srcset=\"https:\/\/sakyapa.eu\/wp-content\/uploads\/2023\/10\/Puja-Lama.png 833w, https:\/\/sakyapa.eu\/wp-content\/uploads\/2023\/10\/Puja-Lama-300x200.png 300w, https:\/\/sakyapa.eu\/wp-content\/uploads\/2023\/10\/Puja-Lama-768x513.png 768w, https:\/\/sakyapa.eu\/wp-content\/uploads\/2023\/10\/Puja-Lama-90x60.png 90w, https:\/\/sakyapa.eu\/wp-content\/uploads\/2023\/10\/Puja-Lama-420x280.png 420w\" sizes=\"(max-width: 833px) 100vw, 833px\" \/><\/figure><div class=\"wp-block-media-text__content\">\n<p>Mitt religi\u00f6sa namn \u00e4r Lama Sherab Sangpo, och mitt civila namn \u00e4r Nima Bhutia. Jag f\u00f6ddes den 5 juni 1992 i \u00f6stra Nepal. Jag tr\u00e4dde in i Sakya Guru Monastery of Tibetan Buddhism i Ghoom\/Darjeeling (WB, Indien) \u00e5r 2000 och avlade l\u00f6ften som en novismunk. D\u00e4r studerade och memoriserade jag m\u00e5nga ritualer, l\u00e4rde mig hur man g\u00f6r tormas och mandalas enligt det ordinarie programmet. Alla munkar m\u00e5ste kunna utf\u00f6ra dessa ritualer eftersom de \u00e4r en integrerad del av det \u00e5rliga monastiska programmet. \u00c5r 2008 tog jag full bhikshu-vigning. Efter ytterligare studier vid Sakya Guru Monastery i Darjeeling ansl\u00f6t jag mig till Sakya Choepheling Institute of Higher Buddhist Studies i Rimbick (n\u00e4ra Darjeeling) f\u00f6r att f\u00f6rdjupa min kunskap om buddhistisk filosofi. Jag studerade Bodhicaryavatara, Abhisamaya Alamkara (F\u00f6rgyllande klart insikt), Madhyamika (Den mellersta v\u00e4gen) av Aryadeva, Pramanavarttika karika (Kommentar om giltig kognition) av Dharmakirti, Logik och Epistemologi av Sakya Pandita, A Clear Differentiation of the Three Codes av Sakya Pandita, Introduction to the Middle Way av Chandrakirti.<\/p>\n<\/div><\/div>\n\n\n\n<p>\u00c5r 2017 tog jag examen som Lop\u00f6n Master. \u00c5r 2018 \u00e5kte jag till det buddhistiska centret Sakya Samdrub Ling i Malaysia, och under ett \u00e5r deltog jag i centrets aktiviteter och utf\u00f6rde ritualer i templet och i privata familjehem. Efter att ha \u00e5terv\u00e4nt till Indien genomf\u00f6rde jag och slutf\u00f6rde framg\u00e5ngsrikt en 3-\u00e5rig retr\u00e4tt vid Sakya Dolma Phodrang retr\u00e4ttcenter i Dehradun. Under denna retr\u00e4tt utf\u00f6rde jag traditionella Sakya-praktiker, som Vajrapani, Mahavairocana, Vajrakilaya, Hevajra, Vajrayogini, Sakya Pandita, osv. Sedan, i juli 2022, blev jag inbjuden till Sakya Tsechen Ling i Frankrike och kom d\u00e4rmed f\u00f6r f\u00f6rsta g\u00e5ngen till Europa. Jag utf\u00f6r nu min dagliga praktik p\u00e5 institutet i Kuttolsheim, d\u00e4r jag ocks\u00e5 tar hand om templet och utf\u00f6r dagliga Tara-ritualer p\u00e5 morgonen och Mahakala-ritualer p\u00e5 eftermiddagen, enligt tradition. Jag \u00e4r glad att v\u00e4lkomna bes\u00f6kare och tr\u00e4ffa nya m\u00e4nniskor. Jag \u00e4r ocks\u00e5 glad att utf\u00f6ra specifika ritualer p\u00e5 beg\u00e4ran.<br><\/p>\n\n\n\n\n\n<script data-js='tribe-events-view-nonce-data' type='application\/json'>{\"tvn1\":\"d95204aee9\",\"tvn2\":\"\"}<\/script>\n","protected":false},"excerpt":{"rendered":"<p>Mitt religi\u00f6sa namn \u00e4r Lama Sherab Sangpo, och mitt civila namn \u00e4r Nima Bhutia. Jag f\u00f6ddes den 5 juni 1992 i \u00f6stra Nepal. Jag tr\u00e4dde &hellip; <\/p>\n","protected":false},"author":1,"featured_media":0,"parent":0,"menu_order":0,"comment_status":"closed","ping_status":"closed","template":"","meta":{"_tec_requires_first_save":true,"_eb_attr":"","_price":"","_stock":"","_tribe_ticket_header":"","_tribe_default_ticket_provider":"","_tribe_ticket_capacity":"0","_ticket_start_date":"","_ticket_end_date":"","_tribe_ticket_show_description":"","_tribe_ticket_show_not_going":false,"_tribe_ticket_use_global_stock":"","_tribe_ticket_global_stock_level":"","_global_stock_mode":"","_global_stock_cap":"","_tribe_rsvp_for_event":"","_tribe_ticket_going_count":"","_tribe_ticket_not_going_count":"","_tribe_tickets_list":"[]","_tribe_ticket_has_attendee_info_fields":false,"_EventAllDay":false,"_EventTimezone":"","_EventStartDate":"","_EventEndDate":"","_EventStartDateUTC":"","_EventEndDateUTC":"","_EventShowMap":false,"_EventShowMapLink":false,"_EventURL":"","_EventCost":"","_EventCostDescription":"","_EventCurrencySymbol":"","_EventCurrencyCode":"","_EventCurrencyPosition":"","_EventDateTimeSeparator":"","_EventTimeRangeSeparator":"","_EventOrganizerID":[],"_EventVenueID":[],"_OrganizerEmail":"","_OrganizerPhone":"","_OrganizerWebsite":"","_VenueAddress":"","_VenueCity":"","_VenueCountry":"","_VenueProvince":"","_VenueState":"","_VenueZip":"","_VenuePhone":"","_VenueURL":"","_VenueStateProvince":"","_VenueLat":"","_VenueLng":"","_VenueShowMap":false,"_VenueShowMapLink":false,"_tribe_blocks_recurrence_rules":"","_tribe_blocks_recurrence_description":"","_tribe_blocks_recurrence_exclusions":"","footnotes":"","_tec_slr_enabled":"","_tec_slr_layout":""},"class_list":["post-30771","page","type-page","status-publish","hentry","latest_post"],"ticketed":false,"_links":{"self":[{"href":"https:\/\/sakyapa.eu\/sv\/wp-json\/wp\/v2\/pages\/30771","targetHints":{"allow":["GET"]}}],"collection":[{"href":"https:\/\/sakyapa.eu\/sv\/wp-json\/wp\/v2\/pages"}],"about":[{"href":"https:\/\/sakyapa.eu\/sv\/wp-json\/wp\/v2\/types\/page"}],"author":[{"embeddable":true,"href":"https:\/\/sakyapa.eu\/sv\/wp-json\/wp\/v2\/users\/1"}],"replies":[{"embeddable":true,"href":"https:\/\/sakyapa.eu\/sv\/wp-json\/wp\/v2\/comments?post=30771"}],"version-history":[{"count":4,"href":"https:\/\/sakyapa.eu\/sv\/wp-json\/wp\/v2\/pages\/30771\/revisions"}],"predecessor-version":[{"id":30791,"href":"https:\/\/sakyapa.eu\/sv\/wp-json\/wp\/v2\/pages\/30771\/revisions\/30791"}],"wp:attachment":[{"href":"https:\/\/sakyapa.eu\/sv\/wp-json\/wp\/v2\/media?parent=30771"}],"curies":[{"name":"wp","href":"https:\/\/api.w.org\/{rel}","templated":true}]}}