{"id":30547,"date":"2023-10-26T15:23:08","date_gmt":"2023-10-26T13:23:08","guid":{"rendered":"https:\/\/sakyapa.eu\/vilka-pujas-kan-utforas\/"},"modified":"2023-11-18T16:05:17","modified_gmt":"2023-11-18T15:05:17","slug":"vilka-pujas-kan-utforas","status":"publish","type":"page","link":"https:\/\/sakyapa.eu\/sv\/vilka-pujas-kan-utforas\/","title":{"rendered":"Vilka Pujas kan utf\u00f6ras"},"content":{"rendered":"\n<div class=\"wp-block-media-text is-stacked-on-mobile\" style=\"grid-template-columns:25% auto\"><figure class=\"wp-block-media-text__media\"><img decoding=\"async\" width=\"250\" height=\"156\" src=\"https:\/\/sakyapa.eu\/wp-content\/uploads\/2023\/10\/LongLife-S.png\" alt=\"\" class=\"wp-image-29861 size-full\" srcset=\"https:\/\/sakyapa.eu\/wp-content\/uploads\/2023\/10\/LongLife-S.png 250w, https:\/\/sakyapa.eu\/wp-content\/uploads\/2023\/10\/LongLife-S-96x60.png 96w\" sizes=\"(max-width: 250px) 100vw, 250px\" \/><\/figure><div class=\"wp-block-media-text__content\">\n<p style=\"font-size:17px\"><mark style=\"background-color:rgba(0, 0, 0, 0)\" class=\"has-inline-color has-vivid-red-color\"><strong>Puja f\u00f6r l\u00e5ngt liv <\/strong><\/mark><br>En puja (Tse Lha Nam Sum\/tib.) som inkluderar tre l\u00e5nglivade Buddhor &#8211; Amitayus, Ushnishavijaya och White Tara &#8211; f\u00f6r att \u00f6ka livsenergin, f\u00f6rtj\u00e4nsterna och kraften.<\/p>\n<\/div><\/div>\n\n\n\n<hr class=\"wp-block-separator has-alpha-channel-opacity\"\/>\n\n\n\n<p class=\"has-medium-font-size\"><strong><mark style=\"background-color:rgba(0, 0, 0, 0)\" class=\"has-inline-color has-vivid-cyan-blue-color\">Pujas f\u00f6r att st\u00f6dja dina aktiviteter och skydda dig mot hinder:<\/mark><\/strong><\/p>\n\n\n\n<div class=\"wp-block-media-text is-stacked-on-mobile\" style=\"grid-template-columns:25% auto\"><figure class=\"wp-block-media-text__media\"><img decoding=\"async\" width=\"250\" height=\"156\" src=\"https:\/\/sakyapa.eu\/wp-content\/uploads\/2023\/10\/Green-1.png\" alt=\"\" class=\"wp-image-29863 size-full\" srcset=\"https:\/\/sakyapa.eu\/wp-content\/uploads\/2023\/10\/Green-1.png 250w, https:\/\/sakyapa.eu\/wp-content\/uploads\/2023\/10\/Green-1-96x60.png 96w\" sizes=\"(max-width: 250px) 100vw, 250px\" \/><\/figure><div class=\"wp-block-media-text__content\">\n<p style=\"font-size:17px\"><mark style=\"background-color:rgba(0, 0, 0, 0)\" class=\"has-inline-color has-vivid-red-color\"><strong>Gr\u00f6n Tara-ritual <\/strong><\/mark><br>Tara \u00e4r s\u00e4rskilt snabb p\u00e5 att ge framg\u00e5ng i att uppn\u00e5 b\u00e5de tempor\u00e4r och den ultimata lyckan av upplysning. Hon kan r\u00e4dda oss fr\u00e5n livshotande sjukdomar, hj\u00e4lpa oss att \u00e5terh\u00e4mta oss fr\u00e5n sjukdomar, ge oss framg\u00e5ng och lycka i livet i allm\u00e4nhet, skydda oss fr\u00e5n r\u00e4dslor, hj\u00e4lpa oss att f\u00e5 barn och liknande. Hon rekommenderas s\u00e4rskilt i alla familje\u00e4renden. <\/p>\n<\/div><\/div>\n\n\n\n<hr class=\"wp-block-separator has-alpha-channel-opacity\"\/>\n\n\n\n<div class=\"wp-block-media-text is-stacked-on-mobile\" style=\"grid-template-columns:25% auto\"><figure class=\"wp-block-media-text__media\"><img decoding=\"async\" width=\"249\" height=\"156\" src=\"https:\/\/sakyapa.eu\/wp-content\/uploads\/2023\/10\/Maha-1.jpg\" alt=\"\" class=\"wp-image-29864 size-full\" srcset=\"https:\/\/sakyapa.eu\/wp-content\/uploads\/2023\/10\/Maha-1.jpg 249w, https:\/\/sakyapa.eu\/wp-content\/uploads\/2023\/10\/Maha-1-96x60.jpg 96w\" sizes=\"(max-width: 249px) 100vw, 249px\" \/><\/figure><div class=\"wp-block-media-text__content\">\n<p style=\"font-size:17px\"><strong><mark style=\"background-color:rgba(0, 0, 0, 0)\" class=\"has-inline-color has-vivid-red-color\">Mahakala-ritual<\/mark><\/strong><\/p>\n\n\n\n<p style=\"font-size:17px\">Mahakala puja utf\u00f6rs f\u00f6r att eliminera hinder i det dagliga livet &#8211; under en resa, n\u00e4r man b\u00f6rjar ett nytt jobb, v\u00e5ra aktiviteter blir framg\u00e5ngsrika &#8211; och utmaningar f\u00f6r ens andliga praktik och f\u00f6r att berika ens liv och dygd och visdom. <\/p>\n<\/div><\/div>\n\n\n\n<hr class=\"wp-block-separator has-alpha-channel-opacity\"\/>\n\n\n\n<div class=\"wp-block-media-text is-stacked-on-mobile\" style=\"grid-template-columns:25% auto\"><figure class=\"wp-block-media-text__media\"><img loading=\"lazy\" decoding=\"async\" width=\"250\" height=\"156\" src=\"https:\/\/sakyapa.eu\/wp-content\/uploads\/2023\/10\/Medicine-1.jpg\" alt=\"\" class=\"wp-image-29865 size-full\" srcset=\"https:\/\/sakyapa.eu\/wp-content\/uploads\/2023\/10\/Medicine-1.jpg 250w, https:\/\/sakyapa.eu\/wp-content\/uploads\/2023\/10\/Medicine-1-96x60.jpg 96w\" sizes=\"(max-width: 250px) 100vw, 250px\" \/><\/figure><div class=\"wp-block-media-text__content\">\n<p style=\"font-size:17px\"><mark style=\"background-color:rgba(0, 0, 0, 0)\" class=\"has-inline-color has-vivid-red-color\"><strong>Ritual f\u00f6r medicinbuddha<\/strong><\/mark><\/p>\n\n\n\n<p style=\"font-size:17px\">Oftast utf\u00f6rs denna puja f\u00f6r att st\u00f6dja \u00e5terh\u00e4mtningen hos en person som genomg\u00e5r behandling eller operation. Den utf\u00f6rs ocks\u00e5 f\u00f6r de avlidna, f\u00f6r att hj\u00e4lpa dem att \u00e5terf\u00f6das i de h\u00f6gre rikena. <\/p>\n<\/div><\/div>\n\n\n\n<hr class=\"wp-block-separator has-alpha-channel-opacity\"\/>\n\n\n\n<div class=\"wp-block-media-text is-stacked-on-mobile\" style=\"grid-template-columns:25% auto\"><figure class=\"wp-block-media-text__media\"><img loading=\"lazy\" decoding=\"async\" width=\"249\" height=\"156\" src=\"https:\/\/sakyapa.eu\/wp-content\/uploads\/2023\/10\/Av-2.jpg\" alt=\"\" class=\"wp-image-29866 size-full\" srcset=\"https:\/\/sakyapa.eu\/wp-content\/uploads\/2023\/10\/Av-2.jpg 249w, https:\/\/sakyapa.eu\/wp-content\/uploads\/2023\/10\/Av-2-96x60.jpg 96w\" sizes=\"(max-width: 249px) 100vw, 249px\" \/><\/figure><div class=\"wp-block-media-text__content\">\n<p style=\"font-size:17px\"><mark style=\"background-color:rgba(0, 0, 0, 0)\" class=\"has-inline-color has-vivid-red-color\"><strong>Avalokiteshvara-ritual<\/strong><\/mark><\/p>\n\n\n\n<p style=\"font-size:17px\">Avalokiteshvara puja utf\u00f6rs f\u00f6r att utveckla och \u00f6ka k\u00e4rleksfull medk\u00e4nsla i det dagliga livet och att aktiviteterna blir framg\u00e5ngsrika.<\/p>\n<\/div><\/div>\n\n\n\n<hr class=\"wp-block-separator has-alpha-channel-opacity\"\/>\n\n\n\n<div class=\"wp-block-media-text is-stacked-on-mobile\" style=\"grid-template-columns:25% auto\"><figure class=\"wp-block-media-text__media\"><img loading=\"lazy\" decoding=\"async\" width=\"250\" height=\"156\" src=\"https:\/\/sakyapa.eu\/wp-content\/uploads\/2023\/10\/Simha-1.png\" alt=\"\" class=\"wp-image-29867 size-full\" srcset=\"https:\/\/sakyapa.eu\/wp-content\/uploads\/2023\/10\/Simha-1.png 250w, https:\/\/sakyapa.eu\/wp-content\/uploads\/2023\/10\/Simha-1-96x60.png 96w\" sizes=\"(max-width: 250px) 100vw, 250px\" \/><\/figure><div class=\"wp-block-media-text__content\">\n<p style=\"font-size:17px\"><mark style=\"background-color:rgba(0, 0, 0, 0)\" class=\"has-inline-color has-vivid-red-color\"><strong>Simhanada-ritual <\/strong><\/mark><\/p>\n\n\n\n<p style=\"font-size:17px\">Den prim\u00e4ra aktiviteten \u00e4r att avl\u00e4gsna sjukdomar, s\u00e4rskilt s\u00e5dana som orsakas av nagas.<\/p>\n<\/div><\/div>\n\n\n\n<hr class=\"wp-block-separator has-alpha-channel-opacity\"\/>\n\n\n\n<div class=\"wp-block-media-text is-stacked-on-mobile\" style=\"grid-template-columns:25% auto\"><figure class=\"wp-block-media-text__media\"><img loading=\"lazy\" decoding=\"async\" width=\"250\" height=\"156\" src=\"https:\/\/sakyapa.eu\/wp-content\/uploads\/2023\/10\/White-1.png\" alt=\"\" class=\"wp-image-29868 size-full\" srcset=\"https:\/\/sakyapa.eu\/wp-content\/uploads\/2023\/10\/White-1.png 250w, https:\/\/sakyapa.eu\/wp-content\/uploads\/2023\/10\/White-1-96x60.png 96w\" sizes=\"(max-width: 250px) 100vw, 250px\" \/><\/figure><div class=\"wp-block-media-text__content\">\n<p style=\"font-size:17px\"><strong><mark style=\"background-color:rgba(0, 0, 0, 0)\" class=\"has-inline-color has-vivid-red-color\">Vit Mahakala ritual <\/mark><\/strong><\/p>\n\n\n\n<p style=\"font-size:17px\">Denna puja utf\u00f6rs f\u00f6r att ge generositet och lycka till v\u00e5ra liv.<\/p>\n\n\n\n<p style=\"font-size:17px\">Vita Mahakala \u00e4r k\u00e4nd f\u00f6r att undanr\u00f6ja hinder f\u00f6r v\u00e5r praktik i form av brist p\u00e5 st\u00f6d, resurser eller v\u00e4lst\u00e5nd, vilket begr\u00e4nsar v\u00e5r f\u00f6rm\u00e5ga att hj\u00e4lpa andra varelser. Han \u00e4r Mahakala som lindrar fattigdom och ger oss v\u00e4lst\u00e5nd. <\/p>\n<\/div><\/div>\n\n\n\n<hr class=\"wp-block-separator has-alpha-channel-opacity\"\/>\n\n\n\n<div class=\"wp-block-media-text is-stacked-on-mobile\" style=\"grid-template-columns:25% auto\"><figure class=\"wp-block-media-text__media\"><img loading=\"lazy\" decoding=\"async\" width=\"249\" height=\"156\" src=\"https:\/\/sakyapa.eu\/wp-content\/uploads\/2023\/10\/Torma-1.png\" alt=\"\" class=\"wp-image-29869 size-full\" srcset=\"https:\/\/sakyapa.eu\/wp-content\/uploads\/2023\/10\/Torma-1.png 249w, https:\/\/sakyapa.eu\/wp-content\/uploads\/2023\/10\/Torma-1-96x60.png 96w\" sizes=\"(max-width: 249px) 100vw, 249px\" \/><\/figure><div class=\"wp-block-media-text__content\">\n<p style=\"font-size:17px\"><strong><mark style=\"background-color:rgba(0, 0, 0, 0)\" class=\"has-inline-color has-vivid-red-color\">Cha Sum-ritual (en beskyddar-puja)<\/mark><\/strong><\/p>\n\n\n\n<p style=\"font-size:17px\">Denna puja \u00e4r bra f\u00f6r att l\u00e4ka sjukdomar, bota d\u00e5liga dr\u00f6mmar och d\u00e5liga omen. Den \u00e4r v\u00e4l l\u00e4mpad f\u00f6r dem som m\u00e5ste genomg\u00e5 st\u00f6rre medicinska ingrepp etc., och kan ocks\u00e5 utf\u00f6ras f\u00f6r att rena energin i hem och bost\u00e4der. <\/p>\n<\/div><\/div>\n\n\n\n<hr class=\"wp-block-separator has-alpha-channel-opacity\"\/>\n\n\n\n<div class=\"wp-block-media-text is-stacked-on-mobile\" style=\"grid-template-columns:25% auto\"><figure class=\"wp-block-media-text__media\"><img loading=\"lazy\" decoding=\"async\" width=\"251\" height=\"156\" src=\"https:\/\/sakyapa.eu\/wp-content\/uploads\/2023\/10\/Naga-1.jpg\" alt=\"\" class=\"wp-image-29870 size-full\" srcset=\"https:\/\/sakyapa.eu\/wp-content\/uploads\/2023\/10\/Naga-1.jpg 251w, https:\/\/sakyapa.eu\/wp-content\/uploads\/2023\/10\/Naga-1-97x60.jpg 97w\" sizes=\"(max-width: 251px) 100vw, 251px\" \/><\/figure><div class=\"wp-block-media-text__content\">\n<p style=\"font-size:17px\"><strong><mark style=\"background-color:rgba(0, 0, 0, 0)\" class=\"has-inline-color has-vivid-red-color\">Naga-ritual <\/mark><\/strong><\/p>\n\n\n\n<p style=\"font-size:17px\">Naga-ritualen s\u00e4gs ha f\u00f6rm\u00e5gan att \u00f6ka ens rikedom, ber\u00f6mmelse, h\u00e4lsa och meriter. Den s\u00e4gs ocks\u00e5 \u00f6ka resurser, fred och v\u00e4lst\u00e5nd samt eliminera hinder och sjukdomar, s\u00e4rskilt hudrelaterade sjukdomar. <\/p>\n<\/div><\/div>\n\n\n\n<hr class=\"wp-block-separator has-alpha-channel-opacity\"\/>\n\n\n\n<p class=\"has-medium-font-size\"><mark style=\"background-color:rgba(0, 0, 0, 0)\" class=\"has-inline-color has-vivid-cyan-blue-color\"><strong>Pujas f\u00f6r avlidna<\/strong><\/mark><\/p>\n\n\n\n<p style=\"font-size:17px\">Vairocana-ritual f\u00f6r den avlidne <br>Vajrayogini-ritual f\u00f6r den avlidne<br>Amitabha aspiration b\u00f6n<br>Samantabhadras b\u00f6n<\/p>\n\n\n\n<div class=\"wp-block-buttons is-layout-flex wp-block-buttons-is-layout-flex\">\n<div class=\"wp-block-button\"><a class=\"wp-block-button__link has-vivid-red-background-color has-background wp-element-button\" href=\"https:\/\/sakyapa.eu\/sv\/puja-och-boneforfragningar-2\/\"><strong>Beg\u00e4r en Puja<\/strong><\/a><\/div>\n<\/div>\n","protected":false},"excerpt":{"rendered":"<p>Puja f\u00f6r l\u00e5ngt liv En puja (Tse Lha Nam Sum\/tib.) som inkluderar tre l\u00e5nglivade Buddhor &#8211; Amitayus, Ushnishavijaya och White Tara &#8211; f\u00f6r att \u00f6ka &hellip; <\/p>\n","protected":false},"author":1,"featured_media":0,"parent":0,"menu_order":0,"comment_status":"closed","ping_status":"closed","template":"","meta":{"_tec_requires_first_save":true,"_eb_attr":"","_price":"","_stock":"","_tribe_ticket_header":"","_tribe_default_ticket_provider":"","_tribe_ticket_capacity":"0","_ticket_start_date":"","_ticket_end_date":"","_tribe_ticket_show_description":"","_tribe_ticket_show_not_going":false,"_tribe_ticket_use_global_stock":"","_tribe_ticket_global_stock_level":"","_global_stock_mode":"","_global_stock_cap":"","_tribe_rsvp_for_event":"","_tribe_ticket_going_count":"","_tribe_ticket_not_going_count":"","_tribe_tickets_list":"[]","_tribe_ticket_has_attendee_info_fields":false,"_EventAllDay":false,"_EventTimezone":"","_EventStartDate":"","_EventEndDate":"","_EventStartDateUTC":"","_EventEndDateUTC":"","_EventShowMap":false,"_EventShowMapLink":false,"_EventURL":"","_EventCost":"","_EventCostDescription":"","_EventCurrencySymbol":"","_EventCurrencyCode":"","_EventCurrencyPosition":"","_EventDateTimeSeparator":"","_EventTimeRangeSeparator":"","_EventOrganizerID":[],"_EventVenueID":[],"_OrganizerEmail":"","_OrganizerPhone":"","_OrganizerWebsite":"","_VenueAddress":"","_VenueCity":"","_VenueCountry":"","_VenueProvince":"","_VenueState":"","_VenueZip":"","_VenuePhone":"","_VenueURL":"","_VenueStateProvince":"","_VenueLat":"","_VenueLng":"","_VenueShowMap":false,"_VenueShowMapLink":false,"_tribe_blocks_recurrence_rules":"","_tribe_blocks_recurrence_description":"","_tribe_blocks_recurrence_exclusions":"","footnotes":"","_tec_slr_enabled":"","_tec_slr_layout":""},"class_list":["post-30547","page","type-page","status-publish","hentry","latest_post"],"ticketed":false,"_links":{"self":[{"href":"https:\/\/sakyapa.eu\/sv\/wp-json\/wp\/v2\/pages\/30547","targetHints":{"allow":["GET"]}}],"collection":[{"href":"https:\/\/sakyapa.eu\/sv\/wp-json\/wp\/v2\/pages"}],"about":[{"href":"https:\/\/sakyapa.eu\/sv\/wp-json\/wp\/v2\/types\/page"}],"author":[{"embeddable":true,"href":"https:\/\/sakyapa.eu\/sv\/wp-json\/wp\/v2\/users\/1"}],"replies":[{"embeddable":true,"href":"https:\/\/sakyapa.eu\/sv\/wp-json\/wp\/v2\/comments?post=30547"}],"version-history":[{"count":3,"href":"https:\/\/sakyapa.eu\/sv\/wp-json\/wp\/v2\/pages\/30547\/revisions"}],"predecessor-version":[{"id":30597,"href":"https:\/\/sakyapa.eu\/sv\/wp-json\/wp\/v2\/pages\/30547\/revisions\/30597"}],"wp:attachment":[{"href":"https:\/\/sakyapa.eu\/sv\/wp-json\/wp\/v2\/media?parent=30547"}],"curies":[{"name":"wp","href":"https:\/\/api.w.org\/{rel}","templated":true}]}}