{"id":30545,"date":"2023-10-26T15:14:22","date_gmt":"2023-10-26T13:14:22","guid":{"rendered":"https:\/\/sakyapa.eu\/vad-ar-en-puja-och-hur-valjer-man-ratt\/"},"modified":"2024-03-03T18:07:34","modified_gmt":"2024-03-03T17:07:34","slug":"vad-ar-en-puja-och-hur-valjer-man-ratt","status":"publish","type":"page","link":"https:\/\/sakyapa.eu\/sv\/vad-ar-en-puja-och-hur-valjer-man-ratt\/","title":{"rendered":"Vad \u00e4r en puja och hur v\u00e4ljer man r\u00e4tt?"},"content":{"rendered":"\n<figure class=\"wp-block-gallery has-nested-images columns-default is-cropped wp-block-gallery-1 is-layout-flex wp-block-gallery-is-layout-flex\">\n<figure class=\"wp-block-image size-full\"><img fetchpriority=\"high\" decoding=\"async\" width=\"414\" height=\"316\" data-id=\"32131\" src=\"https:\/\/sakyapa.eu\/wp-content\/uploads\/2024\/03\/Puja-Khenpo.png\" alt=\"\" class=\"wp-image-32131\" srcset=\"https:\/\/sakyapa.eu\/wp-content\/uploads\/2024\/03\/Puja-Khenpo.png 414w, https:\/\/sakyapa.eu\/wp-content\/uploads\/2024\/03\/Puja-Khenpo-300x229.png 300w, https:\/\/sakyapa.eu\/wp-content\/uploads\/2024\/03\/Puja-Khenpo-79x60.png 79w\" sizes=\"(max-width: 414px) 100vw, 414px\" \/><\/figure>\n\n\n\n<figure class=\"wp-block-image size-large\"><img decoding=\"async\" width=\"833\" height=\"556\" data-id=\"29890\" src=\"https:\/\/sakyapa.eu\/wp-content\/uploads\/2023\/10\/Puja-Lama.png\" alt=\"\" class=\"wp-image-29890\" srcset=\"https:\/\/sakyapa.eu\/wp-content\/uploads\/2023\/10\/Puja-Lama.png 833w, https:\/\/sakyapa.eu\/wp-content\/uploads\/2023\/10\/Puja-Lama-300x200.png 300w, https:\/\/sakyapa.eu\/wp-content\/uploads\/2023\/10\/Puja-Lama-768x513.png 768w, https:\/\/sakyapa.eu\/wp-content\/uploads\/2023\/10\/Puja-Lama-90x60.png 90w, https:\/\/sakyapa.eu\/wp-content\/uploads\/2023\/10\/Puja-Lama-420x280.png 420w\" sizes=\"(max-width: 833px) 100vw, 833px\" \/><\/figure>\n\n\n\n<figure class=\"wp-block-image size-large\"><img decoding=\"async\" width=\"611\" height=\"556\" data-id=\"29891\" src=\"https:\/\/sakyapa.eu\/wp-content\/uploads\/2023\/10\/Puja-Lama-2.png\" alt=\"\" class=\"wp-image-29891\" srcset=\"https:\/\/sakyapa.eu\/wp-content\/uploads\/2023\/10\/Puja-Lama-2.png 611w, https:\/\/sakyapa.eu\/wp-content\/uploads\/2023\/10\/Puja-Lama-2-300x273.png 300w, https:\/\/sakyapa.eu\/wp-content\/uploads\/2023\/10\/Puja-Lama-2-66x60.png 66w\" sizes=\"(max-width: 611px) 100vw, 611px\" \/><\/figure>\n<\/figure>\n\n\n\n<p>B\u00f6nens kraft \u00e4r v\u00e4lk\u00e4nd inom alla religi\u00f6sa och andliga traditioner. Enligt buddhismen \u00e4r v\u00e5ra erfarenheter i livet resultatet av v\u00e5ra tidigare handlingar. Tidigare skadliga handlingar skapar lidande och dygdiga handlingar skapar lycka. <\/p>\n\n\n\n<p>B\u00f6ner och pujas till\u00e5ter oss att rena de negativa handlingar vi ackumulerade i det f\u00f6rflutna och eliminera eller f\u00f6rhindra uppkomsten av de resulterande hindren. Pujas \u00e4r speciella ritualer d\u00e4r man ber till Buddhorna f\u00f6r att be om deras hj\u00e4lp och p\u00e5kalla deras v\u00e4lsignelser.<\/p>\n\n\n\n<p>Kraften i b\u00f6ner h\u00e4rr\u00f6r fr\u00e5n den uppriktiga motivationen hos den person som ber om b\u00f6ner, liksom det rena sinnet hos de personer som utf\u00f6r b\u00f6nerna. Det s\u00e4gs att b\u00f6ner som utf\u00f6rs av ordinerade personer \u00e4r s\u00e4rskilt kraftfulla och effektiva eftersom de utf\u00f6rs p\u00e5 grundval av ren moral. Men viktigast av allt \u00e4r att offerg\u00e5vor till de olika manifestationerna av upplysta varelser och till sangha-gemenskapen genererar och \u00f6kar merit, v\u00e5r positiva potential. Meriter beh\u00f6vs f\u00f6r att n\u00e5 framg\u00e5ng i alla aktiviteter.<\/p>\n\n\n\n<p>Pujas utf\u00f6rs f\u00f6r att avv\u00e4rja och undanr\u00f6ja de tre typer av hinder som uppst\u00e5r p\u00e5 grund av brist p\u00e5 f\u00f6rtj\u00e4nst och som hindrar oss fr\u00e5n att uppn\u00e5 v\u00e5ra vardagliga och andliga m\u00e5l. Att undanr\u00f6ja dessa hinder kan hj\u00e4lpa oss att uppn\u00e5 lycka och v\u00e4lg\u00e5ng i alla v\u00e5ra aktiviteter.<\/p>\n\n\n\n<p class=\"has-medium-font-size\"><strong><mark style=\"background-color:rgba(0, 0, 0, 0)\" class=\"has-inline-color has-vivid-red-color\">Hur v\u00e4ljer man en puja?<\/mark><\/strong><\/p>\n\n\n\n<p>Medan vissa b\u00f6ner \u00e4r till allm\u00e4n nytta, kan andra hj\u00e4lpa oss med mer specifika problem. Om du inte \u00e4r s\u00e4ker p\u00e5 vilken puja du ska v\u00e4lja kan du anv\u00e4nda <a href=\"https:\/\/sakyapa.eu\/sv\/puja-och-boneforfragningar-2\/\" data-type=\"link\" data-id=\"https:\/\/sakyapa.eu\/sv\/puja-och-boneforfragningar-2\/\" target=\"_blank\" rel=\"noreferrer noopener\">detta formul\u00e4r<\/a> f\u00f6r att beskriva din motivation f\u00f6r att beg\u00e4ra en puja (dvs. de utmaningar du st\u00e5r inf\u00f6r eller de m\u00e5l du str\u00e4var efter att uppn\u00e5), s\u00e5 kommer v\u00e5ra bosatta lamor att ge dig r\u00e5d. <\/p>\n\n\n\n<p class=\"has-medium-font-size\"><strong><mark style=\"background-color:rgba(0, 0, 0, 0)\" class=\"has-inline-color has-vivid-red-color\">Varf\u00f6r beg\u00e4ra en puja?<\/mark><\/strong><\/p>\n\n\n\n<p class=\"has-text-align-left\"><strong>Pujas kan hj\u00e4lpa oss att eliminera olika typer av hinder: <\/strong><\/p>\n\n\n\n<ol class=\"wp-block-list\">\n<li>Vardagliga hinder, t.ex. s\u00e5dana som \u00e4r relaterade till v\u00e5rt jobb och v\u00e5r ekonomi, familj och relationer.<\/li>\n\n\n\n<li>Inre hinder som orsakar mentala och fysiska h\u00e4lsoproblem, starka k\u00e4nslor, f\u00f6rvirring och liknande. <\/li>\n\n\n\n<li>Hemliga hinder som f\u00f6rsv\u00e5rar v\u00e5r andliga tr\u00e4ning. <\/li>\n<\/ol>\n\n\n\n<p><strong>Pujas kan utf\u00f6ras f\u00f6r olika \u00e4ndam\u00e5l:<\/strong><\/p>\n\n\n\n<ol class=\"wp-block-list\">\n<li>F\u00f6r d\u00f6ende &#8211; att hj\u00e4lpa till att lugna deras sinne vid tidpunkten f\u00f6r d\u00f6den och st\u00f6dja dem i d\u00f6endeprocessen. <\/li>\n\n\n\n<li>F\u00f6r de avlidna &#8211; f\u00f6r att hj\u00e4lpa dem att samla f\u00f6rtj\u00e4nster och v\u00e4gleda dem till goda \u00e5terf\u00f6delser och\/eller befrielse.<\/li>\n\n\n\n<li>F\u00f6r sjukdom &#8211; f\u00f6r att avl\u00e4gsna hinder f\u00f6r mental och fysisk h\u00e4lsa.<\/li>\n\n\n\n<li>F\u00f6r framg\u00e5ng i ens aktiviteter &#8211; f\u00f6r att avl\u00e4gsna hinder f\u00f6r framg\u00e5ng i alla v\u00e4rldsliga och andliga aktiviteter.<\/li>\n<\/ol>\n\n\n\n<p>En puja kan beg\u00e4ras med ett <strong><mark style=\"background-color:rgba(0, 0, 0, 0)\" class=\"has-inline-color has-vivid-red-color\">G\u00e5va av v\u00e4lsignelser-kort<\/mark><\/strong>, om du letar efter en speciell g\u00e5va till en speciell person eller en person i n\u00f6d. <br>V\u00e4lj i s\u00e5 fall alternativet &#8220;<strong>Som g\u00e5va av v\u00e4lsignelsekort<\/strong>&#8221; p\u00e5 best\u00e4llningsformul\u00e4ret. N\u00e4r vi har mottagit din f\u00f6rfr\u00e5gan skickar vi kortet &#8220;The Gift of Blessings&#8221; via e-post till den mottagare du angett i formul\u00e4ret tillsammans med din personliga dedikation. <br>Du kommer ocks\u00e5 att f\u00e5 en bekr\u00e4ftelse med de exakta datumen f\u00f6r de pujaer som planeras enligt de gynnsamma datumen i den tibetanska m\u00e5nkalendern.<\/p>\n\n\n\n<div class=\"wp-block-buttons is-layout-flex wp-block-buttons-is-layout-flex\">\n<div class=\"wp-block-button\"><a class=\"wp-block-button__link has-vivid-red-background-color has-background wp-element-button\" href=\"https:\/\/sakyapa.eu\/sv\/puja-och-boneforfragningar-2\/\"><strong>Beg\u00e4r en Puja<\/strong><\/a><\/div>\n<\/div>\n","protected":false},"excerpt":{"rendered":"<p>B\u00f6nens kraft \u00e4r v\u00e4lk\u00e4nd inom alla religi\u00f6sa och andliga traditioner. Enligt buddhismen \u00e4r v\u00e5ra erfarenheter i livet resultatet av v\u00e5ra tidigare handlingar. Tidigare skadliga handlingar &hellip; <\/p>\n","protected":false},"author":1,"featured_media":0,"parent":0,"menu_order":0,"comment_status":"closed","ping_status":"closed","template":"","meta":{"_tec_requires_first_save":true,"_eb_attr":"","_price":"","_stock":"","_tribe_ticket_header":"","_tribe_default_ticket_provider":"","_tribe_ticket_capacity":"0","_ticket_start_date":"","_ticket_end_date":"","_tribe_ticket_show_description":"","_tribe_ticket_show_not_going":false,"_tribe_ticket_use_global_stock":"","_tribe_ticket_global_stock_level":"","_global_stock_mode":"","_global_stock_cap":"","_tribe_rsvp_for_event":"","_tribe_ticket_going_count":"","_tribe_ticket_not_going_count":"","_tribe_tickets_list":"[]","_tribe_ticket_has_attendee_info_fields":false,"_EventAllDay":false,"_EventTimezone":"","_EventStartDate":"","_EventEndDate":"","_EventStartDateUTC":"","_EventEndDateUTC":"","_EventShowMap":false,"_EventShowMapLink":false,"_EventURL":"","_EventCost":"","_EventCostDescription":"","_EventCurrencySymbol":"","_EventCurrencyCode":"","_EventCurrencyPosition":"","_EventDateTimeSeparator":"","_EventTimeRangeSeparator":"","_EventOrganizerID":[],"_EventVenueID":[],"_OrganizerEmail":"","_OrganizerPhone":"","_OrganizerWebsite":"","_VenueAddress":"","_VenueCity":"","_VenueCountry":"","_VenueProvince":"","_VenueState":"","_VenueZip":"","_VenuePhone":"","_VenueURL":"","_VenueStateProvince":"","_VenueLat":"","_VenueLng":"","_VenueShowMap":false,"_VenueShowMapLink":false,"_tribe_blocks_recurrence_rules":"","_tribe_blocks_recurrence_description":"","_tribe_blocks_recurrence_exclusions":"","footnotes":"","_tec_slr_enabled":"","_tec_slr_layout":""},"class_list":["post-30545","page","type-page","status-publish","hentry","latest_post"],"ticketed":false,"_links":{"self":[{"href":"https:\/\/sakyapa.eu\/sv\/wp-json\/wp\/v2\/pages\/30545","targetHints":{"allow":["GET"]}}],"collection":[{"href":"https:\/\/sakyapa.eu\/sv\/wp-json\/wp\/v2\/pages"}],"about":[{"href":"https:\/\/sakyapa.eu\/sv\/wp-json\/wp\/v2\/types\/page"}],"author":[{"embeddable":true,"href":"https:\/\/sakyapa.eu\/sv\/wp-json\/wp\/v2\/users\/1"}],"replies":[{"embeddable":true,"href":"https:\/\/sakyapa.eu\/sv\/wp-json\/wp\/v2\/comments?post=30545"}],"version-history":[{"count":3,"href":"https:\/\/sakyapa.eu\/sv\/wp-json\/wp\/v2\/pages\/30545\/revisions"}],"predecessor-version":[{"id":32136,"href":"https:\/\/sakyapa.eu\/sv\/wp-json\/wp\/v2\/pages\/30545\/revisions\/32136"}],"wp:attachment":[{"href":"https:\/\/sakyapa.eu\/sv\/wp-json\/wp\/v2\/media?parent=30545"}],"curies":[{"name":"wp","href":"https:\/\/api.w.org\/{rel}","templated":true}]}}