{"id":30262,"date":"2023-11-10T18:38:46","date_gmt":"2023-11-10T17:38:46","guid":{"rendered":"https:\/\/sakyapa.eu\/?page_id=30262"},"modified":"2023-11-10T18:38:47","modified_gmt":"2023-11-10T17:38:47","slug":"kontakt","status":"publish","type":"page","link":"https:\/\/sakyapa.eu\/sv\/kontakt\/","title":{"rendered":"Kontakt"},"content":{"rendered":"<style id=\"wpforms-css-vars-29769-block-1a212a2e-71b0-4581-933d-42fdeefbd48e\">\n\t\t\t\t#wpforms-29769.wpforms-block-1a212a2e-71b0-4581-933d-42fdeefbd48e {\n\t\t\t\t--wpforms-button-background-color: #ff6900;\n\n\t\t\t}\n\t\t\t<\/style><div class=\"wpforms-container wpforms-container-full wpforms-block wpforms-block-1a212a2e-71b0-4581-933d-42fdeefbd48e wpforms-render-modern\" id=\"wpforms-29769\"><form id=\"wpforms-form-29769\" class=\"wpforms-validate wpforms-form wpforms-ajax-form\" data-formid=\"29769\" method=\"post\" enctype=\"multipart\/form-data\" action=\"\/sv\/wp-json\/wp\/v2\/pages\/30262\" data-token=\"71024a863ba9bb72fca7db0926579d16\" data-token-time=\"1776609341\"><noscript class=\"wpforms-error-noscript\">Aktivera JavaScript i din webbl\u00e4sare f\u00f6r att fylla i formul\u00e4ret.<\/noscript><div class=\"wpforms-hidden\" id=\"wpforms-error-noscript\">Aktivera JavaScript i din webbl\u00e4sare f\u00f6r att fylla i formul\u00e4ret.<\/div><div class=\"wpforms-field-container\"><div id=\"wpforms-29769-field_0-container\" class=\"wpforms-field wpforms-field-name\" data-field-id=\"0\"><label class=\"wpforms-field-label\" for=\"wpforms-29769-field_0\">Namn <span class=\"wpforms-required-label\" aria-hidden=\"true\">*<\/span><\/label><input type=\"text\" id=\"wpforms-29769-field_0\" class=\"wpforms-field-medium wpforms-field-required\" name=\"wpforms[fields][0]\" aria-errormessage=\"wpforms-29769-field_0-error\" required><\/div><div id=\"wpforms-29769-field_1-container\" class=\"wpforms-field wpforms-field-email\" data-field-id=\"1\"><label class=\"wpforms-field-label\" for=\"wpforms-29769-field_1\">Email <span class=\"wpforms-required-label\" aria-hidden=\"true\">*<\/span><\/label><input type=\"email\" id=\"wpforms-29769-field_1\" class=\"wpforms-field-medium wpforms-field-required\" name=\"wpforms[fields][1]\" spellcheck=\"false\" aria-errormessage=\"wpforms-29769-field_1-error\" required><\/div><div id=\"wpforms-29769-field_2-container\" class=\"wpforms-field wpforms-field-textarea\" data-field-id=\"2\"><label class=\"wpforms-field-label\" for=\"wpforms-29769-field_2\">Meddelande <span class=\"wpforms-required-label\" aria-hidden=\"true\">*<\/span><\/label><textarea id=\"wpforms-29769-field_2\" class=\"wpforms-field-medium wpforms-field-required\" name=\"wpforms[fields][2]\" aria-errormessage=\"wpforms-29769-field_2-error\" required><\/textarea><\/div><div id=\"wpforms-29769-field_4-container\" class=\"wpforms-field wpforms-field-select wpforms-field-select-style-classic\" data-field-id=\"4\"><label class=\"wpforms-field-label\" for=\"wpforms-29769-field_4\">L\u00e4mna ett meddelande till: <span class=\"wpforms-required-label\" aria-hidden=\"true\">*<\/span><\/label><select id=\"wpforms-29769-field_4\" class=\"wpforms-field-medium wpforms-field-required\" name=\"wpforms[fields][4]\" required=\"required\"><option value=\"Till administrat\u00f6ren\" >Till administrat\u00f6ren<\/option><option value=\"Till Sakya Tsechen Ling - FR\" >Till Sakya Tsechen Ling &#8211; FR<\/option><option value=\"Till Thupten Changchup Ling - CH\" >Till Thupten Changchup Ling &#8211; CH<\/option><option value=\"Till Sakya Kunga Ch\u00f6ling - IT\" >Till Sakya Kunga Ch\u00f6ling &#8211; IT<\/option><option value=\"Till Sakya Changchub Ch\u00f6ling - SV\" >Till Sakya Changchub Ch\u00f6ling &#8211; SV<\/option><option value=\"Till Sakya Thegchen Ling - NL\" >Till Sakya Thegchen Ling &#8211; NL<\/option><option value=\"Till Sakya Tsechen:Changchub Ling - AT\" >Till Sakya Tsechen:Changchub Ling &#8211; AT<\/option><option value=\"Till Sakya Phuntsog Ling - FR\" >Till Sakya Phuntsog Ling &#8211; FR<\/option><option value=\"Till Yeshe Ch\u00f6ling Sakya - DE\" >Till Yeshe Ch\u00f6ling Sakya &#8211; DE<\/option><option value=\"Till Sakya Tsechen Ling - CH\" >Till Sakya Tsechen Ling &#8211; CH<\/option><\/select><div id=\"wpforms-29769-field_4-description\" class=\"wpforms-field-description\">V\u00e4lj det center du vill kontakta<\/div><\/div><\/div><!-- .wpforms-field-container --><div class=\"wpforms-submit-container\" ><input type=\"hidden\" name=\"wpforms[id]\" value=\"29769\"><input type=\"hidden\" name=\"page_title\" value=\"\"><input type=\"hidden\" name=\"page_url\" value=\"https:\/\/sakyapa.eu\/sv\/wp-json\/wp\/v2\/pages\/30262\"><input type=\"hidden\" name=\"url_referer\" value=\"\"><button type=\"submit\" name=\"wpforms[submit]\" id=\"wpforms-submit-29769\" class=\"wpforms-submit\" data-alt-text=\"skickar...\" data-submit-text=\"Skicka\" aria-live=\"assertive\" value=\"wpforms-submit\">Skicka<\/button><img decoding=\"async\" src=\"https:\/\/sakyapa.eu\/wp-content\/plugins\/wpforms\/assets\/images\/submit-spin.svg\" class=\"wpforms-submit-spinner\" style=\"display: none;\" width=\"26\" height=\"26\" alt=\"Laddar\"><\/div><\/form><\/div>  <!-- .wpforms-container -->","protected":false},"excerpt":{"rendered":"","protected":false},"author":1,"featured_media":0,"parent":0,"menu_order":0,"comment_status":"closed","ping_status":"closed","template":"","meta":{"_tec_requires_first_save":true,"_eb_attr":"","_price":"","_stock":"","_tribe_ticket_header":"","_tribe_default_ticket_provider":"","_tribe_ticket_capacity":"0","_ticket_start_date":"","_ticket_end_date":"","_tribe_ticket_show_description":"","_tribe_ticket_show_not_going":false,"_tribe_ticket_use_global_stock":"","_tribe_ticket_global_stock_level":"","_global_stock_mode":"","_global_stock_cap":"","_tribe_rsvp_for_event":"","_tribe_ticket_going_count":"","_tribe_ticket_not_going_count":"","_tribe_tickets_list":"[]","_tribe_ticket_has_attendee_info_fields":false,"_EventAllDay":false,"_EventTimezone":"","_EventStartDate":"","_EventEndDate":"","_EventStartDateUTC":"","_EventEndDateUTC":"","_EventShowMap":false,"_EventShowMapLink":false,"_EventURL":"","_EventCost":"","_EventCostDescription":"","_EventCurrencySymbol":"","_EventCurrencyCode":"","_EventCurrencyPosition":"","_EventDateTimeSeparator":"","_EventTimeRangeSeparator":"","_EventOrganizerID":[],"_EventVenueID":[],"_OrganizerEmail":"","_OrganizerPhone":"","_OrganizerWebsite":"","_VenueAddress":"","_VenueCity":"","_VenueCountry":"","_VenueProvince":"","_VenueState":"","_VenueZip":"","_VenuePhone":"","_VenueURL":"","_VenueStateProvince":"","_VenueLat":"","_VenueLng":"","_VenueShowMap":false,"_VenueShowMapLink":false,"_tribe_blocks_recurrence_rules":"","_tribe_blocks_recurrence_description":"","_tribe_blocks_recurrence_exclusions":"","footnotes":"","_tec_slr_enabled":"","_tec_slr_layout":""},"class_list":["post-30262","page","type-page","status-publish","hentry","latest_post"],"ticketed":false,"_links":{"self":[{"href":"https:\/\/sakyapa.eu\/sv\/wp-json\/wp\/v2\/pages\/30262","targetHints":{"allow":["GET"]}}],"collection":[{"href":"https:\/\/sakyapa.eu\/sv\/wp-json\/wp\/v2\/pages"}],"about":[{"href":"https:\/\/sakyapa.eu\/sv\/wp-json\/wp\/v2\/types\/page"}],"author":[{"embeddable":true,"href":"https:\/\/sakyapa.eu\/sv\/wp-json\/wp\/v2\/users\/1"}],"replies":[{"embeddable":true,"href":"https:\/\/sakyapa.eu\/sv\/wp-json\/wp\/v2\/comments?post=30262"}],"version-history":[{"count":1,"href":"https:\/\/sakyapa.eu\/sv\/wp-json\/wp\/v2\/pages\/30262\/revisions"}],"predecessor-version":[{"id":30263,"href":"https:\/\/sakyapa.eu\/sv\/wp-json\/wp\/v2\/pages\/30262\/revisions\/30263"}],"wp:attachment":[{"href":"https:\/\/sakyapa.eu\/sv\/wp-json\/wp\/v2\/media?parent=30262"}],"curies":[{"name":"wp","href":"https:\/\/api.w.org\/{rel}","templated":true}]}}