{"id":28892,"date":"2017-02-16T09:13:19","date_gmt":"2017-02-16T08:13:19","guid":{"rendered":"https:\/\/sakyapa.eu\/welcome-to-khenchen-sherabs-centers-svenska\/"},"modified":"2026-04-04T14:34:01","modified_gmt":"2026-04-04T12:34:01","slug":"welcome-to-khenchen-sherabs-centers-svenska","status":"publish","type":"page","link":"https:\/\/sakyapa.eu\/sv\/","title":{"rendered":"V\u00e4lkommen till Khenchen Sherabs center"},"content":{"rendered":"\n<div class=\"wp-block-media-text is-stacked-on-mobile\"><figure class=\"wp-block-media-text__media\"><img fetchpriority=\"high\" decoding=\"async\" width=\"953\" height=\"714\" src=\"https:\/\/sakyapa.eu\/wp-content\/uploads\/2023\/10\/K13.png\" alt=\"\" class=\"wp-image-28869 size-full\" srcset=\"https:\/\/sakyapa.eu\/wp-content\/uploads\/2023\/10\/K13.png 953w, https:\/\/sakyapa.eu\/wp-content\/uploads\/2023\/10\/K13-600x450.png 600w, https:\/\/sakyapa.eu\/wp-content\/uploads\/2023\/10\/K13-300x225.png 300w, https:\/\/sakyapa.eu\/wp-content\/uploads\/2023\/10\/K13-768x575.png 768w, https:\/\/sakyapa.eu\/wp-content\/uploads\/2023\/10\/K13-80x60.png 80w\" sizes=\"(max-width: 953px) 100vw, 953px\" \/><\/figure><div class=\"wp-block-media-text__content\">\n<div style=\"height:100px\" aria-hidden=\"true\" class=\"wp-block-spacer\"><\/div>\n\n\n\n<p>V\u00f6rdade Khenchen Sherab Gyaltsen Amipa f\u00f6ddes 1931 i Sakya, Tibet och \u00e4r grundaren av v\u00e5ra europeiska center. I mer \u00e4n 40 \u00e5r delade han med sig av den v\u00e4rdefulla Dharma-l\u00e4ran med stor v\u00e4rme, insikt och enkelhet.&nbsp;<\/p>\n\n\n\n<p>Den 14 april 2014 l\u00e4mnade han sin kropp, men hans visdom och medk\u00e4nsla f\u00f6rblir en djup inspirationsk\u00e4lla f\u00f6r alla.<\/p>\n\n\n\n<p class=\"has-vivid-red-color has-text-color\"><em>Dolt inom oss skiner ett ljus,<\/em><\/p>\n\n\n\n<p class=\"has-vivid-red-color has-text-color\"><em>finn det.<\/em><\/p>\n\n\n\n<p class=\"has-vivid-red-color has-text-color\"><em>Dold inom oss str\u00e5lar medk\u00e4nslan,<\/em><\/p>\n\n\n\n<p class=\"has-vivid-red-color has-text-color\"><em>bli den.<\/em><\/p>\n\n\n\n<p class=\"has-vivid-red-color has-text-color\"><em>Dold inom oss mognar visdomen,<\/em><\/p>\n\n\n\n<p class=\"has-vivid-red-color has-text-color\"><em>lyssna till den.<\/em><\/p>\n\n\n\n<p class=\"has-vivid-red-color has-text-color\"><em>Dold inom oss finns fullkomlig renhet.<\/em><\/p>\n\n\n\n<p><em>Khenchen Sherab Gyaltsen Amipa<\/em><\/p>\n<\/div><\/div>\n","protected":false},"excerpt":{"rendered":"","protected":false},"author":1,"featured_media":0,"parent":0,"menu_order":0,"comment_status":"closed","ping_status":"closed","template":"","meta":{"_tec_requires_first_save":true,"_eb_attr":"","_price":"","_stock":"","_tribe_ticket_header":"","_tribe_default_ticket_provider":"","_tribe_ticket_capacity":"0","_ticket_start_date":"","_ticket_end_date":"","_tribe_ticket_show_description":"","_tribe_ticket_show_not_going":false,"_tribe_ticket_use_global_stock":"","_tribe_ticket_global_stock_level":"","_global_stock_mode":"","_global_stock_cap":"","_tribe_rsvp_for_event":"","_tribe_ticket_going_count":"","_tribe_ticket_not_going_count":"","_tribe_tickets_list":"[]","_tribe_ticket_has_attendee_info_fields":false,"_EventAllDay":false,"_EventTimezone":"","_EventStartDate":"","_EventEndDate":"","_EventStartDateUTC":"","_EventEndDateUTC":"","_EventShowMap":false,"_EventShowMapLink":false,"_EventURL":"","_EventCost":"","_EventCostDescription":"","_EventCurrencySymbol":"","_EventCurrencyCode":"","_EventCurrencyPosition":"","_EventDateTimeSeparator":"","_EventTimeRangeSeparator":"","_EventOrganizerID":[],"_EventVenueID":[],"_OrganizerEmail":"","_OrganizerPhone":"","_OrganizerWebsite":"","_VenueAddress":"","_VenueCity":"","_VenueCountry":"","_VenueProvince":"","_VenueState":"","_VenueZip":"","_VenuePhone":"","_VenueURL":"","_VenueStateProvince":"","_VenueLat":"","_VenueLng":"","_VenueShowMap":false,"_VenueShowMapLink":false,"_tribe_blocks_recurrence_rules":"","_tribe_blocks_recurrence_description":"","_tribe_blocks_recurrence_exclusions":"","footnotes":"","_tec_slr_enabled":"","_tec_slr_layout":""},"class_list":["post-28892","page","type-page","status-publish","hentry","latest_post"],"ticketed":false,"_links":{"self":[{"href":"https:\/\/sakyapa.eu\/sv\/wp-json\/wp\/v2\/pages\/28892","targetHints":{"allow":["GET"]}}],"collection":[{"href":"https:\/\/sakyapa.eu\/sv\/wp-json\/wp\/v2\/pages"}],"about":[{"href":"https:\/\/sakyapa.eu\/sv\/wp-json\/wp\/v2\/types\/page"}],"author":[{"embeddable":true,"href":"https:\/\/sakyapa.eu\/sv\/wp-json\/wp\/v2\/users\/1"}],"replies":[{"embeddable":true,"href":"https:\/\/sakyapa.eu\/sv\/wp-json\/wp\/v2\/comments?post=28892"}],"version-history":[{"count":6,"href":"https:\/\/sakyapa.eu\/sv\/wp-json\/wp\/v2\/pages\/28892\/revisions"}],"predecessor-version":[{"id":38671,"href":"https:\/\/sakyapa.eu\/sv\/wp-json\/wp\/v2\/pages\/28892\/revisions\/38671"}],"wp:attachment":[{"href":"https:\/\/sakyapa.eu\/sv\/wp-json\/wp\/v2\/media?parent=28892"}],"curies":[{"name":"wp","href":"https:\/\/api.w.org\/{rel}","templated":true}]}}