{"id":37500,"date":"2025-06-14T12:14:26","date_gmt":"2025-06-14T10:14:26","guid":{"rendered":"https:\/\/sakyapa.eu\/sakya-tsechen-changchub-ling-boeddhistisch-centrum-bad-gams\/"},"modified":"2025-06-14T12:40:56","modified_gmt":"2025-06-14T10:40:56","slug":"sakya-tsechen-changchub-ling-boeddhistisch-centrum-bad-gams","status":"publish","type":"page","link":"https:\/\/sakyapa.eu\/nl\/sakya-tsechen-changchub-ling-boeddhistisch-centrum-bad-gams\/","title":{"rendered":"Sakya Tsechen Changchub Ling &#8211; Buddhistiskt Center Bad Gams\/ \u00d6sterrike"},"content":{"rendered":"\n<div class=\"wp-block-media-text is-stacked-on-mobile is-vertically-aligned-top\" style=\"grid-template-columns:34% auto\"><figure class=\"wp-block-media-text__media\"><img fetchpriority=\"high\" decoding=\"async\" width=\"768\" height=\"1024\" src=\"https:\/\/sakyapa.eu\/wp-content\/uploads\/2025\/06\/photo-Sakya-Tsechen-Changchub-Ling-Austria-768x1024.jpg\" alt=\"\" class=\"wp-image-37471 size-full\" srcset=\"https:\/\/sakyapa.eu\/wp-content\/uploads\/2025\/06\/photo-Sakya-Tsechen-Changchub-Ling-Austria-768x1024.jpg 768w, https:\/\/sakyapa.eu\/wp-content\/uploads\/2025\/06\/photo-Sakya-Tsechen-Changchub-Ling-Austria-225x300.jpg 225w, https:\/\/sakyapa.eu\/wp-content\/uploads\/2025\/06\/photo-Sakya-Tsechen-Changchub-Ling-Austria-45x60.jpg 45w, https:\/\/sakyapa.eu\/wp-content\/uploads\/2025\/06\/photo-Sakya-Tsechen-Changchub-Ling-Austria-rotated.jpg 960w\" sizes=\"(max-width: 768px) 100vw, 768px\" \/><\/figure><div class=\"wp-block-media-text__content\">\n<p>Inge-Margareta Brenner<br>Furth 14, 8524 Bad Gams, \u00d6sterrike<br>Telefon: +43(0)3463-69 515<br>Mobiel: +43(0)676 32 81 473<br>Postadres: K\u00f6rblergasse 62, 8010 Graz, \u00d6sterrike<br>Telefon: +43(0)316-351 776<br>E-mail: <a href=\"mailto:info@sakyaling.at\">info@sakyaling.at<\/a><br>Website: <a href=\"http:\/\/www.sakyaling.at\">www.sakyaling.at<\/a><\/p>\n\n\n\n<p>In het glooiende heuvellandschap van Zuidwest-Stiermarken, op 40 km van Graz, in het kuuroord Bad Gams, werd Sakya Tsechen Changchub Ling op 13 oktober 2002 ingehuldigd door de eerwaarde Khenchen Sherab Gyaltsen Amipa Rinpoche.<br>Het beschermde, voormalige \u201cBaderhaus\u201d en de oude \u201cBrabeck-weverij\u201d, samen met een betoverende tuin, zijn na uitgebreide renovaties opengesteld voor bezoekers en boeddhisten van over de hele wereld.<br>Naast boeddhistische evenementen dient het centrum ook als ontmoetingsplaats voor de bevordering van interculturele uitwisseling.<\/p>\n<\/div><\/div>\n","protected":false},"excerpt":{"rendered":"<p>Inge-Margareta BrennerFurth 14, 8524 Bad Gams, \u00d6sterrikeTelefon: +43(0)3463-69 515Mobiel: +43(0)676 32 81 473Postadres: K\u00f6rblergasse 62, 8010 Graz, \u00d6sterrikeTelefon: +43(0)316-351 776E-mail: info@sakyaling.atWebsite: www.sakyaling.at In het glooiende &hellip; <\/p>\n","protected":false},"author":1,"featured_media":0,"parent":0,"menu_order":0,"comment_status":"closed","ping_status":"closed","template":"","meta":{"_tec_requires_first_save":true,"_eb_attr":"","_price":"","_stock":"","_tribe_ticket_header":"","_tribe_default_ticket_provider":"","_tribe_ticket_capacity":"0","_ticket_start_date":"","_ticket_end_date":"","_tribe_ticket_show_description":"","_tribe_ticket_show_not_going":false,"_tribe_ticket_use_global_stock":"","_tribe_ticket_global_stock_level":"","_global_stock_mode":"","_global_stock_cap":"","_tribe_rsvp_for_event":"","_tribe_ticket_going_count":"","_tribe_ticket_not_going_count":"","_tribe_tickets_list":"[]","_tribe_ticket_has_attendee_info_fields":false,"_EventAllDay":false,"_EventTimezone":"","_EventStartDate":"","_EventEndDate":"","_EventStartDateUTC":"","_EventEndDateUTC":"","_EventShowMap":false,"_EventShowMapLink":false,"_EventURL":"","_EventCost":"","_EventCostDescription":"","_EventCurrencySymbol":"","_EventCurrencyCode":"","_EventCurrencyPosition":"","_EventDateTimeSeparator":"","_EventTimeRangeSeparator":"","_EventOrganizerID":[],"_EventVenueID":[],"_OrganizerEmail":"","_OrganizerPhone":"","_OrganizerWebsite":"","_VenueAddress":"","_VenueCity":"","_VenueCountry":"","_VenueProvince":"","_VenueState":"","_VenueZip":"","_VenuePhone":"","_VenueURL":"","_VenueStateProvince":"","_VenueLat":"","_VenueLng":"","_VenueShowMap":false,"_VenueShowMapLink":false,"_tribe_blocks_recurrence_rules":"","_tribe_blocks_recurrence_description":"","_tribe_blocks_recurrence_exclusions":"","footnotes":"","_tec_slr_enabled":"","_tec_slr_layout":""},"class_list":["post-37500","page","type-page","status-publish","hentry","latest_post"],"ticketed":false,"_links":{"self":[{"href":"https:\/\/sakyapa.eu\/nl\/wp-json\/wp\/v2\/pages\/37500","targetHints":{"allow":["GET"]}}],"collection":[{"href":"https:\/\/sakyapa.eu\/nl\/wp-json\/wp\/v2\/pages"}],"about":[{"href":"https:\/\/sakyapa.eu\/nl\/wp-json\/wp\/v2\/types\/page"}],"author":[{"embeddable":true,"href":"https:\/\/sakyapa.eu\/nl\/wp-json\/wp\/v2\/users\/1"}],"replies":[{"embeddable":true,"href":"https:\/\/sakyapa.eu\/nl\/wp-json\/wp\/v2\/comments?post=37500"}],"version-history":[{"count":2,"href":"https:\/\/sakyapa.eu\/nl\/wp-json\/wp\/v2\/pages\/37500\/revisions"}],"predecessor-version":[{"id":37547,"href":"https:\/\/sakyapa.eu\/nl\/wp-json\/wp\/v2\/pages\/37500\/revisions\/37547"}],"wp:attachment":[{"href":"https:\/\/sakyapa.eu\/nl\/wp-json\/wp\/v2\/media?parent=37500"}],"curies":[{"name":"wp","href":"https:\/\/api.w.org\/{rel}","templated":true}]}}