{"id":37529,"date":"2025-06-14T12:28:11","date_gmt":"2025-06-14T10:28:11","guid":{"rendered":"https:\/\/sakyapa.eu\/sakya-phuntsog-ling-%e0%bd%a6%e0%bc%8b%e0%bd%a6%e0%be%90%e0%be%b1%e0%bc%8b%e0%bd%95%e0%bd%b4%e0%bd%93%e0%bc%8b%e0%bd%9a%e0%bd%bc%e0%bd%82%e0%bd%a6%e0%bc%8b%e0%bd%82%e0%be%b3%e0%bd%b2%e0%bd%84%e0%bc%8d\/"},"modified":"2025-06-14T13:52:59","modified_gmt":"2025-06-14T11:52:59","slug":"sakya-phuntsog-ling-%e0%bd%a6%e0%bc%8b%e0%bd%a6%e0%be%90%e0%be%b1%e0%bc%8b%e0%bd%95%e0%bd%b4%e0%bd%93%e0%bc%8b%e0%bd%9a%e0%bd%bc%e0%bd%82%e0%bd%a6%e0%bc%8b%e0%bd%82%e0%be%b3%e0%bd%b2%e0%bd%84%e0%bc%8d","status":"publish","type":"page","link":"https:\/\/sakyapa.eu\/it\/sakya-phuntsog-ling-%e0%bd%a6%e0%bc%8b%e0%bd%a6%e0%be%90%e0%be%b1%e0%bc%8b%e0%bd%95%e0%bd%b4%e0%bd%93%e0%bc%8b%e0%bd%9a%e0%bd%bc%e0%bd%82%e0%bd%a6%e0%bc%8b%e0%bd%82%e0%be%b3%e0%bd%b2%e0%bd%84%e0%bc%8d\/","title":{"rendered":"Sakya Phuntsog Ling \u0f66\u0f0b\u0f66\u0f90\u0fb1\u0f0b\u0f55\u0f74\u0f53\u0f0b\u0f5a\u0f7c\u0f42\u0f66\u0f0b\u0f42\u0fb3\u0f72\u0f44\u0f0d"},"content":{"rendered":"\n<div class=\"wp-block-media-text is-stacked-on-mobile is-vertically-aligned-top\" style=\"grid-template-columns:32% auto\"><figure class=\"wp-block-media-text__media\"><img fetchpriority=\"high\" decoding=\"async\" width=\"759\" height=\"1024\" src=\"https:\/\/sakyapa.eu\/wp-content\/uploads\/2025\/06\/PHOTO-SPL-Toulouse-759x1024.png\" alt=\"\" class=\"wp-image-37512 size-full\" srcset=\"https:\/\/sakyapa.eu\/wp-content\/uploads\/2025\/06\/PHOTO-SPL-Toulouse-759x1024.png 759w, https:\/\/sakyapa.eu\/wp-content\/uploads\/2025\/06\/PHOTO-SPL-Toulouse-222x300.png 222w, https:\/\/sakyapa.eu\/wp-content\/uploads\/2025\/06\/PHOTO-SPL-Toulouse-768x1037.png 768w, https:\/\/sakyapa.eu\/wp-content\/uploads\/2025\/06\/PHOTO-SPL-Toulouse-44x60.png 44w, https:\/\/sakyapa.eu\/wp-content\/uploads\/2025\/06\/PHOTO-SPL-Toulouse.png 1120w\" sizes=\"(max-width: 759px) 100vw, 759px\" \/><\/figure><div class=\"wp-block-media-text__content\">\n<p>Presidente: Fr\u00e9d\u00e9ric Godde<br>Indirizzo: 4 impasse Henri Gr\u00e9goire, 31170 Tournefeuille, France<br>Cellulare: : +33 (0)6 62 35 89 88<br>Mail : <a href=\"mailto:sakya_phuntsog_ling@yahoo.com\">sakya_phuntsog_ling@yahoo.com<\/a><\/p>\n\n\n\n<p>Questo centro buddista della tradizione&nbsp;tibetana Sakya \u00e8 stato fondato il 10 giugno 1999 dal venerabile Khenchen Sherab Gyaltsen Amipa Rinpoche, con l&#8217;aiuto di Genevi\u00e8ve Journet, una delle sue prime discepole in Francia. Situato a Tolosa per molti anni, si \u00e8 spostato nella periferia di Tolosa nel 2017.<\/p>\n\n\n\n<p><em>Phuntsog<\/em>&nbsp;(\u0f55\u0f74\u0f53\u0f0b\u0f5a\u0f7c\u0f42\u0f66\u0f0b) significa \u201cricevere le basi necessarie per una pratica fruttuosa\u201d; e&nbsp;<em>Ling<\/em>&nbsp;(\u0f42\u0fb3\u0f72\u0f44\u0f0b) significa \u201cluogo\u201d, sia esterno che interno, nel quale possiamo assemblare le basi e accumulare le virt\u00f9 per ottenere la gioia. Il vero obiettivo \u00e8 generare attivamente tutto per tutti gli esseri viventi.<\/p>\n\n\n\n<p>Khenchen Sherab Gyaltsen Amipa Rinpoche ha dato qui insegnamenti e iniziazioni accessibili a tutti in diverse occasioni. Dal 2015, il venerabile Khenpo Tashi Sangpo Amipa continua il lavoro iniziato da Khenchen Sherab e mantiene vivi gli insegnamenti della tradizione Sakya nella regione di Tolosa. Oltre che in queste occasioni, il gruppo si riunisce per sessioni di studio e meditazione.&nbsp;<\/p>\n<\/div><\/div>\n","protected":false},"excerpt":{"rendered":"<p>Presidente: Fr\u00e9d\u00e9ric GoddeIndirizzo: 4 impasse Henri Gr\u00e9goire, 31170 Tournefeuille, FranceCellulare: : +33 (0)6 62 35 89 88Mail : sakya_phuntsog_ling@yahoo.com Questo centro buddista della tradizione&nbsp;tibetana Sakya &hellip; <\/p>\n","protected":false},"author":1,"featured_media":0,"parent":0,"menu_order":0,"comment_status":"closed","ping_status":"closed","template":"","meta":{"_tec_requires_first_save":true,"_eb_attr":"","_price":"","_stock":"","_tribe_ticket_header":"","_tribe_default_ticket_provider":"","_tribe_ticket_capacity":"0","_ticket_start_date":"","_ticket_end_date":"","_tribe_ticket_show_description":"","_tribe_ticket_show_not_going":false,"_tribe_ticket_use_global_stock":"","_tribe_ticket_global_stock_level":"","_global_stock_mode":"","_global_stock_cap":"","_tribe_rsvp_for_event":"","_tribe_ticket_going_count":"","_tribe_ticket_not_going_count":"","_tribe_tickets_list":"[]","_tribe_ticket_has_attendee_info_fields":false,"_EventAllDay":false,"_EventTimezone":"","_EventStartDate":"","_EventEndDate":"","_EventStartDateUTC":"","_EventEndDateUTC":"","_EventShowMap":false,"_EventShowMapLink":false,"_EventURL":"","_EventCost":"","_EventCostDescription":"","_EventCurrencySymbol":"","_EventCurrencyCode":"","_EventCurrencyPosition":"","_EventDateTimeSeparator":"","_EventTimeRangeSeparator":"","_EventOrganizerID":[],"_EventVenueID":[],"_OrganizerEmail":"","_OrganizerPhone":"","_OrganizerWebsite":"","_VenueAddress":"","_VenueCity":"","_VenueCountry":"","_VenueProvince":"","_VenueState":"","_VenueZip":"","_VenuePhone":"","_VenueURL":"","_VenueStateProvince":"","_VenueLat":"","_VenueLng":"","_VenueShowMap":false,"_VenueShowMapLink":false,"_tribe_blocks_recurrence_rules":"","_tribe_blocks_recurrence_description":"","_tribe_blocks_recurrence_exclusions":"","footnotes":"","_tec_slr_enabled":"","_tec_slr_layout":""},"class_list":["post-37529","page","type-page","status-publish","hentry","latest_post"],"ticketed":false,"_links":{"self":[{"href":"https:\/\/sakyapa.eu\/it\/wp-json\/wp\/v2\/pages\/37529","targetHints":{"allow":["GET"]}}],"collection":[{"href":"https:\/\/sakyapa.eu\/it\/wp-json\/wp\/v2\/pages"}],"about":[{"href":"https:\/\/sakyapa.eu\/it\/wp-json\/wp\/v2\/types\/page"}],"author":[{"embeddable":true,"href":"https:\/\/sakyapa.eu\/it\/wp-json\/wp\/v2\/users\/1"}],"replies":[{"embeddable":true,"href":"https:\/\/sakyapa.eu\/it\/wp-json\/wp\/v2\/comments?post=37529"}],"version-history":[{"count":3,"href":"https:\/\/sakyapa.eu\/it\/wp-json\/wp\/v2\/pages\/37529\/revisions"}],"predecessor-version":[{"id":37614,"href":"https:\/\/sakyapa.eu\/it\/wp-json\/wp\/v2\/pages\/37529\/revisions\/37614"}],"wp:attachment":[{"href":"https:\/\/sakyapa.eu\/it\/wp-json\/wp\/v2\/media?parent=37529"}],"curies":[{"name":"wp","href":"https:\/\/api.w.org\/{rel}","templated":true}]}}