{"id":37439,"date":"2025-06-14T11:49:56","date_gmt":"2025-06-14T09:49:56","guid":{"rendered":"https:\/\/sakyapa.eu\/sakya-thegchen-ling\/"},"modified":"2025-06-14T13:47:49","modified_gmt":"2025-06-14T11:47:49","slug":"sakya-thegchen-ling","status":"publish","type":"page","link":"https:\/\/sakyapa.eu\/it\/sakya-thegchen-ling\/","title":{"rendered":"Sakya Thegchen Ling"},"content":{"rendered":"\n<p>Laan van Meerdervoort 200 A, NL-2517 BJ L&#8217;Aia, Paesi Bassi<br>Sito web: <a href=\"http:\/\/www.sakya.nl\">www.sakya.nl<\/a><br>Tel: +31 (0)6 12116704<br>E-mail: <a href=\"mailto:sakya.denhaag@hotmail.com\">sakya.denhaag@hotmail.com<\/a><br><strong>Sostieni questo centro:<\/strong><br>Numero di conto bancario: NL83 TRIO 0197 7958 03<br>BIC: TRIONL2U<\/p>\n\n\n\n<div class=\"wp-block-media-text is-stacked-on-mobile is-vertically-aligned-top\" style=\"grid-template-columns:46% auto\"><figure class=\"wp-block-media-text__media\"><img fetchpriority=\"high\" decoding=\"async\" width=\"768\" height=\"1024\" src=\"https:\/\/sakyapa.eu\/wp-content\/uploads\/2025\/06\/photo-Sakya-Thegchen-Ling-NL-768x1024.jpeg\" alt=\"\" class=\"wp-image-37421 size-full\" srcset=\"https:\/\/sakyapa.eu\/wp-content\/uploads\/2025\/06\/photo-Sakya-Thegchen-Ling-NL-768x1024.jpeg 768w, https:\/\/sakyapa.eu\/wp-content\/uploads\/2025\/06\/photo-Sakya-Thegchen-Ling-NL-225x300.jpeg 225w, https:\/\/sakyapa.eu\/wp-content\/uploads\/2025\/06\/photo-Sakya-Thegchen-Ling-NL-1152x1536.jpeg 1152w, https:\/\/sakyapa.eu\/wp-content\/uploads\/2025\/06\/photo-Sakya-Thegchen-Ling-NL-45x60.jpeg 45w, https:\/\/sakyapa.eu\/wp-content\/uploads\/2025\/06\/photo-Sakya-Thegchen-Ling-NL.jpeg 1512w\" sizes=\"(max-width: 768px) 100vw, 768px\" \/><\/figure><div class=\"wp-block-media-text__content\">\n<p>Il Sakya Thegchen Ling \u00e8 il centro buddhista tibetano della tradizione Sakya nei Paesi Bassi. Il centro ha sede all\u2019Aia, citt\u00e0 della pace e della giustizia, sulla Laan van Meerdervoort, un&#8217;importante arteria centrale.<br>Khenchen Sherab Gyaltsen Amipa visit\u00f2 i Paesi Bassi nell&#8217;ottobre 1976 su invito della Fondazione Amici del Buddhismo. Durante quella visita decise di fondare un centro Sakya nei Paesi Bassi. Il centro \u00e8 stato registrato come fondazione nel 1985.<br>La prima visita di Sua Santit\u00e0 Kyabgon Gongma Trichen Rinpoche avvenne nel settembre 1978. Sua Santit\u00e0 era accompagnato da Lama Sangyay e da membri della sua famiglia e confer\u00ec le iniziazioni di Buddha Manjushri e di Buddha Amitayus.<br>Il Sakya Thegchen Ling possiede l\u2019immobile in cui ha sede il centro. La propriet\u00e0 fu donata da Emilie van der Wiel, e la Sangha le \u00e8 sempre profondamente grata.<\/p>\n\n\n\n<p><br>Il centro \u00e8 un punto di incontro per chiunque desideri avvicinarsi al Buddhismo tibetano. Oltre agli incontri settimanali, il centro offre un ricco programma, tra cui un corso introduttivo al Buddhismo tibetano, un corso su Samatha e Ng\u00f6ndro, un incontro di meditazione in lingua inglese, un gruppo di studio sul Lamdre e un gruppo di studio su Vajrayogini.<br>Oltre ai preziosi insegnamenti di Sua Santit\u00e0, la Sangha \u00e8 onorata di ricevere regolarmente visite da Khenpo Tashi Sangpo Amipa e da altri insegnanti della tradizione Sakya.<\/p>\n<\/div><\/div>\n","protected":false},"excerpt":{"rendered":"<p>Laan van Meerdervoort 200 A, NL-2517 BJ L&#8217;Aia, Paesi BassiSito web: www.sakya.nlTel: +31 (0)6 12116704E-mail: sakya.denhaag@hotmail.comSostieni questo centro:Numero di conto bancario: NL83 TRIO 0197 7958 &hellip; <\/p>\n","protected":false},"author":1,"featured_media":0,"parent":0,"menu_order":0,"comment_status":"closed","ping_status":"closed","template":"","meta":{"_tec_requires_first_save":true,"_eb_attr":"","_price":"","_stock":"","_tribe_ticket_header":"","_tribe_default_ticket_provider":"","_tribe_ticket_capacity":"0","_ticket_start_date":"","_ticket_end_date":"","_tribe_ticket_show_description":"","_tribe_ticket_show_not_going":false,"_tribe_ticket_use_global_stock":"","_tribe_ticket_global_stock_level":"","_global_stock_mode":"","_global_stock_cap":"","_tribe_rsvp_for_event":"","_tribe_ticket_going_count":"","_tribe_ticket_not_going_count":"","_tribe_tickets_list":"[]","_tribe_ticket_has_attendee_info_fields":false,"_EventAllDay":false,"_EventTimezone":"","_EventStartDate":"","_EventEndDate":"","_EventStartDateUTC":"","_EventEndDateUTC":"","_EventShowMap":false,"_EventShowMapLink":false,"_EventURL":"","_EventCost":"","_EventCostDescription":"","_EventCurrencySymbol":"","_EventCurrencyCode":"","_EventCurrencyPosition":"","_EventDateTimeSeparator":"","_EventTimeRangeSeparator":"","_EventOrganizerID":[],"_EventVenueID":[],"_OrganizerEmail":"","_OrganizerPhone":"","_OrganizerWebsite":"","_VenueAddress":"","_VenueCity":"","_VenueCountry":"","_VenueProvince":"","_VenueState":"","_VenueZip":"","_VenuePhone":"","_VenueURL":"","_VenueStateProvince":"","_VenueLat":"","_VenueLng":"","_VenueShowMap":false,"_VenueShowMapLink":false,"_tribe_blocks_recurrence_rules":"","_tribe_blocks_recurrence_description":"","_tribe_blocks_recurrence_exclusions":"","footnotes":"","_tec_slr_enabled":"","_tec_slr_layout":""},"class_list":["post-37439","page","type-page","status-publish","hentry","latest_post"],"ticketed":false,"_links":{"self":[{"href":"https:\/\/sakyapa.eu\/it\/wp-json\/wp\/v2\/pages\/37439","targetHints":{"allow":["GET"]}}],"collection":[{"href":"https:\/\/sakyapa.eu\/it\/wp-json\/wp\/v2\/pages"}],"about":[{"href":"https:\/\/sakyapa.eu\/it\/wp-json\/wp\/v2\/types\/page"}],"author":[{"embeddable":true,"href":"https:\/\/sakyapa.eu\/it\/wp-json\/wp\/v2\/users\/1"}],"replies":[{"embeddable":true,"href":"https:\/\/sakyapa.eu\/it\/wp-json\/wp\/v2\/comments?post=37439"}],"version-history":[{"count":2,"href":"https:\/\/sakyapa.eu\/it\/wp-json\/wp\/v2\/pages\/37439\/revisions"}],"predecessor-version":[{"id":37606,"href":"https:\/\/sakyapa.eu\/it\/wp-json\/wp\/v2\/pages\/37439\/revisions\/37606"}],"wp:attachment":[{"href":"https:\/\/sakyapa.eu\/it\/wp-json\/wp\/v2\/media?parent=37439"}],"curies":[{"name":"wp","href":"https:\/\/api.w.org\/{rel}","templated":true}]}}