{"id":37414,"date":"2025-06-14T11:33:09","date_gmt":"2025-06-14T09:33:09","guid":{"rendered":"https:\/\/sakyapa.eu\/yeshe-choling-sakya-forderverein-e-v\/"},"modified":"2025-06-14T13:45:53","modified_gmt":"2025-06-14T11:45:53","slug":"yeshe-choling-sakya-forderverein-e-v","status":"publish","type":"page","link":"https:\/\/sakyapa.eu\/it\/yeshe-choling-sakya-forderverein-e-v\/","title":{"rendered":"Yeshe Ch\u00f6ling Sakya F\u00f6rderverein e.V."},"content":{"rendered":"\n<p><strong>Indirizzo: c\/o Veronika Lederer, Jahnstrasse 6, D-79117 Freiburg im Breisgau, Germania<br>Tel: +49 761 72412<br>E-mail: <a href=\"mailto:yeshe@sakya.de\">yeshe@sakya.de<\/a><\/strong><\/p>\n\n\n\n<div class=\"wp-block-media-text is-stacked-on-mobile is-vertically-aligned-top\" style=\"grid-template-columns:46% auto\"><figure class=\"wp-block-media-text__media\"><img fetchpriority=\"high\" decoding=\"async\" width=\"1024\" height=\"765\" src=\"https:\/\/sakyapa.eu\/wp-content\/uploads\/2025\/06\/photo-Yeshe-Choling-Freiburg-Germany-1024x765.jpg\" alt=\"\" class=\"wp-image-37400 size-full\" srcset=\"https:\/\/sakyapa.eu\/wp-content\/uploads\/2025\/06\/photo-Yeshe-Choling-Freiburg-Germany-1024x765.jpg 1024w, https:\/\/sakyapa.eu\/wp-content\/uploads\/2025\/06\/photo-Yeshe-Choling-Freiburg-Germany-300x224.jpg 300w, https:\/\/sakyapa.eu\/wp-content\/uploads\/2025\/06\/photo-Yeshe-Choling-Freiburg-Germany-768x574.jpg 768w, https:\/\/sakyapa.eu\/wp-content\/uploads\/2025\/06\/photo-Yeshe-Choling-Freiburg-Germany-1536x1147.jpg 1536w, https:\/\/sakyapa.eu\/wp-content\/uploads\/2025\/06\/photo-Yeshe-Choling-Freiburg-Germany-2048x1530.jpg 2048w, https:\/\/sakyapa.eu\/wp-content\/uploads\/2025\/06\/photo-Yeshe-Choling-Freiburg-Germany-80x60.jpg 80w, https:\/\/sakyapa.eu\/wp-content\/uploads\/2025\/06\/photo-Yeshe-Choling-Freiburg-Germany-470x352.jpg 470w\" sizes=\"(max-width: 1024px) 100vw, 1024px\" \/><\/figure><div class=\"wp-block-media-text__content\">\n<p>L\u2019associazione \u00e8 stata fondata da Khenchen Sherab Gyaltsen Amipa Rinpoche nel novembre del 1977 e oggi \u00e8 portata avanti dal suo successore, Khenpo Tashi Sangpo Amipa. Per decenni, numerosi studenti hanno avuto l\u2019opportunit\u00e0 straordinaria di ascoltare insegnamenti autentici da Rinpoche e del suo successore, e di ricevere iniziazioni appartenenti alle quattro classi del Buddhismo Mahayana, in particolare nella tradizione tibetana Sakya.<\/p>\n\n\n\n<p><br>Sua Santit\u00e0 Kyabg\u00f6n Gongma Trichen Rinpoche ha inoltre impartito insegnamenti e iniziazioni a Friburgo su invito del Yeshe Ch\u00f6ling.<br>Anche il Venerabile Khenpo Dakpa Woeser \u00e8 venuto regolarmente presso il nostro centro per celebrare rituali in accordo al calendario tibetano.<br><br><\/p>\n\n\n\n<p>Lo scopo caritatevole della Yeshe Ch\u00f6ling Sakya F\u00f6rderverein Freiburg e.V., sin dalla sua fondazione, \u00e8 il sostegno finanziario a favore dei rifugiati tibetani e di istituzioni educative e mediche in India e Nepal.<\/p>\n\n\n\n<p><br>Oltre a Khenpo Tashi Sangpo Amipa, anche altri insegnanti altamente qualificati del Buddhismo tibetano della tradizione Sakya tengono regolarmente insegnamenti e seminari presso il Yeshe Ch\u00f6ling, disponibili sia in presenza che online per tutti gli interessati.<\/p>\n<\/div><\/div>\n\n\n\n<p><\/p>\n","protected":false},"excerpt":{"rendered":"<p>Indirizzo: c\/o Veronika Lederer, Jahnstrasse 6, D-79117 Freiburg im Breisgau, GermaniaTel: +49 761 72412E-mail: yeshe@sakya.de L\u2019associazione \u00e8 stata fondata da Khenchen Sherab Gyaltsen Amipa Rinpoche &hellip; <\/p>\n","protected":false},"author":1,"featured_media":0,"parent":0,"menu_order":0,"comment_status":"closed","ping_status":"closed","template":"","meta":{"_tec_requires_first_save":true,"_eb_attr":"","_price":"","_stock":"","_tribe_ticket_header":"","_tribe_default_ticket_provider":"","_tribe_ticket_capacity":"0","_ticket_start_date":"","_ticket_end_date":"","_tribe_ticket_show_description":"","_tribe_ticket_show_not_going":false,"_tribe_ticket_use_global_stock":"","_tribe_ticket_global_stock_level":"","_global_stock_mode":"","_global_stock_cap":"","_tribe_rsvp_for_event":"","_tribe_ticket_going_count":"","_tribe_ticket_not_going_count":"","_tribe_tickets_list":"[]","_tribe_ticket_has_attendee_info_fields":false,"_EventAllDay":false,"_EventTimezone":"","_EventStartDate":"","_EventEndDate":"","_EventStartDateUTC":"","_EventEndDateUTC":"","_EventShowMap":false,"_EventShowMapLink":false,"_EventURL":"","_EventCost":"","_EventCostDescription":"","_EventCurrencySymbol":"","_EventCurrencyCode":"","_EventCurrencyPosition":"","_EventDateTimeSeparator":"","_EventTimeRangeSeparator":"","_EventOrganizerID":[],"_EventVenueID":[],"_OrganizerEmail":"","_OrganizerPhone":"","_OrganizerWebsite":"","_VenueAddress":"","_VenueCity":"","_VenueCountry":"","_VenueProvince":"","_VenueState":"","_VenueZip":"","_VenuePhone":"","_VenueURL":"","_VenueStateProvince":"","_VenueLat":"","_VenueLng":"","_VenueShowMap":false,"_VenueShowMapLink":false,"_tribe_blocks_recurrence_rules":"","_tribe_blocks_recurrence_description":"","_tribe_blocks_recurrence_exclusions":"","footnotes":"","_tec_slr_enabled":"","_tec_slr_layout":""},"class_list":["post-37414","page","type-page","status-publish","hentry","latest_post"],"ticketed":false,"_links":{"self":[{"href":"https:\/\/sakyapa.eu\/it\/wp-json\/wp\/v2\/pages\/37414","targetHints":{"allow":["GET"]}}],"collection":[{"href":"https:\/\/sakyapa.eu\/it\/wp-json\/wp\/v2\/pages"}],"about":[{"href":"https:\/\/sakyapa.eu\/it\/wp-json\/wp\/v2\/types\/page"}],"author":[{"embeddable":true,"href":"https:\/\/sakyapa.eu\/it\/wp-json\/wp\/v2\/users\/1"}],"replies":[{"embeddable":true,"href":"https:\/\/sakyapa.eu\/it\/wp-json\/wp\/v2\/comments?post=37414"}],"version-history":[{"count":2,"href":"https:\/\/sakyapa.eu\/it\/wp-json\/wp\/v2\/pages\/37414\/revisions"}],"predecessor-version":[{"id":37605,"href":"https:\/\/sakyapa.eu\/it\/wp-json\/wp\/v2\/pages\/37414\/revisions\/37605"}],"wp:attachment":[{"href":"https:\/\/sakyapa.eu\/it\/wp-json\/wp\/v2\/media?parent=37414"}],"curies":[{"name":"wp","href":"https:\/\/api.w.org\/{rel}","templated":true}]}}