{"id":37289,"date":"2025-06-14T09:12:00","date_gmt":"2025-06-14T07:12:00","guid":{"rendered":"https:\/\/sakyapa.eu\/sua-santita-il-42-sakya-trizin-ratna-vajra-rinpoche\/"},"modified":"2025-06-14T10:32:17","modified_gmt":"2025-06-14T08:32:17","slug":"hh42","status":"publish","type":"page","link":"https:\/\/sakyapa.eu\/it\/hh42\/","title":{"rendered":"Sua Santit\u00e0 il 42\u00b0 Sakya Trizin Ratna Vajra Rinpoche"},"content":{"rendered":"\n<div class=\"wp-block-media-text is-stacked-on-mobile is-vertically-aligned-top\" style=\"grid-template-columns:43% auto\"><figure class=\"wp-block-media-text__media\"><img fetchpriority=\"high\" decoding=\"async\" width=\"800\" height=\"800\" src=\"https:\/\/sakyapa.eu\/wp-content\/uploads\/2025\/06\/env3j26f5e.jpg\" alt=\"\" class=\"wp-image-37240 size-full\" srcset=\"https:\/\/sakyapa.eu\/wp-content\/uploads\/2025\/06\/env3j26f5e.jpg 800w, https:\/\/sakyapa.eu\/wp-content\/uploads\/2025\/06\/env3j26f5e-300x300.jpg 300w, https:\/\/sakyapa.eu\/wp-content\/uploads\/2025\/06\/env3j26f5e-150x150.jpg 150w, https:\/\/sakyapa.eu\/wp-content\/uploads\/2025\/06\/env3j26f5e-768x768.jpg 768w, https:\/\/sakyapa.eu\/wp-content\/uploads\/2025\/06\/env3j26f5e-60x60.jpg 60w\" sizes=\"(max-width: 800px) 100vw, 800px\" \/><\/figure><div class=\"wp-block-media-text__content\">\n<p><br>Sua Santit\u00e0 il 42\u00b0 Sakya Trizin Ratna Vajra Rinpoche, figlio maggiore di S.S. Kyabgon Gongma Trichen Rinpoche, \u00e8 considerato uno dei maestri del lignaggio pi\u00f9 qualificati del buddhismo tibetano. Rinomato per la sua erudizione e la chiarezza dei suoi insegnamenti, Rinpoche appartiene alla prestigiosa famiglia Sakya Kh\u00f6n, le cui generazioni hanno dato vita ad un lignaggio ininterrotto di maestri eccezionali.<\/p>\n\n\n\n<p><br>Nato il 19 novembre 1974 a Dehradun, in India, Sua Santit\u00e0 \u00e8 stato, fin dalla nascita, il destinatario di innumerevoli benedizioni, iniziazioni e insegnamenti da parte di S.S. Kyabgon Gongma Trichen Rinpoche e di molti altri maestri eruditi e realizzati.<\/p>\n\n\n\n<p><br>L&#8217;educazione formale di Rinpoche inizi\u00f2 all&#8217;et\u00e0 di sei anni, sotto la guida del Venerabile Rinchen Sangpo, con lo studio della lettura, della scrittura, della grammatica, della memorizzazione e della recitazione di preghiere e rituali di base in tibetano. Nel 1987, quando Sua Santit\u00e0 aveva dodici anni, ha superato il suo primo esame principale presso il Sakya Centre di Rajpur, Dehradun. Due anni dopo ha completato gli studi di base dei principali rituali e scritture della tradizione Sakya.<\/p>\n\n\n\n<p><br>Nel 1990, Rinpoche ha iniziato a frequentare il Sakya College dove ha studiato principalmente la filosofia buddhista sotto la guida del defunto Khenpo Migmar Tsering. Nel 1998, dopo anni di rigorosa formazione, Sua Santit\u00e0 ha completato gli studi e ha ottenuto il grado di Kachupa, \u201cmaestro delle dieci scritture\u201d. Oltre agli studi filosofici, Sua Santit\u00e0 ha ricevuto molti insegnamenti exoterici ed esoterici, benedizioni, iniziazioni, trasmissioni orali, spiegazioni e istruzioni-essenza, principalmente da S.S. Kyabgon Gongma Trichen Rinpoche, ma anche da molti altri importanti maestri del lignaggio, tra cui Sua Santit\u00e0 il 14\u00b0 Dalai Lama, Sua Eminenza Chogye Trichen Rinpoche, Sua Eminenza Luding Khenchen Rinpoche e Khenchen Appey Rinpoche.<\/p>\n\n\n\n<p><br>A partire dall&#8217;et\u00e0 di dodici anni, Sua Santit\u00e0 ha completato numerosi ritiri di meditazione, tra cui il completo e rigoroso ritiro di Hevajra, uno dei prerequisiti per poter conferire le iniziazioni previste nel Lamdre.<\/p>\n\n\n\n<p><br>Tra tutti i suoi preziosi insegnanti, S.S. Kyabgon Gongma Trichen Rinpoche \u00e8 sempre stato, e continua a essere, il suo principale Guru radice, fonte di guida e ispirazione.<\/p>\n\n\n\n<p><br>Nel 2002, dopo una lunga ricerca di una moglie, Sua Eminenza Dagmo Kalden Dunkyi \u00e8 stata scelta come persona idonea secondo l&#8217;antica tradizione Sakya della sacra divinazione, divenendo cos\u00ec la consorte spirituale di Sua Santit\u00e0. Insieme hanno tre figli, anch&#8217;essi educati secondo le antiche tradizioni buddhiste.<\/p>\n\n\n\n<p><br>Con saggezza e compassione, Sua Santit\u00e0 continua a trasmettere regolarmente numerosi insegnamenti e iniziazioni presso rinomati istituti buddhisti come il Sakya Institute, il Dzongsar Institute, il Sakya College, il Tantric College, l\u2019International Buddhist Academy e innumerevoli altre scuole, centri e monasteri in tutto il mondo.<\/p>\n\n\n\n<p><br>Secondo il nuovo sistema di successione storica dei detentori del trono, concordato all&#8217;unanimit\u00e0 dal Dolma Phodrang e dal Phuntsok Phodrang l&#8217;8 maggio 2014, Sua Santit\u00e0 ha ereditato nel 2017 dal suo stimato padre e Guru radice il prestigioso ruolo di detentore del trono, assumendo il titolo di: Sua Santit\u00e0 il 42\u00b0 Sakya Trizin della tradizione Sakya del Buddhismo tibetano.<\/p>\n\n\n\n<p><br>Sua Santit\u00e0 continua a guidare e ispirare gli studenti di Dharma di tutto il mondo con la sua saggezza, le sue qualit\u00e0 genuine di intoccata semplicit\u00e0, umilt\u00e0 e completa onest\u00e0, conferendo gli insegnamenti del Buddha nel modo pi\u00f9 autentico e contribuendo a mantenere la pi\u00f9 pura tradizione buddhista.<\/p>\n<\/div><\/div>\n","protected":false},"excerpt":{"rendered":"<p>Sua Santit\u00e0 il 42\u00b0 Sakya Trizin Ratna Vajra Rinpoche, figlio maggiore di S.S. Kyabgon Gongma Trichen Rinpoche, \u00e8 considerato uno dei maestri del lignaggio pi\u00f9 &hellip; <\/p>\n","protected":false},"author":1,"featured_media":0,"parent":0,"menu_order":0,"comment_status":"closed","ping_status":"closed","template":"","meta":{"_tec_requires_first_save":true,"_eb_attr":"","_price":"","_stock":"","_tribe_ticket_header":"","_tribe_default_ticket_provider":"","_tribe_ticket_capacity":"0","_ticket_start_date":"","_ticket_end_date":"","_tribe_ticket_show_description":"","_tribe_ticket_show_not_going":false,"_tribe_ticket_use_global_stock":"","_tribe_ticket_global_stock_level":"","_global_stock_mode":"","_global_stock_cap":"","_tribe_rsvp_for_event":"","_tribe_ticket_going_count":"","_tribe_ticket_not_going_count":"","_tribe_tickets_list":"[]","_tribe_ticket_has_attendee_info_fields":false,"_EventAllDay":false,"_EventTimezone":"","_EventStartDate":"","_EventEndDate":"","_EventStartDateUTC":"","_EventEndDateUTC":"","_EventShowMap":false,"_EventShowMapLink":false,"_EventURL":"","_EventCost":"","_EventCostDescription":"","_EventCurrencySymbol":"","_EventCurrencyCode":"","_EventCurrencyPosition":"","_EventDateTimeSeparator":"","_EventTimeRangeSeparator":"","_EventOrganizerID":[],"_EventVenueID":[],"_OrganizerEmail":"","_OrganizerPhone":"","_OrganizerWebsite":"","_VenueAddress":"","_VenueCity":"","_VenueCountry":"","_VenueProvince":"","_VenueState":"","_VenueZip":"","_VenuePhone":"","_VenueURL":"","_VenueStateProvince":"","_VenueLat":"","_VenueLng":"","_VenueShowMap":false,"_VenueShowMapLink":false,"_tribe_blocks_recurrence_rules":"","_tribe_blocks_recurrence_description":"","_tribe_blocks_recurrence_exclusions":"","footnotes":"","_tec_slr_enabled":"","_tec_slr_layout":""},"class_list":["post-37289","page","type-page","status-publish","hentry","latest_post"],"ticketed":false,"_links":{"self":[{"href":"https:\/\/sakyapa.eu\/it\/wp-json\/wp\/v2\/pages\/37289","targetHints":{"allow":["GET"]}}],"collection":[{"href":"https:\/\/sakyapa.eu\/it\/wp-json\/wp\/v2\/pages"}],"about":[{"href":"https:\/\/sakyapa.eu\/it\/wp-json\/wp\/v2\/types\/page"}],"author":[{"embeddable":true,"href":"https:\/\/sakyapa.eu\/it\/wp-json\/wp\/v2\/users\/1"}],"replies":[{"embeddable":true,"href":"https:\/\/sakyapa.eu\/it\/wp-json\/wp\/v2\/comments?post=37289"}],"version-history":[{"count":4,"href":"https:\/\/sakyapa.eu\/it\/wp-json\/wp\/v2\/pages\/37289\/revisions"}],"predecessor-version":[{"id":37334,"href":"https:\/\/sakyapa.eu\/it\/wp-json\/wp\/v2\/pages\/37289\/revisions\/37334"}],"wp:attachment":[{"href":"https:\/\/sakyapa.eu\/it\/wp-json\/wp\/v2\/media?parent=37289"}],"curies":[{"name":"wp","href":"https:\/\/api.w.org\/{rel}","templated":true}]}}