{"id":37265,"date":"2025-06-14T09:07:34","date_gmt":"2025-06-14T07:07:34","guid":{"rendered":"https:\/\/sakyapa.eu\/sua-santita-jigdal-dagchen-sakya\/"},"modified":"2025-06-14T10:29:29","modified_gmt":"2025-06-14T08:29:29","slug":"hh-jd","status":"publish","type":"page","link":"https:\/\/sakyapa.eu\/it\/hh-jd\/","title":{"rendered":"Sua Santit\u00e0 Jigdal Dagchen Sakya"},"content":{"rendered":"\n<div class=\"wp-block-media-text is-stacked-on-mobile is-vertically-aligned-top\"><figure class=\"wp-block-media-text__media\"><img fetchpriority=\"high\" decoding=\"async\" width=\"977\" height=\"1024\" src=\"https:\/\/sakyapa.eu\/wp-content\/uploads\/2025\/06\/Sa-S.-Jigdal-Dagchen-Sakya02-1-977x1024.jpg\" alt=\"\" class=\"wp-image-37231 size-full\" srcset=\"https:\/\/sakyapa.eu\/wp-content\/uploads\/2025\/06\/Sa-S.-Jigdal-Dagchen-Sakya02-1-977x1024.jpg 977w, https:\/\/sakyapa.eu\/wp-content\/uploads\/2025\/06\/Sa-S.-Jigdal-Dagchen-Sakya02-1-286x300.jpg 286w, https:\/\/sakyapa.eu\/wp-content\/uploads\/2025\/06\/Sa-S.-Jigdal-Dagchen-Sakya02-1-768x805.jpg 768w, https:\/\/sakyapa.eu\/wp-content\/uploads\/2025\/06\/Sa-S.-Jigdal-Dagchen-Sakya02-1-57x60.jpg 57w, https:\/\/sakyapa.eu\/wp-content\/uploads\/2025\/06\/Sa-S.-Jigdal-Dagchen-Sakya02-1.jpg 1174w\" sizes=\"(max-width: 977px) 100vw, 977px\" \/><\/figure><div class=\"wp-block-media-text__content\">\n<p><br>Sua Santit\u00e0 Jigdal Dagchen Sakya \u00e8 nato nel 1929 nel Tibet sud-occidentale all\u2019interno del ramo Phuntsok del lignaggio Kh\u00f6n. Rinpoche ha ricevuto insegnamenti Hinayana, Mahayana e Vajrayana da suo padre, Sua Santit\u00e0 Sakya Trichen Ngawang Thutob Wangchuk, il 40\u00b0 detentore del trono dei Sakya in Tibet, e da altri eminenti Maestri. Ha pure ricevuto la trasmissione ininterrotta del lignaggio Kh\u00f6n, le iniziazioni Sakya di Vajrakilaya e Hevajra, il Lamdre completo e i 13 Dharma d\u2019oro.<\/p>\n\n\n\n<p><br>Ricevette la sua educazione a Sakya sino all\u2019et\u00e0 di 22 anni, poi si rec\u00f2 nel Tibet orientale per ricevere istruzioni spirituali pi\u00f9 avanzate e l\u00ec incontr\u00f2 i suoi maestri principali. Divenne un grande maestro tantrico estremamente erudito e trasmise a pi\u00f9 riprese il Lamdre in Tibet &#8211; nel Kham e a Sakya, cos\u00ec come in Nepal e in India.<\/p>\n\n\n\n<p><br>Dal 1960 Rinpoche ha visuto a Seattle, negli Stati Uniti d\u2019America, dove si \u00e8 impegnato intensamente per la preservazione e la trasmissione della tradizione buddhista tibetana. Ha conferito molti insegnamenti e iniziazioni negli Stati Uniti, in Canada, in Europa e nell\u2019Asia orientale.<\/p>\n\n\n\n<p><br>A Seattle ha fondato un importante monastero che funge da sede per gli studi culturali e religiosi in Occidente. Nel 2001, a New Delhi, ha pure fondato la Sakya Heritage Society, allo scopo di preservare l\u2019eredit\u00e0 familiare per le generazioni future e per i detentori del lignaggio.<\/p>\n\n\n\n<p><br>L\u20198 maggio 2014, il nuovo sistema di successione, che prevede una rotazione ogni tre anni del Sakya Trizin in carica, \u00e8 stato unanimemente accettato dal Dolma Phodrang (S.S. Gongma Trichen) e dal Phuntsok Phodrang (S.S. Jigdal Dagchen).<\/p>\n\n\n\n<p><br>Il 29 aprile 2016 Sua Santit\u00e0 Jigdal Dagchen \u00e8 entrato nella profonda meditazione chiamata Thukdam e il 5 maggio 2016 ha lasciato il suo corpo terreno entrando nel Parinirvana.<\/p>\n<\/div><\/div>\n","protected":false},"excerpt":{"rendered":"<p>Sua Santit\u00e0 Jigdal Dagchen Sakya \u00e8 nato nel 1929 nel Tibet sud-occidentale all\u2019interno del ramo Phuntsok del lignaggio Kh\u00f6n. Rinpoche ha ricevuto insegnamenti Hinayana, Mahayana &hellip; <\/p>\n","protected":false},"author":1,"featured_media":0,"parent":0,"menu_order":0,"comment_status":"closed","ping_status":"closed","template":"","meta":{"_tec_requires_first_save":true,"_eb_attr":"","_price":"","_stock":"","_tribe_ticket_header":"","_tribe_default_ticket_provider":"","_tribe_ticket_capacity":"0","_ticket_start_date":"","_ticket_end_date":"","_tribe_ticket_show_description":"","_tribe_ticket_show_not_going":false,"_tribe_ticket_use_global_stock":"","_tribe_ticket_global_stock_level":"","_global_stock_mode":"","_global_stock_cap":"","_tribe_rsvp_for_event":"","_tribe_ticket_going_count":"","_tribe_ticket_not_going_count":"","_tribe_tickets_list":"[]","_tribe_ticket_has_attendee_info_fields":false,"_EventAllDay":false,"_EventTimezone":"","_EventStartDate":"","_EventEndDate":"","_EventStartDateUTC":"","_EventEndDateUTC":"","_EventShowMap":false,"_EventShowMapLink":false,"_EventURL":"","_EventCost":"","_EventCostDescription":"","_EventCurrencySymbol":"","_EventCurrencyCode":"","_EventCurrencyPosition":"","_EventDateTimeSeparator":"","_EventTimeRangeSeparator":"","_EventOrganizerID":[],"_EventVenueID":[],"_OrganizerEmail":"","_OrganizerPhone":"","_OrganizerWebsite":"","_VenueAddress":"","_VenueCity":"","_VenueCountry":"","_VenueProvince":"","_VenueState":"","_VenueZip":"","_VenuePhone":"","_VenueURL":"","_VenueStateProvince":"","_VenueLat":"","_VenueLng":"","_VenueShowMap":false,"_VenueShowMapLink":false,"_tribe_blocks_recurrence_rules":"","_tribe_blocks_recurrence_description":"","_tribe_blocks_recurrence_exclusions":"","footnotes":"","_tec_slr_enabled":"","_tec_slr_layout":""},"class_list":["post-37265","page","type-page","status-publish","hentry","latest_post"],"ticketed":false,"_links":{"self":[{"href":"https:\/\/sakyapa.eu\/it\/wp-json\/wp\/v2\/pages\/37265","targetHints":{"allow":["GET"]}}],"collection":[{"href":"https:\/\/sakyapa.eu\/it\/wp-json\/wp\/v2\/pages"}],"about":[{"href":"https:\/\/sakyapa.eu\/it\/wp-json\/wp\/v2\/types\/page"}],"author":[{"embeddable":true,"href":"https:\/\/sakyapa.eu\/it\/wp-json\/wp\/v2\/users\/1"}],"replies":[{"embeddable":true,"href":"https:\/\/sakyapa.eu\/it\/wp-json\/wp\/v2\/comments?post=37265"}],"version-history":[{"count":2,"href":"https:\/\/sakyapa.eu\/it\/wp-json\/wp\/v2\/pages\/37265\/revisions"}],"predecessor-version":[{"id":37333,"href":"https:\/\/sakyapa.eu\/it\/wp-json\/wp\/v2\/pages\/37265\/revisions\/37333"}],"wp:attachment":[{"href":"https:\/\/sakyapa.eu\/it\/wp-json\/wp\/v2\/media?parent=37265"}],"curies":[{"name":"wp","href":"https:\/\/api.w.org\/{rel}","templated":true}]}}