{"id":37253,"date":"2025-06-14T09:03:10","date_gmt":"2025-06-14T07:03:10","guid":{"rendered":"https:\/\/sakyapa.eu\/sua-santita-kyabgon-gongma-trichen-rinpoche\/"},"modified":"2025-06-14T10:28:50","modified_gmt":"2025-06-14T08:28:50","slug":"hh41","status":"publish","type":"page","link":"https:\/\/sakyapa.eu\/it\/hh41\/","title":{"rendered":"Sua Santit\u00e0 Kyabgon Gongma Trichen Rinpoche"},"content":{"rendered":"\n<div class=\"wp-block-media-text is-stacked-on-mobile is-vertically-aligned-top\" style=\"grid-template-columns:39% auto\"><figure class=\"wp-block-media-text__media\"><img fetchpriority=\"high\" decoding=\"async\" width=\"932\" height=\"1024\" src=\"https:\/\/sakyapa.eu\/wp-content\/uploads\/2024\/08\/HH41ST-Gongma-Trichen-Rinpoche-with-bumpa-932x1024.jpg\" alt=\"\" class=\"wp-image-34620 size-full\" srcset=\"https:\/\/sakyapa.eu\/wp-content\/uploads\/2024\/08\/HH41ST-Gongma-Trichen-Rinpoche-with-bumpa-932x1024.jpg 932w, https:\/\/sakyapa.eu\/wp-content\/uploads\/2024\/08\/HH41ST-Gongma-Trichen-Rinpoche-with-bumpa-273x300.jpg 273w, https:\/\/sakyapa.eu\/wp-content\/uploads\/2024\/08\/HH41ST-Gongma-Trichen-Rinpoche-with-bumpa-768x844.jpg 768w, https:\/\/sakyapa.eu\/wp-content\/uploads\/2024\/08\/HH41ST-Gongma-Trichen-Rinpoche-with-bumpa-1398x1536.jpg 1398w, https:\/\/sakyapa.eu\/wp-content\/uploads\/2024\/08\/HH41ST-Gongma-Trichen-Rinpoche-with-bumpa-1864x2048.jpg 1864w, https:\/\/sakyapa.eu\/wp-content\/uploads\/2024\/08\/HH41ST-Gongma-Trichen-Rinpoche-with-bumpa-55x60.jpg 55w\" sizes=\"(max-width: 932px) 100vw, 932px\" \/><\/figure><div class=\"wp-block-media-text__content\">\n<p><br>Sua Santit\u00e0 Kyabgon Gongma Trichen Rinpoche, il 41\u00b0 Sakya Trizin, \u00e8 il capo supremo della scuola Sakya del buddhismo tibetano. \u00c8 nato in Tibet nel 1945 e appartiene all\u2019antico lignaggio della famiglia Kh\u00f6n. Egli \u00e8 considerato una manifestazione di Buddha Manjushri; \u00e8 un Maestro spirituale molto elevato, dotato di profonda saggezza e compassione illimitata. Gi\u00e0 in giovane et\u00e0 Sua Santit\u00e0 \u00e8 stato introdotto alla filosofia buddhista e ha svolto ritiri di meditazione.<\/p>\n\n\n\n<p><br>La cerimonia per la sua intronizzazione avvenne in Tibet nel 1959, anno in cui fu poi costretto a lasciare il Tibet per l\u2019India insieme al suo seguito. Da allora agisce a favore del suo popolo, della scuola Sakya e del buddhismo, facendo ricostruire monasteri e scuole per i monaci e le monache della tradizione Sakya e villaggi per i rifugiati. Questi villaggi costituiscono una nuova base per la vita laica e religiosa dei tibetani. In Nepal e in India ha diretto la fondazione di pi\u00f9 di 30 monasteri. Inoltre, sostiene la creazione di centri Sakya in tutto il mondo.<\/p>\n\n\n\n<p><br>Sua Santit\u00e0 intraprende numerosi viaggi per insegnare il Dharma in tutto il mondo e trasmette in modo completo i profondi insegnamenti con un linguaggio adeguato alle attitudini dei discepoli.<\/p>\n\n\n\n<p><br>Dato che S.S. Sakya Trizin ha ricevuto iniziazioni nelle quattro scuole principali del buddhismo tibetano, \u00e8 rinomato quale Lama non settario (Rim\u00e9).<\/p>\n\n\n\n<p><br>Sua Santit\u00e0 Kyabgon Gongma Trichen Rinpoche vide con la sua vasta visione che nell\u2019era attuale sarebbe stato di beneficio cambiare il sistema di successione dei detentori del trono, anche se ci\u00f2 divergeva dalla procedura in vigore da secoli nella tradizione Sakya. Tale cambiamento comporterebbe, infatti, un aumento di stabilit\u00e0 nella continuit\u00e0 degli insegnamenti e nell\u2019amministrazione della scuola Sakya. L\u20198 maggio 2014, il nuovo sistema di successione, che prevede una rotazione ogni tre anni del Sakya Trizin in carica, \u00e8 stato unanimemente accettato dal Dolma Phodrang (S.S. Gongma Trichen) e dal Phuntsok Phodrang (S.S. Jigdal Dagchen).<\/p>\n<\/div><\/div>\n","protected":false},"excerpt":{"rendered":"<p>Sua Santit\u00e0 Kyabgon Gongma Trichen Rinpoche, il 41\u00b0 Sakya Trizin, \u00e8 il capo supremo della scuola Sakya del buddhismo tibetano. \u00c8 nato in Tibet nel &hellip; <\/p>\n","protected":false},"author":1,"featured_media":0,"parent":0,"menu_order":0,"comment_status":"closed","ping_status":"closed","template":"","meta":{"_tec_requires_first_save":true,"_eb_attr":"","_price":"","_stock":"","_tribe_ticket_header":"","_tribe_default_ticket_provider":"","_tribe_ticket_capacity":"0","_ticket_start_date":"","_ticket_end_date":"","_tribe_ticket_show_description":"","_tribe_ticket_show_not_going":false,"_tribe_ticket_use_global_stock":"","_tribe_ticket_global_stock_level":"","_global_stock_mode":"","_global_stock_cap":"","_tribe_rsvp_for_event":"","_tribe_ticket_going_count":"","_tribe_ticket_not_going_count":"","_tribe_tickets_list":"[]","_tribe_ticket_has_attendee_info_fields":false,"_EventAllDay":false,"_EventTimezone":"","_EventStartDate":"","_EventEndDate":"","_EventStartDateUTC":"","_EventEndDateUTC":"","_EventShowMap":false,"_EventShowMapLink":false,"_EventURL":"","_EventCost":"","_EventCostDescription":"","_EventCurrencySymbol":"","_EventCurrencyCode":"","_EventCurrencyPosition":"","_EventDateTimeSeparator":"","_EventTimeRangeSeparator":"","_EventOrganizerID":[],"_EventVenueID":[],"_OrganizerEmail":"","_OrganizerPhone":"","_OrganizerWebsite":"","_VenueAddress":"","_VenueCity":"","_VenueCountry":"","_VenueProvince":"","_VenueState":"","_VenueZip":"","_VenuePhone":"","_VenueURL":"","_VenueStateProvince":"","_VenueLat":"","_VenueLng":"","_VenueShowMap":false,"_VenueShowMapLink":false,"_tribe_blocks_recurrence_rules":"","_tribe_blocks_recurrence_description":"","_tribe_blocks_recurrence_exclusions":"","footnotes":"","_tec_slr_enabled":"","_tec_slr_layout":""},"class_list":["post-37253","page","type-page","status-publish","hentry","latest_post"],"ticketed":false,"_links":{"self":[{"href":"https:\/\/sakyapa.eu\/it\/wp-json\/wp\/v2\/pages\/37253","targetHints":{"allow":["GET"]}}],"collection":[{"href":"https:\/\/sakyapa.eu\/it\/wp-json\/wp\/v2\/pages"}],"about":[{"href":"https:\/\/sakyapa.eu\/it\/wp-json\/wp\/v2\/types\/page"}],"author":[{"embeddable":true,"href":"https:\/\/sakyapa.eu\/it\/wp-json\/wp\/v2\/users\/1"}],"replies":[{"embeddable":true,"href":"https:\/\/sakyapa.eu\/it\/wp-json\/wp\/v2\/comments?post=37253"}],"version-history":[{"count":2,"href":"https:\/\/sakyapa.eu\/it\/wp-json\/wp\/v2\/pages\/37253\/revisions"}],"predecessor-version":[{"id":37332,"href":"https:\/\/sakyapa.eu\/it\/wp-json\/wp\/v2\/pages\/37253\/revisions\/37332"}],"wp:attachment":[{"href":"https:\/\/sakyapa.eu\/it\/wp-json\/wp\/v2\/media?parent=37253"}],"curies":[{"name":"wp","href":"https:\/\/api.w.org\/{rel}","templated":true}]}}