{"id":32509,"date":"2023-11-22T14:52:35","date_gmt":"2023-11-22T13:52:35","guid":{"rendered":"https:\/\/sakyapa.eu\/khenchen-sherab-gyaltsen-amipa-rinpoche\/"},"modified":"2024-04-12T22:35:38","modified_gmt":"2024-04-12T20:35:38","slug":"khenchen-sherab-gyaltsen-amipa-rinpoche","status":"publish","type":"page","link":"https:\/\/sakyapa.eu\/it\/khenchen-sherab-gyaltsen-amipa-rinpoche\/","title":{"rendered":"Khenchen Sherab Gyaltsen Amipa Rinpoche"},"content":{"rendered":"\t\t<div data-elementor-type=\"wp-page\" data-elementor-id=\"32509\" class=\"elementor elementor-32509 elementor-30871\">\n\t\t\t\t<div class=\"elementor-element elementor-element-adeb4ac e-flex e-con-boxed e-con e-parent\" data-id=\"adeb4ac\" data-element_type=\"container\">\n\t\t\t\t\t<div class=\"e-con-inner\">\n\t\t<div class=\"elementor-element elementor-element-c916f27 e-con-full e-flex e-con e-child\" data-id=\"c916f27\" data-element_type=\"container\">\n\t\t\t\t<div class=\"elementor-element elementor-element-d4e57b3 elementor-widget elementor-widget-text-editor\" data-id=\"d4e57b3\" data-element_type=\"widget\" data-widget_type=\"text-editor.default\">\n\t\t\t\t<div class=\"elementor-widget-container\">\n\t\t\t\t\t\t\t\t\t<div class=\"team_member_details\"><span style=\"color: var(--font-color); font-family: var(--primary-font);\">Il Venerabile Lama Sherab Gyaltsen Amipa nacque nel 1931 a Sakya, nel Tibet occidentale. All\u2019et\u00e0 di sette anni entr\u00f2 nel monastero principale di Sakya, il Thubten Lhakhang Chenmo. Dopo aver compiuto gli studi di base, approfond\u00ec, durante numerosi anni all\u2019universit\u00e0 monastica di Sakya, i cinque studi superiori: pramana (logica), vinaya (disciplina), madhyamika (la via di mezzo), prajna paramita (saggezza trascendentale) e abhidharma (filosofia). Inoltre, studi\u00f2 i cinque temi superiori: tantra, grammatica tibetana, poesia, storia del buddhismo e storia tibetana.<\/span><\/div><div class=\"team_member_brief_info\"><div class=\"team_member_brief_info_text\"><p>Il suo Maestro pi\u00f9 significativo e rilevante fu il suo Guru radice, S.S. il 40\u00ba Sakya Trizin Ngawang Thutob Wangchuk. Sua Santit\u00e0 gli impart\u00ec iniziazioni tantriche su numerose divinit\u00e0, il Lamdre e i 13 Dharma d\u2019oro. Queste trasmissioni furono poi approfondite e trasformate in esperienza spirituale durante molti ritiri di meditazione. Dopo aver conseguito il livello filosofico pi\u00f9 elevato di Geshe Rabjampa, equivalente a un dottorato in filosofia, inizi\u00f2 a insegnare ai monaci del monastero principale di Sakya e anche a persone laiche.<br \/>Nel 1960 il Ven. Lama Sherab, cos\u00ec come altri tibetani, si rec\u00f2 in India in esilio dove continu\u00f2 gli studi, specialmente quelli della sua tradizione, nei monasteri Sakya di Darjeeling e Dalhousie. Nel 1967 S.S. il XIV Dalai Lama e il governo tibetano in esilio lo inviarono, assieme a un primo gruppo di monaci, a Rikon (vicino a Zurigo) presso il neocostituito Tibet-Institute. Il suo compito era quello di assistere i rifugiati tibetani in Svizzera.<br \/>Pi\u00f9 tardi, per rispondere alla domanda di molti interessati occidentali, cre\u00f2 numerosi centri buddhisti in Europa. Il principale \u00e8 il Sakya Tsechen Ling (Istituto Europeo di Buddhismo Tibetano), fondato nel 1978 a Kuttolsheim (Strasburgo\/ Francia). Altri ne sorsero a Den Haag, Friburgo (Germania), Zurigo, Stoccolma, Trieste, Toulouse e Lugano-Arosio. In tutti i centri vengono impartiti insegnamenti a cadenza regolare e in quello principale hanno luogo due ritiri annuali.<br \/>Ommaggio al Guru<br \/>Nel 2010, S.S. Kyabgon Gongma Trichen Rinpoche, a Strasburgo, ha conferito il titolo di Khenchen (Abate Superiore) al Venerabile Lama Sherab.<br \/>Il 14 aprile 2014 Khenchen Lama Sherab ha lasciato il suo corpo. La saggezza e la compassione che egli ha trasmesso in tutti questi anni sono ancora fonte di ispirazione nei discepoli che hanno avuto la fortuna di poterlo incontrare.<br \/>Il 14 aprile 2014 alle ore 11:04 il nostro amatissimo Guru ha lasciato il suo corpo ma non la sua capacit\u00e0 di trasmettere il Santo Dharma in modo puro e continuo.<\/p><p><b>Omaggio al Guru<\/b><br \/>Nella sua abitazione privata a Rikon si sono svolte le pratiche che lo accompagnano in questo viaggio e dove la sua preziosa presenza era palpabile sia di giorno che di notte.<\/p><p>In accordo con la tradizione tibetana, per sette settimane, sono state eseguite preghiere e rituali di buon auspicio per il nostro Guru a Rikon, nei suoi centri e in tanti monasteri.<\/p><p>Egli ha dedicato interamente la sua esistenza alla pratica del Dharma ottenendo il pi\u00f9 alto livello di istruzione nell\u2019universit\u00e0 monastica a Sakya. \u00c8 stato scelto dal Dalai Lama per venire in Svizzera negli anni sessanta a sostegno della prima comunit\u00e0 tibetana in esilio. Ma non si \u00e8 fermato solo a questo, ha fondato diversi Centri Dharma in diverse nazioni europee dove ha condiviso, con i suoi discepoli, la sua esperienza spirituale caratterizzata da un grande amore compassionevole e saggezza.<\/p><p>Il suo esempio di vero praticante di Dharma ci ha insegnato che una fede profonda trascende l\u2019impermanenza dei fenomeni e che sono i discepoli a far rinascere i Maestri tramite la loro devozione e pratica sincera in accordo agli insegnamenti ricevuti.<\/p><p>Egli ci ha donato tutto quello che aveva e indicato chiaramente il sentiero da percorrere. Seguendo le sue istruzioni, sicuramente, si raggiunge la meta, il posto dove non vi \u00e8 pi\u00f9 separazione n\u00e8 rammarico per ci\u00f2 che si ritiene di aver perso.<\/p><p>Egli non ci ha lasciato, si \u00e8 solo modificato, temporaneamente, il suo modo di insegnare. Ogni volta che compiamo un\u2019azione virtuosa Lui \u00e8 con noi, ogni volta che il nostro sorriso \u00e8 colmo di amore stiamo praticando i Suoi insegnamenti, ogni volta che sappiamo prendere la giusta decisione, abbiamo compreso il Dharma.<br \/>Il discepolo che vive in armonia con s\u00e9 stesso non \u00e8 mai solo.<\/p><p>Per creare le cause e le condizioni propizie per il ritorno di Rinpoche tra di noi, affinch\u00e9 continui a guidarci con la sua saggezza, potete recitare la preghiere per il suo rapido ritorno.\u00a0<br \/>Clicca sul link blu qui sotto per scaricare il PDF.<\/p><\/div><\/div>\t\t\t\t\t\t\t\t<\/div>\n\t\t\t\t<\/div>\n\t\t\t\t<\/div>\n\t\t<div class=\"elementor-element elementor-element-bc4bcbb e-con-full e-flex e-con e-child\" data-id=\"bc4bcbb\" data-element_type=\"container\">\n\t\t<div class=\"elementor-element elementor-element-c6c30f6 e-flex e-con-boxed e-con e-child\" data-id=\"c6c30f6\" data-element_type=\"container\">\n\t\t\t\t\t<div class=\"e-con-inner\">\n\t\t\t\t<div class=\"elementor-element elementor-element-79c0c66 elementor-widget elementor-widget-image\" data-id=\"79c0c66\" data-element_type=\"widget\" data-widget_type=\"image.default\">\n\t\t\t\t<div class=\"elementor-widget-container\">\n\t\t\t\t\t\t\t\t\t\t\t\t\t\t\t<img fetchpriority=\"high\" decoding=\"async\" width=\"840\" height=\"559\" src=\"https:\/\/sakyapa.eu\/wp-content\/uploads\/2024\/04\/DSC03013_PS-CS6-1024x681.jpg\" class=\"attachment-large size-large wp-image-32399\" alt=\"\" srcset=\"https:\/\/sakyapa.eu\/wp-content\/uploads\/2024\/04\/DSC03013_PS-CS6-1024x681.jpg 1024w, https:\/\/sakyapa.eu\/wp-content\/uploads\/2024\/04\/DSC03013_PS-CS6-300x199.jpg 300w, https:\/\/sakyapa.eu\/wp-content\/uploads\/2024\/04\/DSC03013_PS-CS6-768x511.jpg 768w, https:\/\/sakyapa.eu\/wp-content\/uploads\/2024\/04\/DSC03013_PS-CS6-90x60.jpg 90w, https:\/\/sakyapa.eu\/wp-content\/uploads\/2024\/04\/DSC03013_PS-CS6-480x320.jpg 480w, https:\/\/sakyapa.eu\/wp-content\/uploads\/2024\/04\/DSC03013_PS-CS6-420x280.jpg 420w, https:\/\/sakyapa.eu\/wp-content\/uploads\/2024\/04\/DSC03013_PS-CS6-520x345.jpg 520w, https:\/\/sakyapa.eu\/wp-content\/uploads\/2024\/04\/DSC03013_PS-CS6.jpg 1396w\" sizes=\"(max-width: 840px) 100vw, 840px\" \/>\t\t\t\t\t\t\t\t\t\t\t\t\t\t\t<\/div>\n\t\t\t\t<\/div>\n\t\t\t\t\t<\/div>\n\t\t\t\t<\/div>\n\t\t<div class=\"elementor-element elementor-element-cb6c79e e-flex e-con-boxed e-con e-child\" data-id=\"cb6c79e\" data-element_type=\"container\">\n\t\t\t\t\t<div class=\"e-con-inner\">\n\t\t\t\t<div class=\"elementor-element elementor-element-6578073 elementor-widget elementor-widget-video\" data-id=\"6578073\" data-element_type=\"widget\" data-settings=\"{&quot;video_type&quot;:&quot;hosted&quot;,&quot;controls&quot;:&quot;yes&quot;}\" data-widget_type=\"video.default\">\n\t\t\t\t<div class=\"elementor-widget-container\">\n\t\t\t\t\t\t\t<div class=\"e-hosted-video elementor-wrapper elementor-open-inline\">\n\t\t\t\t\t<video class=\"elementor-video\" src=\"https:\/\/sakyapa.eu\/wp-content\/uploads\/2023\/11\/KC1.mp4\" controls=\"\" preload=\"metadata\" controlsList=\"nodownload\"><\/video>\n\t\t\t\t<\/div>\n\t\t\t\t\t\t<\/div>\n\t\t\t\t<\/div>\n\t\t\t\t\t<\/div>\n\t\t\t\t<\/div>\n\t\t\t\t<\/div>\n\t\t\t\t\t<\/div>\n\t\t\t\t<\/div>\n\t\t<div class=\"elementor-element elementor-element-39d88fc3 e-flex e-con-boxed e-con e-parent\" data-id=\"39d88fc3\" data-element_type=\"container\">\n\t\t\t\t\t<div class=\"e-con-inner\">\n\t\t\t\t<div class=\"elementor-element elementor-element-9a4e434 elementor-widget elementor-widget-heading\" data-id=\"9a4e434\" data-element_type=\"widget\" data-widget_type=\"heading.default\">\n\t\t\t\t<div class=\"elementor-widget-container\">\n\t\t\t\t\t<h4 class=\"elementor-heading-title elementor-size-default\"><a href=\"https:\/\/sakyapa.eu\/wp-content\/uploads\/2024\/04\/Rinpoche-Rapida-Rinascita_TIB_EN_IT.pdf\">Parole di fervente invocazione alla compassione del Maestro\n<BR>Preghiera per la rapida rinascita di Khenchen Sherab Gyaltsen Amipa Rinpoche<\/a><\/h4>\t\t\t\t<\/div>\n\t\t\t\t<\/div>\n\t\t\t\t\t<\/div>\n\t\t\t\t<\/div>\n\t\t<div class=\"elementor-element elementor-element-29fb269 e-flex e-con-boxed e-con e-parent\" data-id=\"29fb269\" data-element_type=\"container\">\n\t\t\t\t\t<div class=\"e-con-inner\">\n\t\t<div class=\"elementor-element elementor-element-026bb07 e-con-full e-flex e-con e-child\" data-id=\"026bb07\" data-element_type=\"container\">\n\t\t\t\t<div class=\"elementor-element elementor-element-c093f03 elementor-position-top elementor-widget elementor-widget-image-box\" data-id=\"c093f03\" data-element_type=\"widget\" data-widget_type=\"image-box.default\">\n\t\t\t\t<div class=\"elementor-widget-container\">\n\t\t\t\t\t<div class=\"elementor-image-box-wrapper\"><figure class=\"elementor-image-box-img\"><a href=\"https:\/\/sakya.ch\/#sc_video_416012235_popup\" tabindex=\"-1\"><img decoding=\"async\" width=\"1772\" height=\"1181\" src=\"https:\/\/sakyapa.eu\/wp-content\/uploads\/2024\/03\/Lama_Sherab_15x10.jpg\" class=\"attachment-full size-full wp-image-32184\" alt=\"\" srcset=\"https:\/\/sakyapa.eu\/wp-content\/uploads\/2024\/03\/Lama_Sherab_15x10.jpg 1772w, https:\/\/sakyapa.eu\/wp-content\/uploads\/2024\/03\/Lama_Sherab_15x10-300x200.jpg 300w, https:\/\/sakyapa.eu\/wp-content\/uploads\/2024\/03\/Lama_Sherab_15x10-1024x682.jpg 1024w, https:\/\/sakyapa.eu\/wp-content\/uploads\/2024\/03\/Lama_Sherab_15x10-768x512.jpg 768w, https:\/\/sakyapa.eu\/wp-content\/uploads\/2024\/03\/Lama_Sherab_15x10-1536x1024.jpg 1536w, https:\/\/sakyapa.eu\/wp-content\/uploads\/2024\/03\/Lama_Sherab_15x10-90x60.jpg 90w, https:\/\/sakyapa.eu\/wp-content\/uploads\/2024\/03\/Lama_Sherab_15x10-480x320.jpg 480w, https:\/\/sakyapa.eu\/wp-content\/uploads\/2024\/03\/Lama_Sherab_15x10-420x280.jpg 420w\" sizes=\"(max-width: 1772px) 100vw, 1772px\" \/><\/a><\/figure><div class=\"elementor-image-box-content\"><h3 class=\"elementor-image-box-title\"><a href=\"https:\/\/sakya.ch\/#sc_video_416012235_popup\">L'ultimo insegnamento di Khenchen La<\/a><\/h3><p class=\"elementor-image-box-description\">La Via di Mezzo di Nagarjuna<\/p><\/div><\/div>\t\t\t\t<\/div>\n\t\t\t\t<\/div>\n\t\t\t\t<\/div>\n\t\t<div class=\"elementor-element elementor-element-792c2aa e-con-full e-flex e-con e-child\" data-id=\"792c2aa\" data-element_type=\"container\">\n\t\t\t\t<div class=\"elementor-element elementor-element-1345f7e elementor-position-top elementor-widget elementor-widget-image-box\" data-id=\"1345f7e\" data-element_type=\"widget\" data-widget_type=\"image-box.default\">\n\t\t\t\t<div class=\"elementor-widget-container\">\n\t\t\t\t\t<div class=\"elementor-image-box-wrapper\"><figure class=\"elementor-image-box-img\"><a href=\"https:\/\/player.vod2.infomaniak.com\/embed\/1jhvl2uqo7p4w\" tabindex=\"-1\"><img decoding=\"async\" width=\"949\" height=\"720\" src=\"https:\/\/sakyapa.eu\/wp-content\/uploads\/2024\/04\/Tib.jpg\" class=\"attachment-full size-full wp-image-32405\" alt=\"\" srcset=\"https:\/\/sakyapa.eu\/wp-content\/uploads\/2024\/04\/Tib.jpg 949w, https:\/\/sakyapa.eu\/wp-content\/uploads\/2024\/04\/Tib-300x228.jpg 300w, https:\/\/sakyapa.eu\/wp-content\/uploads\/2024\/04\/Tib-768x583.jpg 768w, https:\/\/sakyapa.eu\/wp-content\/uploads\/2024\/04\/Tib-79x60.jpg 79w\" sizes=\"(max-width: 949px) 100vw, 949px\" \/><\/a><\/figure><div class=\"elementor-image-box-content\"><h3 class=\"elementor-image-box-title\"><a href=\"https:\/\/player.vod2.infomaniak.com\/embed\/1jhvl2uqo7p4w\">Khenchen La in Tibet<\/a><\/h3><p class=\"elementor-image-box-description\">In 1997<\/p><\/div><\/div>\t\t\t\t<\/div>\n\t\t\t\t<\/div>\n\t\t\t\t<\/div>\n\t\t\t\t\t<\/div>\n\t\t\t\t<\/div>\n\t\t\t\t<\/div>\n\t\t","protected":false},"excerpt":{"rendered":"<p>Il Venerabile Lama Sherab Gyaltsen Amipa nacque nel 1931 a Sakya, nel Tibet occidentale. All\u2019et\u00e0 di sette anni entr\u00f2 nel monastero principale di Sakya, il &hellip; <\/p>\n","protected":false},"author":1,"featured_media":0,"parent":0,"menu_order":0,"comment_status":"closed","ping_status":"closed","template":"","meta":{"_tec_requires_first_save":true,"_eb_attr":"","_price":"","_stock":"","_tribe_ticket_header":"","_tribe_default_ticket_provider":"","_tribe_ticket_capacity":"0","_ticket_start_date":"","_ticket_end_date":"","_tribe_ticket_show_description":"","_tribe_ticket_show_not_going":false,"_tribe_ticket_use_global_stock":"","_tribe_ticket_global_stock_level":"","_global_stock_mode":"","_global_stock_cap":"","_tribe_rsvp_for_event":"","_tribe_ticket_going_count":"","_tribe_ticket_not_going_count":"","_tribe_tickets_list":"[]","_tribe_ticket_has_attendee_info_fields":false,"_EventAllDay":false,"_EventTimezone":"","_EventStartDate":"","_EventEndDate":"","_EventStartDateUTC":"","_EventEndDateUTC":"","_EventShowMap":false,"_EventShowMapLink":false,"_EventURL":"","_EventCost":"","_EventCostDescription":"","_EventCurrencySymbol":"","_EventCurrencyCode":"","_EventCurrencyPosition":"","_EventDateTimeSeparator":"","_EventTimeRangeSeparator":"","_EventOrganizerID":[],"_EventVenueID":[],"_OrganizerEmail":"","_OrganizerPhone":"","_OrganizerWebsite":"","_VenueAddress":"","_VenueCity":"","_VenueCountry":"","_VenueProvince":"","_VenueState":"","_VenueZip":"","_VenuePhone":"","_VenueURL":"","_VenueStateProvince":"","_VenueLat":"","_VenueLng":"","_VenueShowMap":false,"_VenueShowMapLink":false,"_tribe_blocks_recurrence_rules":"","_tribe_blocks_recurrence_description":"","_tribe_blocks_recurrence_exclusions":"","footnotes":"","_tec_slr_enabled":"","_tec_slr_layout":""},"class_list":["post-32509","page","type-page","status-publish","hentry","latest_post"],"ticketed":false,"_links":{"self":[{"href":"https:\/\/sakyapa.eu\/it\/wp-json\/wp\/v2\/pages\/32509","targetHints":{"allow":["GET"]}}],"collection":[{"href":"https:\/\/sakyapa.eu\/it\/wp-json\/wp\/v2\/pages"}],"about":[{"href":"https:\/\/sakyapa.eu\/it\/wp-json\/wp\/v2\/types\/page"}],"author":[{"embeddable":true,"href":"https:\/\/sakyapa.eu\/it\/wp-json\/wp\/v2\/users\/1"}],"replies":[{"embeddable":true,"href":"https:\/\/sakyapa.eu\/it\/wp-json\/wp\/v2\/comments?post=32509"}],"version-history":[{"count":16,"href":"https:\/\/sakyapa.eu\/it\/wp-json\/wp\/v2\/pages\/32509\/revisions"}],"predecessor-version":[{"id":32542,"href":"https:\/\/sakyapa.eu\/it\/wp-json\/wp\/v2\/pages\/32509\/revisions\/32542"}],"wp:attachment":[{"href":"https:\/\/sakyapa.eu\/it\/wp-json\/wp\/v2\/media?parent=32509"}],"curies":[{"name":"wp","href":"https:\/\/api.w.org\/{rel}","templated":true}]}}