{"id":30543,"date":"2023-10-26T15:23:08","date_gmt":"2023-10-26T13:23:08","guid":{"rendered":"https:\/\/sakyapa.eu\/quali-sono-le-preghiere-che-possono-essere-eseguite\/"},"modified":"2023-11-18T16:03:39","modified_gmt":"2023-11-18T15:03:39","slug":"quali-sono-le-preghiere-che-possono-essere-eseguite","status":"publish","type":"page","link":"https:\/\/sakyapa.eu\/it\/quali-sono-le-preghiere-che-possono-essere-eseguite\/","title":{"rendered":"Quali sono le preghiere che possono essere eseguite"},"content":{"rendered":"\n<div class=\"wp-block-media-text is-stacked-on-mobile\" style=\"grid-template-columns:25% auto\"><figure class=\"wp-block-media-text__media\"><img decoding=\"async\" width=\"250\" height=\"156\" src=\"https:\/\/sakyapa.eu\/wp-content\/uploads\/2023\/10\/LongLife-S.png\" alt=\"\" class=\"wp-image-29861 size-full\" srcset=\"https:\/\/sakyapa.eu\/wp-content\/uploads\/2023\/10\/LongLife-S.png 250w, https:\/\/sakyapa.eu\/wp-content\/uploads\/2023\/10\/LongLife-S-96x60.png 96w\" sizes=\"(max-width: 250px) 100vw, 250px\" \/><\/figure><div class=\"wp-block-media-text__content\">\n<p style=\"font-size:17px\"><mark style=\"background-color:rgba(0, 0, 0, 0)\" class=\"has-inline-color has-vivid-red-color\"><strong>Puja di lunga vita <\/strong><\/mark><br>Una puja (Tse Lha Nam Sum\/tib.) che include tre Buddha della longevit\u00e0 &#8211; Amitayus, Ushnishavijaya e Tara Bianca &#8211; per aumentare l&#8217;energia della vita, i meriti e il potere.<\/p>\n<\/div><\/div>\n\n\n\n<hr class=\"wp-block-separator has-alpha-channel-opacity\"\/>\n\n\n\n<p class=\"has-medium-font-size\"><strong><mark style=\"background-color:rgba(0, 0, 0, 0)\" class=\"has-inline-color has-vivid-cyan-blue-color\">Pujas per sostenere le vostre attivit\u00e0 e proteggervi dagli ostacoli:<\/mark><\/strong><\/p>\n\n\n\n<div class=\"wp-block-media-text is-stacked-on-mobile\" style=\"grid-template-columns:25% auto\"><figure class=\"wp-block-media-text__media\"><img decoding=\"async\" width=\"250\" height=\"156\" src=\"https:\/\/sakyapa.eu\/wp-content\/uploads\/2023\/10\/Green-1.png\" alt=\"\" class=\"wp-image-29863 size-full\" srcset=\"https:\/\/sakyapa.eu\/wp-content\/uploads\/2023\/10\/Green-1.png 250w, https:\/\/sakyapa.eu\/wp-content\/uploads\/2023\/10\/Green-1-96x60.png 96w\" sizes=\"(max-width: 250px) 100vw, 250px\" \/><\/figure><div class=\"wp-block-media-text__content\">\n<p style=\"font-size:17px\"><mark style=\"background-color:rgba(0, 0, 0, 0)\" class=\"has-inline-color has-vivid-red-color\"><strong>Rituale della Tara verde <\/strong><\/mark><br>Tara \u00e8 particolarmente rapida nel concedere il successo nell&#8217;ottenere sia la felicit\u00e0 temporale che quella finale dell&#8217;illuminazione. Pu\u00f2 salvarci da malattie mortali, aiutarci a guarire dalle malattie, portarci al successo e alla felicit\u00e0 nella vita in generale, proteggerci dalle paure, aiutarci ad avere un figlio e cos\u00ec via. \u00c8 particolarmente consigliata in tutte le questioni familiari. <\/p>\n<\/div><\/div>\n\n\n\n<hr class=\"wp-block-separator has-alpha-channel-opacity\"\/>\n\n\n\n<div class=\"wp-block-media-text is-stacked-on-mobile\" style=\"grid-template-columns:25% auto\"><figure class=\"wp-block-media-text__media\"><img decoding=\"async\" width=\"249\" height=\"156\" src=\"https:\/\/sakyapa.eu\/wp-content\/uploads\/2023\/10\/Maha-1.jpg\" alt=\"\" class=\"wp-image-29864 size-full\" srcset=\"https:\/\/sakyapa.eu\/wp-content\/uploads\/2023\/10\/Maha-1.jpg 249w, https:\/\/sakyapa.eu\/wp-content\/uploads\/2023\/10\/Maha-1-96x60.jpg 96w\" sizes=\"(max-width: 249px) 100vw, 249px\" \/><\/figure><div class=\"wp-block-media-text__content\">\n<p style=\"font-size:17px\"><strong><mark style=\"background-color:rgba(0, 0, 0, 0)\" class=\"has-inline-color has-vivid-red-color\">Rituale Mahakala<\/mark><\/strong><\/p>\n\n\n\n<p style=\"font-size:17px\">La Mahakala puja viene eseguita per eliminare gli ostacoli nella vita quotidiana &#8211; durante un viaggio, quando si inizia un nuovo lavoro, le nostre attivit\u00e0 diventano di successo &#8211; e le sfide alla propria pratica spirituale e per arricchire la propria vita e la propria virt\u00f9 e saggezza. <\/p>\n<\/div><\/div>\n\n\n\n<hr class=\"wp-block-separator has-alpha-channel-opacity\"\/>\n\n\n\n<div class=\"wp-block-media-text is-stacked-on-mobile\" style=\"grid-template-columns:25% auto\"><figure class=\"wp-block-media-text__media\"><img loading=\"lazy\" decoding=\"async\" width=\"250\" height=\"156\" src=\"https:\/\/sakyapa.eu\/wp-content\/uploads\/2023\/10\/Medicine-1.jpg\" alt=\"\" class=\"wp-image-29865 size-full\" srcset=\"https:\/\/sakyapa.eu\/wp-content\/uploads\/2023\/10\/Medicine-1.jpg 250w, https:\/\/sakyapa.eu\/wp-content\/uploads\/2023\/10\/Medicine-1-96x60.jpg 96w\" sizes=\"(max-width: 250px) 100vw, 250px\" \/><\/figure><div class=\"wp-block-media-text__content\">\n<p style=\"font-size:17px\"><mark style=\"background-color:rgba(0, 0, 0, 0)\" class=\"has-inline-color has-vivid-red-color\"><strong>Rituale del Buddha della Medicina<\/strong><\/mark><\/p>\n\n\n\n<p style=\"font-size:17px\">Pi\u00f9 comunemente questa puja viene eseguita per favorire la guarigione di una persona sottoposta a cure o interventi chirurgici. Viene eseguita anche per i defunti, per aiutarli a rinascere nei regni superiori. <\/p>\n<\/div><\/div>\n\n\n\n<hr class=\"wp-block-separator has-alpha-channel-opacity\"\/>\n\n\n\n<div class=\"wp-block-media-text is-stacked-on-mobile\" style=\"grid-template-columns:25% auto\"><figure class=\"wp-block-media-text__media\"><img loading=\"lazy\" decoding=\"async\" width=\"249\" height=\"156\" src=\"https:\/\/sakyapa.eu\/wp-content\/uploads\/2023\/10\/Av-2.jpg\" alt=\"\" class=\"wp-image-29866 size-full\" srcset=\"https:\/\/sakyapa.eu\/wp-content\/uploads\/2023\/10\/Av-2.jpg 249w, https:\/\/sakyapa.eu\/wp-content\/uploads\/2023\/10\/Av-2-96x60.jpg 96w\" sizes=\"(max-width: 249px) 100vw, 249px\" \/><\/figure><div class=\"wp-block-media-text__content\">\n<p style=\"font-size:17px\"><mark style=\"background-color:rgba(0, 0, 0, 0)\" class=\"has-inline-color has-vivid-red-color\"><strong>Rituale di Avalokiteshvara<\/strong><\/mark><\/p>\n\n\n\n<p style=\"font-size:17px\">La puja di Avalokiteshvara viene eseguita per sviluppare e incrementare la compassione amorevole nella vita quotidiana e affinch\u00e9 le attivit\u00e0 abbiano successo.<\/p>\n<\/div><\/div>\n\n\n\n<hr class=\"wp-block-separator has-alpha-channel-opacity\"\/>\n\n\n\n<div class=\"wp-block-media-text is-stacked-on-mobile\" style=\"grid-template-columns:25% auto\"><figure class=\"wp-block-media-text__media\"><img loading=\"lazy\" decoding=\"async\" width=\"250\" height=\"156\" src=\"https:\/\/sakyapa.eu\/wp-content\/uploads\/2023\/10\/Simha-1.png\" alt=\"\" class=\"wp-image-29867 size-full\" srcset=\"https:\/\/sakyapa.eu\/wp-content\/uploads\/2023\/10\/Simha-1.png 250w, https:\/\/sakyapa.eu\/wp-content\/uploads\/2023\/10\/Simha-1-96x60.png 96w\" sizes=\"(max-width: 250px) 100vw, 250px\" \/><\/figure><div class=\"wp-block-media-text__content\">\n<p style=\"font-size:17px\"><mark style=\"background-color:rgba(0, 0, 0, 0)\" class=\"has-inline-color has-vivid-red-color\"><strong>Rituale di Simhanada <\/strong><\/mark><\/p>\n\n\n\n<p style=\"font-size:17px\">L&#8217;attivit\u00e0 principale \u00e8 quella di eliminare le malattie, soprattutto quelle causate dai naga.<\/p>\n<\/div><\/div>\n\n\n\n<hr class=\"wp-block-separator has-alpha-channel-opacity\"\/>\n\n\n\n<div class=\"wp-block-media-text is-stacked-on-mobile\" style=\"grid-template-columns:25% auto\"><figure class=\"wp-block-media-text__media\"><img loading=\"lazy\" decoding=\"async\" width=\"250\" height=\"156\" src=\"https:\/\/sakyapa.eu\/wp-content\/uploads\/2023\/10\/White-1.png\" alt=\"\" class=\"wp-image-29868 size-full\" srcset=\"https:\/\/sakyapa.eu\/wp-content\/uploads\/2023\/10\/White-1.png 250w, https:\/\/sakyapa.eu\/wp-content\/uploads\/2023\/10\/White-1-96x60.png 96w\" sizes=\"(max-width: 250px) 100vw, 250px\" \/><\/figure><div class=\"wp-block-media-text__content\">\n<p style=\"font-size:17px\"><strong><mark style=\"background-color:rgba(0, 0, 0, 0)\" class=\"has-inline-color has-vivid-red-color\">Rituale del Mahakala bianco <\/mark><\/strong><\/p>\n\n\n\n<p style=\"font-size:17px\">Questa puja viene eseguita per portare generosit\u00e0 e fortuna nella nostra vita.<\/p>\n\n\n\n<p style=\"font-size:17px\">La Mahakala bianca \u00e8 famosa per rimuovere gli ostacoli alla nostra pratica che riguardano la mancanza di sostegno, di risorse o di prosperit\u00e0, che limitano la nostra capacit\u00e0 di aiutare gli altri esseri. Egli \u00e8 il Mahakala che allevia la povert\u00e0 e ci porta la prosperit\u00e0. <\/p>\n<\/div><\/div>\n\n\n\n<hr class=\"wp-block-separator has-alpha-channel-opacity\"\/>\n\n\n\n<div class=\"wp-block-media-text is-stacked-on-mobile\" style=\"grid-template-columns:25% auto\"><figure class=\"wp-block-media-text__media\"><img loading=\"lazy\" decoding=\"async\" width=\"249\" height=\"156\" src=\"https:\/\/sakyapa.eu\/wp-content\/uploads\/2023\/10\/Torma-1.png\" alt=\"\" class=\"wp-image-29869 size-full\" srcset=\"https:\/\/sakyapa.eu\/wp-content\/uploads\/2023\/10\/Torma-1.png 249w, https:\/\/sakyapa.eu\/wp-content\/uploads\/2023\/10\/Torma-1-96x60.png 96w\" sizes=\"(max-width: 249px) 100vw, 249px\" \/><\/figure><div class=\"wp-block-media-text__content\">\n<p style=\"font-size:17px\"><strong><mark style=\"background-color:rgba(0, 0, 0, 0)\" class=\"has-inline-color has-vivid-red-color\">Rituale Cha Sum (Puja del Protettore)<\/mark><\/strong><\/p>\n\n\n\n<p style=\"font-size:17px\">Questa puja \u00e8 utile per guarire le malattie, curare i brutti sogni e i cattivi presagi. \u00c8 molto indicato per coloro che devono sottoporsi a importanti interventi medici, ecc. e pu\u00f2 essere eseguito anche per purificare l&#8217;energia nelle case e nelle abitazioni. <\/p>\n<\/div><\/div>\n\n\n\n<hr class=\"wp-block-separator has-alpha-channel-opacity\"\/>\n\n\n\n<div class=\"wp-block-media-text is-stacked-on-mobile\" style=\"grid-template-columns:25% auto\"><figure class=\"wp-block-media-text__media\"><img loading=\"lazy\" decoding=\"async\" width=\"251\" height=\"156\" src=\"https:\/\/sakyapa.eu\/wp-content\/uploads\/2023\/10\/Naga-1.jpg\" alt=\"\" class=\"wp-image-29870 size-full\" srcset=\"https:\/\/sakyapa.eu\/wp-content\/uploads\/2023\/10\/Naga-1.jpg 251w, https:\/\/sakyapa.eu\/wp-content\/uploads\/2023\/10\/Naga-1-97x60.jpg 97w\" sizes=\"(max-width: 251px) 100vw, 251px\" \/><\/figure><div class=\"wp-block-media-text__content\">\n<p style=\"font-size:17px\"><strong><mark style=\"background-color:rgba(0, 0, 0, 0)\" class=\"has-inline-color has-vivid-red-color\">Rituale Naga <\/mark><\/strong><\/p>\n\n\n\n<p style=\"font-size:17px\">Si dice che il rituale Naga abbia il potere di aumentare la ricchezza, la fama, la salute e i meriti di una persona. \u00c8 indicato anche per aumentare le risorse, la pace e la prosperit\u00e0 e per eliminare gli ostacoli e le malattie, soprattutto quelle della pelle. <\/p>\n<\/div><\/div>\n\n\n\n<hr class=\"wp-block-separator has-alpha-channel-opacity\"\/>\n\n\n\n<p class=\"has-medium-font-size\"><mark style=\"background-color:rgba(0, 0, 0, 0)\" class=\"has-inline-color has-vivid-cyan-blue-color\"><strong>Puja per i defunti<\/strong><\/mark><\/p>\n\n\n\n<p style=\"font-size:17px\">Rituale Vairocana per i defunti <br>Rituale Vajrayogini per i defunti<br>Preghiera di aspirazione Amitabha<br>Preghiera di Samantabhadra<\/p>\n\n\n\n<div class=\"wp-block-buttons is-layout-flex wp-block-buttons-is-layout-flex\">\n<div class=\"wp-block-button\"><a class=\"wp-block-button__link has-vivid-red-background-color has-background wp-element-button\" href=\"https:\/\/sakyapa.eu\/it\/richieste-di-puja-e-preghiere-2\/\"><strong>Richiedi una Puja<\/strong><\/a><\/div>\n<\/div>\n","protected":false},"excerpt":{"rendered":"<p>Puja di lunga vita Una puja (Tse Lha Nam Sum\/tib.) che include tre Buddha della longevit\u00e0 &#8211; Amitayus, Ushnishavijaya e Tara Bianca &#8211; per aumentare &hellip; <\/p>\n","protected":false},"author":1,"featured_media":0,"parent":0,"menu_order":0,"comment_status":"closed","ping_status":"closed","template":"","meta":{"_tec_requires_first_save":true,"_eb_attr":"","_price":"","_stock":"","_tribe_ticket_header":"","_tribe_default_ticket_provider":"","_tribe_ticket_capacity":"0","_ticket_start_date":"","_ticket_end_date":"","_tribe_ticket_show_description":"","_tribe_ticket_show_not_going":false,"_tribe_ticket_use_global_stock":"","_tribe_ticket_global_stock_level":"","_global_stock_mode":"","_global_stock_cap":"","_tribe_rsvp_for_event":"","_tribe_ticket_going_count":"","_tribe_ticket_not_going_count":"","_tribe_tickets_list":"[]","_tribe_ticket_has_attendee_info_fields":false,"_EventAllDay":false,"_EventTimezone":"","_EventStartDate":"","_EventEndDate":"","_EventStartDateUTC":"","_EventEndDateUTC":"","_EventShowMap":false,"_EventShowMapLink":false,"_EventURL":"","_EventCost":"","_EventCostDescription":"","_EventCurrencySymbol":"","_EventCurrencyCode":"","_EventCurrencyPosition":"","_EventDateTimeSeparator":"","_EventTimeRangeSeparator":"","_EventOrganizerID":[],"_EventVenueID":[],"_OrganizerEmail":"","_OrganizerPhone":"","_OrganizerWebsite":"","_VenueAddress":"","_VenueCity":"","_VenueCountry":"","_VenueProvince":"","_VenueState":"","_VenueZip":"","_VenuePhone":"","_VenueURL":"","_VenueStateProvince":"","_VenueLat":"","_VenueLng":"","_VenueShowMap":false,"_VenueShowMapLink":false,"_tribe_blocks_recurrence_rules":"","_tribe_blocks_recurrence_description":"","_tribe_blocks_recurrence_exclusions":"","footnotes":"","_tec_slr_enabled":"","_tec_slr_layout":""},"class_list":["post-30543","page","type-page","status-publish","hentry","latest_post"],"ticketed":false,"_links":{"self":[{"href":"https:\/\/sakyapa.eu\/it\/wp-json\/wp\/v2\/pages\/30543","targetHints":{"allow":["GET"]}}],"collection":[{"href":"https:\/\/sakyapa.eu\/it\/wp-json\/wp\/v2\/pages"}],"about":[{"href":"https:\/\/sakyapa.eu\/it\/wp-json\/wp\/v2\/types\/page"}],"author":[{"embeddable":true,"href":"https:\/\/sakyapa.eu\/it\/wp-json\/wp\/v2\/users\/1"}],"replies":[{"embeddable":true,"href":"https:\/\/sakyapa.eu\/it\/wp-json\/wp\/v2\/comments?post=30543"}],"version-history":[{"count":3,"href":"https:\/\/sakyapa.eu\/it\/wp-json\/wp\/v2\/pages\/30543\/revisions"}],"predecessor-version":[{"id":30593,"href":"https:\/\/sakyapa.eu\/it\/wp-json\/wp\/v2\/pages\/30543\/revisions\/30593"}],"wp:attachment":[{"href":"https:\/\/sakyapa.eu\/it\/wp-json\/wp\/v2\/media?parent=30543"}],"curies":[{"name":"wp","href":"https:\/\/api.w.org\/{rel}","templated":true}]}}