{"id":30541,"date":"2023-10-26T15:14:22","date_gmt":"2023-10-26T13:14:22","guid":{"rendered":"https:\/\/sakyapa.eu\/cose-una-puja-e-come-scegliere-quella-giusta\/"},"modified":"2024-03-03T10:09:55","modified_gmt":"2024-03-03T09:09:55","slug":"cose-una-puja-e-come-scegliere-quella-giusta","status":"publish","type":"page","link":"https:\/\/sakyapa.eu\/it\/cose-una-puja-e-come-scegliere-quella-giusta\/","title":{"rendered":"Cos&#8217;\u00e8 una puja e come scegliere quella giusta?"},"content":{"rendered":"\n<figure class=\"wp-block-gallery has-nested-images columns-default is-cropped wp-block-gallery-1 is-layout-flex wp-block-gallery-is-layout-flex\">\n<figure class=\"wp-block-image size-full\"><img fetchpriority=\"high\" decoding=\"async\" width=\"414\" height=\"316\" data-id=\"32130\" src=\"https:\/\/sakyapa.eu\/wp-content\/uploads\/2024\/03\/Puja-Khenpo.png\" alt=\"\" class=\"wp-image-32130\" srcset=\"https:\/\/sakyapa.eu\/wp-content\/uploads\/2024\/03\/Puja-Khenpo.png 414w, https:\/\/sakyapa.eu\/wp-content\/uploads\/2024\/03\/Puja-Khenpo-300x229.png 300w, https:\/\/sakyapa.eu\/wp-content\/uploads\/2024\/03\/Puja-Khenpo-79x60.png 79w\" sizes=\"(max-width: 414px) 100vw, 414px\" \/><\/figure>\n\n\n\n<figure class=\"wp-block-image size-large\"><img decoding=\"async\" width=\"833\" height=\"556\" data-id=\"29890\" src=\"https:\/\/sakyapa.eu\/wp-content\/uploads\/2023\/10\/Puja-Lama.png\" alt=\"\" class=\"wp-image-29890\" srcset=\"https:\/\/sakyapa.eu\/wp-content\/uploads\/2023\/10\/Puja-Lama.png 833w, https:\/\/sakyapa.eu\/wp-content\/uploads\/2023\/10\/Puja-Lama-300x200.png 300w, https:\/\/sakyapa.eu\/wp-content\/uploads\/2023\/10\/Puja-Lama-768x513.png 768w, https:\/\/sakyapa.eu\/wp-content\/uploads\/2023\/10\/Puja-Lama-90x60.png 90w, https:\/\/sakyapa.eu\/wp-content\/uploads\/2023\/10\/Puja-Lama-420x280.png 420w\" sizes=\"(max-width: 833px) 100vw, 833px\" \/><\/figure>\n\n\n\n<figure class=\"wp-block-image size-large\"><img decoding=\"async\" width=\"611\" height=\"556\" data-id=\"29891\" src=\"https:\/\/sakyapa.eu\/wp-content\/uploads\/2023\/10\/Puja-Lama-2.png\" alt=\"\" class=\"wp-image-29891\" srcset=\"https:\/\/sakyapa.eu\/wp-content\/uploads\/2023\/10\/Puja-Lama-2.png 611w, https:\/\/sakyapa.eu\/wp-content\/uploads\/2023\/10\/Puja-Lama-2-300x273.png 300w, https:\/\/sakyapa.eu\/wp-content\/uploads\/2023\/10\/Puja-Lama-2-66x60.png 66w\" sizes=\"(max-width: 611px) 100vw, 611px\" \/><\/figure>\n<\/figure>\n\n\n\n<p>Il potere della preghiera \u00e8 ben noto in tutte le tradizioni religiose e spirituali. Secondo il Buddismo, le nostre esperienze di vita sono il risultato delle nostre azioni passate. Le azioni dannose del passato creano sofferenza e le azioni virtuose creano felicit\u00e0. <\/p>\n\n\n\n<p>Le preghiere e i puja ci permettono di purificare le azioni negative accumulate in passato e di eliminare o prevenire l&#8217;insorgere degli ostacoli che ne derivano. I puja sono rituali speciali in cui si offrono preghiere ai Buddha per chiedere il loro aiuto e invocare le loro benedizioni.<\/p>\n\n\n\n<p>Il potere delle preghiere deriva dalla motivazione sincera di chi chiede di pregare e dalla mente pura di chi le esegue. Si dice che le preghiere eseguite dagli ordinati siano particolarmente potenti ed efficaci, poich\u00e9 sono fatte sulla base della pura moralit\u00e0. Ma soprattutto, fare offerte alle diverse manifestazioni degli esseri illuminati e alla comunit\u00e0 del sangha genera e aumenta il merito, il nostro potenziale positivo. Il merito \u00e8 necessario per avere successo in tutte le attivit\u00e0.<\/p>\n\n\n\n<p>Le pujas vengono eseguite per scongiurare e cancellare i tre tipi di ostacoli che sorgono a causa della mancanza di meriti e che ci impediscono di raggiungere i nostri obiettivi mondani e spirituali. Eliminare questi ostacoli pu\u00f2 aiutarci a raggiungere la felicit\u00e0 e la fortuna in tutte le nostre attivit\u00e0.<\/p>\n\n\n\n<p class=\"has-medium-font-size\"><strong><mark style=\"background-color:rgba(0, 0, 0, 0)\" class=\"has-inline-color has-vivid-red-color\">Come scegliere una puja?<\/mark><\/strong><\/p>\n\n\n\n<p>Mentre alcune preghiere sono di utilit\u00e0 generale, altre possono aiutarci con problemi pi\u00f9 specifici. Se non siete sicuri di quale puja scegliere, potete usare <a href=\"https:\/\/sakyapa.eu\/it\/richieste-di-puja-e-preghiere-2\/\" data-type=\"link\" data-id=\"https:\/\/sakyapa.eu\/it\/richieste-di-puja-e-preghiere-2\/\" target=\"_blank\" rel=\"noreferrer noopener\">questo modulo <\/a>per descrivere la motivazione che vi spinge a richiedere una puja (ad esempio, le sfide che dovete affrontare o gli obiettivi che vi sforzate di raggiungere) e i nostri lama residenti vi consiglieranno. <\/p>\n\n\n\n<p class=\"has-medium-font-size\"><strong><mark style=\"background-color:rgba(0, 0, 0, 0)\" class=\"has-inline-color has-vivid-red-color\">Perch\u00e9 richiedere una puja?<\/mark><\/strong><\/p>\n\n\n\n<p class=\"has-text-align-left\"><strong>Le pujas possono aiutarci a eliminare diversi tipi di ostacoli: <\/strong><\/p>\n\n\n\n<ol class=\"wp-block-list\">\n<li>Ostacoli banali, come quelli legati al lavoro e alle finanze, alla famiglia e alle relazioni.<\/li>\n\n\n\n<li>Ostacoli interiori che causano problemi di salute mentale e fisica, forti emozioni, confusione e simili. <\/li>\n\n\n\n<li>Gli ostacoli segreti che impediscono la nostra pratica spirituale. <\/li>\n<\/ol>\n\n\n\n<p><strong>Le pujas possono essere eseguite per vari scopi:<\/strong><\/p>\n\n\n\n<ol class=\"wp-block-list\">\n<li>Per i morenti &#8211; per aiutarli a tranquillizzare la loro mente al momento della morte e per sostenerli nel processo di morte. <\/li>\n\n\n\n<li>Per i defunti &#8211; per aiutarli ad accumulare meriti e guidarli verso buone rinascite e\/o la liberazione.<\/li>\n\n\n\n<li>Per la malattia &#8211; per rimuovere gli ostacoli alla salute mentale e fisica.<\/li>\n\n\n\n<li>Per il successo nelle proprie attivit\u00e0 &#8211; per rimuovere gli ostacoli al successo in tutte le attivit\u00e0 verbali e spirituali.<\/li>\n<\/ol>\n\n\n\n<p>Una puja pu\u00f2 essere richiesta con un <strong><mark style=\"background-color:rgba(0, 0, 0, 0)\" class=\"has-inline-color has-vivid-red-color\">Biglietto di auguri per il dono delle benedizioni<\/mark><\/strong>se siete alla ricerca di un regalo speciale per una persona speciale o per una persona in difficolt\u00e0. <br>In questo caso, scegliete l&#8217;opzione &#8220;<strong>Come dono della carta delle benedizioni<\/strong>&#8221; nel modulo d&#8217;ordine. Una volta ricevuta la vostra richiesta, invieremo la cartolina &#8220;The Gift of Blessings&#8221; via e-mail al beneficiario che avete indicato nel modulo, insieme alla vostra dedica personale. <br>Riceverete anche una conferma con la data esatta della puja programmata in base alle date propizie del calendario lunare tibetano.<\/p>\n\n\n\n<div class=\"wp-block-buttons is-layout-flex wp-block-buttons-is-layout-flex\">\n<div class=\"wp-block-button\"><a class=\"wp-block-button__link has-vivid-red-background-color has-background wp-element-button\" href=\"https:\/\/sakyapa.eu\/it\/richieste-di-puja-e-preghiere-2\/\"><strong>Richiedi una Puja<\/strong><\/a><\/div>\n<\/div>\n","protected":false},"excerpt":{"rendered":"<p>Il potere della preghiera \u00e8 ben noto in tutte le tradizioni religiose e spirituali. Secondo il Buddismo, le nostre esperienze di vita sono il risultato &hellip; <\/p>\n","protected":false},"author":1,"featured_media":0,"parent":0,"menu_order":0,"comment_status":"closed","ping_status":"closed","template":"","meta":{"_tec_requires_first_save":true,"_eb_attr":"","_price":"","_stock":"","_tribe_ticket_header":"","_tribe_default_ticket_provider":"","_tribe_ticket_capacity":"0","_ticket_start_date":"","_ticket_end_date":"","_tribe_ticket_show_description":"","_tribe_ticket_show_not_going":false,"_tribe_ticket_use_global_stock":"","_tribe_ticket_global_stock_level":"","_global_stock_mode":"","_global_stock_cap":"","_tribe_rsvp_for_event":"","_tribe_ticket_going_count":"","_tribe_ticket_not_going_count":"","_tribe_tickets_list":"[]","_tribe_ticket_has_attendee_info_fields":false,"_EventAllDay":false,"_EventTimezone":"","_EventStartDate":"","_EventEndDate":"","_EventStartDateUTC":"","_EventEndDateUTC":"","_EventShowMap":false,"_EventShowMapLink":false,"_EventURL":"","_EventCost":"","_EventCostDescription":"","_EventCurrencySymbol":"","_EventCurrencyCode":"","_EventCurrencyPosition":"","_EventDateTimeSeparator":"","_EventTimeRangeSeparator":"","_EventOrganizerID":[],"_EventVenueID":[],"_OrganizerEmail":"","_OrganizerPhone":"","_OrganizerWebsite":"","_VenueAddress":"","_VenueCity":"","_VenueCountry":"","_VenueProvince":"","_VenueState":"","_VenueZip":"","_VenuePhone":"","_VenueURL":"","_VenueStateProvince":"","_VenueLat":"","_VenueLng":"","_VenueShowMap":false,"_VenueShowMapLink":false,"_tribe_blocks_recurrence_rules":"","_tribe_blocks_recurrence_description":"","_tribe_blocks_recurrence_exclusions":"","footnotes":"","_tec_slr_enabled":"","_tec_slr_layout":""},"class_list":["post-30541","page","type-page","status-publish","hentry","latest_post"],"ticketed":false,"_links":{"self":[{"href":"https:\/\/sakyapa.eu\/it\/wp-json\/wp\/v2\/pages\/30541","targetHints":{"allow":["GET"]}}],"collection":[{"href":"https:\/\/sakyapa.eu\/it\/wp-json\/wp\/v2\/pages"}],"about":[{"href":"https:\/\/sakyapa.eu\/it\/wp-json\/wp\/v2\/types\/page"}],"author":[{"embeddable":true,"href":"https:\/\/sakyapa.eu\/it\/wp-json\/wp\/v2\/users\/1"}],"replies":[{"embeddable":true,"href":"https:\/\/sakyapa.eu\/it\/wp-json\/wp\/v2\/comments?post=30541"}],"version-history":[{"count":3,"href":"https:\/\/sakyapa.eu\/it\/wp-json\/wp\/v2\/pages\/30541\/revisions"}],"predecessor-version":[{"id":32135,"href":"https:\/\/sakyapa.eu\/it\/wp-json\/wp\/v2\/pages\/30541\/revisions\/32135"}],"wp:attachment":[{"href":"https:\/\/sakyapa.eu\/it\/wp-json\/wp\/v2\/media?parent=30541"}],"curies":[{"name":"wp","href":"https:\/\/api.w.org\/{rel}","templated":true}]}}