{"id":37533,"date":"2025-06-14T12:28:11","date_gmt":"2025-06-14T10:28:11","guid":{"rendered":"https:\/\/sakyapa.eu\/sakya-phuntsog-ling-%e0%bd%a6%e0%bc%8b%e0%bd%a6%e0%be%90%e0%be%b1%e0%bc%8b%e0%bd%95%e0%bd%b4%e0%bd%93%e0%bc%8b%e0%bd%9a%e0%bd%bc%e0%bd%82%e0%bd%a6%e0%bc%8b%e0%bd%82%e0%be%b3%e0%bd%b2%e0%bd%84%e0%bc%8d\/"},"modified":"2025-06-14T12:59:30","modified_gmt":"2025-06-14T10:59:30","slug":"sakya-phuntsog-ling-%e0%bd%a6%e0%bc%8b%e0%bd%a6%e0%be%90%e0%be%b1%e0%bc%8b%e0%bd%95%e0%bd%b4%e0%bd%93%e0%bc%8b%e0%bd%9a%e0%bd%bc%e0%bd%82%e0%bd%a6%e0%bc%8b%e0%bd%82%e0%be%b3%e0%bd%b2%e0%bd%84%e0%bc%8d","status":"publish","type":"page","link":"https:\/\/sakyapa.eu\/fr\/sakya-phuntsog-ling-%e0%bd%a6%e0%bc%8b%e0%bd%a6%e0%be%90%e0%be%b1%e0%bc%8b%e0%bd%95%e0%bd%b4%e0%bd%93%e0%bc%8b%e0%bd%9a%e0%bd%bc%e0%bd%82%e0%bd%a6%e0%bc%8b%e0%bd%82%e0%be%b3%e0%bd%b2%e0%bd%84%e0%bc%8d\/","title":{"rendered":"Sakya Phuntsog Ling \u0f66\u0f0b\u0f66\u0f90\u0fb1\u0f0b\u0f55\u0f74\u0f53\u0f0b\u0f5a\u0f7c\u0f42\u0f66\u0f0b\u0f42\u0fb3\u0f72\u0f44\u0f0d"},"content":{"rendered":"\n<div class=\"wp-block-media-text is-stacked-on-mobile is-vertically-aligned-top\" style=\"grid-template-columns:32% auto\"><figure class=\"wp-block-media-text__media\"><img fetchpriority=\"high\" decoding=\"async\" width=\"759\" height=\"1024\" src=\"https:\/\/sakyapa.eu\/wp-content\/uploads\/2025\/06\/PHOTO-SPL-Toulouse-759x1024.png\" alt=\"\" class=\"wp-image-37512 size-full\" srcset=\"https:\/\/sakyapa.eu\/wp-content\/uploads\/2025\/06\/PHOTO-SPL-Toulouse-759x1024.png 759w, https:\/\/sakyapa.eu\/wp-content\/uploads\/2025\/06\/PHOTO-SPL-Toulouse-222x300.png 222w, https:\/\/sakyapa.eu\/wp-content\/uploads\/2025\/06\/PHOTO-SPL-Toulouse-768x1037.png 768w, https:\/\/sakyapa.eu\/wp-content\/uploads\/2025\/06\/PHOTO-SPL-Toulouse-44x60.png 44w, https:\/\/sakyapa.eu\/wp-content\/uploads\/2025\/06\/PHOTO-SPL-Toulouse.png 1120w\" sizes=\"(max-width: 759px) 100vw, 759px\" \/><\/figure><div class=\"wp-block-media-text__content\">\n<p>Pr\u00e9sident\u00a0: Fr\u00e9d\u00e9ric Godde<br>4 impasse Henri Gr\u00e9goire, 31170 Tournefeuille, France<br>Mobile : +33 (0)6 62 35 89 88<br>Mail : <a href=\"mailto:sakya_phuntsog_ling@yahoo.com\">sakya_phuntsog_ling@yahoo.com<\/a><\/p>\n\n\n\n<p>Ce centre bouddhiste de la tradition tib\u00e9taine Sakya a \u00e9t\u00e9 fond\u00e9 10 juin 1999 par le v\u00e9n\u00e9rable Khenchen Sherab Gyaltsen Amipa Rinpoche, et avec l\u2019aide de Genevi\u00e8ve Journet, l\u2019une de ses premi\u00e8res disciples en France. Localis\u00e9 \u00e0 Toulouse pendant de nombreuses ann\u00e9es, il a \u00e9t\u00e9 relocalis\u00e9 dans la banlieue toulousaine en 2017.<\/p>\n\n\n\n<p><em>Phuntsog<\/em> (\u0f55\u0f74\u0f53\u0f0b\u0f5a\u0f7c\u0f42\u0f66\u0f0b) signifie recevoir les fondements n\u00e9cessaires \u00e0 une pratique fructueuse&nbsp;; et <em>Ling<\/em> (\u0f42\u0fb3\u0f72\u0f44\u0f0b) signifie le lieu, tant ext\u00e9rieur qu\u2019int\u00e9rieur, au sein duquel on peut assembler les bases et accumuler les vertus pour obtenir la Joie. Le v\u00e9ritable but \u00e9tant de tout g\u00e9n\u00e9rer activement pour tous les \u00eatres vivants.<\/p>\n\n\n\n<p>Khenchen Sherab Gyaltsen Amipa Rinpoche y a donn\u00e9 \u00e0 plusieurs reprises des enseignements et initiations accessibles \u00e0 tous. Depuis 2015, le v\u00e9n\u00e9rable Khenpo Tashi Sangpo Amipa poursuit l\u2019\u0153uvre initi\u00e9e par Khenchen Sherab et permet de maintenir les enseignements de la tradition Sakya vivants dans la r\u00e9gion toulousaine. En dehors de ses occasions, le groupe se r\u00e9unit pour des sessions d\u2019\u00e9tude et de m\u00e9ditation.<\/p>\n<\/div><\/div>\n\n\n\n<div  class=\"tribe-compatibility-container\" >\n\t<div\n\t\t class=\"tribe-common tribe-events tribe-events-view tribe-events-view--widget-events-list tribe-events-widget\" \t\tdata-js=\"tribe-events-view\"\n\t\tdata-view-rest-url=\"https:\/\/sakyapa.eu\/fr\/wp-json\/tribe\/views\/v2\/html\"\n\t\tdata-view-manage-url=\"1\"\n\t\t\t\t\t\t\tdata-view-breakpoint-pointer=\"43a8c7aa-f5b8-4037-baa6-0dcb5d648765\"\n\t\t\t>\n\t\t<div class=\"tribe-events-widget-events-list\">\n\n\t\t\t\n\t\t\t<script data-js=\"tribe-events-view-data\" type=\"application\/json\">\n\t{\"slug\":\"widget-events-list\",\"prev_url\":\"\",\"next_url\":\"\",\"view_class\":\"Tribe\\\\Events\\\\Views\\\\V2\\\\Views\\\\Widgets\\\\Widget_List_View\",\"view_slug\":\"widget-events-list\",\"view_label\":\"View\",\"view\":null,\"should_manage_url\":true,\"id\":null,\"alias-slugs\":null,\"title\":\"Prochains \\u00c9v\\u00e8nements \\u2013 Centres europ\\u00e9ens Sakya fond\\u00e9s par Khenchen Sherab\",\"limit\":\"5\",\"no_upcoming_events\":false,\"featured_events_only\":false,\"jsonld_enable\":true,\"tribe_is_list_widget\":false,\"admin_fields\":{\"title\":{\"label\":\"Titre\\u00a0:\",\"type\":\"text\",\"parent_classes\":\"\",\"classes\":\"\",\"dependency\":\"\",\"id\":\"widget-tribe-widget-events-list--1-title\",\"name\":\"widget-tribe-widget-events-list[-1][title]\",\"options\":[],\"placeholder\":\"\",\"value\":null},\"limit\":{\"label\":\"Afficher\\u00a0:\",\"type\":\"number\",\"default\":5,\"min\":1,\"max\":10,\"step\":1,\"parent_classes\":\"\",\"classes\":\"\",\"dependency\":\"\",\"id\":\"widget-tribe-widget-events-list--1-limit\",\"name\":\"widget-tribe-widget-events-list[-1][limit]\",\"options\":[],\"placeholder\":\"\",\"value\":null},\"metadata_section\":{\"type\":\"fieldset\",\"classes\":\"tribe-common-form-control-checkbox-checkbox-group\",\"label\":\"Display:\",\"children\":{\"cost\":{\"type\":\"checkbox\",\"label\":\"Price\",\"parent_classes\":\"\",\"classes\":\"\",\"dependency\":\"\",\"id\":\"widget-tribe-widget-events-list--1-cost\",\"name\":\"widget-tribe-widget-events-list[-1][cost]\",\"options\":[],\"placeholder\":\"\",\"value\":null},\"venue\":{\"type\":\"checkbox\",\"label\":\"Venue\",\"parent_classes\":\"\",\"classes\":\"\",\"dependency\":\"\",\"id\":\"widget-tribe-widget-events-list--1-venue\",\"name\":\"widget-tribe-widget-events-list[-1][venue]\",\"options\":[],\"placeholder\":\"\",\"value\":null},\"street\":{\"type\":\"checkbox\",\"label\":\"Street\",\"parent_classes\":\"\",\"classes\":\"\",\"dependency\":\"\",\"id\":\"widget-tribe-widget-events-list--1-street\",\"name\":\"widget-tribe-widget-events-list[-1][street]\",\"options\":[],\"placeholder\":\"\",\"value\":null},\"city\":{\"type\":\"checkbox\",\"label\":\"City\",\"parent_classes\":\"\",\"classes\":\"\",\"dependency\":\"\",\"id\":\"widget-tribe-widget-events-list--1-city\",\"name\":\"widget-tribe-widget-events-list[-1][city]\",\"options\":[],\"placeholder\":\"\",\"value\":null},\"region\":{\"type\":\"checkbox\",\"label\":\"State (US) Or Province (Int)\",\"parent_classes\":\"\",\"classes\":\"\",\"dependency\":\"\",\"id\":\"widget-tribe-widget-events-list--1-region\",\"name\":\"widget-tribe-widget-events-list[-1][region]\",\"options\":[],\"placeholder\":\"\",\"value\":null},\"zip\":{\"type\":\"checkbox\",\"label\":\"Postal Code\",\"parent_classes\":\"\",\"classes\":\"\",\"dependency\":\"\",\"id\":\"widget-tribe-widget-events-list--1-zip\",\"name\":\"widget-tribe-widget-events-list[-1][zip]\",\"options\":[],\"placeholder\":\"\",\"value\":null},\"country\":{\"type\":\"checkbox\",\"label\":\"Country\",\"parent_classes\":\"\",\"classes\":\"\",\"dependency\":\"\",\"id\":\"widget-tribe-widget-events-list--1-country\",\"name\":\"widget-tribe-widget-events-list[-1][country]\",\"options\":[],\"placeholder\":\"\",\"value\":null},\"phone\":{\"type\":\"checkbox\",\"label\":\"Phone\",\"parent_classes\":\"\",\"classes\":\"\",\"dependency\":\"\",\"id\":\"widget-tribe-widget-events-list--1-phone\",\"name\":\"widget-tribe-widget-events-list[-1][phone]\",\"options\":[],\"placeholder\":\"\",\"value\":null},\"organizer\":{\"type\":\"checkbox\",\"label\":\"Organizer\",\"parent_classes\":\"\",\"classes\":\"\",\"dependency\":\"\",\"id\":\"widget-tribe-widget-events-list--1-organizer\",\"name\":\"widget-tribe-widget-events-list[-1][organizer]\",\"options\":[],\"placeholder\":\"\",\"value\":null},\"website\":{\"type\":\"checkbox\",\"label\":\"Website\",\"parent_classes\":\"\",\"classes\":\"\",\"dependency\":\"\",\"id\":\"widget-tribe-widget-events-list--1-website\",\"name\":\"widget-tribe-widget-events-list[-1][website]\",\"options\":[],\"placeholder\":\"\",\"value\":null}},\"parent_classes\":\"\",\"dependency\":\"\",\"id\":\"widget-tribe-widget-events-list--1-metadata_section\",\"name\":\"widget-tribe-widget-events-list[-1][metadata_section]\",\"options\":[],\"placeholder\":\"\",\"value\":null},\"taxonomy_section\":{\"type\":\"section\",\"classes\":[\"calendar-widget-filters-container\"],\"label\":\"Filters:\",\"children\":{\"filters\":{\"type\":\"taxonomy-filters\",\"parent_classes\":\"\",\"classes\":\"\",\"dependency\":\"\",\"id\":\"widget-tribe-widget-events-list--1-filters\",\"label\":\"\",\"name\":\"widget-tribe-widget-events-list[-1][filters]\",\"options\":[],\"placeholder\":\"\",\"value\":null,\"list_items\":[]},\"operand\":{\"type\":\"fieldset\",\"classes\":\"tribe-common-form-control-checkbox-radio-group\",\"label\":\"Operand:\",\"selected\":\"OR\",\"children\":[{\"type\":\"radio\",\"label\":\"Match any\",\"button_value\":\"OR\",\"parent_classes\":\"\",\"classes\":\"\",\"dependency\":\"\",\"id\":\"widget-tribe-widget-events-list--1-operand\",\"name\":\"widget-tribe-widget-events-list[-1][operand]\",\"options\":[],\"placeholder\":\"\",\"value\":null},{\"type\":\"radio\",\"label\":\"Match all\",\"button_value\":\"AND\",\"parent_classes\":\"\",\"classes\":\"\",\"dependency\":\"\",\"id\":\"widget-tribe-widget-events-list--1-operand\",\"name\":\"widget-tribe-widget-events-list[-1][operand]\",\"options\":[],\"placeholder\":\"\",\"value\":null}],\"parent_classes\":\"\",\"dependency\":\"\",\"id\":\"widget-tribe-widget-events-list--1-operand\",\"name\":\"widget-tribe-widget-events-list[-1][operand]\",\"options\":[],\"placeholder\":\"\",\"value\":null}},\"parent_classes\":\"\",\"dependency\":\"\",\"id\":\"widget-tribe-widget-events-list--1-taxonomy_section\",\"name\":\"widget-tribe-widget-events-list[-1][taxonomy_section]\",\"options\":[],\"placeholder\":\"\",\"value\":null},\"taxonomy\":{\"type\":\"taxonomy\",\"classes\":\"calendar-widget-add-filter\",\"label\":\"Add a filter:\",\"placeholder\":\"Select a Taxonomy Term\",\"parent_classes\":\"\",\"dependency\":\"\",\"id\":\"widget-tribe-widget-events-list--1-taxonomy\",\"name\":\"widget-tribe-widget-events-list[-1][taxonomy]\",\"options\":[],\"value\":null},\"no_upcoming_events\":{\"label\":\"Cacher ce widget s\\u2019il n\\u2019y a pas d\\u2019\\u00e9v\\u00e8nements \\u00e0 venir.\",\"type\":\"checkbox\",\"parent_classes\":\"\",\"classes\":\"\",\"dependency\":\"\",\"id\":\"widget-tribe-widget-events-list--1-no_upcoming_events\",\"name\":\"widget-tribe-widget-events-list[-1][no_upcoming_events]\",\"options\":[],\"placeholder\":\"\",\"value\":null},\"featured_events_only\":{\"label\":\"Limiter uniquement pour les \\u00e9v\\u00e8nements mis en avant\",\"type\":\"checkbox\",\"parent_classes\":\"\",\"classes\":\"\",\"dependency\":\"\",\"id\":\"widget-tribe-widget-events-list--1-featured_events_only\",\"name\":\"widget-tribe-widget-events-list[-1][featured_events_only]\",\"options\":[],\"placeholder\":\"\",\"value\":null},\"jsonld_enable\":{\"label\":\"G\\u00e9n\\u00e9rer les donn\\u00e9es JSON-LD\",\"type\":\"checkbox\",\"parent_classes\":\"\",\"classes\":\"\",\"dependency\":\"\",\"id\":\"widget-tribe-widget-events-list--1-jsonld_enable\",\"name\":\"widget-tribe-widget-events-list[-1][jsonld_enable]\",\"options\":[],\"placeholder\":\"\",\"value\":null}},\"venue\":false,\"country\":false,\"street\":false,\"city\":false,\"region\":false,\"zip\":false,\"phone\":false,\"cost\":false,\"organizer\":false,\"website\":false,\"operand\":\"AND\",\"filters\":\"\",\"events\":[],\"url\":\"https:\\\/\\\/sakyapa.eu\\\/fr\\\/?post_type=tribe_events&eventDisplay=widget-events-list\",\"url_event_date\":false,\"bar\":{\"keyword\":\"\",\"date\":\"\"},\"today\":\"2026-04-21 00:00:00\",\"now\":\"2026-04-21 16:05:02\",\"home_url\":\"https:\\\/\\\/sakyapa.eu\\\/fr\\\/\",\"rest_url\":\"https:\\\/\\\/sakyapa.eu\\\/fr\\\/wp-json\\\/tribe\\\/views\\\/v2\\\/html\",\"rest_method\":\"GET\",\"rest_nonce\":\"\",\"today_url\":\"https:\\\/\\\/sakyapa.eu\\\/fr\\\/?post_type=tribe_events&eventDisplay=widget-events-list&rest_route=%2Fwp%2Fv2%2Fpages%2F37533\",\"today_title\":\"Cliquer pour s\\u00e9lectionner la date du jour\",\"today_label\":\"Aujourd\\u2019hui\",\"prev_label\":\"\",\"next_label\":\"\",\"date_formats\":{\"compact\":\"n\\\/j\\\/Y\",\"month_and_year_compact\":\"n\\\/Y\",\"month_and_year\":\"F Y\",\"time_range_separator\":\" - \",\"date_time_separator\":\" @ \"},\"messages\":{\"notice\":[\"Il n\\u2019y a pas d\\u2019\\u00e9v\\u00e8nements \\u00e0 venir.\"]},\"start_of_week\":\"1\",\"header_title\":\"\",\"header_title_element\":\"h1\",\"content_title\":\"\",\"breadcrumbs\":[],\"before_events\":\"\",\"after_events\":\"\\n<!--\\nThis calendar is powered by The Events Calendar.\\nhttp:\\\/\\\/evnt.is\\\/18wn\\n-->\\n\",\"display_events_bar\":false,\"disable_event_search\":false,\"live_refresh\":true,\"ical\":{\"display_link\":true,\"link\":{\"url\":\"https:\\\/\\\/sakyapa.eu\\\/fr\\\/?post_type=tribe_events&#038;eventDisplay=widget-events-list&#038;ical=1\",\"text\":\"Exporter \\u00c9v\\u00e8nements\",\"title\":\"Utilisez ceci pour partager les donn\\u00e9es de calendrier avec Google Calendar, Apple iCal et d\\u2019autres applications compatibles\"}},\"container_classes\":[\"tribe-common\",\"tribe-events\",\"tribe-events-view\",\"tribe-events-view--widget-events-list\",\"tribe-events-widget\"],\"container_data\":[],\"is_past\":false,\"breakpoints\":{\"xsmall\":500,\"medium\":768,\"full\":960},\"breakpoint_pointer\":\"43a8c7aa-f5b8-4037-baa6-0dcb5d648765\",\"is_initial_load\":false,\"public_views\":{\"list\":{\"view_class\":\"Tribe\\\\Events\\\\Views\\\\V2\\\\Views\\\\List_View\",\"view_url\":\"https:\\\/\\\/sakyapa.eu\\\/fr\\\/(\\\/?:events|veranstaltungen|Veranstaltungen|vnements|\\u00e9v\\u00e8nements|\\u00e9v\\u00e9nements|eventi|Eventi|evenementen|evenemang)\\\/liste\\\/\",\"view_label\":\"Liste\",\"aria_label\":\"Display \\u00c9v\\u00e8nements in Liste View\"},\"month\":{\"view_class\":\"Tribe\\\\Events\\\\Views\\\\V2\\\\Views\\\\Month_View\",\"view_url\":\"https:\\\/\\\/sakyapa.eu\\\/fr\\\/(\\\/?:events|veranstaltungen|Veranstaltungen|vnements|\\u00e9v\\u00e8nements|\\u00e9v\\u00e9nements|eventi|Eventi|evenementen|evenemang)\\\/mois\\\/\",\"view_label\":\"Mois\",\"aria_label\":\"Display \\u00c9v\\u00e8nements in Mois View\"},\"day\":{\"view_class\":\"Tribe\\\\Events\\\\Views\\\\V2\\\\Views\\\\Day_View\",\"view_url\":\"https:\\\/\\\/sakyapa.eu\\\/fr\\\/(\\\/?:events|veranstaltungen|Veranstaltungen|vnements|\\u00e9v\\u00e8nements|\\u00e9v\\u00e9nements|eventi|Eventi|evenementen|evenemang)\\\/aujourd\\u2019hui\\\/\",\"view_label\":\"Jour\",\"aria_label\":\"Display \\u00c9v\\u00e8nements in Jour View\"}},\"show_latest_past\":false,\"past\":false,\"compatibility_classes\":[\"tribe-compatibility-container\"],\"view_more_text\":\"Voir le calendrier\",\"view_more_title\":\"Voir plus d\\u2019\\u00e9v\\u00e8nements.\",\"view_more_link\":\"https:\\\/\\\/sakyapa.eu\\\/fr\\\/(\\\/?:events|veranstaltungen|Veranstaltungen|vnements|\\u00e9v\\u00e8nements|\\u00e9v\\u00e9nements|eventi|Eventi|evenementen|evenemang)\\\/\",\"widget_title\":\"Upcoming Events\",\"hide_if_no_upcoming_events\":false,\"display\":{\"cost\":false,\"venue\":false,\"street\":false,\"city\":false,\"region\":false,\"zip\":false,\"country\":false,\"phone\":false,\"organizer\":false,\"website\":false},\"subscribe_links\":{\"gcal\":{\"label\":\"Google Agenda\",\"single_label\":\"Ajouter \\u00e0 Google Agenda\",\"visible\":true,\"block_slug\":\"hasGoogleCalendar\"},\"ical\":{\"label\":\"iCalendar\",\"single_label\":\"Ajouter \\u00e0 iCalendar\",\"visible\":true,\"block_slug\":\"hasiCal\"},\"outlook-365\":{\"label\":\"Outlook 365\",\"single_label\":\"Outlook 365\",\"visible\":true,\"block_slug\":\"hasOutlook365\"},\"outlook-live\":{\"label\":\"Outlook Live\",\"single_label\":\"Outlook Live\",\"visible\":true,\"block_slug\":\"hasOutlookLive\"},\"ics\":{\"label\":\"Exporter le fichier .ics\",\"single_label\":\"Exporter le fichier .ics\",\"visible\":true,\"block_slug\":null},\"outlook-ics\":{\"label\":\"Exporter le fichier Outlook .ics\",\"single_label\":\"Exporter le fichier Outlook .ics\",\"visible\":true,\"block_slug\":null}},\"display_recurring_toggle\":false,\"_context\":{\"slug\":\"widget-events-list\"}}<\/script>\n\n\t\t\t\t\t\t\t<header class=\"tribe-events-widget-events-list__header\">\n\t\t\t\t\t<h2 class=\"tribe-events-widget-events-list__header-title tribe-common-h6 tribe-common-h--alt\">\n\t\t\t\t\t\tUpcoming Events\t\t\t\t\t<\/h2>\n\t\t\t\t<\/header>\n\t\t\t\n\t\t\t\n\t\t\t\t<div  class=\"tribe-events-header__messages tribe-events-c-messages tribe-common-b2\"  >\n\t\t\t<div class=\"tribe-events-c-messages__message tribe-events-c-messages__message--notice\" role=\"alert\">\n\t\t\t<svg  class=\"tribe-common-c-svgicon tribe-common-c-svgicon--messages-not-found tribe-events-c-messages__message-icon-svg\"  viewBox=\"0 0 21 23\" xmlns=\"http:\/\/www.w3.org\/2000\/svg\" aria-hidden=\"true\" role=\"presentation\" tabindex=\"-1\">\n\t<g fill-rule=\"evenodd\">\n\t\t<path d=\"M.5 2.5h20v20H.5z\"\/>\n\t\t<path stroke-linecap=\"round\" d=\"M7.583 11.583l5.834 5.834m0-5.834l-5.834 5.834\" class=\"tribe-common-c-svgicon__svg-stroke\"\/>\n\t\t<path stroke-linecap=\"round\" d=\"M4.5.5v4m12-4v4\"\/>\n\t\t<path stroke-linecap=\"square\" d=\"M.5 7.5h20\"\/>\n\t<\/g>\n<\/svg>\n\t\t\t<div class=\"tribe-events-c-messages__message-list\" tabindex=\"0\" role=\"alert\" aria-live=\"polite\">\n\t\t\t\t\t\t\t\t\t<div\n\t\t\t\t\t\tclass=\"tribe-events-c-messages__message-list-item\"\n\t\t\t\t\t\t data-key=\"0\" \t\t\t\t\t>\n\t\t\t\t\t\tIl n\u2019y a pas d\u2019\u00e9v\u00e8nements \u00e0 venir.\t\t\t\t\t<\/div>\n\t\t\t\t\t\t\t<\/div>\n\t\t<\/div>\n\t<\/div>\n\n\t\t\t\t\t<\/div>\n\t<\/div>\n<\/div>\n<script data-js='tribe-events-view-nonce-data' type='application\/json'>{\"tvn1\":\"b14134613e\",\"tvn2\":\"\"}<\/script>\n","protected":false},"excerpt":{"rendered":"<p>Pr\u00e9sident\u00a0: Fr\u00e9d\u00e9ric Godde4 impasse Henri Gr\u00e9goire, 31170 Tournefeuille, FranceMobile : +33 (0)6 62 35 89 88Mail : sakya_phuntsog_ling@yahoo.com Ce centre bouddhiste de la tradition tib\u00e9taine &hellip; <\/p>\n","protected":false},"author":1,"featured_media":0,"parent":0,"menu_order":0,"comment_status":"closed","ping_status":"closed","template":"","meta":{"_tec_requires_first_save":true,"_eb_attr":"","_price":"","_stock":"","_tribe_ticket_header":"","_tribe_default_ticket_provider":"","_tribe_ticket_capacity":"0","_ticket_start_date":"","_ticket_end_date":"","_tribe_ticket_show_description":"","_tribe_ticket_show_not_going":false,"_tribe_ticket_use_global_stock":"","_tribe_ticket_global_stock_level":"","_global_stock_mode":"","_global_stock_cap":"","_tribe_rsvp_for_event":"","_tribe_ticket_going_count":"","_tribe_ticket_not_going_count":"","_tribe_tickets_list":"[]","_tribe_ticket_has_attendee_info_fields":false,"_EventAllDay":false,"_EventTimezone":"","_EventStartDate":"","_EventEndDate":"","_EventStartDateUTC":"","_EventEndDateUTC":"","_EventShowMap":false,"_EventShowMapLink":false,"_EventURL":"","_EventCost":"","_EventCostDescription":"","_EventCurrencySymbol":"","_EventCurrencyCode":"","_EventCurrencyPosition":"","_EventDateTimeSeparator":"","_EventTimeRangeSeparator":"","_EventOrganizerID":[],"_EventVenueID":[],"_OrganizerEmail":"","_OrganizerPhone":"","_OrganizerWebsite":"","_VenueAddress":"","_VenueCity":"","_VenueCountry":"","_VenueProvince":"","_VenueState":"","_VenueZip":"","_VenuePhone":"","_VenueURL":"","_VenueStateProvince":"","_VenueLat":"","_VenueLng":"","_VenueShowMap":false,"_VenueShowMapLink":false,"_tribe_blocks_recurrence_rules":"","_tribe_blocks_recurrence_description":"","_tribe_blocks_recurrence_exclusions":"","footnotes":"","_tec_slr_enabled":"","_tec_slr_layout":""},"class_list":["post-37533","page","type-page","status-publish","hentry","latest_post"],"ticketed":false,"_links":{"self":[{"href":"https:\/\/sakyapa.eu\/fr\/wp-json\/wp\/v2\/pages\/37533","targetHints":{"allow":["GET"]}}],"collection":[{"href":"https:\/\/sakyapa.eu\/fr\/wp-json\/wp\/v2\/pages"}],"about":[{"href":"https:\/\/sakyapa.eu\/fr\/wp-json\/wp\/v2\/types\/page"}],"author":[{"embeddable":true,"href":"https:\/\/sakyapa.eu\/fr\/wp-json\/wp\/v2\/users\/1"}],"replies":[{"embeddable":true,"href":"https:\/\/sakyapa.eu\/fr\/wp-json\/wp\/v2\/comments?post=37533"}],"version-history":[{"count":4,"href":"https:\/\/sakyapa.eu\/fr\/wp-json\/wp\/v2\/pages\/37533\/revisions"}],"predecessor-version":[{"id":37582,"href":"https:\/\/sakyapa.eu\/fr\/wp-json\/wp\/v2\/pages\/37533\/revisions\/37582"}],"wp:attachment":[{"href":"https:\/\/sakyapa.eu\/fr\/wp-json\/wp\/v2\/media?parent=37533"}],"curies":[{"name":"wp","href":"https:\/\/api.w.org\/{rel}","templated":true}]}}