{"id":37466,"date":"2025-06-14T12:10:45","date_gmt":"2025-06-14T10:10:45","guid":{"rendered":"https:\/\/sakyapa.eu\/sakya-tsechen-ling-2\/"},"modified":"2025-06-14T12:56:48","modified_gmt":"2025-06-14T10:56:48","slug":"sakya-tsechen-ling-2","status":"publish","type":"page","link":"https:\/\/sakyapa.eu\/fr\/sakya-tsechen-ling-2\/","title":{"rendered":"Sakya Tsechen Ling"},"content":{"rendered":"\n<p>Groupe de M\u00e9ditation et d\u2019\u00c9tude \u00e0 Zurich, Suisse<br>E-mail : <a href=\"mailto:sakyatsechenling@gmx.net\">sakyatsechenling@gmx.net<\/a><\/p>\n\n\n\n<div class=\"wp-block-media-text is-stacked-on-mobile is-vertically-aligned-top\"><figure class=\"wp-block-media-text__media\"><img fetchpriority=\"high\" decoding=\"async\" width=\"1000\" height=\"667\" src=\"https:\/\/sakyapa.eu\/wp-content\/uploads\/2025\/06\/photo-Sakya-Tsechen-Ling-Zurich-Switzerland.jpg\" alt=\"\" class=\"wp-image-37459 size-full\" srcset=\"https:\/\/sakyapa.eu\/wp-content\/uploads\/2025\/06\/photo-Sakya-Tsechen-Ling-Zurich-Switzerland.jpg 1000w, https:\/\/sakyapa.eu\/wp-content\/uploads\/2025\/06\/photo-Sakya-Tsechen-Ling-Zurich-Switzerland-300x200.jpg 300w, https:\/\/sakyapa.eu\/wp-content\/uploads\/2025\/06\/photo-Sakya-Tsechen-Ling-Zurich-Switzerland-768x512.jpg 768w, https:\/\/sakyapa.eu\/wp-content\/uploads\/2025\/06\/photo-Sakya-Tsechen-Ling-Zurich-Switzerland-90x60.jpg 90w, https:\/\/sakyapa.eu\/wp-content\/uploads\/2025\/06\/photo-Sakya-Tsechen-Ling-Zurich-Switzerland-480x320.jpg 480w, https:\/\/sakyapa.eu\/wp-content\/uploads\/2025\/06\/photo-Sakya-Tsechen-Ling-Zurich-Switzerland-420x280.jpg 420w\" sizes=\"(max-width: 1000px) 100vw, 1000px\" \/><\/figure><div class=\"wp-block-media-text__content\">\n<p>SAKYA TSECHEN LING est un groupe de m\u00e9ditation et d\u2019\u00e9tude dans la tradition Sakya du bouddhisme tib\u00e9tain, qui se r\u00e9unit une fois par mois le mercredi apr\u00e8s-midi \u00e0 Zurich.<\/p>\n\n\n\n<p><br>L\u2019association a \u00e9t\u00e9 fond\u00e9e en 1986 et le V\u00e9n\u00e9rable Khenchen Sherab Gyaltsen Amipa en a \u00e9t\u00e9 le guide spirituel pendant pr\u00e8s de 30 ans, offrant de nombreux enseignements et initiations.<\/p>\n\n\n\n<p>Bien que ce soit une petite association, elle a eu l\u2019honneur d\u2019accueillir \u00e0 Zurich et dans la r\u00e9gion certains des plus grands ma\u00eetres du bouddhisme tib\u00e9tain.<br>Apr\u00e8s le d\u00e9c\u00e8s de son fondateur le 14 avril 2014, Khenpo Tashi Sangpo Amipa en a repris la direction spirituelle.<\/p>\n\n\n\n<p>Le 1er janvier 2025, l\u2019association a \u00e9t\u00e9 int\u00e9gr\u00e9e au Centre Bouddhiste Thupten Changchup Ling \u00e0 Arosio, en Suisse, et poursuit ses activit\u00e9s sans changement.<\/p>\n<\/div><\/div>\n","protected":false},"excerpt":{"rendered":"<p>Groupe de M\u00e9ditation et d\u2019\u00c9tude \u00e0 Zurich, SuisseE-mail : sakyatsechenling@gmx.net SAKYA TSECHEN LING est un groupe de m\u00e9ditation et d\u2019\u00e9tude dans la tradition Sakya du &hellip; <\/p>\n","protected":false},"author":1,"featured_media":0,"parent":0,"menu_order":0,"comment_status":"closed","ping_status":"closed","template":"","meta":{"_tec_requires_first_save":true,"_eb_attr":"","_price":"","_stock":"","_tribe_ticket_header":"","_tribe_default_ticket_provider":"","_tribe_ticket_capacity":"0","_ticket_start_date":"","_ticket_end_date":"","_tribe_ticket_show_description":"","_tribe_ticket_show_not_going":false,"_tribe_ticket_use_global_stock":"","_tribe_ticket_global_stock_level":"","_global_stock_mode":"","_global_stock_cap":"","_tribe_rsvp_for_event":"","_tribe_ticket_going_count":"","_tribe_ticket_not_going_count":"","_tribe_tickets_list":"[]","_tribe_ticket_has_attendee_info_fields":false,"_EventAllDay":false,"_EventTimezone":"","_EventStartDate":"","_EventEndDate":"","_EventStartDateUTC":"","_EventEndDateUTC":"","_EventShowMap":false,"_EventShowMapLink":false,"_EventURL":"","_EventCost":"","_EventCostDescription":"","_EventCurrencySymbol":"","_EventCurrencyCode":"","_EventCurrencyPosition":"","_EventDateTimeSeparator":"","_EventTimeRangeSeparator":"","_EventOrganizerID":[],"_EventVenueID":[],"_OrganizerEmail":"","_OrganizerPhone":"","_OrganizerWebsite":"","_VenueAddress":"","_VenueCity":"","_VenueCountry":"","_VenueProvince":"","_VenueState":"","_VenueZip":"","_VenuePhone":"","_VenueURL":"","_VenueStateProvince":"","_VenueLat":"","_VenueLng":"","_VenueShowMap":false,"_VenueShowMapLink":false,"_tribe_blocks_recurrence_rules":"","_tribe_blocks_recurrence_description":"","_tribe_blocks_recurrence_exclusions":"","footnotes":"","_tec_slr_enabled":"","_tec_slr_layout":""},"class_list":["post-37466","page","type-page","status-publish","hentry","latest_post"],"ticketed":false,"_links":{"self":[{"href":"https:\/\/sakyapa.eu\/fr\/wp-json\/wp\/v2\/pages\/37466","targetHints":{"allow":["GET"]}}],"collection":[{"href":"https:\/\/sakyapa.eu\/fr\/wp-json\/wp\/v2\/pages"}],"about":[{"href":"https:\/\/sakyapa.eu\/fr\/wp-json\/wp\/v2\/types\/page"}],"author":[{"embeddable":true,"href":"https:\/\/sakyapa.eu\/fr\/wp-json\/wp\/v2\/users\/1"}],"replies":[{"embeddable":true,"href":"https:\/\/sakyapa.eu\/fr\/wp-json\/wp\/v2\/comments?post=37466"}],"version-history":[{"count":2,"href":"https:\/\/sakyapa.eu\/fr\/wp-json\/wp\/v2\/pages\/37466\/revisions"}],"predecessor-version":[{"id":37577,"href":"https:\/\/sakyapa.eu\/fr\/wp-json\/wp\/v2\/pages\/37466\/revisions\/37577"}],"wp:attachment":[{"href":"https:\/\/sakyapa.eu\/fr\/wp-json\/wp\/v2\/media?parent=37466"}],"curies":[{"name":"wp","href":"https:\/\/api.w.org\/{rel}","templated":true}]}}