{"id":37434,"date":"2025-06-14T11:49:56","date_gmt":"2025-06-14T09:49:56","guid":{"rendered":"https:\/\/sakyapa.eu\/sakya-thegchen-ling\/"},"modified":"2025-06-14T12:55:24","modified_gmt":"2025-06-14T10:55:24","slug":"sakya-thegchen-ling","status":"publish","type":"page","link":"https:\/\/sakyapa.eu\/fr\/sakya-thegchen-ling\/","title":{"rendered":"Sakya Thegchen Ling"},"content":{"rendered":"\n<p>Laan van Meerdervoort 200 A, NL-2517 BJ La Haye, Pays-Bas<\/p>\n\n\n\n<p>Site web : <a href=\"http:\/\/www.sakya.nl\">www.sakya.nl<\/a><br>Tel : +31 (0)6 12116704<br>E-mail : <a href=\"mailto:sakya.denhaag@hotmail.com\">sakya.denhaag@hotmail.com<\/a><br><br><strong>Soutenez ce centre :<\/strong><br>Num\u00e9ro de compte bancaire : NL83 TRIO 0197 7958 03<br>BIC : TRIONL2U<\/p>\n\n\n\n<div class=\"wp-block-media-text is-stacked-on-mobile is-vertically-aligned-top\" style=\"grid-template-columns:46% auto\"><figure class=\"wp-block-media-text__media\"><img fetchpriority=\"high\" decoding=\"async\" width=\"768\" height=\"1024\" src=\"https:\/\/sakyapa.eu\/wp-content\/uploads\/2025\/06\/photo-Sakya-Thegchen-Ling-NL-768x1024.jpeg\" alt=\"\" class=\"wp-image-37421 size-full\" srcset=\"https:\/\/sakyapa.eu\/wp-content\/uploads\/2025\/06\/photo-Sakya-Thegchen-Ling-NL-768x1024.jpeg 768w, https:\/\/sakyapa.eu\/wp-content\/uploads\/2025\/06\/photo-Sakya-Thegchen-Ling-NL-225x300.jpeg 225w, https:\/\/sakyapa.eu\/wp-content\/uploads\/2025\/06\/photo-Sakya-Thegchen-Ling-NL-1152x1536.jpeg 1152w, https:\/\/sakyapa.eu\/wp-content\/uploads\/2025\/06\/photo-Sakya-Thegchen-Ling-NL-45x60.jpeg 45w, https:\/\/sakyapa.eu\/wp-content\/uploads\/2025\/06\/photo-Sakya-Thegchen-Ling-NL.jpeg 1512w\" sizes=\"(max-width: 768px) 100vw, 768px\" \/><\/figure><div class=\"wp-block-media-text__content\">\n<p>Sakya Thegchen Ling est le centre bouddhiste tib\u00e9tain de la tradition Sakya aux Pays-Bas. Il est situ\u00e9 \u00e0 La Haye, ville de paix et de justice, sur la Laan van Meerdervoort, une grande avenue centrale.<\/p>\n\n\n\n<p>Feu le V\u00e9n\u00e9rable Khenchen Sherab Gyaltsen Amipa a visit\u00e9 les Pays-Bas en octobre 1976 \u00e0 l\u2019invitation de la Fondation des Amis du Bouddhisme. C\u2019est au cours de cette visite qu\u2019a \u00e9t\u00e9 d\u00e9cid\u00e9e la fondation d\u2019un centre Sakya aux Pays-Bas. Le centre a \u00e9t\u00e9 enregistr\u00e9 comme fondation en 1985.<\/p>\n\n\n\n<p>La premi\u00e8re visite de Sa Saintet\u00e9 Kyabgon Gongma Trichen Rinpoche a eu lieu en septembre 1978. Il \u00e9tait accompagn\u00e9 de Lama Sangyay et de membres de sa famille, et il a conf\u00e9r\u00e9 les initiations de Bouddha Manjushri et Bouddha Amitayus.<\/p>\n\n\n\n<p>Sakya Thegchen Ling est propri\u00e9taire de l\u2019immeuble qui l\u2019abrite, l\u00e9gu\u00e9 par Emilie van der Wiel, envers qui la sangha est profond\u00e9ment reconnaissante.<\/p>\n\n\n\n<p><br>Le centre est un v\u00e9ritable lieu de rencontre pour toute personne souhaitant d\u00e9couvrir le bouddhisme tib\u00e9tain. En plus des r\u00e9unions hebdomadaires, le centre propose un cours d\u2019introduction au bouddhisme tib\u00e9tain, un cours de Samatha et Ng\u00f6ndro, une session de m\u00e9ditation en anglais, un groupe d\u2019\u00e9tude Lamdre, et un groupe d\u2019\u00e9tude Vajrayogini.<\/p>\n\n\n\n<p>Outre les pr\u00e9cieuses visites de Sa Saintet\u00e9, la sangha re\u00e7oit r\u00e9guli\u00e8rement Khenpo Tashi Sangpo Amipa et d&#8217;autres enseignants de la tradition Sakya.<\/p>\n<\/div><\/div>\n","protected":false},"excerpt":{"rendered":"<p>Laan van Meerdervoort 200 A, NL-2517 BJ La Haye, Pays-Bas Site web : www.sakya.nlTel : +31 (0)6 12116704E-mail : sakya.denhaag@hotmail.com Soutenez ce centre :Num\u00e9ro de &hellip; <\/p>\n","protected":false},"author":1,"featured_media":0,"parent":0,"menu_order":0,"comment_status":"closed","ping_status":"closed","template":"","meta":{"_tec_requires_first_save":true,"_eb_attr":"","_price":"","_stock":"","_tribe_ticket_header":"","_tribe_default_ticket_provider":"","_tribe_ticket_capacity":"0","_ticket_start_date":"","_ticket_end_date":"","_tribe_ticket_show_description":"","_tribe_ticket_show_not_going":false,"_tribe_ticket_use_global_stock":"","_tribe_ticket_global_stock_level":"","_global_stock_mode":"","_global_stock_cap":"","_tribe_rsvp_for_event":"","_tribe_ticket_going_count":"","_tribe_ticket_not_going_count":"","_tribe_tickets_list":"[]","_tribe_ticket_has_attendee_info_fields":false,"_EventAllDay":false,"_EventTimezone":"","_EventStartDate":"","_EventEndDate":"","_EventStartDateUTC":"","_EventEndDateUTC":"","_EventShowMap":false,"_EventShowMapLink":false,"_EventURL":"","_EventCost":"","_EventCostDescription":"","_EventCurrencySymbol":"","_EventCurrencyCode":"","_EventCurrencyPosition":"","_EventDateTimeSeparator":"","_EventTimeRangeSeparator":"","_EventOrganizerID":[],"_EventVenueID":[],"_OrganizerEmail":"","_OrganizerPhone":"","_OrganizerWebsite":"","_VenueAddress":"","_VenueCity":"","_VenueCountry":"","_VenueProvince":"","_VenueState":"","_VenueZip":"","_VenuePhone":"","_VenueURL":"","_VenueStateProvince":"","_VenueLat":"","_VenueLng":"","_VenueShowMap":false,"_VenueShowMapLink":false,"_tribe_blocks_recurrence_rules":"","_tribe_blocks_recurrence_description":"","_tribe_blocks_recurrence_exclusions":"","footnotes":"","_tec_slr_enabled":"","_tec_slr_layout":""},"class_list":["post-37434","page","type-page","status-publish","hentry","latest_post"],"ticketed":false,"_links":{"self":[{"href":"https:\/\/sakyapa.eu\/fr\/wp-json\/wp\/v2\/pages\/37434","targetHints":{"allow":["GET"]}}],"collection":[{"href":"https:\/\/sakyapa.eu\/fr\/wp-json\/wp\/v2\/pages"}],"about":[{"href":"https:\/\/sakyapa.eu\/fr\/wp-json\/wp\/v2\/types\/page"}],"author":[{"embeddable":true,"href":"https:\/\/sakyapa.eu\/fr\/wp-json\/wp\/v2\/users\/1"}],"replies":[{"embeddable":true,"href":"https:\/\/sakyapa.eu\/fr\/wp-json\/wp\/v2\/comments?post=37434"}],"version-history":[{"count":3,"href":"https:\/\/sakyapa.eu\/fr\/wp-json\/wp\/v2\/pages\/37434\/revisions"}],"predecessor-version":[{"id":37575,"href":"https:\/\/sakyapa.eu\/fr\/wp-json\/wp\/v2\/pages\/37434\/revisions\/37575"}],"wp:attachment":[{"href":"https:\/\/sakyapa.eu\/fr\/wp-json\/wp\/v2\/media?parent=37434"}],"curies":[{"name":"wp","href":"https:\/\/api.w.org\/{rel}","templated":true}]}}