{"id":37410,"date":"2025-06-14T11:33:09","date_gmt":"2025-06-14T09:33:09","guid":{"rendered":"https:\/\/sakyapa.eu\/yeshe-choling-sakya-forderverein-e-v\/"},"modified":"2025-06-14T12:54:10","modified_gmt":"2025-06-14T10:54:10","slug":"yeshe-choling-sakya-forderverein-e-v","status":"publish","type":"page","link":"https:\/\/sakyapa.eu\/fr\/yeshe-choling-sakya-forderverein-e-v\/","title":{"rendered":"Yeshe Ch\u00f6ling Sakya F\u00f6rderverein e.V."},"content":{"rendered":"\n<p><strong>Adresse : c\/o Veronika Lederer, Jahnstrasse 6, D-79117 Freiburg im Breisgau, Allemagne<br>Tel : +49 761 72412<br>E-mail : <a href=\"mailto:yeshe@sakya.de\">yeshe@sakya.de<\/a><\/strong><\/p>\n\n\n\n<div class=\"wp-block-media-text is-stacked-on-mobile is-vertically-aligned-top\" style=\"grid-template-columns:46% auto\"><figure class=\"wp-block-media-text__media\"><img fetchpriority=\"high\" decoding=\"async\" width=\"1024\" height=\"765\" src=\"https:\/\/sakyapa.eu\/wp-content\/uploads\/2025\/06\/photo-Yeshe-Choling-Freiburg-Germany-1024x765.jpg\" alt=\"\" class=\"wp-image-37400 size-full\" srcset=\"https:\/\/sakyapa.eu\/wp-content\/uploads\/2025\/06\/photo-Yeshe-Choling-Freiburg-Germany-1024x765.jpg 1024w, https:\/\/sakyapa.eu\/wp-content\/uploads\/2025\/06\/photo-Yeshe-Choling-Freiburg-Germany-300x224.jpg 300w, https:\/\/sakyapa.eu\/wp-content\/uploads\/2025\/06\/photo-Yeshe-Choling-Freiburg-Germany-768x574.jpg 768w, https:\/\/sakyapa.eu\/wp-content\/uploads\/2025\/06\/photo-Yeshe-Choling-Freiburg-Germany-1536x1147.jpg 1536w, https:\/\/sakyapa.eu\/wp-content\/uploads\/2025\/06\/photo-Yeshe-Choling-Freiburg-Germany-2048x1530.jpg 2048w, https:\/\/sakyapa.eu\/wp-content\/uploads\/2025\/06\/photo-Yeshe-Choling-Freiburg-Germany-80x60.jpg 80w, https:\/\/sakyapa.eu\/wp-content\/uploads\/2025\/06\/photo-Yeshe-Choling-Freiburg-Germany-470x352.jpg 470w\" sizes=\"(max-width: 1024px) 100vw, 1024px\" \/><\/figure><div class=\"wp-block-media-text__content\">\n<p>L&#8217;association a \u00e9t\u00e9 fond\u00e9e par le V\u00e9n\u00e9rable Khenchen Sherab Gyaltsen Amipa Rinpoche en novembre 1977 et est aujourd\u2019hui dirig\u00e9e par son successeur, Khenpo Tashi Sangpo Amipa.<br>Pendant des d\u00e9cennies, de nombreux \u00e9tudiants ont eu l&#8217;opportunit\u00e9 exceptionnelle de recevoir des enseignements authentiques de Rinpoche et de son successeur, ainsi que des initiations dans les quatre classes du bouddhisme Mahayana, en particulier dans la tradition tib\u00e9taine Sakya.<\/p>\n\n\n\n<p>Sa Saintet\u00e9 Kyabg\u00f6n Gongma Trichen Rinpoche a \u00e9galement donn\u00e9 des enseignements et initiations \u00e0 Fribourg \u00e0 l&#8217;invitation de Yeshe Ch\u00f6ling.<br>Le V\u00e9n\u00e9rable Khenpo Dakpa Woeser est \u00e9galement venu r\u00e9guli\u00e8rement pour accomplir des rituels selon le calendrier tib\u00e9tain.<\/p>\n\n\n\n<p>Depuis sa cr\u00e9ation, le but caritatif de l\u2019association Yeshe Ch\u00f6ling Sakya F\u00f6rderverein Freiburg e.V. est de soutenir financi\u00e8rement les r\u00e9fugi\u00e9s tib\u00e9tains, ainsi que des institutions \u00e9ducatives et m\u00e9dicales en Inde et au N\u00e9pal.<\/p>\n\n\n\n<p>En plus de Khenpo Tashi Sangpo Amipa, d&#8217;autres enseignants hautement qualifi\u00e9s du bouddhisme tib\u00e9tain de la tradition Sakya donnent r\u00e9guli\u00e8rement des enseignements et des s\u00e9minaires \u00e0 Yeshe Ch\u00f6ling, accessibles en ligne ou en pr\u00e9sentiel.<\/p>\n<\/div><\/div>\n\n\n\n<p><\/p>\n","protected":false},"excerpt":{"rendered":"<p>Adresse : c\/o Veronika Lederer, Jahnstrasse 6, D-79117 Freiburg im Breisgau, AllemagneTel : +49 761 72412E-mail : yeshe@sakya.de L&#8217;association a \u00e9t\u00e9 fond\u00e9e par le V\u00e9n\u00e9rable &hellip; <\/p>\n","protected":false},"author":1,"featured_media":0,"parent":0,"menu_order":0,"comment_status":"closed","ping_status":"closed","template":"","meta":{"_tec_requires_first_save":true,"_eb_attr":"","_price":"","_stock":"","_tribe_ticket_header":"","_tribe_default_ticket_provider":"","_tribe_ticket_capacity":"0","_ticket_start_date":"","_ticket_end_date":"","_tribe_ticket_show_description":"","_tribe_ticket_show_not_going":false,"_tribe_ticket_use_global_stock":"","_tribe_ticket_global_stock_level":"","_global_stock_mode":"","_global_stock_cap":"","_tribe_rsvp_for_event":"","_tribe_ticket_going_count":"","_tribe_ticket_not_going_count":"","_tribe_tickets_list":"[]","_tribe_ticket_has_attendee_info_fields":false,"_EventAllDay":false,"_EventTimezone":"","_EventStartDate":"","_EventEndDate":"","_EventStartDateUTC":"","_EventEndDateUTC":"","_EventShowMap":false,"_EventShowMapLink":false,"_EventURL":"","_EventCost":"","_EventCostDescription":"","_EventCurrencySymbol":"","_EventCurrencyCode":"","_EventCurrencyPosition":"","_EventDateTimeSeparator":"","_EventTimeRangeSeparator":"","_EventOrganizerID":[],"_EventVenueID":[],"_OrganizerEmail":"","_OrganizerPhone":"","_OrganizerWebsite":"","_VenueAddress":"","_VenueCity":"","_VenueCountry":"","_VenueProvince":"","_VenueState":"","_VenueZip":"","_VenuePhone":"","_VenueURL":"","_VenueStateProvince":"","_VenueLat":"","_VenueLng":"","_VenueShowMap":false,"_VenueShowMapLink":false,"_tribe_blocks_recurrence_rules":"","_tribe_blocks_recurrence_description":"","_tribe_blocks_recurrence_exclusions":"","footnotes":"","_tec_slr_enabled":"","_tec_slr_layout":""},"class_list":["post-37410","page","type-page","status-publish","hentry","latest_post"],"ticketed":false,"_links":{"self":[{"href":"https:\/\/sakyapa.eu\/fr\/wp-json\/wp\/v2\/pages\/37410","targetHints":{"allow":["GET"]}}],"collection":[{"href":"https:\/\/sakyapa.eu\/fr\/wp-json\/wp\/v2\/pages"}],"about":[{"href":"https:\/\/sakyapa.eu\/fr\/wp-json\/wp\/v2\/types\/page"}],"author":[{"embeddable":true,"href":"https:\/\/sakyapa.eu\/fr\/wp-json\/wp\/v2\/users\/1"}],"replies":[{"embeddable":true,"href":"https:\/\/sakyapa.eu\/fr\/wp-json\/wp\/v2\/comments?post=37410"}],"version-history":[{"count":2,"href":"https:\/\/sakyapa.eu\/fr\/wp-json\/wp\/v2\/pages\/37410\/revisions"}],"predecessor-version":[{"id":37570,"href":"https:\/\/sakyapa.eu\/fr\/wp-json\/wp\/v2\/pages\/37410\/revisions\/37570"}],"wp:attachment":[{"href":"https:\/\/sakyapa.eu\/fr\/wp-json\/wp\/v2\/media?parent=37410"}],"curies":[{"name":"wp","href":"https:\/\/api.w.org\/{rel}","templated":true}]}}