{"id":37285,"date":"2025-06-14T09:12:00","date_gmt":"2025-06-14T07:12:00","guid":{"rendered":"https:\/\/sakyapa.eu\/sa-saintete-le-42e-sakya-trizin-ratna-vajra-rinpoche\/"},"modified":"2025-06-14T10:23:06","modified_gmt":"2025-06-14T08:23:06","slug":"hh42","status":"publish","type":"page","link":"https:\/\/sakyapa.eu\/fr\/hh42\/","title":{"rendered":"Sa Saintet\u00e9 le 42\u00e8me Sakya Trizin Ratna Vajra Rinpoche"},"content":{"rendered":"\n<div class=\"wp-block-media-text is-stacked-on-mobile is-vertically-aligned-top\" style=\"grid-template-columns:43% auto\"><figure class=\"wp-block-media-text__media\"><img fetchpriority=\"high\" decoding=\"async\" width=\"800\" height=\"800\" src=\"https:\/\/sakyapa.eu\/wp-content\/uploads\/2025\/06\/env3j26f5e.jpg\" alt=\"\" class=\"wp-image-37240 size-full\" srcset=\"https:\/\/sakyapa.eu\/wp-content\/uploads\/2025\/06\/env3j26f5e.jpg 800w, https:\/\/sakyapa.eu\/wp-content\/uploads\/2025\/06\/env3j26f5e-300x300.jpg 300w, https:\/\/sakyapa.eu\/wp-content\/uploads\/2025\/06\/env3j26f5e-150x150.jpg 150w, https:\/\/sakyapa.eu\/wp-content\/uploads\/2025\/06\/env3j26f5e-768x768.jpg 768w, https:\/\/sakyapa.eu\/wp-content\/uploads\/2025\/06\/env3j26f5e-60x60.jpg 60w\" sizes=\"(max-width: 800px) 100vw, 800px\" \/><\/figure><div class=\"wp-block-media-text__content\">\n<p><br>Sa Saintet\u00e9 le 42<sup>\u00e8me<\/sup> Sakya Trizin Ratna Vajra Rinpoche, fils a\u00een\u00e9 de S.S. Kyabgon Gongma Trichen Rinpoche, est consid\u00e9r\u00e9 comme l&#8217;un des ma\u00eetres de lign\u00e9e les plus qualifi\u00e9s du bouddhisme tib\u00e9tain. R\u00e9put\u00e9 pour son \u00e9rudition et la clart\u00e9 de ses enseignements, Rinpoche appartient \u00e0 la prestigieuse famille Sakya Kh\u00f6n, dont les g\u00e9n\u00e9rations ont donn\u00e9 naissance \u00e0 une lign\u00e9e ininterrompue de ma\u00eetres exceptionnels.<\/p>\n\n\n\n<p>N\u00e9 le 19 novembre 1974 \u00e0 Dehradun, en Inde, Sa Saintet\u00e9 a \u00e9t\u00e9, d\u00e8s sa naissance, le r\u00e9cipiendaire d&#8217;innombrables b\u00e9n\u00e9dictions, initiations et enseignements de S.S. Kyabgon Gongma Trichen Rinpoche et de nombreux autres ma\u00eetres \u00e9rudits et r\u00e9alis\u00e9s.<\/p>\n\n\n\n<p>L&#8217;\u00e9ducation formelle de Rinpoche a commenc\u00e9 \u00e0 l&#8217;\u00e2ge de six ans, sous la direction du V\u00e9n\u00e9rable Rinchen Sangpo, avec l&#8217;\u00e9tude de la lecture, de l&#8217;\u00e9criture, de la grammaire, de la m\u00e9morisation et de la r\u00e9citation de pri\u00e8res et de rituels de base en tib\u00e9tain. En 1987, alors que Sa Saintet\u00e9 avait douze ans, il a pass\u00e9 son premier examen majeur au Centre Sakya de Rajpur, Dehradun. Deux ans plus tard, il a termin\u00e9 ses \u00e9tudes de base des principaux rituels et \u00e9critures de la tradition Sakya.<\/p>\n\n\n\n<p>En 1990, Rinpoche a commenc\u00e9 \u00e0 fr\u00e9quenter le Sakya College o\u00f9 il a \u00e9tudi\u00e9 principalement la philosophie bouddhiste sous la direction de feu Khenpo Migmar Tsering. En 1998, apr\u00e8s des ann\u00e9es de formation rigoureuse, Sa Saintet\u00e9 a termin\u00e9 ses \u00e9tudes et a obtenu le dipl\u00f4me de Kachupa, &#8220;ma\u00eetre des dix \u00e9critures&#8221;. Outre ses \u00e9tudes philosophiques, Sa Saintet\u00e9 a re\u00e7u de nombreux enseignements exot\u00e9riques et \u00e9sot\u00e9riques, des b\u00e9n\u00e9dictions, des initiations, des transmissions orales, des explications et des instructions essentielles, principalement de S.S. Kyabgon Gongma Trichen Rinpoche, mais aussi de nombreux autres ma\u00eetres de lign\u00e9es importantes, dont Sa Saintet\u00e9 le 14\u00e8me Dala\u00ef Lama, Son \u00c9minence Chogye Trichen Rinpoche, Son \u00c9minence Luding Khenchen Rinpoche et Khenchen Appey Rinpoche.<\/p>\n\n\n\n<p>\u00c0 partir de l&#8217;\u00e2ge de douze ans, Sa Saintet\u00e9 a effectu\u00e9 de nombreuses retraites de m\u00e9ditation, dont la retraite compl\u00e8te et rigoureuse d&#8217;Hevajra, l&#8217;une des conditions pr\u00e9alables pour pouvoir conf\u00e9rer les initiations pr\u00e9vues dans le Lamdre.<\/p>\n\n\n\n<p>Parmi tous ses pr\u00e9cieux enseignants, S.S. Kyabgon Gongma Trichen Rinpoche a toujours \u00e9t\u00e9, et continue d&#8217;\u00eatre, son principal Gourou Racine, une source de guidance et d&#8217;inspiration.<\/p>\n\n\n\n<p>En 2002, apr\u00e8s une longue recherche d&#8217;une \u00e9pouse, Son \u00c9minence Dagmo Kalden Dunkyi a \u00e9t\u00e9 choisie comme personne appropri\u00e9e selon l&#8217;ancienne tradition Sakya de la divination sacr\u00e9e, devenant ainsi la consort spirituelle de Sa Saintet\u00e9. Ensemble, ils ont trois enfants, qui sont \u00e9galement \u00e9duqu\u00e9s selon les anciennes traditions bouddhistes.<\/p>\n\n\n\n<p>Avec sagesse et compassion, Sa Saintet\u00e9 continue de transmettre r\u00e9guli\u00e8rement de nombreux enseignements et initiations dans des institutions bouddhistes renomm\u00e9es telles que le Sakya Institute, le Dzongsar Institute, le Sakya College, le Tantric College, l&#8217;International Buddhist Academy, et d&#8217;innombrables autres \u00e9coles, centres et monast\u00e8res dans le monde entier.<\/p>\n\n\n\n<p>Selon le nouveau syst\u00e8me de succession historique des d\u00e9tenteurs du tr\u00f4ne, unanimement approuv\u00e9 par le Dolma Phodrang et le Phuntsok Phodrang le 8 mai 2014, Sa Saintet\u00e9 a h\u00e9rit\u00e9 en 2017 de son p\u00e8re et Gourou Racine, du r\u00f4le prestigieux de d\u00e9tenteur du tr\u00f4ne, assumant le titre de : Sa Saintet\u00e9 le 42<sup>\u00e8me<\/sup> Sakya Trizin de la tradition Sakya du bouddhisme tib\u00e9tain.<\/p>\n\n\n\n<p>Sa Saintet\u00e9 continue de guider et d&#8217;inspirer les \u00e9tudiants du Dharma du monde entier avec sa sagesse, ses qualit\u00e9s authentiques de simplicit\u00e9 intacte, d&#8217;humilit\u00e9 et d&#8217;honn\u00eatet\u00e9 totale, conf\u00e9rant les enseignements du Bouddha de la mani\u00e8re la plus authentique et contribuant \u00e0 maintenir la tradition bouddhiste la plus pure.<\/p>\n<\/div><\/div>\n","protected":false},"excerpt":{"rendered":"<p>Sa Saintet\u00e9 le 42\u00e8me Sakya Trizin Ratna Vajra Rinpoche, fils a\u00een\u00e9 de S.S. Kyabgon Gongma Trichen Rinpoche, est consid\u00e9r\u00e9 comme l&#8217;un des ma\u00eetres de lign\u00e9e &hellip; <\/p>\n","protected":false},"author":1,"featured_media":0,"parent":0,"menu_order":0,"comment_status":"closed","ping_status":"closed","template":"","meta":{"_tec_requires_first_save":true,"_eb_attr":"","_price":"","_stock":"","_tribe_ticket_header":"","_tribe_default_ticket_provider":"","_tribe_ticket_capacity":"0","_ticket_start_date":"","_ticket_end_date":"","_tribe_ticket_show_description":"","_tribe_ticket_show_not_going":false,"_tribe_ticket_use_global_stock":"","_tribe_ticket_global_stock_level":"","_global_stock_mode":"","_global_stock_cap":"","_tribe_rsvp_for_event":"","_tribe_ticket_going_count":"","_tribe_ticket_not_going_count":"","_tribe_tickets_list":"[]","_tribe_ticket_has_attendee_info_fields":false,"_EventAllDay":false,"_EventTimezone":"","_EventStartDate":"","_EventEndDate":"","_EventStartDateUTC":"","_EventEndDateUTC":"","_EventShowMap":false,"_EventShowMapLink":false,"_EventURL":"","_EventCost":"","_EventCostDescription":"","_EventCurrencySymbol":"","_EventCurrencyCode":"","_EventCurrencyPosition":"","_EventDateTimeSeparator":"","_EventTimeRangeSeparator":"","_EventOrganizerID":[],"_EventVenueID":[],"_OrganizerEmail":"","_OrganizerPhone":"","_OrganizerWebsite":"","_VenueAddress":"","_VenueCity":"","_VenueCountry":"","_VenueProvince":"","_VenueState":"","_VenueZip":"","_VenuePhone":"","_VenueURL":"","_VenueStateProvince":"","_VenueLat":"","_VenueLng":"","_VenueShowMap":false,"_VenueShowMapLink":false,"_tribe_blocks_recurrence_rules":"","_tribe_blocks_recurrence_description":"","_tribe_blocks_recurrence_exclusions":"","footnotes":"","_tec_slr_enabled":"","_tec_slr_layout":""},"class_list":["post-37285","page","type-page","status-publish","hentry","latest_post"],"ticketed":false,"_links":{"self":[{"href":"https:\/\/sakyapa.eu\/fr\/wp-json\/wp\/v2\/pages\/37285","targetHints":{"allow":["GET"]}}],"collection":[{"href":"https:\/\/sakyapa.eu\/fr\/wp-json\/wp\/v2\/pages"}],"about":[{"href":"https:\/\/sakyapa.eu\/fr\/wp-json\/wp\/v2\/types\/page"}],"author":[{"embeddable":true,"href":"https:\/\/sakyapa.eu\/fr\/wp-json\/wp\/v2\/users\/1"}],"replies":[{"embeddable":true,"href":"https:\/\/sakyapa.eu\/fr\/wp-json\/wp\/v2\/comments?post=37285"}],"version-history":[{"count":4,"href":"https:\/\/sakyapa.eu\/fr\/wp-json\/wp\/v2\/pages\/37285\/revisions"}],"predecessor-version":[{"id":37326,"href":"https:\/\/sakyapa.eu\/fr\/wp-json\/wp\/v2\/pages\/37285\/revisions\/37326"}],"wp:attachment":[{"href":"https:\/\/sakyapa.eu\/fr\/wp-json\/wp\/v2\/media?parent=37285"}],"curies":[{"name":"wp","href":"https:\/\/api.w.org\/{rel}","templated":true}]}}