{"id":37279,"date":"2025-06-14T09:14:11","date_gmt":"2025-06-14T07:14:11","guid":{"rendered":"https:\/\/sakyapa.eu\/sa-saintete-le-43e-sakya-trizin-gyana-vajra-rinpoche\/"},"modified":"2025-06-14T10:23:42","modified_gmt":"2025-06-14T08:23:42","slug":"hh43","status":"publish","type":"page","link":"https:\/\/sakyapa.eu\/fr\/hh43\/","title":{"rendered":"Sa Saintet\u00e9 le 43\u00e8me Sakya Trizin Gyana Vajra Rinpoche"},"content":{"rendered":"\n<div class=\"wp-block-media-text is-stacked-on-mobile is-vertically-aligned-top\" style=\"grid-template-columns:37% auto\"><figure class=\"wp-block-media-text__media\"><img fetchpriority=\"high\" decoding=\"async\" width=\"715\" height=\"1024\" src=\"https:\/\/sakyapa.eu\/wp-content\/uploads\/2025\/06\/HH43RD-Gyana-Vajra-Rinpoche-715x1024.jpg\" alt=\"\" class=\"wp-image-37142 size-full\" srcset=\"https:\/\/sakyapa.eu\/wp-content\/uploads\/2025\/06\/HH43RD-Gyana-Vajra-Rinpoche-715x1024.jpg 715w, https:\/\/sakyapa.eu\/wp-content\/uploads\/2025\/06\/HH43RD-Gyana-Vajra-Rinpoche-209x300.jpg 209w, https:\/\/sakyapa.eu\/wp-content\/uploads\/2025\/06\/HH43RD-Gyana-Vajra-Rinpoche-768x1100.jpg 768w, https:\/\/sakyapa.eu\/wp-content\/uploads\/2025\/06\/HH43RD-Gyana-Vajra-Rinpoche-42x60.jpg 42w, https:\/\/sakyapa.eu\/wp-content\/uploads\/2025\/06\/HH43RD-Gyana-Vajra-Rinpoche.jpg 1039w\" sizes=\"(max-width: 715px) 100vw, 715px\" \/><\/figure><div class=\"wp-block-media-text__content\">\n<p><br>Sa Saintet\u00e9 Gyana Vajra Rinpoche, le plus jeune fils de S.S. Kyabgon Gongma Trichen Rinpoche, est n\u00e9 le 5 juillet 1979 \u00e0 Dehra Dun, en Inde. Il a re\u00e7u sa premi\u00e8re \u00e9ducation du V\u00e9n. Rinchen Sangpo, puis a \u00e9tudi\u00e9 au Sakya Centre, le principal monast\u00e8re de S.S. Gongma Trichen, et a finalement termin\u00e9 ses \u00e9tudes au Sakya College. Il a \u00e9galement re\u00e7u de nombreux enseignements et initiations majeurs de son p\u00e8re, S.S. Kyabgon Gongma Trichen Rinpoche.<\/p>\n\n\n\n<p>Combinant la sagesse ancienne avec la connaissance et une approche moderne, son style d&#8217;enseignement est unique, direct et profond, pertinent pour notre r\u00e9alit\u00e9 quotidienne, car les concepts bouddhistes complexes sont rendus accessibles gr\u00e2ce \u00e0 lui \u00e0 travers des exemples que tous les \u00e9tudiants peuvent facilement comprendre. Rinpoche a d\u00e9cid\u00e9 de guider ses \u00e9tudiants sur le chemin du Dharma en tant qu&#8217;ami, son ouverture et son sens de l&#8217;humour apportent de la joie \u00e0 tous ceux qui se trouvent en sa pr\u00e9sence.<\/p>\n\n\n\n<p>Actuellement, l&#8217;une de ses principales activit\u00e9s concerne la Sakya Academy, un projet qui vise \u00e0 fournir aux jeunes moines et nonnes une connaissance solide du bouddhisme et en m\u00eame temps une \u00e9ducation moderne, essentielle pour les aider \u00e0 se connecter au monde ext\u00e9rieur et \u00e0 rendre l&#8217;\u00e9tude des enseignements bouddhistes pertinente dans le contexte contemporain.<\/p>\n\n\n\n<p>En mars 2022, Sa Saintet\u00e9 Gyana Vajra Rinpoche Ngawang Kunga Rinchen Khyentse Dorje est officiellement devenu le 43<sup>\u00e8me<\/sup> Sakya Trizin.<\/p>\n<\/div><\/div>\n","protected":false},"excerpt":{"rendered":"<p>Sa Saintet\u00e9 Gyana Vajra Rinpoche, le plus jeune fils de S.S. Kyabgon Gongma Trichen Rinpoche, est n\u00e9 le 5 juillet 1979 \u00e0 Dehra Dun, en &hellip; <\/p>\n","protected":false},"author":1,"featured_media":0,"parent":0,"menu_order":0,"comment_status":"closed","ping_status":"closed","template":"","meta":{"_tec_requires_first_save":true,"_eb_attr":"","_price":"","_stock":"","_tribe_ticket_header":"","_tribe_default_ticket_provider":"","_tribe_ticket_capacity":"0","_ticket_start_date":"","_ticket_end_date":"","_tribe_ticket_show_description":"","_tribe_ticket_show_not_going":false,"_tribe_ticket_use_global_stock":"","_tribe_ticket_global_stock_level":"","_global_stock_mode":"","_global_stock_cap":"","_tribe_rsvp_for_event":"","_tribe_ticket_going_count":"","_tribe_ticket_not_going_count":"","_tribe_tickets_list":"[]","_tribe_ticket_has_attendee_info_fields":false,"_EventAllDay":false,"_EventTimezone":"","_EventStartDate":"","_EventEndDate":"","_EventStartDateUTC":"","_EventEndDateUTC":"","_EventShowMap":false,"_EventShowMapLink":false,"_EventURL":"","_EventCost":"","_EventCostDescription":"","_EventCurrencySymbol":"","_EventCurrencyCode":"","_EventCurrencyPosition":"","_EventDateTimeSeparator":"","_EventTimeRangeSeparator":"","_EventOrganizerID":[],"_EventVenueID":[],"_OrganizerEmail":"","_OrganizerPhone":"","_OrganizerWebsite":"","_VenueAddress":"","_VenueCity":"","_VenueCountry":"","_VenueProvince":"","_VenueState":"","_VenueZip":"","_VenuePhone":"","_VenueURL":"","_VenueStateProvince":"","_VenueLat":"","_VenueLng":"","_VenueShowMap":false,"_VenueShowMapLink":false,"_tribe_blocks_recurrence_rules":"","_tribe_blocks_recurrence_description":"","_tribe_blocks_recurrence_exclusions":"","footnotes":"","_tec_slr_enabled":"","_tec_slr_layout":""},"class_list":["post-37279","page","type-page","status-publish","hentry","latest_post"],"ticketed":false,"_links":{"self":[{"href":"https:\/\/sakyapa.eu\/fr\/wp-json\/wp\/v2\/pages\/37279","targetHints":{"allow":["GET"]}}],"collection":[{"href":"https:\/\/sakyapa.eu\/fr\/wp-json\/wp\/v2\/pages"}],"about":[{"href":"https:\/\/sakyapa.eu\/fr\/wp-json\/wp\/v2\/types\/page"}],"author":[{"embeddable":true,"href":"https:\/\/sakyapa.eu\/fr\/wp-json\/wp\/v2\/users\/1"}],"replies":[{"embeddable":true,"href":"https:\/\/sakyapa.eu\/fr\/wp-json\/wp\/v2\/comments?post=37279"}],"version-history":[{"count":2,"href":"https:\/\/sakyapa.eu\/fr\/wp-json\/wp\/v2\/pages\/37279\/revisions"}],"predecessor-version":[{"id":37327,"href":"https:\/\/sakyapa.eu\/fr\/wp-json\/wp\/v2\/pages\/37279\/revisions\/37327"}],"wp:attachment":[{"href":"https:\/\/sakyapa.eu\/fr\/wp-json\/wp\/v2\/media?parent=37279"}],"curies":[{"name":"wp","href":"https:\/\/api.w.org\/{rel}","templated":true}]}}