{"id":37269,"date":"2025-06-14T09:07:34","date_gmt":"2025-06-14T07:07:34","guid":{"rendered":"https:\/\/sakyapa.eu\/sa-saintete-jigdal-dagchen-sakya\/"},"modified":"2025-06-14T10:22:01","modified_gmt":"2025-06-14T08:22:01","slug":"hh-jd","status":"publish","type":"page","link":"https:\/\/sakyapa.eu\/fr\/hh-jd\/","title":{"rendered":"Sa Saintet\u00e9 Jigdal Dagchen Sakya"},"content":{"rendered":"\n<div class=\"wp-block-media-text is-stacked-on-mobile is-vertically-aligned-top\"><figure class=\"wp-block-media-text__media\"><img fetchpriority=\"high\" decoding=\"async\" width=\"977\" height=\"1024\" src=\"https:\/\/sakyapa.eu\/wp-content\/uploads\/2025\/06\/Sa-S.-Jigdal-Dagchen-Sakya02-1-977x1024.jpg\" alt=\"\" class=\"wp-image-37231 size-full\" srcset=\"https:\/\/sakyapa.eu\/wp-content\/uploads\/2025\/06\/Sa-S.-Jigdal-Dagchen-Sakya02-1-977x1024.jpg 977w, https:\/\/sakyapa.eu\/wp-content\/uploads\/2025\/06\/Sa-S.-Jigdal-Dagchen-Sakya02-1-286x300.jpg 286w, https:\/\/sakyapa.eu\/wp-content\/uploads\/2025\/06\/Sa-S.-Jigdal-Dagchen-Sakya02-1-768x805.jpg 768w, https:\/\/sakyapa.eu\/wp-content\/uploads\/2025\/06\/Sa-S.-Jigdal-Dagchen-Sakya02-1-57x60.jpg 57w, https:\/\/sakyapa.eu\/wp-content\/uploads\/2025\/06\/Sa-S.-Jigdal-Dagchen-Sakya02-1.jpg 1174w\" sizes=\"(max-width: 977px) 100vw, 977px\" \/><\/figure><div class=\"wp-block-media-text__content\">\n<p><br>Sa Saintet\u00e9 Jigdal Dagchen Sakya est n\u00e9 en 1929 dans le sud-ouest du Tibet, au sein de la branche Phuntsok de la lign\u00e9e Kh\u00f6n. Rinpoche a re\u00e7u des enseignements Hinayana, Mahayana et Vajrayana de son p\u00e8re, Sa Saintet\u00e9 Sakya Trichen Ngawang Thutob Wangchuk, le 40<sup>\u00e8me<\/sup> d\u00e9tenteur du tr\u00f4ne des Sakya au Tibet, et d&#8217;autres ma\u00eetres \u00e9minents. Il a \u00e9galement re\u00e7u la transmission ininterrompue de la lign\u00e9e Kh\u00f6n, les initiations Sakya de Vajrakilaya et Hevajra, le Lamdre complet et les 13 Dharmas d&#8217;or.<\/p>\n\n\n\n<p>Il a re\u00e7u son \u00e9ducation \u00e0 Sakya jusqu&#8217;\u00e0 l&#8217;\u00e2ge de 22 ans, puis s&#8217;est rendu dans l&#8217;est du Tibet pour recevoir des instructions spirituelles plus avanc\u00e9es et y a rencontr\u00e9 ses principaux ma\u00eetres. Il est devenu un grand ma\u00eetre tantrique, extr\u00eamement \u00e9rudit, et a transmis \u00e0 plusieurs reprises le Lamdre au Tibet &#8211; au Kham et \u00e0 Sakya, ainsi qu&#8217;au N\u00e9pal et en Inde.<\/p>\n\n\n\n<p>\u00c0 partir de 1960, Rinpoche a v\u00e9cu \u00e0 Seattle, aux \u00c9tats-Unis, o\u00f9 il s&#8217;est intens\u00e9ment engag\u00e9 dans la pr\u00e9servation et la transmission de la tradition bouddhiste tib\u00e9taine. Il a conf\u00e9r\u00e9 de nombreux enseignements et initiations aux \u00c9tats-Unis, au Canada, en Europe et en Asie de l&#8217;Est.<\/p>\n\n\n\n<p>\u00c0 Seattle, il a fond\u00e9 un important monast\u00e8re qui sert de si\u00e8ge pour les \u00e9tudes culturelles et religieuses en Occident. En 2001, \u00e0 New Delhi, il a \u00e9galement fond\u00e9 la Sakya Heritage Society, dans le but de pr\u00e9server l&#8217;h\u00e9ritage familial pour les g\u00e9n\u00e9rations futures et pour les d\u00e9tenteurs de la lign\u00e9e.<\/p>\n\n\n\n<p>Le 8 mai 2014, le nouveau syst\u00e8me de succession, qui pr\u00e9voit une rotation tous les trois ans du Sakya Trizin en fonction, a \u00e9t\u00e9 unanimement accept\u00e9 par le Dolma Phodrang (S.S. Gongma Trichen) et le Phuntsok Phodrang (S.S. Jigdal Dagchen).<\/p>\n\n\n\n<p>Le 29 avril 2016, Sa Saintet\u00e9 Jigdal Dagchen est entr\u00e9 dans la m\u00e9ditation profonde appel\u00e9e Thukdam, et le 5 mai 2016, il a quitt\u00e9 son corps terrestre, entrant en Parinirvana.<\/p>\n<\/div><\/div>\n","protected":false},"excerpt":{"rendered":"<p>Sa Saintet\u00e9 Jigdal Dagchen Sakya est n\u00e9 en 1929 dans le sud-ouest du Tibet, au sein de la branche Phuntsok de la lign\u00e9e Kh\u00f6n. Rinpoche &hellip; <\/p>\n","protected":false},"author":1,"featured_media":0,"parent":0,"menu_order":0,"comment_status":"closed","ping_status":"closed","template":"","meta":{"_tec_requires_first_save":true,"_eb_attr":"","_price":"","_stock":"","_tribe_ticket_header":"","_tribe_default_ticket_provider":"","_tribe_ticket_capacity":"0","_ticket_start_date":"","_ticket_end_date":"","_tribe_ticket_show_description":"","_tribe_ticket_show_not_going":false,"_tribe_ticket_use_global_stock":"","_tribe_ticket_global_stock_level":"","_global_stock_mode":"","_global_stock_cap":"","_tribe_rsvp_for_event":"","_tribe_ticket_going_count":"","_tribe_ticket_not_going_count":"","_tribe_tickets_list":"[]","_tribe_ticket_has_attendee_info_fields":false,"_EventAllDay":false,"_EventTimezone":"","_EventStartDate":"","_EventEndDate":"","_EventStartDateUTC":"","_EventEndDateUTC":"","_EventShowMap":false,"_EventShowMapLink":false,"_EventURL":"","_EventCost":"","_EventCostDescription":"","_EventCurrencySymbol":"","_EventCurrencyCode":"","_EventCurrencyPosition":"","_EventDateTimeSeparator":"","_EventTimeRangeSeparator":"","_EventOrganizerID":[],"_EventVenueID":[],"_OrganizerEmail":"","_OrganizerPhone":"","_OrganizerWebsite":"","_VenueAddress":"","_VenueCity":"","_VenueCountry":"","_VenueProvince":"","_VenueState":"","_VenueZip":"","_VenuePhone":"","_VenueURL":"","_VenueStateProvince":"","_VenueLat":"","_VenueLng":"","_VenueShowMap":false,"_VenueShowMapLink":false,"_tribe_blocks_recurrence_rules":"","_tribe_blocks_recurrence_description":"","_tribe_blocks_recurrence_exclusions":"","footnotes":"","_tec_slr_enabled":"","_tec_slr_layout":""},"class_list":["post-37269","page","type-page","status-publish","hentry","latest_post"],"ticketed":false,"_links":{"self":[{"href":"https:\/\/sakyapa.eu\/fr\/wp-json\/wp\/v2\/pages\/37269","targetHints":{"allow":["GET"]}}],"collection":[{"href":"https:\/\/sakyapa.eu\/fr\/wp-json\/wp\/v2\/pages"}],"about":[{"href":"https:\/\/sakyapa.eu\/fr\/wp-json\/wp\/v2\/types\/page"}],"author":[{"embeddable":true,"href":"https:\/\/sakyapa.eu\/fr\/wp-json\/wp\/v2\/users\/1"}],"replies":[{"embeddable":true,"href":"https:\/\/sakyapa.eu\/fr\/wp-json\/wp\/v2\/comments?post=37269"}],"version-history":[{"count":2,"href":"https:\/\/sakyapa.eu\/fr\/wp-json\/wp\/v2\/pages\/37269\/revisions"}],"predecessor-version":[{"id":37325,"href":"https:\/\/sakyapa.eu\/fr\/wp-json\/wp\/v2\/pages\/37269\/revisions\/37325"}],"wp:attachment":[{"href":"https:\/\/sakyapa.eu\/fr\/wp-json\/wp\/v2\/media?parent=37269"}],"curies":[{"name":"wp","href":"https:\/\/api.w.org\/{rel}","templated":true}]}}