{"id":37257,"date":"2025-06-14T09:03:10","date_gmt":"2025-06-14T07:03:10","guid":{"rendered":"https:\/\/sakyapa.eu\/sa-saintete-kyabgon-gongma-trichen-rinpoche\/"},"modified":"2025-06-14T10:20:55","modified_gmt":"2025-06-14T08:20:55","slug":"hh41","status":"publish","type":"page","link":"https:\/\/sakyapa.eu\/fr\/hh41\/","title":{"rendered":"Sa Saintet\u00e9 Kyabgon Gongma Trichen Rinpoche"},"content":{"rendered":"\n<div class=\"wp-block-media-text is-stacked-on-mobile is-vertically-aligned-top\" style=\"grid-template-columns:39% auto\"><figure class=\"wp-block-media-text__media\"><img fetchpriority=\"high\" decoding=\"async\" width=\"932\" height=\"1024\" src=\"https:\/\/sakyapa.eu\/wp-content\/uploads\/2024\/08\/HH41ST-Gongma-Trichen-Rinpoche-with-bumpa-932x1024.jpg\" alt=\"\" class=\"wp-image-34620 size-full\" srcset=\"https:\/\/sakyapa.eu\/wp-content\/uploads\/2024\/08\/HH41ST-Gongma-Trichen-Rinpoche-with-bumpa-932x1024.jpg 932w, https:\/\/sakyapa.eu\/wp-content\/uploads\/2024\/08\/HH41ST-Gongma-Trichen-Rinpoche-with-bumpa-273x300.jpg 273w, https:\/\/sakyapa.eu\/wp-content\/uploads\/2024\/08\/HH41ST-Gongma-Trichen-Rinpoche-with-bumpa-768x844.jpg 768w, https:\/\/sakyapa.eu\/wp-content\/uploads\/2024\/08\/HH41ST-Gongma-Trichen-Rinpoche-with-bumpa-1398x1536.jpg 1398w, https:\/\/sakyapa.eu\/wp-content\/uploads\/2024\/08\/HH41ST-Gongma-Trichen-Rinpoche-with-bumpa-1864x2048.jpg 1864w, https:\/\/sakyapa.eu\/wp-content\/uploads\/2024\/08\/HH41ST-Gongma-Trichen-Rinpoche-with-bumpa-55x60.jpg 55w\" sizes=\"(max-width: 932px) 100vw, 932px\" \/><\/figure><div class=\"wp-block-media-text__content\">\n<p><br>Sa Saintet\u00e9 Kyabgon Gongma Trichen Rinpoche, le 41<sup>\u00e8me<\/sup> Sakya Trizin, est le chef supr\u00eame de l&#8217;\u00e9cole Sakya du bouddhisme tib\u00e9tain. N\u00e9 au Tibet en 1945, il appartient \u00e0 l&#8217;ancienne lign\u00e9e familiale des Kh\u00f6n. Il est consid\u00e9r\u00e9 comme une manifestation du Bouddha Manjushri&nbsp;; c&#8217;est un ma\u00eetre spirituel tr\u00e8s \u00e9lev\u00e9, dot\u00e9 d&#8217;une sagesse profonde et d&#8217;une compassion illimit\u00e9e. D\u00e8s son plus jeune \u00e2ge, Sa Saintet\u00e9 a \u00e9t\u00e9 initi\u00e9 \u00e0 la philosophie bouddhiste et a particip\u00e9 \u00e0 des retraites de m\u00e9ditation.<\/p>\n\n\n\n<p>La c\u00e9r\u00e9monie de son intronisation a eu lieu au Tibet en 1959, ann\u00e9e o\u00f9 il a \u00e9t\u00e9 contraint de quitter le Tibet pour l&#8217;Inde avec sa suite. Depuis lors, il agit en faveur de son peuple, de l&#8217;\u00e9cole Sakya et du bouddhisme, en reconstruisant des monast\u00e8res et des \u00e9coles pour les moines et les nonnes de la tradition Sakya, ainsi que des villages pour les r\u00e9fugi\u00e9s. Ces villages constituent une nouvelle base pour la vie la\u00efque et religieuse des Tib\u00e9tains. Au N\u00e9pal et en Inde, il a dirig\u00e9 la fondation de plus de 30 monast\u00e8res. De plus, il soutient la cr\u00e9ation de centres Sakya dans le monde entier.<\/p>\n\n\n\n<p>Sa Saintet\u00e9 entreprend de nombreux voyages pour enseigner le Dharma dans le monde entier et transmet de mani\u00e8re exhaustive les enseignements profonds dans un langage adapt\u00e9 aux aptitudes des disciples.<\/p>\n\n\n\n<p>\u00c9tant donn\u00e9 que S.S. Sakya Trizin a re\u00e7u des initiations dans les quatre principales \u00e9coles du bouddhisme tib\u00e9tain, il est renomm\u00e9 en tant que Lama non sectaire (Rim\u00e9).<\/p>\n\n\n\n<p>Sa Saintet\u00e9 Kyabgon Gongma Trichen Rinpoche a vu, gr\u00e2ce \u00e0 sa vaste vision, qu&#8217;\u00e0 l&#8217;\u00e9poque actuelle, il serait b\u00e9n\u00e9fique de modifier le syst\u00e8me de succession des d\u00e9tenteurs du tr\u00f4ne, m\u00eame si cela s&#8217;\u00e9cartait de la proc\u00e9dure en vigueur depuis des si\u00e8cles dans la tradition Sakya. Ce changement entra\u00eenerait, en fait, une augmentation de la stabilit\u00e9 dans la continuit\u00e9 des enseignements et dans l&#8217;administration de l&#8217;\u00e9cole Sakya. Le 8 mai 2014, le nouveau syst\u00e8me de succession, qui pr\u00e9voit une rotation tous les trois ans du Sakya Trizin en fonction, a \u00e9t\u00e9 unanimement accept\u00e9 par le Dolma Phodrang (S.S. Gongma Trichen) et le Phuntsok Phodrang (S.S. Jigdal Dagchen).<\/p>\n<\/div><\/div>\n","protected":false},"excerpt":{"rendered":"<p>Sa Saintet\u00e9 Kyabgon Gongma Trichen Rinpoche, le 41\u00e8me Sakya Trizin, est le chef supr\u00eame de l&#8217;\u00e9cole Sakya du bouddhisme tib\u00e9tain. N\u00e9 au Tibet en 1945, &hellip; <\/p>\n","protected":false},"author":1,"featured_media":0,"parent":0,"menu_order":0,"comment_status":"closed","ping_status":"closed","template":"","meta":{"_tec_requires_first_save":true,"_eb_attr":"","_price":"","_stock":"","_tribe_ticket_header":"","_tribe_default_ticket_provider":"","_tribe_ticket_capacity":"0","_ticket_start_date":"","_ticket_end_date":"","_tribe_ticket_show_description":"","_tribe_ticket_show_not_going":false,"_tribe_ticket_use_global_stock":"","_tribe_ticket_global_stock_level":"","_global_stock_mode":"","_global_stock_cap":"","_tribe_rsvp_for_event":"","_tribe_ticket_going_count":"","_tribe_ticket_not_going_count":"","_tribe_tickets_list":"[]","_tribe_ticket_has_attendee_info_fields":false,"_EventAllDay":false,"_EventTimezone":"","_EventStartDate":"","_EventEndDate":"","_EventStartDateUTC":"","_EventEndDateUTC":"","_EventShowMap":false,"_EventShowMapLink":false,"_EventURL":"","_EventCost":"","_EventCostDescription":"","_EventCurrencySymbol":"","_EventCurrencyCode":"","_EventCurrencyPosition":"","_EventDateTimeSeparator":"","_EventTimeRangeSeparator":"","_EventOrganizerID":[],"_EventVenueID":[],"_OrganizerEmail":"","_OrganizerPhone":"","_OrganizerWebsite":"","_VenueAddress":"","_VenueCity":"","_VenueCountry":"","_VenueProvince":"","_VenueState":"","_VenueZip":"","_VenuePhone":"","_VenueURL":"","_VenueStateProvince":"","_VenueLat":"","_VenueLng":"","_VenueShowMap":false,"_VenueShowMapLink":false,"_tribe_blocks_recurrence_rules":"","_tribe_blocks_recurrence_description":"","_tribe_blocks_recurrence_exclusions":"","footnotes":"","_tec_slr_enabled":"","_tec_slr_layout":""},"class_list":["post-37257","page","type-page","status-publish","hentry","latest_post"],"ticketed":false,"_links":{"self":[{"href":"https:\/\/sakyapa.eu\/fr\/wp-json\/wp\/v2\/pages\/37257","targetHints":{"allow":["GET"]}}],"collection":[{"href":"https:\/\/sakyapa.eu\/fr\/wp-json\/wp\/v2\/pages"}],"about":[{"href":"https:\/\/sakyapa.eu\/fr\/wp-json\/wp\/v2\/types\/page"}],"author":[{"embeddable":true,"href":"https:\/\/sakyapa.eu\/fr\/wp-json\/wp\/v2\/users\/1"}],"replies":[{"embeddable":true,"href":"https:\/\/sakyapa.eu\/fr\/wp-json\/wp\/v2\/comments?post=37257"}],"version-history":[{"count":2,"href":"https:\/\/sakyapa.eu\/fr\/wp-json\/wp\/v2\/pages\/37257\/revisions"}],"predecessor-version":[{"id":37324,"href":"https:\/\/sakyapa.eu\/fr\/wp-json\/wp\/v2\/pages\/37257\/revisions\/37324"}],"wp:attachment":[{"href":"https:\/\/sakyapa.eu\/fr\/wp-json\/wp\/v2\/media?parent=37257"}],"curies":[{"name":"wp","href":"https:\/\/api.w.org\/{rel}","templated":true}]}}