{"id":32470,"date":"2023-11-22T14:52:35","date_gmt":"2023-11-22T13:52:35","guid":{"rendered":"https:\/\/sakyapa.eu\/khenchen-sherab-gyaltsen-amipa-rinpoche\/"},"modified":"2024-04-12T22:34:57","modified_gmt":"2024-04-12T20:34:57","slug":"khenchen-sherab-gyaltsen-amipa-rinpoche","status":"publish","type":"page","link":"https:\/\/sakyapa.eu\/fr\/khenchen-sherab-gyaltsen-amipa-rinpoche\/","title":{"rendered":"Khenchen Sherab Gyaltsen Amipa Rinpoche"},"content":{"rendered":"\t\t<div data-elementor-type=\"wp-page\" data-elementor-id=\"32470\" class=\"elementor elementor-32470 elementor-30871\">\n\t\t\t\t<div class=\"elementor-element elementor-element-adeb4ac e-flex e-con-boxed e-con e-parent\" data-id=\"adeb4ac\" data-element_type=\"container\">\n\t\t\t\t\t<div class=\"e-con-inner\">\n\t\t<div class=\"elementor-element elementor-element-c916f27 e-con-full e-flex e-con e-child\" data-id=\"c916f27\" data-element_type=\"container\">\n\t\t\t\t<div class=\"elementor-element elementor-element-d4e57b3 elementor-widget elementor-widget-text-editor\" data-id=\"d4e57b3\" data-element_type=\"widget\" data-widget_type=\"text-editor.default\">\n\t\t\t\t<div class=\"elementor-widget-container\">\n\t\t\t\t\t\t\t\t\t<p>Le V\u00e9n\u00e9rable Lama Sherab Gyaltsen Amipa est n\u00e9 en 1931 \u00e0 Sakya, dans l&#8217;ouest du Tibet. \u00c0 l&#8217;\u00e2ge de sept ans, il est entr\u00e9 au monast\u00e8re principal de Sakya, Thubten Lhakhang Chenmo. Apr\u00e8s avoir termin\u00e9 ses \u00e9tudes de base, il approfondit ses connaissances pendant de nombreuses ann\u00e9es \u00e0 l&#8217;Universit\u00e9 monastique de Sakya, \u00e9tudiant les cinq sciences sup\u00e9rieures : pramana (logique), vinaya (discipline), madhyamika (la voie m\u00e9diane), prajna paramita (sagesse transcendante) et abhidharma (philosophie). De plus, il a \u00e9tudi\u00e9 les cinq th\u00e8mes sup\u00e9rieurs : tantra, grammaire tib\u00e9taine, po\u00e9sie, histoire du bouddhisme et histoire tib\u00e9taine. Son Ma\u00eetre le plus significatif et pertinent \u00e9tait son Guru racine, S.S. le 40e Sakya Trizin Ngawang Thutob Wangchuk. Sa Saintet\u00e9 a conf\u00e9r\u00e9 des initiations tantriques sur de nombreuses divinit\u00e9s, le Lamdre et les 13 Dharmas dor\u00e9s. Ces transmissions ont ensuite \u00e9t\u00e9 approfondies et transform\u00e9es en exp\u00e9rience spirituelle lors de nombreux retraites de m\u00e9ditation. Apr\u00e8s avoir obtenu le plus haut dipl\u00f4me philosophique de Geshe Rabjampa, \u00e9quivalent \u00e0 un doctorat en philosophie, il a commenc\u00e9 \u00e0 enseigner aux moines du monast\u00e8re principal de Sakya et \u00e9galement aux la\u00efcs. En 1960, le V\u00e9n. Lama Sherab, comme d&#8217;autres Tib\u00e9tains, est all\u00e9 en exil en Inde o\u00f9 il a poursuivi ses \u00e9tudes, en particulier celles de sa tradition, dans les monast\u00e8res Sakya de Darjeeling et Dalhousie. En 1967, S.S. le 14e Dala\u00ef Lama et le gouvernement tib\u00e9tain en exil l&#8217;ont envoy\u00e9, avec un premier groupe de moines, \u00e0 Rikon (pr\u00e8s de Zurich) au Tibet-Institute nouvellement \u00e9tabli. Sa t\u00e2che \u00e9tait d&#8217;assister les r\u00e9fugi\u00e9s tib\u00e9tains en Suisse. Plus tard, pour r\u00e9pondre \u00e0 la demande de nombreux occidentaux int\u00e9ress\u00e9s, il a \u00e9tabli de nombreux centres bouddhistes en Europe. Le principal est le Sakya Tsechen Ling (Institut europ\u00e9en du bouddhisme tib\u00e9tain), fond\u00e9 en 1978 \u00e0 Kuttolsheim (Strasbourg\/France). D&#8217;autres ont \u00e9t\u00e9 \u00e9tablis \u00e0 La Haye, Fribourg (Allemagne), Zurich, Stockholm, Trieste, Toulouse et Lugano-Arosio. Des enseignements r\u00e9guliers sont dispens\u00e9s dans tous les centres, et deux retraites annuelles ont lieu au centre principal.<br \/><strong>Hommage au Guru<\/strong> <br \/>En 2010, S.S. Kyabgon Gongma Trichen Rinpoche, \u00e0 Strasbourg, a conf\u00e9r\u00e9 le titre de Khenchen (Abb\u00e9 sup\u00e9rieur) au V\u00e9n\u00e9rable Lama Sherab. Le 14 avril 2014, Khenchen Lama Sherab est d\u00e9c\u00e9d\u00e9. La sagesse et la compassion qu&#8217;il a transmises tout au long de ces ann\u00e9es continuent d&#8217;inspirer les disciples qui ont eu la chance de le rencontrer. Le 14 avril 2014, \u00e0 11h04, notre bien-aim\u00e9 Guru a quitt\u00e9 son corps, mais pas sa capacit\u00e9 \u00e0 transmettre le Saint Dharma de mani\u00e8re pure et continue. Hommage au Guru Dans sa r\u00e9sidence priv\u00e9e \u00e0 Rikon, les pratiques l&#8217;accompagnant lors de ce voyage ont eu lieu, o\u00f9 sa pr\u00e9cieuse pr\u00e9sence \u00e9tait palpable jour et nuit. Conform\u00e9ment \u00e0 la tradition tib\u00e9taine, pendant sept semaines, des pri\u00e8res et des rituels propices pour notre Guru ont \u00e9t\u00e9 effectu\u00e9s \u00e0 Rikon, dans ses centres et dans de nombreux monast\u00e8res. Il a consacr\u00e9 toute son existence \u00e0 la pratique du Dharma, atteignant le plus haut niveau d&#8217;\u00e9ducation \u00e0 l&#8217;universit\u00e9 monastique de Sakya. Il a \u00e9t\u00e9 choisi par le Dala\u00ef Lama pour venir en Suisse dans les ann\u00e9es soixante pour soutenir la premi\u00e8re communaut\u00e9 tib\u00e9taine en exil. Mais il ne s&#8217;est pas arr\u00eat\u00e9 l\u00e0 ; il a fond\u00e9 plusieurs Centres du Dharma dans diverses nations europ\u00e9ennes o\u00f9 il a partag\u00e9, avec ses disciples, son exp\u00e9rience spirituelle caract\u00e9ris\u00e9e par un grand amour compassionnel et une grande sagesse. Son exemple en tant que v\u00e9ritable praticien du Dharma nous a enseign\u00e9 que la foi profonde transcende l&#8217;impermanence des ph\u00e9nom\u00e8nes et que ce sont les disciples qui ravivent les Ma\u00eetres par leur d\u00e9votion et leur pratique sinc\u00e8re conform\u00e9ment aux enseignements re\u00e7us. Il nous a donn\u00e9 tout ce qu&#8217;il avait et a clairement indiqu\u00e9 le chemin \u00e0 suivre. En suivant ses instructions, on atteint s\u00fbrement le but, l&#8217;endroit o\u00f9 il n&#8217;y a plus de s\u00e9paration ni de regret pour ce que l&#8217;on croit avoir perdu. Il ne nous a pas quitt\u00e9s ; il a seulement transform\u00e9, temporairement, sa mani\u00e8re d&#8217;enseigner. Chaque fois que nous accomplissons une action vertueuse, Il est avec nous ; chaque fois que notre sourire est rempli d&#8217;amour, nous pratiquons Ses enseignements ; chaque fois que nous savons prendre la bonne d\u00e9cision, nous avons compris le Dharma. Le disciple qui vit en harmonie avec lui-m\u00eame n&#8217;est jamais seul. Pour cr\u00e9er les causes et les conditions du retour de Rinpoche parmi nous, afin qu&#8217;il continue \u00e0 nous guider avec sa sagesse, vous pouvez r\u00e9citer des pri\u00e8res pour son retour rapide. Cliquez sur le lien bleu ci-dessous pour t\u00e9l\u00e9charger le PDF.<\/p>\t\t\t\t\t\t\t\t<\/div>\n\t\t\t\t<\/div>\n\t\t\t\t<\/div>\n\t\t<div class=\"elementor-element elementor-element-bc4bcbb e-con-full e-flex e-con e-child\" data-id=\"bc4bcbb\" data-element_type=\"container\">\n\t\t<div class=\"elementor-element elementor-element-c6c30f6 e-flex e-con-boxed e-con e-child\" data-id=\"c6c30f6\" data-element_type=\"container\">\n\t\t\t\t\t<div class=\"e-con-inner\">\n\t\t\t\t<div class=\"elementor-element elementor-element-79c0c66 elementor-widget elementor-widget-image\" data-id=\"79c0c66\" data-element_type=\"widget\" data-widget_type=\"image.default\">\n\t\t\t\t<div class=\"elementor-widget-container\">\n\t\t\t\t\t\t\t\t\t\t\t\t\t\t\t<img fetchpriority=\"high\" decoding=\"async\" width=\"840\" height=\"559\" src=\"https:\/\/sakyapa.eu\/wp-content\/uploads\/2024\/04\/DSC03013_PS-CS6-1024x681.jpg\" class=\"attachment-large size-large wp-image-32397\" alt=\"\" srcset=\"https:\/\/sakyapa.eu\/wp-content\/uploads\/2024\/04\/DSC03013_PS-CS6-1024x681.jpg 1024w, https:\/\/sakyapa.eu\/wp-content\/uploads\/2024\/04\/DSC03013_PS-CS6-300x199.jpg 300w, https:\/\/sakyapa.eu\/wp-content\/uploads\/2024\/04\/DSC03013_PS-CS6-768x511.jpg 768w, https:\/\/sakyapa.eu\/wp-content\/uploads\/2024\/04\/DSC03013_PS-CS6-90x60.jpg 90w, https:\/\/sakyapa.eu\/wp-content\/uploads\/2024\/04\/DSC03013_PS-CS6-480x320.jpg 480w, https:\/\/sakyapa.eu\/wp-content\/uploads\/2024\/04\/DSC03013_PS-CS6-420x280.jpg 420w, https:\/\/sakyapa.eu\/wp-content\/uploads\/2024\/04\/DSC03013_PS-CS6-520x345.jpg 520w, https:\/\/sakyapa.eu\/wp-content\/uploads\/2024\/04\/DSC03013_PS-CS6.jpg 1396w\" sizes=\"(max-width: 840px) 100vw, 840px\" \/>\t\t\t\t\t\t\t\t\t\t\t\t\t\t\t<\/div>\n\t\t\t\t<\/div>\n\t\t\t\t\t<\/div>\n\t\t\t\t<\/div>\n\t\t<div class=\"elementor-element elementor-element-cb6c79e e-flex e-con-boxed e-con e-child\" data-id=\"cb6c79e\" data-element_type=\"container\">\n\t\t\t\t\t<div class=\"e-con-inner\">\n\t\t\t\t<div class=\"elementor-element elementor-element-6578073 elementor-widget elementor-widget-video\" data-id=\"6578073\" data-element_type=\"widget\" data-settings=\"{&quot;video_type&quot;:&quot;hosted&quot;,&quot;controls&quot;:&quot;yes&quot;}\" data-widget_type=\"video.default\">\n\t\t\t\t<div class=\"elementor-widget-container\">\n\t\t\t\t\t\t\t<div class=\"e-hosted-video elementor-wrapper elementor-open-inline\">\n\t\t\t\t\t<video class=\"elementor-video\" src=\"https:\/\/sakyapa.eu\/wp-content\/uploads\/2023\/11\/KC1.mp4\" controls=\"\" preload=\"metadata\" controlsList=\"nodownload\"><\/video>\n\t\t\t\t<\/div>\n\t\t\t\t\t\t<\/div>\n\t\t\t\t<\/div>\n\t\t\t\t\t<\/div>\n\t\t\t\t<\/div>\n\t\t\t\t<\/div>\n\t\t\t\t\t<\/div>\n\t\t\t\t<\/div>\n\t\t<div class=\"elementor-element elementor-element-39d88fc3 e-flex e-con-boxed e-con e-parent\" data-id=\"39d88fc3\" data-element_type=\"container\">\n\t\t\t\t\t<div class=\"e-con-inner\">\n\t\t\t\t<div class=\"elementor-element elementor-element-9a4e434 elementor-widget elementor-widget-heading\" data-id=\"9a4e434\" data-element_type=\"widget\" data-widget_type=\"heading.default\">\n\t\t\t\t<div class=\"elementor-widget-container\">\n\t\t\t\t\t<h4 class=\"elementor-heading-title elementor-size-default\"><a href=\"https:\/\/sakyapa.eu\/wp-content\/uploads\/2024\/04\/Rinpoche-Priere-de-prompt-retour_TIB_EN_FR.pdf\">\nUna Supplica che Esorta alla Compassione\n<BR>La Preghiera per la Rapida Rinascita di Khenchen Sherab Gyaltsen Amipa Rinpoche<\/a><\/h4>\t\t\t\t<\/div>\n\t\t\t\t<\/div>\n\t\t\t\t\t<\/div>\n\t\t\t\t<\/div>\n\t\t<div class=\"elementor-element elementor-element-29fb269 e-flex e-con-boxed e-con e-parent\" data-id=\"29fb269\" data-element_type=\"container\">\n\t\t\t\t\t<div class=\"e-con-inner\">\n\t\t<div class=\"elementor-element elementor-element-026bb07 e-con-full e-flex e-con e-child\" data-id=\"026bb07\" data-element_type=\"container\">\n\t\t\t\t<div class=\"elementor-element elementor-element-c093f03 elementor-position-top elementor-widget elementor-widget-image-box\" data-id=\"c093f03\" data-element_type=\"widget\" data-widget_type=\"image-box.default\">\n\t\t\t\t<div class=\"elementor-widget-container\">\n\t\t\t\t\t<div class=\"elementor-image-box-wrapper\"><figure class=\"elementor-image-box-img\"><a href=\"https:\/\/player.vod2.infomaniak.com\/embed\/1jhvl2uqo299q\" tabindex=\"-1\"><img decoding=\"async\" width=\"1772\" height=\"1181\" src=\"https:\/\/sakyapa.eu\/wp-content\/uploads\/2024\/03\/Lama_Sherab_15x10.jpg\" class=\"attachment-full size-full wp-image-32184\" alt=\"\" srcset=\"https:\/\/sakyapa.eu\/wp-content\/uploads\/2024\/03\/Lama_Sherab_15x10.jpg 1772w, https:\/\/sakyapa.eu\/wp-content\/uploads\/2024\/03\/Lama_Sherab_15x10-300x200.jpg 300w, https:\/\/sakyapa.eu\/wp-content\/uploads\/2024\/03\/Lama_Sherab_15x10-1024x682.jpg 1024w, https:\/\/sakyapa.eu\/wp-content\/uploads\/2024\/03\/Lama_Sherab_15x10-768x512.jpg 768w, https:\/\/sakyapa.eu\/wp-content\/uploads\/2024\/03\/Lama_Sherab_15x10-1536x1024.jpg 1536w, https:\/\/sakyapa.eu\/wp-content\/uploads\/2024\/03\/Lama_Sherab_15x10-90x60.jpg 90w, https:\/\/sakyapa.eu\/wp-content\/uploads\/2024\/03\/Lama_Sherab_15x10-480x320.jpg 480w, https:\/\/sakyapa.eu\/wp-content\/uploads\/2024\/03\/Lama_Sherab_15x10-420x280.jpg 420w\" sizes=\"(max-width: 1772px) 100vw, 1772px\" \/><\/a><\/figure><div class=\"elementor-image-box-content\"><h3 class=\"elementor-image-box-title\"><a href=\"https:\/\/player.vod2.infomaniak.com\/embed\/1jhvl2uqo299q\"> L'ultimo insegnamento di Khenchen La<\/a><\/h3><p class=\"elementor-image-box-description\">La Voie du Milieu par Nagarjuna<\/p><\/div><\/div>\t\t\t\t<\/div>\n\t\t\t\t<\/div>\n\t\t\t\t<\/div>\n\t\t<div class=\"elementor-element elementor-element-792c2aa e-con-full e-flex e-con e-child\" data-id=\"792c2aa\" data-element_type=\"container\">\n\t\t\t\t<div class=\"elementor-element elementor-element-1345f7e elementor-position-top elementor-widget elementor-widget-image-box\" data-id=\"1345f7e\" data-element_type=\"widget\" data-widget_type=\"image-box.default\">\n\t\t\t\t<div class=\"elementor-widget-container\">\n\t\t\t\t\t<div class=\"elementor-image-box-wrapper\"><figure class=\"elementor-image-box-img\"><a href=\"https:\/\/player.vod2.infomaniak.com\/embed\/1jhvl2uqo7p4w\" tabindex=\"-1\"><img decoding=\"async\" width=\"949\" height=\"720\" src=\"https:\/\/sakyapa.eu\/wp-content\/uploads\/2024\/04\/Tib.jpg\" class=\"attachment-full size-full wp-image-32405\" alt=\"\" srcset=\"https:\/\/sakyapa.eu\/wp-content\/uploads\/2024\/04\/Tib.jpg 949w, https:\/\/sakyapa.eu\/wp-content\/uploads\/2024\/04\/Tib-300x228.jpg 300w, https:\/\/sakyapa.eu\/wp-content\/uploads\/2024\/04\/Tib-768x583.jpg 768w, https:\/\/sakyapa.eu\/wp-content\/uploads\/2024\/04\/Tib-79x60.jpg 79w\" sizes=\"(max-width: 949px) 100vw, 949px\" \/><\/a><\/figure><div class=\"elementor-image-box-content\"><h3 class=\"elementor-image-box-title\"><a href=\"https:\/\/player.vod2.infomaniak.com\/embed\/1jhvl2uqo7p4w\">Khenchen La in Tibet<\/a><\/h3><p class=\"elementor-image-box-description\">In 1997<\/p><\/div><\/div>\t\t\t\t<\/div>\n\t\t\t\t<\/div>\n\t\t\t\t<\/div>\n\t\t\t\t\t<\/div>\n\t\t\t\t<\/div>\n\t\t\t\t<\/div>\n\t\t","protected":false},"excerpt":{"rendered":"<p>Le V\u00e9n\u00e9rable Lama Sherab Gyaltsen Amipa est n\u00e9 en 1931 \u00e0 Sakya, dans l&#8217;ouest du Tibet. \u00c0 l&#8217;\u00e2ge de sept ans, il est entr\u00e9 au &hellip; <\/p>\n","protected":false},"author":1,"featured_media":0,"parent":0,"menu_order":0,"comment_status":"closed","ping_status":"closed","template":"","meta":{"_tec_requires_first_save":true,"_eb_attr":"","_price":"","_stock":"","_tribe_ticket_header":"","_tribe_default_ticket_provider":"","_tribe_ticket_capacity":"0","_ticket_start_date":"","_ticket_end_date":"","_tribe_ticket_show_description":"","_tribe_ticket_show_not_going":false,"_tribe_ticket_use_global_stock":"","_tribe_ticket_global_stock_level":"","_global_stock_mode":"","_global_stock_cap":"","_tribe_rsvp_for_event":"","_tribe_ticket_going_count":"","_tribe_ticket_not_going_count":"","_tribe_tickets_list":"[]","_tribe_ticket_has_attendee_info_fields":false,"_EventAllDay":false,"_EventTimezone":"","_EventStartDate":"","_EventEndDate":"","_EventStartDateUTC":"","_EventEndDateUTC":"","_EventShowMap":false,"_EventShowMapLink":false,"_EventURL":"","_EventCost":"","_EventCostDescription":"","_EventCurrencySymbol":"","_EventCurrencyCode":"","_EventCurrencyPosition":"","_EventDateTimeSeparator":"","_EventTimeRangeSeparator":"","_EventOrganizerID":[],"_EventVenueID":[],"_OrganizerEmail":"","_OrganizerPhone":"","_OrganizerWebsite":"","_VenueAddress":"","_VenueCity":"","_VenueCountry":"","_VenueProvince":"","_VenueState":"","_VenueZip":"","_VenuePhone":"","_VenueURL":"","_VenueStateProvince":"","_VenueLat":"","_VenueLng":"","_VenueShowMap":false,"_VenueShowMapLink":false,"_tribe_blocks_recurrence_rules":"","_tribe_blocks_recurrence_description":"","_tribe_blocks_recurrence_exclusions":"","footnotes":"","_tec_slr_enabled":"","_tec_slr_layout":""},"class_list":["post-32470","page","type-page","status-publish","hentry","latest_post"],"ticketed":false,"_links":{"self":[{"href":"https:\/\/sakyapa.eu\/fr\/wp-json\/wp\/v2\/pages\/32470","targetHints":{"allow":["GET"]}}],"collection":[{"href":"https:\/\/sakyapa.eu\/fr\/wp-json\/wp\/v2\/pages"}],"about":[{"href":"https:\/\/sakyapa.eu\/fr\/wp-json\/wp\/v2\/types\/page"}],"author":[{"embeddable":true,"href":"https:\/\/sakyapa.eu\/fr\/wp-json\/wp\/v2\/users\/1"}],"replies":[{"embeddable":true,"href":"https:\/\/sakyapa.eu\/fr\/wp-json\/wp\/v2\/comments?post=32470"}],"version-history":[{"count":7,"href":"https:\/\/sakyapa.eu\/fr\/wp-json\/wp\/v2\/pages\/32470\/revisions"}],"predecessor-version":[{"id":32539,"href":"https:\/\/sakyapa.eu\/fr\/wp-json\/wp\/v2\/pages\/32470\/revisions\/32539"}],"wp:attachment":[{"href":"https:\/\/sakyapa.eu\/fr\/wp-json\/wp\/v2\/media?parent=32470"}],"curies":[{"name":"wp","href":"https:\/\/api.w.org\/{rel}","templated":true}]}}