{"id":30765,"date":"2023-11-19T20:19:55","date_gmt":"2023-11-19T19:19:55","guid":{"rendered":"https:\/\/sakyapa.eu\/lama-sherab-sangpo\/"},"modified":"2023-11-19T20:43:20","modified_gmt":"2023-11-19T19:43:20","slug":"lama-sherab-sangpo","status":"publish","type":"page","link":"https:\/\/sakyapa.eu\/fr\/lama-sherab-sangpo\/","title":{"rendered":"Lama Sherab Sangpo"},"content":{"rendered":"\n<div class=\"wp-block-media-text is-stacked-on-mobile\" style=\"grid-template-columns:38% auto\"><figure class=\"wp-block-media-text__media\"><img fetchpriority=\"high\" decoding=\"async\" width=\"833\" height=\"556\" src=\"https:\/\/sakyapa.eu\/wp-content\/uploads\/2023\/10\/Puja-Lama.png\" alt=\"\" class=\"wp-image-29890 size-full\" srcset=\"https:\/\/sakyapa.eu\/wp-content\/uploads\/2023\/10\/Puja-Lama.png 833w, https:\/\/sakyapa.eu\/wp-content\/uploads\/2023\/10\/Puja-Lama-300x200.png 300w, https:\/\/sakyapa.eu\/wp-content\/uploads\/2023\/10\/Puja-Lama-768x513.png 768w, https:\/\/sakyapa.eu\/wp-content\/uploads\/2023\/10\/Puja-Lama-90x60.png 90w, https:\/\/sakyapa.eu\/wp-content\/uploads\/2023\/10\/Puja-Lama-420x280.png 420w\" sizes=\"(max-width: 833px) 100vw, 833px\" \/><\/figure><div class=\"wp-block-media-text__content\">\n<p>Mon nom religieux est Lama Sherab Sangpo, et mon nom civil est Nima Bhutia. Je suis n\u00e9 le 5 juin 1992 dans l&#8217;est du N\u00e9pal.<br>Je suis entr\u00e9 au Sakya Guru Monastery of Tibetan Buddhism \u00e0 Ghoom\/Darjeeling (WB, Inde) en l&#8217;an 2000 et j&#8217;y ai prononc\u00e9 mes v\u0153ux de moine novice. L\u00e0, j&#8217;ai \u00e9tudi\u00e9 et m\u00e9moris\u00e9 de nombreux rituels, et j\u2019ai appris \u00e0 faire des tormas et des mandalas selon le programme r\u00e9gulier. Tous les moines doivent \u00eatre capables d&#8217;accomplir ces rituels qui font partie int\u00e9grante du programme monastique annuel.&nbsp;<br>En 2008, j&#8217;ai re\u00e7u l&#8217;ordination compl\u00e8te de bhikshu. A l\u2019issue de mes \u00e9tudes au Sakya Guru Monastery \u00e0 Darjeeling, j&#8217;ai rejoint le Sakya Choepheling Institute of Higher Buddhist Studies \u00e0 Rimbick (pr\u00e8s de Darjeeling) pour approfondir mes connaissances en philosophie bouddhiste. J\u2019y ai \u00e9tudi\u00e9 le Bodhicaryavatara, l\u2019Abhisamaya Alamkara (Ornement de la r\u00e9alisation claire), le Madhyamika (La voie du milieu) par Aryadeva, le Pramanavarttika karika (Commentaire sur la cognition valide) par Dharmakirti, Logique et \u00e9pist\u00e9mologie par Sakya Pandita, Une claire diff\u00e9renciation des trois codes par Sakya Pandita, Introduction \u00e0 la voie du milieu par Chandrakirti.<br>En 2017, j&#8217;ai obtenu le dipl\u00f4me de Ma\u00eetre Lop\u00f6n.<\/p>\n\n\n\n<p><br><\/p>\n<\/div><\/div>\n\n\n\n<p>En 2018, je me suis rendu au centre bouddhiste Sakya Samdrub Ling en Malaisie o\u00f9 pendant un an, j&#8217;ai particip\u00e9 aux activit\u00e9s du centre et effectu\u00e9 des rituels au temple ainsi qu\u2019au domicile de familles sur demande.<br>A mon retour en Inde, j&#8217;ai entrepris et termin\u00e9 avec succ\u00e8s une retraite de trois ans au centre de retraite Sakya Dolma Phodrang \u00e0 Dehradun. Pendant cette retraite, j&#8217;ai effectu\u00e9 des pratiques traditionnelles Sakya, telles que Vajrapani, Mahavairocana, Vajrakilaya, Hevajra, Vajrayogini, Sakya Pandita.&nbsp;<br>Enfin, en juillet 2022, j&#8217;ai \u00e9t\u00e9 invit\u00e9 \u00e0 Sakya Tsechen Ling en France. C\u2019est ainsi que je suis venu en Europe pour la premi\u00e8re fois.&nbsp;<br>Je fais maintenant mes s\u00e9ances de pratique quotidiennes \u00e0 l&#8217;Institut de Kuttolsheim, o\u00f9 je m&#8217;occupe \u00e9galement du temple. J&#8217;y effectue les rituels quotidiens de Tara le matin et de Mahakala l&#8217;apr\u00e8s-midi, comme le veut la tradition. Je suis heureux d&#8217;accueillir les visiteurs et de rencontrer de nouvelles personnes. Je suis \u00e9galement heureux d&#8217;effectuer des rituels sp\u00e9cifiques sur demande.<\/p>\n\n\n\n\n\n\n\n<script data-js='tribe-events-view-nonce-data' type='application\/json'>{\"tvn1\":\"00cef05dba\",\"tvn2\":\"\"}<\/script>\n","protected":false},"excerpt":{"rendered":"<p>Mon nom religieux est Lama Sherab Sangpo, et mon nom civil est Nima Bhutia. Je suis n\u00e9 le 5 juin 1992 dans l&#8217;est du N\u00e9pal.Je &hellip; <\/p>\n","protected":false},"author":1,"featured_media":0,"parent":0,"menu_order":0,"comment_status":"closed","ping_status":"closed","template":"","meta":{"_tec_requires_first_save":true,"_eb_attr":"","_price":"","_stock":"","_tribe_ticket_header":"","_tribe_default_ticket_provider":"","_tribe_ticket_capacity":"0","_ticket_start_date":"","_ticket_end_date":"","_tribe_ticket_show_description":"","_tribe_ticket_show_not_going":false,"_tribe_ticket_use_global_stock":"","_tribe_ticket_global_stock_level":"","_global_stock_mode":"","_global_stock_cap":"","_tribe_rsvp_for_event":"","_tribe_ticket_going_count":"","_tribe_ticket_not_going_count":"","_tribe_tickets_list":"[]","_tribe_ticket_has_attendee_info_fields":false,"_EventAllDay":false,"_EventTimezone":"","_EventStartDate":"","_EventEndDate":"","_EventStartDateUTC":"","_EventEndDateUTC":"","_EventShowMap":false,"_EventShowMapLink":false,"_EventURL":"","_EventCost":"","_EventCostDescription":"","_EventCurrencySymbol":"","_EventCurrencyCode":"","_EventCurrencyPosition":"","_EventDateTimeSeparator":"","_EventTimeRangeSeparator":"","_EventOrganizerID":[],"_EventVenueID":[],"_OrganizerEmail":"","_OrganizerPhone":"","_OrganizerWebsite":"","_VenueAddress":"","_VenueCity":"","_VenueCountry":"","_VenueProvince":"","_VenueState":"","_VenueZip":"","_VenuePhone":"","_VenueURL":"","_VenueStateProvince":"","_VenueLat":"","_VenueLng":"","_VenueShowMap":false,"_VenueShowMapLink":false,"_tribe_blocks_recurrence_rules":"","_tribe_blocks_recurrence_description":"","_tribe_blocks_recurrence_exclusions":"","footnotes":"","_tec_slr_enabled":"","_tec_slr_layout":""},"class_list":["post-30765","page","type-page","status-publish","hentry","latest_post"],"ticketed":false,"_links":{"self":[{"href":"https:\/\/sakyapa.eu\/fr\/wp-json\/wp\/v2\/pages\/30765","targetHints":{"allow":["GET"]}}],"collection":[{"href":"https:\/\/sakyapa.eu\/fr\/wp-json\/wp\/v2\/pages"}],"about":[{"href":"https:\/\/sakyapa.eu\/fr\/wp-json\/wp\/v2\/types\/page"}],"author":[{"embeddable":true,"href":"https:\/\/sakyapa.eu\/fr\/wp-json\/wp\/v2\/users\/1"}],"replies":[{"embeddable":true,"href":"https:\/\/sakyapa.eu\/fr\/wp-json\/wp\/v2\/comments?post=30765"}],"version-history":[{"count":4,"href":"https:\/\/sakyapa.eu\/fr\/wp-json\/wp\/v2\/pages\/30765\/revisions"}],"predecessor-version":[{"id":30802,"href":"https:\/\/sakyapa.eu\/fr\/wp-json\/wp\/v2\/pages\/30765\/revisions\/30802"}],"wp:attachment":[{"href":"https:\/\/sakyapa.eu\/fr\/wp-json\/wp\/v2\/media?parent=30765"}],"curies":[{"name":"wp","href":"https:\/\/api.w.org\/{rel}","templated":true}]}}