{"id":30535,"date":"2023-10-26T15:23:08","date_gmt":"2023-10-26T13:23:08","guid":{"rendered":"https:\/\/sakyapa.eu\/quels-pujas-peuvent-etre-effectues\/"},"modified":"2023-11-18T16:04:47","modified_gmt":"2023-11-18T15:04:47","slug":"quels-pujas-peuvent-etre-effectues","status":"publish","type":"page","link":"https:\/\/sakyapa.eu\/fr\/quels-pujas-peuvent-etre-effectues\/","title":{"rendered":"Quels Pujas peuvent \u00eatre effectu\u00e9s"},"content":{"rendered":"\n<div class=\"wp-block-media-text is-stacked-on-mobile\" style=\"grid-template-columns:25% auto\"><figure class=\"wp-block-media-text__media\"><img decoding=\"async\" width=\"250\" height=\"156\" src=\"https:\/\/sakyapa.eu\/wp-content\/uploads\/2023\/10\/LongLife-S.png\" alt=\"\" class=\"wp-image-29861 size-full\" srcset=\"https:\/\/sakyapa.eu\/wp-content\/uploads\/2023\/10\/LongLife-S.png 250w, https:\/\/sakyapa.eu\/wp-content\/uploads\/2023\/10\/LongLife-S-96x60.png 96w\" sizes=\"(max-width: 250px) 100vw, 250px\" \/><\/figure><div class=\"wp-block-media-text__content\">\n<p style=\"font-size:17px\"><mark style=\"background-color:rgba(0, 0, 0, 0)\" class=\"has-inline-color has-vivid-red-color\"><strong>Puja de longue vie <\/strong><\/mark><br>Puja (Tse Lha Nam Sum\/tib.) qui inclut trois bouddhas de long\u00e9vit\u00e9 &#8211; Amitayus, Ushnishavijaya et Tara blanche &#8211; afin d&#8217;augmenter l&#8217;\u00e9nergie de la vie, les m\u00e9rites et le pouvoir.<\/p>\n<\/div><\/div>\n\n\n\n<hr class=\"wp-block-separator has-alpha-channel-opacity\"\/>\n\n\n\n<p class=\"has-medium-font-size\"><strong><mark style=\"background-color:rgba(0, 0, 0, 0)\" class=\"has-inline-color has-vivid-cyan-blue-color\">Pujas pour soutenir vos activit\u00e9s et vous prot\u00e9ger contre les obstacles :<\/mark><\/strong><\/p>\n\n\n\n<div class=\"wp-block-media-text is-stacked-on-mobile\" style=\"grid-template-columns:25% auto\"><figure class=\"wp-block-media-text__media\"><img decoding=\"async\" width=\"250\" height=\"156\" src=\"https:\/\/sakyapa.eu\/wp-content\/uploads\/2023\/10\/Green-1.png\" alt=\"\" class=\"wp-image-29863 size-full\" srcset=\"https:\/\/sakyapa.eu\/wp-content\/uploads\/2023\/10\/Green-1.png 250w, https:\/\/sakyapa.eu\/wp-content\/uploads\/2023\/10\/Green-1-96x60.png 96w\" sizes=\"(max-width: 250px) 100vw, 250px\" \/><\/figure><div class=\"wp-block-media-text__content\">\n<p style=\"font-size:17px\"><mark style=\"background-color:rgba(0, 0, 0, 0)\" class=\"has-inline-color has-vivid-red-color\"><strong>Rituel de la Tara verte <\/strong><\/mark><br>Tara est particuli\u00e8rement prompte \u00e0 accorder le succ\u00e8s dans l&#8217;obtention du bonheur temporel et du bonheur ultime de l&#8217;illumination. Elle peut nous sauver de maladies mortelles, nous aider \u00e0 gu\u00e9rir, nous apporter succ\u00e8s et bonheur dans la vie en g\u00e9n\u00e9ral, nous prot\u00e9ger des peurs, nous aider \u00e0 avoir un enfant, etc. Elle est particuli\u00e8rement recommand\u00e9e pour toutes les questions familiales. <\/p>\n<\/div><\/div>\n\n\n\n<hr class=\"wp-block-separator has-alpha-channel-opacity\"\/>\n\n\n\n<div class=\"wp-block-media-text is-stacked-on-mobile\" style=\"grid-template-columns:25% auto\"><figure class=\"wp-block-media-text__media\"><img decoding=\"async\" width=\"249\" height=\"156\" src=\"https:\/\/sakyapa.eu\/wp-content\/uploads\/2023\/10\/Maha-1.jpg\" alt=\"\" class=\"wp-image-29864 size-full\" srcset=\"https:\/\/sakyapa.eu\/wp-content\/uploads\/2023\/10\/Maha-1.jpg 249w, https:\/\/sakyapa.eu\/wp-content\/uploads\/2023\/10\/Maha-1-96x60.jpg 96w\" sizes=\"(max-width: 249px) 100vw, 249px\" \/><\/figure><div class=\"wp-block-media-text__content\">\n<p style=\"font-size:17px\"><strong><mark style=\"background-color:rgba(0, 0, 0, 0)\" class=\"has-inline-color has-vivid-red-color\">Rituel de Mahakala<\/mark><\/strong><\/p>\n\n\n\n<p style=\"font-size:17px\">La puja Mahakala est pratiqu\u00e9e pour \u00e9liminer les obstacles de la vie quotidienne &#8211; lors d&#8217;un voyage, au d\u00e9but d&#8217;un nouvel emploi, lorsque nos activit\u00e9s sont couronn\u00e9es de succ\u00e8s &#8211; et les d\u00e9fis de la pratique spirituelle, et pour enrichir la vie, la vertu et la sagesse de l&#8217;individu. <\/p>\n<\/div><\/div>\n\n\n\n<hr class=\"wp-block-separator has-alpha-channel-opacity\"\/>\n\n\n\n<div class=\"wp-block-media-text is-stacked-on-mobile\" style=\"grid-template-columns:25% auto\"><figure class=\"wp-block-media-text__media\"><img loading=\"lazy\" decoding=\"async\" width=\"250\" height=\"156\" src=\"https:\/\/sakyapa.eu\/wp-content\/uploads\/2023\/10\/Medicine-1.jpg\" alt=\"\" class=\"wp-image-29865 size-full\" srcset=\"https:\/\/sakyapa.eu\/wp-content\/uploads\/2023\/10\/Medicine-1.jpg 250w, https:\/\/sakyapa.eu\/wp-content\/uploads\/2023\/10\/Medicine-1-96x60.jpg 96w\" sizes=\"(max-width: 250px) 100vw, 250px\" \/><\/figure><div class=\"wp-block-media-text__content\">\n<p style=\"font-size:17px\"><mark style=\"background-color:rgba(0, 0, 0, 0)\" class=\"has-inline-color has-vivid-red-color\"><strong>Rituel du Bouddha de la m\u00e9decine<\/strong><\/mark><\/p>\n\n\n\n<p style=\"font-size:17px\">Le plus souvent, cette puja est r\u00e9alis\u00e9e pour favoriser le r\u00e9tablissement d&#8217;une personne qui subit un traitement ou une intervention chirurgicale. Il est \u00e9galement pratiqu\u00e9 pour les d\u00e9funts, afin de les aider \u00e0 rena\u00eetre dans les royaumes sup\u00e9rieurs. <\/p>\n<\/div><\/div>\n\n\n\n<hr class=\"wp-block-separator has-alpha-channel-opacity\"\/>\n\n\n\n<div class=\"wp-block-media-text is-stacked-on-mobile\" style=\"grid-template-columns:25% auto\"><figure class=\"wp-block-media-text__media\"><img loading=\"lazy\" decoding=\"async\" width=\"249\" height=\"156\" src=\"https:\/\/sakyapa.eu\/wp-content\/uploads\/2023\/10\/Av-2.jpg\" alt=\"\" class=\"wp-image-29866 size-full\" srcset=\"https:\/\/sakyapa.eu\/wp-content\/uploads\/2023\/10\/Av-2.jpg 249w, https:\/\/sakyapa.eu\/wp-content\/uploads\/2023\/10\/Av-2-96x60.jpg 96w\" sizes=\"(max-width: 249px) 100vw, 249px\" \/><\/figure><div class=\"wp-block-media-text__content\">\n<p style=\"font-size:17px\"><mark style=\"background-color:rgba(0, 0, 0, 0)\" class=\"has-inline-color has-vivid-red-color\"><strong>Rituel d&#8217;Avalokiteshvara<\/strong><\/mark><\/p>\n\n\n\n<p style=\"font-size:17px\">La puja d&#8217;Avalokiteshvara est accomplie pour d\u00e9velopper et accro\u00eetre la compassion aimante dans la vie quotidienne et pour que les activit\u00e9s soient couronn\u00e9es de succ\u00e8s.<\/p>\n<\/div><\/div>\n\n\n\n<hr class=\"wp-block-separator has-alpha-channel-opacity\"\/>\n\n\n\n<div class=\"wp-block-media-text is-stacked-on-mobile\" style=\"grid-template-columns:25% auto\"><figure class=\"wp-block-media-text__media\"><img loading=\"lazy\" decoding=\"async\" width=\"250\" height=\"156\" src=\"https:\/\/sakyapa.eu\/wp-content\/uploads\/2023\/10\/Simha-1.png\" alt=\"\" class=\"wp-image-29867 size-full\" srcset=\"https:\/\/sakyapa.eu\/wp-content\/uploads\/2023\/10\/Simha-1.png 250w, https:\/\/sakyapa.eu\/wp-content\/uploads\/2023\/10\/Simha-1-96x60.png 96w\" sizes=\"(max-width: 250px) 100vw, 250px\" \/><\/figure><div class=\"wp-block-media-text__content\">\n<p style=\"font-size:17px\"><mark style=\"background-color:rgba(0, 0, 0, 0)\" class=\"has-inline-color has-vivid-red-color\"><strong>Rituel de Simhanada <\/strong><\/mark><\/p>\n\n\n\n<p style=\"font-size:17px\">L&#8217;activit\u00e9 principale consiste \u00e0 \u00e9liminer les maladies, en particulier celles caus\u00e9es par les nagas.<\/p>\n<\/div><\/div>\n\n\n\n<hr class=\"wp-block-separator has-alpha-channel-opacity\"\/>\n\n\n\n<div class=\"wp-block-media-text is-stacked-on-mobile\" style=\"grid-template-columns:25% auto\"><figure class=\"wp-block-media-text__media\"><img loading=\"lazy\" decoding=\"async\" width=\"250\" height=\"156\" src=\"https:\/\/sakyapa.eu\/wp-content\/uploads\/2023\/10\/White-1.png\" alt=\"\" class=\"wp-image-29868 size-full\" srcset=\"https:\/\/sakyapa.eu\/wp-content\/uploads\/2023\/10\/White-1.png 250w, https:\/\/sakyapa.eu\/wp-content\/uploads\/2023\/10\/White-1-96x60.png 96w\" sizes=\"(max-width: 250px) 100vw, 250px\" \/><\/figure><div class=\"wp-block-media-text__content\">\n<p style=\"font-size:17px\"><strong><mark style=\"background-color:rgba(0, 0, 0, 0)\" class=\"has-inline-color has-vivid-red-color\">Rituel du Mahakala blanc <\/mark><\/strong><\/p>\n\n\n\n<p style=\"font-size:17px\">Cette puja est r\u00e9alis\u00e9e pour apporter g\u00e9n\u00e9rosit\u00e9 et bonne fortune dans nos vies.<\/p>\n\n\n\n<p style=\"font-size:17px\">Le Mahakala blanc est r\u00e9put\u00e9 pour \u00e9liminer les obstacles \u00e0 notre pratique, tels que le manque de soutien, de ressources ou de prosp\u00e9rit\u00e9, qui limitent notre capacit\u00e9 \u00e0 aider d&#8217;autres \u00eatres. Il est le Mahakala qui soulage la pauvret\u00e9 et nous apporte la prosp\u00e9rit\u00e9. <\/p>\n<\/div><\/div>\n\n\n\n<hr class=\"wp-block-separator has-alpha-channel-opacity\"\/>\n\n\n\n<div class=\"wp-block-media-text is-stacked-on-mobile\" style=\"grid-template-columns:25% auto\"><figure class=\"wp-block-media-text__media\"><img loading=\"lazy\" decoding=\"async\" width=\"249\" height=\"156\" src=\"https:\/\/sakyapa.eu\/wp-content\/uploads\/2023\/10\/Torma-1.png\" alt=\"\" class=\"wp-image-29869 size-full\" srcset=\"https:\/\/sakyapa.eu\/wp-content\/uploads\/2023\/10\/Torma-1.png 249w, https:\/\/sakyapa.eu\/wp-content\/uploads\/2023\/10\/Torma-1-96x60.png 96w\" sizes=\"(max-width: 249px) 100vw, 249px\" \/><\/figure><div class=\"wp-block-media-text__content\">\n<p style=\"font-size:17px\"><strong><mark style=\"background-color:rgba(0, 0, 0, 0)\" class=\"has-inline-color has-vivid-red-color\">Rituel Cha Sum (Puja du protecteur)<\/mark><\/strong><\/p>\n\n\n\n<p style=\"font-size:17px\">Cette puja est bonne pour gu\u00e9rir les maladies, les mauvais r\u00eaves et les mauvais pr\u00e9sages. Il est bien indiqu\u00e9 pour ceux qui doivent subir des proc\u00e9dures m\u00e9dicales importantes, etc., et peut \u00e9galement \u00eatre pratiqu\u00e9 pour purifier l&#8217;\u00e9nergie dans les maisons et les habitations. <\/p>\n<\/div><\/div>\n\n\n\n<hr class=\"wp-block-separator has-alpha-channel-opacity\"\/>\n\n\n\n<div class=\"wp-block-media-text is-stacked-on-mobile\" style=\"grid-template-columns:25% auto\"><figure class=\"wp-block-media-text__media\"><img loading=\"lazy\" decoding=\"async\" width=\"251\" height=\"156\" src=\"https:\/\/sakyapa.eu\/wp-content\/uploads\/2023\/10\/Naga-1.jpg\" alt=\"\" class=\"wp-image-29870 size-full\" srcset=\"https:\/\/sakyapa.eu\/wp-content\/uploads\/2023\/10\/Naga-1.jpg 251w, https:\/\/sakyapa.eu\/wp-content\/uploads\/2023\/10\/Naga-1-97x60.jpg 97w\" sizes=\"(max-width: 251px) 100vw, 251px\" \/><\/figure><div class=\"wp-block-media-text__content\">\n<p style=\"font-size:17px\"><strong><mark style=\"background-color:rgba(0, 0, 0, 0)\" class=\"has-inline-color has-vivid-red-color\">Rituel Naga <\/mark><\/strong><\/p>\n\n\n\n<p style=\"font-size:17px\">On dit que le rituel Naga a le pouvoir d&#8217;accro\u00eetre la richesse, la renomm\u00e9e, la sant\u00e9 et les m\u00e9rites d&#8217;une personne. Il est \u00e9galement indiqu\u00e9 pour augmenter les ressources, la paix et la prosp\u00e9rit\u00e9, et pour \u00e9liminer les obstacles et les maladies, en particulier les maladies de la peau. <\/p>\n<\/div><\/div>\n\n\n\n<hr class=\"wp-block-separator has-alpha-channel-opacity\"\/>\n\n\n\n<p class=\"has-medium-font-size\"><mark style=\"background-color:rgba(0, 0, 0, 0)\" class=\"has-inline-color has-vivid-cyan-blue-color\"><strong>Pujas pour les d\u00e9funts<\/strong><\/mark><\/p>\n\n\n\n<p style=\"font-size:17px\">Rituel Vairocana pour les d\u00e9funts <br>Rituel Vajrayogini pour les d\u00e9funts<br>Pri\u00e8re d&#8217;aspiration Amitabha<br>Pri\u00e8re de Samantabhadra<\/p>\n\n\n\n<div class=\"wp-block-buttons is-layout-flex wp-block-buttons-is-layout-flex\">\n<div class=\"wp-block-button\"><a class=\"wp-block-button__link has-vivid-red-background-color has-background wp-element-button\" href=\"https:\/\/sakyapa.eu\/fr\/puja-et-demandes-de-prieres-2\/\"><strong>Demander une Puja<\/strong><\/a><\/div>\n<\/div>\n","protected":false},"excerpt":{"rendered":"<p>Puja de longue vie Puja (Tse Lha Nam Sum\/tib.) qui inclut trois bouddhas de long\u00e9vit\u00e9 &#8211; Amitayus, Ushnishavijaya et Tara blanche &#8211; afin d&#8217;augmenter l&#8217;\u00e9nergie &hellip; <\/p>\n","protected":false},"author":1,"featured_media":0,"parent":0,"menu_order":0,"comment_status":"closed","ping_status":"closed","template":"","meta":{"_tec_requires_first_save":true,"_eb_attr":"","_price":"","_stock":"","_tribe_ticket_header":"","_tribe_default_ticket_provider":"","_tribe_ticket_capacity":"0","_ticket_start_date":"","_ticket_end_date":"","_tribe_ticket_show_description":"","_tribe_ticket_show_not_going":false,"_tribe_ticket_use_global_stock":"","_tribe_ticket_global_stock_level":"","_global_stock_mode":"","_global_stock_cap":"","_tribe_rsvp_for_event":"","_tribe_ticket_going_count":"","_tribe_ticket_not_going_count":"","_tribe_tickets_list":"[]","_tribe_ticket_has_attendee_info_fields":false,"_EventAllDay":false,"_EventTimezone":"","_EventStartDate":"","_EventEndDate":"","_EventStartDateUTC":"","_EventEndDateUTC":"","_EventShowMap":false,"_EventShowMapLink":false,"_EventURL":"","_EventCost":"","_EventCostDescription":"","_EventCurrencySymbol":"","_EventCurrencyCode":"","_EventCurrencyPosition":"","_EventDateTimeSeparator":"","_EventTimeRangeSeparator":"","_EventOrganizerID":[],"_EventVenueID":[],"_OrganizerEmail":"","_OrganizerPhone":"","_OrganizerWebsite":"","_VenueAddress":"","_VenueCity":"","_VenueCountry":"","_VenueProvince":"","_VenueState":"","_VenueZip":"","_VenuePhone":"","_VenueURL":"","_VenueStateProvince":"","_VenueLat":"","_VenueLng":"","_VenueShowMap":false,"_VenueShowMapLink":false,"_tribe_blocks_recurrence_rules":"","_tribe_blocks_recurrence_description":"","_tribe_blocks_recurrence_exclusions":"","footnotes":"","_tec_slr_enabled":"","_tec_slr_layout":""},"class_list":["post-30535","page","type-page","status-publish","hentry","latest_post"],"ticketed":false,"_links":{"self":[{"href":"https:\/\/sakyapa.eu\/fr\/wp-json\/wp\/v2\/pages\/30535","targetHints":{"allow":["GET"]}}],"collection":[{"href":"https:\/\/sakyapa.eu\/fr\/wp-json\/wp\/v2\/pages"}],"about":[{"href":"https:\/\/sakyapa.eu\/fr\/wp-json\/wp\/v2\/types\/page"}],"author":[{"embeddable":true,"href":"https:\/\/sakyapa.eu\/fr\/wp-json\/wp\/v2\/users\/1"}],"replies":[{"embeddable":true,"href":"https:\/\/sakyapa.eu\/fr\/wp-json\/wp\/v2\/comments?post=30535"}],"version-history":[{"count":3,"href":"https:\/\/sakyapa.eu\/fr\/wp-json\/wp\/v2\/pages\/30535\/revisions"}],"predecessor-version":[{"id":30596,"href":"https:\/\/sakyapa.eu\/fr\/wp-json\/wp\/v2\/pages\/30535\/revisions\/30596"}],"wp:attachment":[{"href":"https:\/\/sakyapa.eu\/fr\/wp-json\/wp\/v2\/media?parent=30535"}],"curies":[{"name":"wp","href":"https:\/\/api.w.org\/{rel}","templated":true}]}}