{"id":30533,"date":"2023-10-26T15:14:22","date_gmt":"2023-10-26T13:14:22","guid":{"rendered":"https:\/\/sakyapa.eu\/quest-ce-quune-puja-et-comment-choisir-la-bonne\/"},"modified":"2024-03-03T10:09:56","modified_gmt":"2024-03-03T09:09:56","slug":"quest-ce-quune-puja-et-comment-choisir-la-bonne","status":"publish","type":"page","link":"https:\/\/sakyapa.eu\/fr\/quest-ce-quune-puja-et-comment-choisir-la-bonne\/","title":{"rendered":"Qu&#8217;est-ce qu&#8217;une puja et comment choisir la bonne ?"},"content":{"rendered":"\n<figure class=\"wp-block-gallery has-nested-images columns-default is-cropped wp-block-gallery-1 is-layout-flex wp-block-gallery-is-layout-flex\">\n<figure class=\"wp-block-image size-full\"><img fetchpriority=\"high\" decoding=\"async\" width=\"414\" height=\"316\" data-id=\"32128\" src=\"https:\/\/sakyapa.eu\/wp-content\/uploads\/2024\/03\/Puja-Khenpo.png\" alt=\"\" class=\"wp-image-32128\" srcset=\"https:\/\/sakyapa.eu\/wp-content\/uploads\/2024\/03\/Puja-Khenpo.png 414w, https:\/\/sakyapa.eu\/wp-content\/uploads\/2024\/03\/Puja-Khenpo-300x229.png 300w, https:\/\/sakyapa.eu\/wp-content\/uploads\/2024\/03\/Puja-Khenpo-79x60.png 79w\" sizes=\"(max-width: 414px) 100vw, 414px\" \/><\/figure>\n\n\n\n<figure class=\"wp-block-image size-large\"><img decoding=\"async\" width=\"833\" height=\"556\" data-id=\"29890\" src=\"https:\/\/sakyapa.eu\/wp-content\/uploads\/2023\/10\/Puja-Lama.png\" alt=\"\" class=\"wp-image-29890\" srcset=\"https:\/\/sakyapa.eu\/wp-content\/uploads\/2023\/10\/Puja-Lama.png 833w, https:\/\/sakyapa.eu\/wp-content\/uploads\/2023\/10\/Puja-Lama-300x200.png 300w, https:\/\/sakyapa.eu\/wp-content\/uploads\/2023\/10\/Puja-Lama-768x513.png 768w, https:\/\/sakyapa.eu\/wp-content\/uploads\/2023\/10\/Puja-Lama-90x60.png 90w, https:\/\/sakyapa.eu\/wp-content\/uploads\/2023\/10\/Puja-Lama-420x280.png 420w\" sizes=\"(max-width: 833px) 100vw, 833px\" \/><\/figure>\n\n\n\n<figure class=\"wp-block-image size-large\"><img decoding=\"async\" width=\"611\" height=\"556\" data-id=\"29891\" src=\"https:\/\/sakyapa.eu\/wp-content\/uploads\/2023\/10\/Puja-Lama-2.png\" alt=\"\" class=\"wp-image-29891\" srcset=\"https:\/\/sakyapa.eu\/wp-content\/uploads\/2023\/10\/Puja-Lama-2.png 611w, https:\/\/sakyapa.eu\/wp-content\/uploads\/2023\/10\/Puja-Lama-2-300x273.png 300w, https:\/\/sakyapa.eu\/wp-content\/uploads\/2023\/10\/Puja-Lama-2-66x60.png 66w\" sizes=\"(max-width: 611px) 100vw, 611px\" \/><\/figure>\n<\/figure>\n\n\n\n<p>Le pouvoir de la pri\u00e8re est bien connu dans toutes les traditions religieuses et spirituelles. Selon le bouddhisme, nos exp\u00e9riences dans la vie sont le r\u00e9sultat de nos actions pass\u00e9es. Les actions n\u00e9fastes du pass\u00e9 cr\u00e9ent de la souffrance et les actions vertueuses cr\u00e9ent du bonheur. <\/p>\n\n\n\n<p>Les pri\u00e8res et les pujas nous permettent de purifier les actions n\u00e9gatives que nous avons accumul\u00e9es dans le pass\u00e9 et d&#8217;\u00e9liminer ou de pr\u00e9venir l&#8217;apparition des obstacles qui en r\u00e9sultent. Les pujas sont des rituels sp\u00e9ciaux au cours desquels des pri\u00e8res sont adress\u00e9es aux bouddhas pour demander leur aide et invoquer leurs b\u00e9n\u00e9dictions.<\/p>\n\n\n\n<p>Le pouvoir des pri\u00e8res d\u00e9coule de la motivation sinc\u00e8re de la personne qui demande les pri\u00e8res, ainsi que de l&#8217;esprit pur des personnes qui les accomplissent. On dit que les pri\u00e8res effectu\u00e9es par des personnes ordonn\u00e9es sont particuli\u00e8rement puissantes et efficaces car elles sont faites sur la base d&#8217;une moralit\u00e9 pure. Mais surtout, le fait de faire des offrandes aux diff\u00e9rentes manifestations des \u00eatres \u00e9veill\u00e9s et \u00e0 la communaut\u00e9 de la sangha g\u00e9n\u00e8re et augmente le m\u00e9rite, c&#8217;est-\u00e0-dire notre potentiel positif. Le m\u00e9rite est n\u00e9cessaire pour r\u00e9ussir dans toutes les activit\u00e9s.<\/p>\n\n\n\n<p>Les pujas sont accomplis pour \u00e9viter et \u00e9liminer les trois types d&#8217;obstacles qui surviennent en raison du manque de m\u00e9rite et qui nous emp\u00eachent d&#8217;atteindre nos objectifs mondains et spirituels. L&#8217;\u00e9limination de ces obstacles peut nous aider \u00e0 atteindre le bonheur et la chance dans toutes nos activit\u00e9s.<\/p>\n\n\n\n<p class=\"has-medium-font-size\"><strong><mark style=\"background-color:rgba(0, 0, 0, 0)\" class=\"has-inline-color has-vivid-red-color\">Comment choisir une puja ?<\/mark><\/strong><\/p>\n\n\n\n<p>Si certaines pri\u00e8res sont d&#8217;un int\u00e9r\u00eat g\u00e9n\u00e9ral, d&#8217;autres peuvent nous aider \u00e0 r\u00e9soudre des probl\u00e8mes plus sp\u00e9cifiques. Si vous n&#8217;\u00eates pas s\u00fbr de la puja \u00e0 choisir, vous pouvez utiliser <a href=\"https:\/\/sakyapa.eu\/fr\/puja-et-demandes-de-prieres-2\/\" data-type=\"link\" data-id=\"https:\/\/sakyapa.eu\/fr\/puja-et-demandes-de-prieres-2\/\">ce formulaire <\/a>pour d\u00e9crire les raisons qui vous poussent \u00e0 demander une puja (c&#8217;est-\u00e0-dire les d\u00e9fis auxquels vous \u00eates confront\u00e9 ou les objectifs que vous vous efforcez d&#8217;atteindre), et nos lamas r\u00e9sidents vous conseilleront. <\/p>\n\n\n\n<p class=\"has-medium-font-size\"><strong><mark style=\"background-color:rgba(0, 0, 0, 0)\" class=\"has-inline-color has-vivid-red-color\">Pourquoi demander une puja ?<\/mark><\/strong><\/p>\n\n\n\n<p class=\"has-text-align-left\"><strong>Les pujas peuvent nous aider \u00e0 \u00e9liminer diff\u00e9rents types d&#8217;obstacles : <\/strong><\/p>\n\n\n\n<ol class=\"wp-block-list\">\n<li>Les obstacles banals, tels que ceux li\u00e9s \u00e0 notre travail et \u00e0 nos finances, \u00e0 notre famille et \u00e0 nos relations.<\/li>\n\n\n\n<li>Obstacles int\u00e9rieurs entra\u00eenant des probl\u00e8mes de sant\u00e9 mentale et physique, des \u00e9motions fortes, de la confusion, etc. <\/li>\n\n\n\n<li>Les obstacles secrets qui entravent notre pratique spirituelle. <\/li>\n<\/ol>\n\n\n\n<p><strong>Les pujas peuvent \u00eatre accomplis dans diff\u00e9rents buts :<\/strong><\/p>\n\n\n\n<ol class=\"wp-block-list\">\n<li>Pour les mourants &#8211; pour les aider \u00e0 apaiser leur esprit au moment de la mort et les soutenir dans le processus de la mort. <\/li>\n\n\n\n<li>Pour les d\u00e9funts &#8211; pour les aider \u00e0 accumuler du m\u00e9rite et les guider vers de bonnes renaissances et\/ou la lib\u00e9ration.<\/li>\n\n\n\n<li>Pour la maladie &#8211; \u00e9liminer les obstacles \u00e0 la sant\u00e9 mentale et physique.<\/li>\n\n\n\n<li>Pour r\u00e9ussir dans ses activit\u00e9s &#8211; pour \u00e9liminer les obstacles \u00e0 la r\u00e9ussite dans toutes les activit\u00e9s verbales et spirituelles.<\/li>\n<\/ol>\n\n\n\n<p>Une puja peut \u00eatre demand\u00e9e avec une <strong><mark style=\"background-color:rgba(0, 0, 0, 0)\" class=\"has-inline-color has-vivid-red-color\">carte Cadeau de b\u00e9n\u00e9diction<\/mark><\/strong>Si vous \u00eates \u00e0 la recherche d&#8217;un cadeau sp\u00e9cial pour une personne sp\u00e9ciale ou une personne dans le besoin, vous pouvez demander une puja avec une carte de b\u00e9n\u00e9diction. <br>Dans ce cas, choisissez l&#8217;option &#8220;<strong>Carte de b\u00e9n\u00e9diction<\/strong>&#8221; sur le formulaire de commande. Une fois que nous aurons re\u00e7u votre demande, nous enverrons la carte &#8220;The Gift of Blessings&#8221; par e-mail au b\u00e9n\u00e9ficiaire que vous avez indiqu\u00e9 sur le formulaire, accompagn\u00e9e de votre d\u00e9dicace personnelle. <br>Vous recevrez \u00e9galement une confirmation indiquant la date exacte de la ou des puja(s) pr\u00e9vue(s) en fonction des dates auspicieuses du calendrier lunaire tib\u00e9tain.<\/p>\n\n\n\n<div class=\"wp-block-buttons is-layout-flex wp-block-buttons-is-layout-flex\">\n<div class=\"wp-block-button\"><a class=\"wp-block-button__link has-vivid-red-background-color has-background wp-element-button\" href=\"https:\/\/sakyapa.eu\/fr\/puja-et-demandes-de-prieres-2\/\"><strong>Demander une Puja<\/strong><\/a><\/div>\n<\/div>\n","protected":false},"excerpt":{"rendered":"<p>Le pouvoir de la pri\u00e8re est bien connu dans toutes les traditions religieuses et spirituelles. Selon le bouddhisme, nos exp\u00e9riences dans la vie sont le &hellip; <\/p>\n","protected":false},"author":1,"featured_media":0,"parent":0,"menu_order":0,"comment_status":"closed","ping_status":"closed","template":"","meta":{"_tec_requires_first_save":true,"_eb_attr":"","_price":"","_stock":"","_tribe_ticket_header":"","_tribe_default_ticket_provider":"","_tribe_ticket_capacity":"0","_ticket_start_date":"","_ticket_end_date":"","_tribe_ticket_show_description":"","_tribe_ticket_show_not_going":false,"_tribe_ticket_use_global_stock":"","_tribe_ticket_global_stock_level":"","_global_stock_mode":"","_global_stock_cap":"","_tribe_rsvp_for_event":"","_tribe_ticket_going_count":"","_tribe_ticket_not_going_count":"","_tribe_tickets_list":"[]","_tribe_ticket_has_attendee_info_fields":false,"_EventAllDay":false,"_EventTimezone":"","_EventStartDate":"","_EventEndDate":"","_EventStartDateUTC":"","_EventEndDateUTC":"","_EventShowMap":false,"_EventShowMapLink":false,"_EventURL":"","_EventCost":"","_EventCostDescription":"","_EventCurrencySymbol":"","_EventCurrencyCode":"","_EventCurrencyPosition":"","_EventDateTimeSeparator":"","_EventTimeRangeSeparator":"","_EventOrganizerID":[],"_EventVenueID":[],"_OrganizerEmail":"","_OrganizerPhone":"","_OrganizerWebsite":"","_VenueAddress":"","_VenueCity":"","_VenueCountry":"","_VenueProvince":"","_VenueState":"","_VenueZip":"","_VenuePhone":"","_VenueURL":"","_VenueStateProvince":"","_VenueLat":"","_VenueLng":"","_VenueShowMap":false,"_VenueShowMapLink":false,"_tribe_blocks_recurrence_rules":"","_tribe_blocks_recurrence_description":"","_tribe_blocks_recurrence_exclusions":"","footnotes":"","_tec_slr_enabled":"","_tec_slr_layout":""},"class_list":["post-30533","page","type-page","status-publish","hentry","latest_post"],"ticketed":false,"_links":{"self":[{"href":"https:\/\/sakyapa.eu\/fr\/wp-json\/wp\/v2\/pages\/30533","targetHints":{"allow":["GET"]}}],"collection":[{"href":"https:\/\/sakyapa.eu\/fr\/wp-json\/wp\/v2\/pages"}],"about":[{"href":"https:\/\/sakyapa.eu\/fr\/wp-json\/wp\/v2\/types\/page"}],"author":[{"embeddable":true,"href":"https:\/\/sakyapa.eu\/fr\/wp-json\/wp\/v2\/users\/1"}],"replies":[{"embeddable":true,"href":"https:\/\/sakyapa.eu\/fr\/wp-json\/wp\/v2\/comments?post=30533"}],"version-history":[{"count":4,"href":"https:\/\/sakyapa.eu\/fr\/wp-json\/wp\/v2\/pages\/30533\/revisions"}],"predecessor-version":[{"id":32134,"href":"https:\/\/sakyapa.eu\/fr\/wp-json\/wp\/v2\/pages\/30533\/revisions\/32134"}],"wp:attachment":[{"href":"https:\/\/sakyapa.eu\/fr\/wp-json\/wp\/v2\/media?parent=30533"}],"curies":[{"name":"wp","href":"https:\/\/api.w.org\/{rel}","templated":true}]}}