{"id":28889,"date":"2017-02-16T09:13:19","date_gmt":"2017-02-16T08:13:19","guid":{"rendered":"https:\/\/sakyapa.eu\/welcome-to-khenchen-sherabs-centers-francais\/"},"modified":"2026-04-04T14:30:15","modified_gmt":"2026-04-04T12:30:15","slug":"welcome-to-khenchen-sherabs-centers-francais","status":"publish","type":"page","link":"https:\/\/sakyapa.eu\/fr\/","title":{"rendered":"Bienvenue dans les Centres de Khenchen Sherab"},"content":{"rendered":"\n<div class=\"wp-block-media-text is-stacked-on-mobile\"><figure class=\"wp-block-media-text__media\"><img fetchpriority=\"high\" decoding=\"async\" width=\"953\" height=\"714\" src=\"https:\/\/sakyapa.eu\/wp-content\/uploads\/2023\/10\/K13.png\" alt=\"\" class=\"wp-image-28869 size-full\" srcset=\"https:\/\/sakyapa.eu\/wp-content\/uploads\/2023\/10\/K13.png 953w, https:\/\/sakyapa.eu\/wp-content\/uploads\/2023\/10\/K13-600x450.png 600w, https:\/\/sakyapa.eu\/wp-content\/uploads\/2023\/10\/K13-300x225.png 300w, https:\/\/sakyapa.eu\/wp-content\/uploads\/2023\/10\/K13-768x575.png 768w, https:\/\/sakyapa.eu\/wp-content\/uploads\/2023\/10\/K13-80x60.png 80w\" sizes=\"(max-width: 953px) 100vw, 953px\" \/><\/figure><div class=\"wp-block-media-text__content\">\n<div style=\"height:100px\" aria-hidden=\"true\" class=\"wp-block-spacer\"><\/div>\n\n\n\n<p>Le V\u00e9n\u00e9rable Khenchen Sherab Gyaltsen Amipa est n\u00e9 en 1931 \u00e0 Sakya, au Tibet, et est le fondateur de nos centres europ\u00e9ens. Pendant plus de 40 ans, il a partag\u00e9 les pr\u00e9cieux enseignements du Dharma avec beaucoup de chaleur, de perspicacit\u00e9 et de simplicit\u00e9. Le 14 avril 2014, il a quitt\u00e9 son corps, mais sa sagesse et sa compassion restent une profonde source d\u2019inspiration pour tous.<\/p>\n\n\n\n<p class=\"has-vivid-red-color has-text-color\"><em>Cach\u00e9e en nous, une lumi\u00e8re brille, trouvez-la.<\/em><\/p>\n\n\n\n<p class=\"has-vivid-red-color has-text-color\"><em>Cach\u00e9e en nous, la compassion rayonne, devenez celle-ci.<\/em><\/p>\n\n\n\n<p class=\"has-vivid-red-color has-text-color\"><em>Cach\u00e9e en nous, la sagesse m\u00fbrit, \u00e9coutez-la.<\/em><\/p>\n\n\n\n<p class=\"has-vivid-red-color has-text-color\"><em>Cach\u00e9e en nous se trouve la puret\u00e9 totale.<\/em><\/p>\n\n\n\n<p><em>V\u00e9n. Khenchen Sherab Gyaltsen Amipa&nbsp;<\/em><\/p>\n<\/div><\/div>\n","protected":false},"excerpt":{"rendered":"","protected":false},"author":1,"featured_media":0,"parent":0,"menu_order":0,"comment_status":"closed","ping_status":"closed","template":"","meta":{"_tec_requires_first_save":true,"_eb_attr":"","_price":"","_stock":"","_tribe_ticket_header":"","_tribe_default_ticket_provider":"","_tribe_ticket_capacity":"0","_ticket_start_date":"","_ticket_end_date":"","_tribe_ticket_show_description":"","_tribe_ticket_show_not_going":false,"_tribe_ticket_use_global_stock":"","_tribe_ticket_global_stock_level":"","_global_stock_mode":"","_global_stock_cap":"","_tribe_rsvp_for_event":"","_tribe_ticket_going_count":"","_tribe_ticket_not_going_count":"","_tribe_tickets_list":"[]","_tribe_ticket_has_attendee_info_fields":false,"_EventAllDay":false,"_EventTimezone":"","_EventStartDate":"","_EventEndDate":"","_EventStartDateUTC":"","_EventEndDateUTC":"","_EventShowMap":false,"_EventShowMapLink":false,"_EventURL":"","_EventCost":"","_EventCostDescription":"","_EventCurrencySymbol":"","_EventCurrencyCode":"","_EventCurrencyPosition":"","_EventDateTimeSeparator":"","_EventTimeRangeSeparator":"","_EventOrganizerID":[],"_EventVenueID":[],"_OrganizerEmail":"","_OrganizerPhone":"","_OrganizerWebsite":"","_VenueAddress":"","_VenueCity":"","_VenueCountry":"","_VenueProvince":"","_VenueState":"","_VenueZip":"","_VenuePhone":"","_VenueURL":"","_VenueStateProvince":"","_VenueLat":"","_VenueLng":"","_VenueShowMap":false,"_VenueShowMapLink":false,"_tribe_blocks_recurrence_rules":"","_tribe_blocks_recurrence_description":"","_tribe_blocks_recurrence_exclusions":"","footnotes":"","_tec_slr_enabled":"","_tec_slr_layout":""},"class_list":["post-28889","page","type-page","status-publish","hentry","latest_post"],"ticketed":false,"_links":{"self":[{"href":"https:\/\/sakyapa.eu\/fr\/wp-json\/wp\/v2\/pages\/28889","targetHints":{"allow":["GET"]}}],"collection":[{"href":"https:\/\/sakyapa.eu\/fr\/wp-json\/wp\/v2\/pages"}],"about":[{"href":"https:\/\/sakyapa.eu\/fr\/wp-json\/wp\/v2\/types\/page"}],"author":[{"embeddable":true,"href":"https:\/\/sakyapa.eu\/fr\/wp-json\/wp\/v2\/users\/1"}],"replies":[{"embeddable":true,"href":"https:\/\/sakyapa.eu\/fr\/wp-json\/wp\/v2\/comments?post=28889"}],"version-history":[{"count":5,"href":"https:\/\/sakyapa.eu\/fr\/wp-json\/wp\/v2\/pages\/28889\/revisions"}],"predecessor-version":[{"id":38667,"href":"https:\/\/sakyapa.eu\/fr\/wp-json\/wp\/v2\/pages\/28889\/revisions\/38667"}],"wp:attachment":[{"href":"https:\/\/sakyapa.eu\/fr\/wp-json\/wp\/v2\/media?parent=28889"}],"curies":[{"name":"wp","href":"https:\/\/api.w.org\/{rel}","templated":true}]}}