{"id":37487,"date":"2025-06-14T12:10:45","date_gmt":"2025-06-14T10:10:45","guid":{"rendered":"https:\/\/sakyapa.eu\/sakya-tsechen-ling-2\/"},"modified":"2025-06-14T13:40:03","modified_gmt":"2025-06-14T11:40:03","slug":"sakya-tsechen-ling-2","status":"publish","type":"page","link":"https:\/\/sakyapa.eu\/de\/sakya-tsechen-ling-2\/","title":{"rendered":"Sakya Tsechen Ling"},"content":{"rendered":"\n<p>Meditations- und Studiengruppe, Z\u00fcrich, Schweiz<br>E-Mail: <a href=\"mailto:sakyatsechenling@gmx.net\">sakyatsechenling@gmx.net<\/a><\/p>\n\n\n\n<div class=\"wp-block-media-text is-stacked-on-mobile is-vertically-aligned-top\"><figure class=\"wp-block-media-text__media\"><img fetchpriority=\"high\" decoding=\"async\" width=\"1000\" height=\"667\" src=\"https:\/\/sakyapa.eu\/wp-content\/uploads\/2025\/06\/photo-Sakya-Tsechen-Ling-Zurich-Switzerland.jpg\" alt=\"\" class=\"wp-image-37459 size-full\" srcset=\"https:\/\/sakyapa.eu\/wp-content\/uploads\/2025\/06\/photo-Sakya-Tsechen-Ling-Zurich-Switzerland.jpg 1000w, https:\/\/sakyapa.eu\/wp-content\/uploads\/2025\/06\/photo-Sakya-Tsechen-Ling-Zurich-Switzerland-300x200.jpg 300w, https:\/\/sakyapa.eu\/wp-content\/uploads\/2025\/06\/photo-Sakya-Tsechen-Ling-Zurich-Switzerland-768x512.jpg 768w, https:\/\/sakyapa.eu\/wp-content\/uploads\/2025\/06\/photo-Sakya-Tsechen-Ling-Zurich-Switzerland-90x60.jpg 90w, https:\/\/sakyapa.eu\/wp-content\/uploads\/2025\/06\/photo-Sakya-Tsechen-Ling-Zurich-Switzerland-480x320.jpg 480w, https:\/\/sakyapa.eu\/wp-content\/uploads\/2025\/06\/photo-Sakya-Tsechen-Ling-Zurich-Switzerland-420x280.jpg 420w\" sizes=\"(max-width: 1000px) 100vw, 1000px\" \/><\/figure><div class=\"wp-block-media-text__content\">\n<p>SAKYA TSECHEN LING ist eine Meditations- und Studiengruppe in der Sakya Tradition des tibetischen Buddhismus, die sich einmal monatlich am Mittwoch Nachmittag in Z\u00fcrich trifft.<\/p>\n\n\n\n<p>Der Verein wurde 1986 gegr\u00fcndet und ehrw\u00fcrdiger Khenchen Sherab Gyaltsen Amipa hat als spiritueller Leiter w\u00e4hrend fast 30 Jahren umfangreiche Belehrungen und Einweihungen gegeben. Obwohl es ein kleiner Verein ist, hatten wir die Ehre, einige der wichtigsten Meister des tibetischen Buddhismus nach Z\u00fcrich und Umgebung einzuladen.<\/p>\n\n\n\n<p>Nach dem Tod seines Gr\u00fcnders am 14. April 2014 hat Khenpo Tashi Sangpo Amipa die spirituelle Leitung \u00fcbernommen.<\/p>\n\n\n\n<p>Am 1. Januar 2025 wurde der Verein in das buddhistische Zentrum Thupten Changchup Ling in Arosio\/Schweiz eingegliedert und setzt seine Aktivit\u00e4ten unver\u00e4ndert fort.<\/p>\n<\/div><\/div>\n","protected":false},"excerpt":{"rendered":"<p>Meditations- und Studiengruppe, Z\u00fcrich, SchweizE-Mail: sakyatsechenling@gmx.net SAKYA TSECHEN LING ist eine Meditations- und Studiengruppe in der Sakya Tradition des tibetischen Buddhismus, die sich einmal monatlich &hellip; <\/p>\n","protected":false},"author":1,"featured_media":0,"parent":0,"menu_order":0,"comment_status":"closed","ping_status":"closed","template":"","meta":{"_tec_requires_first_save":true,"_eb_attr":"","_price":"","_stock":"","_tribe_ticket_header":"","_tribe_default_ticket_provider":"","_tribe_ticket_capacity":"0","_ticket_start_date":"","_ticket_end_date":"","_tribe_ticket_show_description":"","_tribe_ticket_show_not_going":false,"_tribe_ticket_use_global_stock":"","_tribe_ticket_global_stock_level":"","_global_stock_mode":"","_global_stock_cap":"","_tribe_rsvp_for_event":"","_tribe_ticket_going_count":"","_tribe_ticket_not_going_count":"","_tribe_tickets_list":"[]","_tribe_ticket_has_attendee_info_fields":false,"_EventAllDay":false,"_EventTimezone":"","_EventStartDate":"","_EventEndDate":"","_EventStartDateUTC":"","_EventEndDateUTC":"","_EventShowMap":false,"_EventShowMapLink":false,"_EventURL":"","_EventCost":"","_EventCostDescription":"","_EventCurrencySymbol":"","_EventCurrencyCode":"","_EventCurrencyPosition":"","_EventDateTimeSeparator":"","_EventTimeRangeSeparator":"","_EventOrganizerID":[],"_EventVenueID":[],"_OrganizerEmail":"","_OrganizerPhone":"","_OrganizerWebsite":"","_VenueAddress":"","_VenueCity":"","_VenueCountry":"","_VenueProvince":"","_VenueState":"","_VenueZip":"","_VenuePhone":"","_VenueURL":"","_VenueStateProvince":"","_VenueLat":"","_VenueLng":"","_VenueShowMap":false,"_VenueShowMapLink":false,"_tribe_blocks_recurrence_rules":"","_tribe_blocks_recurrence_description":"","_tribe_blocks_recurrence_exclusions":"","footnotes":"","_tec_slr_enabled":"","_tec_slr_layout":""},"class_list":["post-37487","page","type-page","status-publish","hentry","latest_post"],"ticketed":false,"_links":{"self":[{"href":"https:\/\/sakyapa.eu\/de\/wp-json\/wp\/v2\/pages\/37487","targetHints":{"allow":["GET"]}}],"collection":[{"href":"https:\/\/sakyapa.eu\/de\/wp-json\/wp\/v2\/pages"}],"about":[{"href":"https:\/\/sakyapa.eu\/de\/wp-json\/wp\/v2\/types\/page"}],"author":[{"embeddable":true,"href":"https:\/\/sakyapa.eu\/de\/wp-json\/wp\/v2\/users\/1"}],"replies":[{"embeddable":true,"href":"https:\/\/sakyapa.eu\/de\/wp-json\/wp\/v2\/comments?post=37487"}],"version-history":[{"count":4,"href":"https:\/\/sakyapa.eu\/de\/wp-json\/wp\/v2\/pages\/37487\/revisions"}],"predecessor-version":[{"id":37593,"href":"https:\/\/sakyapa.eu\/de\/wp-json\/wp\/v2\/pages\/37487\/revisions\/37593"}],"wp:attachment":[{"href":"https:\/\/sakyapa.eu\/de\/wp-json\/wp\/v2\/media?parent=37487"}],"curies":[{"name":"wp","href":"https:\/\/api.w.org\/{rel}","templated":true}]}}