{"id":37432,"date":"2025-06-14T11:49:56","date_gmt":"2025-06-14T09:49:56","guid":{"rendered":"https:\/\/sakyapa.eu\/sakya-thegchen-ling\/"},"modified":"2025-06-14T13:32:40","modified_gmt":"2025-06-14T11:32:40","slug":"sakya-thegchen-ling","status":"publish","type":"page","link":"https:\/\/sakyapa.eu\/de\/sakya-thegchen-ling\/","title":{"rendered":"Sakya Thegchen Ling"},"content":{"rendered":"\n<p>Laan van Meerdervoort 200 A, NL-2517 BJ Den Haag, Die Niederlande<\/p>\n\n\n\n<p>Website: <a href=\"http:\/\/www.sakya.nl\">www.sakya.nl<\/a><br>Tel: +31 (0)6 12116704<br>E-Mail: <a href=\"mailto:sakya.denhaag@hotmail.com\">sakya.denhaag@hotmail.com<\/a><br><br><strong>Unterst\u00fctzen Sie dieses Zentrum:<\/strong><br>Bankkonto: NL83 TRIO 0197 7958 03<br>BIC: TRIONL2U<\/p>\n\n\n\n<div class=\"wp-block-media-text is-stacked-on-mobile is-vertically-aligned-top\" style=\"grid-template-columns:46% auto\"><figure class=\"wp-block-media-text__media\"><img fetchpriority=\"high\" decoding=\"async\" width=\"768\" height=\"1024\" src=\"https:\/\/sakyapa.eu\/wp-content\/uploads\/2025\/06\/photo-Sakya-Thegchen-Ling-NL-768x1024.jpeg\" alt=\"\" class=\"wp-image-37421 size-full\" srcset=\"https:\/\/sakyapa.eu\/wp-content\/uploads\/2025\/06\/photo-Sakya-Thegchen-Ling-NL-768x1024.jpeg 768w, https:\/\/sakyapa.eu\/wp-content\/uploads\/2025\/06\/photo-Sakya-Thegchen-Ling-NL-225x300.jpeg 225w, https:\/\/sakyapa.eu\/wp-content\/uploads\/2025\/06\/photo-Sakya-Thegchen-Ling-NL-1152x1536.jpeg 1152w, https:\/\/sakyapa.eu\/wp-content\/uploads\/2025\/06\/photo-Sakya-Thegchen-Ling-NL-45x60.jpeg 45w, https:\/\/sakyapa.eu\/wp-content\/uploads\/2025\/06\/photo-Sakya-Thegchen-Ling-NL.jpeg 1512w\" sizes=\"(max-width: 768px) 100vw, 768px\" \/><\/figure><div class=\"wp-block-media-text__content\">\n<p>Sakya Thegchen Ling ist das tibetisch-buddhistische Zentrum der Sakya-Tradition in den Niederlanden. Es befindet sich in Den Haag, der internationalen Stadt des Friedens und der Gerechtigkeit, an der Laan van Meerdervoort, einer wichtigen zentralen Stra\u00dfe.<\/p>\n\n\n\n<p>Der verstorbene Khenchen Sherab Gyaltsen Amipa besuchte die Niederlande erstmals im Oktober 1976 auf Einladung der Stiftung Freunde des Buddhismus. W\u00e4hrend dieses Besuchs wurde der Beschluss gefasst, ein Sakya-Zentrum in den Niederlanden zu gr\u00fcnden. Das Zentrum wurde 1985 offiziell als Stiftung registriert.<\/p>\n\n\n\n<p>Seine Heiligkeit Kyabgon Gongma Trichen Rinpoche besuchte das Zentrum zum ersten Mal im September 1978. In Begleitung von Lama Sangyay und Familienmitgliedern gab Seine Heiligkeit die Einweihungen von Buddha Manjushri und Buddha Amitayus.<\/p>\n\n\n\n<p>Sakya Thegchen Ling ist Eigent\u00fcmer des Geb\u00e4udes, in dem es untergebracht ist. Es wurde von Emilie van der Wiel vermacht, wof\u00fcr die Sangha sehr dankbar ist.<\/p>\n\n\n\n<p>Das Zentrum ist ein wichtiger Treffpunkt f\u00fcr alle, die sich mit dem tibetischen Buddhismus verbinden m\u00f6chten.<\/p>\n\n\n\n<p>Zus\u00e4tzlich zu den w\u00f6chentlichen Treffen bietet das Zentrum unter anderem einen Einf\u00fchrungskurs in den tibetischen Buddhismus, einen Kurs \u00fcber Samatha- und Ng\u00f6ndro-Praktiken, eine englischsprachige Meditations- und Lamdre-Studiengruppe und eine Vajrayogini-Studiengruppe an.<\/p>\n\n\n\n<p>Neben den gesch\u00e4tzten Besuchen Seiner Heiligkeit ist die Sangha mit regelm\u00e4\u00dfigen Besuchen von Khenpo Tashi Sangpo Amipa und anderen Lehrern der Sakya-Tradition gesegnet.<\/p>\n<\/div><\/div>\n","protected":false},"excerpt":{"rendered":"<p>Laan van Meerdervoort 200 A, NL-2517 BJ Den Haag, Die Niederlande Website: www.sakya.nlTel: +31 (0)6 12116704E-Mail: sakya.denhaag@hotmail.com Unterst\u00fctzen Sie dieses Zentrum:Bankkonto: NL83 TRIO 0197 7958 &hellip; <\/p>\n","protected":false},"author":1,"featured_media":0,"parent":0,"menu_order":0,"comment_status":"closed","ping_status":"closed","template":"","meta":{"_tec_requires_first_save":true,"_eb_attr":"","_price":"","_stock":"","_tribe_ticket_header":"","_tribe_default_ticket_provider":"","_tribe_ticket_capacity":"0","_ticket_start_date":"","_ticket_end_date":"","_tribe_ticket_show_description":"","_tribe_ticket_show_not_going":false,"_tribe_ticket_use_global_stock":"","_tribe_ticket_global_stock_level":"","_global_stock_mode":"","_global_stock_cap":"","_tribe_rsvp_for_event":"","_tribe_ticket_going_count":"","_tribe_ticket_not_going_count":"","_tribe_tickets_list":"[]","_tribe_ticket_has_attendee_info_fields":false,"_EventAllDay":false,"_EventTimezone":"","_EventStartDate":"","_EventEndDate":"","_EventStartDateUTC":"","_EventEndDateUTC":"","_EventShowMap":false,"_EventShowMapLink":false,"_EventURL":"","_EventCost":"","_EventCostDescription":"","_EventCurrencySymbol":"","_EventCurrencyCode":"","_EventCurrencyPosition":"","_EventDateTimeSeparator":"","_EventTimeRangeSeparator":"","_EventOrganizerID":[],"_EventVenueID":[],"_OrganizerEmail":"","_OrganizerPhone":"","_OrganizerWebsite":"","_VenueAddress":"","_VenueCity":"","_VenueCountry":"","_VenueProvince":"","_VenueState":"","_VenueZip":"","_VenuePhone":"","_VenueURL":"","_VenueStateProvince":"","_VenueLat":"","_VenueLng":"","_VenueShowMap":false,"_VenueShowMapLink":false,"_tribe_blocks_recurrence_rules":"","_tribe_blocks_recurrence_description":"","_tribe_blocks_recurrence_exclusions":"","footnotes":"","_tec_slr_enabled":"","_tec_slr_layout":""},"class_list":["post-37432","page","type-page","status-publish","hentry","latest_post"],"ticketed":false,"_links":{"self":[{"href":"https:\/\/sakyapa.eu\/de\/wp-json\/wp\/v2\/pages\/37432","targetHints":{"allow":["GET"]}}],"collection":[{"href":"https:\/\/sakyapa.eu\/de\/wp-json\/wp\/v2\/pages"}],"about":[{"href":"https:\/\/sakyapa.eu\/de\/wp-json\/wp\/v2\/types\/page"}],"author":[{"embeddable":true,"href":"https:\/\/sakyapa.eu\/de\/wp-json\/wp\/v2\/users\/1"}],"replies":[{"embeddable":true,"href":"https:\/\/sakyapa.eu\/de\/wp-json\/wp\/v2\/comments?post=37432"}],"version-history":[{"count":2,"href":"https:\/\/sakyapa.eu\/de\/wp-json\/wp\/v2\/pages\/37432\/revisions"}],"predecessor-version":[{"id":37591,"href":"https:\/\/sakyapa.eu\/de\/wp-json\/wp\/v2\/pages\/37432\/revisions\/37591"}],"wp:attachment":[{"href":"https:\/\/sakyapa.eu\/de\/wp-json\/wp\/v2\/media?parent=37432"}],"curies":[{"name":"wp","href":"https:\/\/api.w.org\/{rel}","templated":true}]}}