{"id":37287,"date":"2025-06-14T09:12:00","date_gmt":"2025-06-14T07:12:00","guid":{"rendered":"https:\/\/sakyapa.eu\/seine-heiligkeit-der-42-sakya-trizin-ratna-vajra-rinpoche\/"},"modified":"2025-06-14T10:06:30","modified_gmt":"2025-06-14T08:06:30","slug":"hh42","status":"publish","type":"page","link":"https:\/\/sakyapa.eu\/de\/hh42\/","title":{"rendered":"Seine Heiligkeit der 42. Sakya Trizin Ratna Vajra Rinpoche"},"content":{"rendered":"\n<div class=\"wp-block-media-text alignwide is-stacked-on-mobile is-vertically-aligned-top\" style=\"grid-template-columns:45% auto\"><figure class=\"wp-block-media-text__media\"><img fetchpriority=\"high\" decoding=\"async\" width=\"800\" height=\"800\" src=\"https:\/\/sakyapa.eu\/wp-content\/uploads\/2025\/06\/env3j26f5e.jpg\" alt=\"\" class=\"wp-image-37240 size-full\" srcset=\"https:\/\/sakyapa.eu\/wp-content\/uploads\/2025\/06\/env3j26f5e.jpg 800w, https:\/\/sakyapa.eu\/wp-content\/uploads\/2025\/06\/env3j26f5e-300x300.jpg 300w, https:\/\/sakyapa.eu\/wp-content\/uploads\/2025\/06\/env3j26f5e-150x150.jpg 150w, https:\/\/sakyapa.eu\/wp-content\/uploads\/2025\/06\/env3j26f5e-768x768.jpg 768w, https:\/\/sakyapa.eu\/wp-content\/uploads\/2025\/06\/env3j26f5e-60x60.jpg 60w\" sizes=\"(max-width: 800px) 100vw, 800px\" \/><\/figure><div class=\"wp-block-media-text__content\">\n<p><br>Seine Heiligkeit der 42. Sakya Trizin Ratna Vajra Rinpoche, der \u00e4lteste Sohn von S.H. Kyabgon Gongma Trichen Rinpoche, gilt als einer der qualifiziertesten Linienmeister des tibetischen Buddhismus. Rinpoche ist bekannt f\u00fcr seine Gelehrsamkeit und die Klarheit seiner Lehren und geh\u00f6rt der angesehenen Sakya Kh\u00f6n-Familie an, deren Generationen eine ununterbrochene Linie au\u00dfergew\u00f6hnlicher Meister hervorgebracht haben.<\/p>\n\n\n\n<p>Seine Heiligkeit wurde am 19. November 1974 in Dehradun, Indien, geboren und erhielt von Geburt an unz\u00e4hlige Segnungen, Einweihungen und Lehren von S.H. Kyabgon Gongma Trichen Rinpoche und vielen anderen gelehrten und verwirklichten Meistern.<\/p>\n\n\n\n<p>Rinpoches formale Ausbildung begann im Alter von sechs Jahren unter der Leitung des Ehrw\u00fcrdigen Rinchen Sangpo mit dem Studium des Lesens, Schreibens, der Grammatik, des Auswendiglernens und des Rezitierens grundlegender Gebete und Rituale auf Tibetisch. Im Jahr 1987, als Seine Heiligkeit zw\u00f6lf Jahre alt war, bestand er seine erste gro\u00dfe Pr\u00fcfung am Sakya Centre in Rajpur, Dehradun. Zwei Jahre sp\u00e4ter schloss er sein Grundstudium der wichtigsten Rituale und Schriften der Sakya-Tradition ab.<\/p>\n\n\n\n<p>Im Jahr 1990 begann Rinpoche das Sakya College zu besuchen, wo er haupts\u00e4chlich buddhistische Philosophie unter der Leitung des verstorbenen Khenpo Migmar Tsering studierte. Im Jahr 1998, nach Jahren rigoroser Ausbildung, schloss Seine Heiligkeit sein Studium ab und erlangte den Grad eines Kachupa, &#8220;Meister der zehn Schriften&#8221;. Neben seinen philosophischen Studien erhielt Seine Heiligkeit viele exoterische und esoterische Lehren, Segnungen, Einweihungen, m\u00fcndliche \u00dcbertragungen, Erkl\u00e4rungen und Essenz-Unterweisungen, haupts\u00e4chlich von S.H. Kyabgon Gongma Trichen Rinpoche, aber auch von vielen anderen bedeutenden Linienmeistern, darunter Seine Heiligkeit der 14. Dalai Lama, Seine Eminenz Chogye Trichen Rinpoche, Seine Eminenz Luding Khenchen Rinpoche und Khenchen Appey Rinpoche.<\/p>\n\n\n\n<p>Ab dem Alter von zw\u00f6lf Jahren absolvierte Seine Heiligkeit zahlreiche Meditationsr\u00fcckz\u00fcge, darunter den vollst\u00e4ndigen und rigorosen Hevajra-R\u00fcckzug, eine der Voraussetzungen, um die im Lamdre vorgesehenen Einweihungen erteilen zu k\u00f6nnen.<\/p>\n\n\n\n<p>Unter all seinen wertvollen Lehrern war und ist S.H. Kyabgon Gongma Trichen Rinpoche immer sein wichtigster Wurzelguru, eine Quelle der F\u00fchrung und Inspiration.<\/p>\n\n\n\n<p>Im Jahr 2002 wurde nach langer Suche nach einer Ehefrau Ihre Eminenz Dagmo Kalden Dunkyi gem\u00e4\u00df der alten Sakya-Tradition der heiligen Weissagung als geeignete Person ausgew\u00e4hlt und wurde somit die spirituelle Gemahlin Seiner Heiligkeit. Gemeinsam haben sie drei Kinder, die ebenfalls nach alten buddhistischen Traditionen erzogen werden.<\/p>\n\n\n\n<p>Mit Weisheit und Mitgef\u00fchl setzt Seine Heiligkeit die regelm\u00e4\u00dfige Vermittlung zahlreicher Lehren und Einweihungen in renommierten buddhistischen Einrichtungen wie dem Sakya Institute, dem Dzongsar Institute, dem Sakya College, dem Tantric College, der International Buddhist Academy und unz\u00e4hligen anderen Schulen, Zentren und Kl\u00f6stern auf der ganzen Welt fort.<\/p>\n\n\n\n<p>Gem\u00e4\u00df dem neuen System der historischen Thronfolgen, das am 8. Mai 2014 einstimmig vom Dolma Phodrang und dem Phuntsok Phodrang vereinbart wurde, erbte Seine Heiligkeit im Jahr 2017 von seinem gesch\u00e4tzten Vater und Wurzelguru die prestigetr\u00e4chtige Rolle des Thronhalters und \u00fcbernahm den Titel: Seine Heiligkeit der 42. Sakya Trizin der Sakya-Tradition des tibetischen Buddhismus.<\/p>\n\n\n\n<p>Seine Heiligkeit f\u00fchrt und inspiriert weiterhin Dharma-Sch\u00fcler auf der ganzen Welt mit seiner Weisheit, seinen authentischen Qualit\u00e4ten unber\u00fchrter Einfachheit, Demut und v\u00f6lliger Ehrlichkeit, indem er die Lehren des Buddha auf authentischste Weise vermittelt und dazu beitr\u00e4gt, die reinste buddhistische Tradition zu erhalten.<\/p>\n<\/div><\/div>\n","protected":false},"excerpt":{"rendered":"<p>Seine Heiligkeit der 42. Sakya Trizin Ratna Vajra Rinpoche, der \u00e4lteste Sohn von S.H. Kyabgon Gongma Trichen Rinpoche, gilt als einer der qualifiziertesten Linienmeister des &hellip; <\/p>\n","protected":false},"author":1,"featured_media":0,"parent":0,"menu_order":0,"comment_status":"closed","ping_status":"closed","template":"","meta":{"_tec_requires_first_save":true,"_eb_attr":"","_price":"","_stock":"","_tribe_ticket_header":"","_tribe_default_ticket_provider":"","_tribe_ticket_capacity":"0","_ticket_start_date":"","_ticket_end_date":"","_tribe_ticket_show_description":"","_tribe_ticket_show_not_going":false,"_tribe_ticket_use_global_stock":"","_tribe_ticket_global_stock_level":"","_global_stock_mode":"","_global_stock_cap":"","_tribe_rsvp_for_event":"","_tribe_ticket_going_count":"","_tribe_ticket_not_going_count":"","_tribe_tickets_list":"[]","_tribe_ticket_has_attendee_info_fields":false,"_EventAllDay":false,"_EventTimezone":"","_EventStartDate":"","_EventEndDate":"","_EventStartDateUTC":"","_EventEndDateUTC":"","_EventShowMap":false,"_EventShowMapLink":false,"_EventURL":"","_EventCost":"","_EventCostDescription":"","_EventCurrencySymbol":"","_EventCurrencyCode":"","_EventCurrencyPosition":"","_EventDateTimeSeparator":"","_EventTimeRangeSeparator":"","_EventOrganizerID":[],"_EventVenueID":[],"_OrganizerEmail":"","_OrganizerPhone":"","_OrganizerWebsite":"","_VenueAddress":"","_VenueCity":"","_VenueCountry":"","_VenueProvince":"","_VenueState":"","_VenueZip":"","_VenuePhone":"","_VenueURL":"","_VenueStateProvince":"","_VenueLat":"","_VenueLng":"","_VenueShowMap":false,"_VenueShowMapLink":false,"_tribe_blocks_recurrence_rules":"","_tribe_blocks_recurrence_description":"","_tribe_blocks_recurrence_exclusions":"","footnotes":"","_tec_slr_enabled":"","_tec_slr_layout":""},"class_list":["post-37287","page","type-page","status-publish","hentry","latest_post"],"ticketed":false,"_links":{"self":[{"href":"https:\/\/sakyapa.eu\/de\/wp-json\/wp\/v2\/pages\/37287","targetHints":{"allow":["GET"]}}],"collection":[{"href":"https:\/\/sakyapa.eu\/de\/wp-json\/wp\/v2\/pages"}],"about":[{"href":"https:\/\/sakyapa.eu\/de\/wp-json\/wp\/v2\/types\/page"}],"author":[{"embeddable":true,"href":"https:\/\/sakyapa.eu\/de\/wp-json\/wp\/v2\/users\/1"}],"replies":[{"embeddable":true,"href":"https:\/\/sakyapa.eu\/de\/wp-json\/wp\/v2\/comments?post=37287"}],"version-history":[{"count":4,"href":"https:\/\/sakyapa.eu\/de\/wp-json\/wp\/v2\/pages\/37287\/revisions"}],"predecessor-version":[{"id":37298,"href":"https:\/\/sakyapa.eu\/de\/wp-json\/wp\/v2\/pages\/37287\/revisions\/37298"}],"wp:attachment":[{"href":"https:\/\/sakyapa.eu\/de\/wp-json\/wp\/v2\/media?parent=37287"}],"curies":[{"name":"wp","href":"https:\/\/api.w.org\/{rel}","templated":true}]}}