{"id":37275,"date":"2025-06-14T09:14:11","date_gmt":"2025-06-14T07:14:11","guid":{"rendered":"https:\/\/sakyapa.eu\/seine-heiligkeit-der-43-sakya-trizin-gyana-vajra-rinpoche\/"},"modified":"2025-06-14T10:08:43","modified_gmt":"2025-06-14T08:08:43","slug":"hh43","status":"publish","type":"page","link":"https:\/\/sakyapa.eu\/de\/hh43\/","title":{"rendered":"Seine Heiligkeit der 43. Sakya Trizin Gyana Vajra Rinpoche"},"content":{"rendered":"\n<div class=\"wp-block-media-text is-stacked-on-mobile\" style=\"grid-template-columns:37% auto\"><figure class=\"wp-block-media-text__media\"><img fetchpriority=\"high\" decoding=\"async\" width=\"715\" height=\"1024\" src=\"https:\/\/sakyapa.eu\/wp-content\/uploads\/2025\/06\/HH43RD-Gyana-Vajra-Rinpoche-715x1024.jpg\" alt=\"\" class=\"wp-image-37142 size-full\" srcset=\"https:\/\/sakyapa.eu\/wp-content\/uploads\/2025\/06\/HH43RD-Gyana-Vajra-Rinpoche-715x1024.jpg 715w, https:\/\/sakyapa.eu\/wp-content\/uploads\/2025\/06\/HH43RD-Gyana-Vajra-Rinpoche-209x300.jpg 209w, https:\/\/sakyapa.eu\/wp-content\/uploads\/2025\/06\/HH43RD-Gyana-Vajra-Rinpoche-768x1100.jpg 768w, https:\/\/sakyapa.eu\/wp-content\/uploads\/2025\/06\/HH43RD-Gyana-Vajra-Rinpoche-42x60.jpg 42w, https:\/\/sakyapa.eu\/wp-content\/uploads\/2025\/06\/HH43RD-Gyana-Vajra-Rinpoche.jpg 1039w\" sizes=\"(max-width: 715px) 100vw, 715px\" \/><\/figure><div class=\"wp-block-media-text__content\">\n<p><br>Seine Heiligkeit Gyana Vajra Rinpoche, der j\u00fcngste Sohn von S.H. Kyabgon Gongma Trichen Rinpoche, wurde am 5. Juli 1979 in Dehra Dun, Indien, geboren. Er erhielt seine fr\u00fche Ausbildung von Ven. Rinchen Sangpo, studierte dann am Sakya Centre, dem Hauptkloster von S.H. Gongma Trichen, und schloss schlie\u00dflich sein Studium am Sakya College ab. Er erhielt auch viele wichtige Lehren und Einweihungen von seinem Vater, S.H. Kyabgon Gongma Trichen Rinpoche.<\/p>\n\n\n\n<p>Seine Heiligkeit Gyana Vajra Rinpoche verbindet uralte Weisheit mit Wissen und einem modernen Ansatz, sein Lehrstil ist einzigartig, direkt und tiefgr\u00fcndig, relevant f\u00fcr unsere allt\u00e4gliche Realit\u00e4t, da komplexe buddhistische Konzepte durch Beispiele, die alle Sch\u00fcler leicht verstehen k\u00f6nnen, f\u00fcr sie zug\u00e4nglich gemacht werden. Rinpoche hat sich entschieden, seine Sch\u00fcler als Freund auf dem Pfad des Dharma zu f\u00fchren, seine Offenheit und sein Sinn f\u00fcr Humor bringen allen, die sich in seiner Gegenwart befinden, Freude.<\/p>\n\n\n\n<p>Derzeit ist eine seiner Hauptaktivit\u00e4ten die Sakya Academy, ein Projekt von ihm, das darauf abzielt, jungen M\u00f6nchen und Nonnen ein fundiertes Wissen \u00fcber den Buddhismus und gleichzeitig eine moderne Ausbildung zu vermitteln, die unerl\u00e4sslich ist, um ihnen zu helfen, sich mit der Au\u00dfenwelt zu verbinden und das Studium buddhistischer Lehren im zeitgen\u00f6ssischen Kontext relevant zu machen.<\/p>\n\n\n\n<p>Im M\u00e4rz 2022 wurde Seine Heiligkeit Gyana Vajra Rinpoche Ngawang Kunga Rinchen Khyentse Dorje offiziell der 43. Sakya Trizin.<\/p>\n<\/div><\/div>\n","protected":false},"excerpt":{"rendered":"<p>Seine Heiligkeit Gyana Vajra Rinpoche, der j\u00fcngste Sohn von S.H. Kyabgon Gongma Trichen Rinpoche, wurde am 5. Juli 1979 in Dehra Dun, Indien, geboren. Er &hellip; <\/p>\n","protected":false},"author":1,"featured_media":0,"parent":0,"menu_order":0,"comment_status":"closed","ping_status":"closed","template":"","meta":{"_tec_requires_first_save":true,"_eb_attr":"","_price":"","_stock":"","_tribe_ticket_header":"","_tribe_default_ticket_provider":"","_tribe_ticket_capacity":"0","_ticket_start_date":"","_ticket_end_date":"","_tribe_ticket_show_description":"","_tribe_ticket_show_not_going":false,"_tribe_ticket_use_global_stock":"","_tribe_ticket_global_stock_level":"","_global_stock_mode":"","_global_stock_cap":"","_tribe_rsvp_for_event":"","_tribe_ticket_going_count":"","_tribe_ticket_not_going_count":"","_tribe_tickets_list":"[]","_tribe_ticket_has_attendee_info_fields":false,"_EventAllDay":false,"_EventTimezone":"","_EventStartDate":"","_EventEndDate":"","_EventStartDateUTC":"","_EventEndDateUTC":"","_EventShowMap":false,"_EventShowMapLink":false,"_EventURL":"","_EventCost":"","_EventCostDescription":"","_EventCurrencySymbol":"","_EventCurrencyCode":"","_EventCurrencyPosition":"","_EventDateTimeSeparator":"","_EventTimeRangeSeparator":"","_EventOrganizerID":[],"_EventVenueID":[],"_OrganizerEmail":"","_OrganizerPhone":"","_OrganizerWebsite":"","_VenueAddress":"","_VenueCity":"","_VenueCountry":"","_VenueProvince":"","_VenueState":"","_VenueZip":"","_VenuePhone":"","_VenueURL":"","_VenueStateProvince":"","_VenueLat":"","_VenueLng":"","_VenueShowMap":false,"_VenueShowMapLink":false,"_tribe_blocks_recurrence_rules":"","_tribe_blocks_recurrence_description":"","_tribe_blocks_recurrence_exclusions":"","footnotes":"","_tec_slr_enabled":"","_tec_slr_layout":""},"class_list":["post-37275","page","type-page","status-publish","hentry","latest_post"],"ticketed":false,"_links":{"self":[{"href":"https:\/\/sakyapa.eu\/de\/wp-json\/wp\/v2\/pages\/37275","targetHints":{"allow":["GET"]}}],"collection":[{"href":"https:\/\/sakyapa.eu\/de\/wp-json\/wp\/v2\/pages"}],"about":[{"href":"https:\/\/sakyapa.eu\/de\/wp-json\/wp\/v2\/types\/page"}],"author":[{"embeddable":true,"href":"https:\/\/sakyapa.eu\/de\/wp-json\/wp\/v2\/users\/1"}],"replies":[{"embeddable":true,"href":"https:\/\/sakyapa.eu\/de\/wp-json\/wp\/v2\/comments?post=37275"}],"version-history":[{"count":3,"href":"https:\/\/sakyapa.eu\/de\/wp-json\/wp\/v2\/pages\/37275\/revisions"}],"predecessor-version":[{"id":37314,"href":"https:\/\/sakyapa.eu\/de\/wp-json\/wp\/v2\/pages\/37275\/revisions\/37314"}],"wp:attachment":[{"href":"https:\/\/sakyapa.eu\/de\/wp-json\/wp\/v2\/media?parent=37275"}],"curies":[{"name":"wp","href":"https:\/\/api.w.org\/{rel}","templated":true}]}}