{"id":37267,"date":"2025-06-14T09:07:34","date_gmt":"2025-06-14T07:07:34","guid":{"rendered":"https:\/\/sakyapa.eu\/seine-heiligkeit-jigdal-dagchen-sakya\/"},"modified":"2025-06-14T10:07:13","modified_gmt":"2025-06-14T08:07:13","slug":"hh-jd","status":"publish","type":"page","link":"https:\/\/sakyapa.eu\/de\/hh-jd\/","title":{"rendered":"Seine Heiligkeit Jigdal Dagchen Sakya"},"content":{"rendered":"\n<div class=\"wp-block-media-text is-stacked-on-mobile is-vertically-aligned-top\"><figure class=\"wp-block-media-text__media\"><img fetchpriority=\"high\" decoding=\"async\" width=\"977\" height=\"1024\" src=\"https:\/\/sakyapa.eu\/wp-content\/uploads\/2025\/06\/Sa-S.-Jigdal-Dagchen-Sakya02-1-977x1024.jpg\" alt=\"\" class=\"wp-image-37231 size-full\" srcset=\"https:\/\/sakyapa.eu\/wp-content\/uploads\/2025\/06\/Sa-S.-Jigdal-Dagchen-Sakya02-1-977x1024.jpg 977w, https:\/\/sakyapa.eu\/wp-content\/uploads\/2025\/06\/Sa-S.-Jigdal-Dagchen-Sakya02-1-286x300.jpg 286w, https:\/\/sakyapa.eu\/wp-content\/uploads\/2025\/06\/Sa-S.-Jigdal-Dagchen-Sakya02-1-768x805.jpg 768w, https:\/\/sakyapa.eu\/wp-content\/uploads\/2025\/06\/Sa-S.-Jigdal-Dagchen-Sakya02-1-57x60.jpg 57w, https:\/\/sakyapa.eu\/wp-content\/uploads\/2025\/06\/Sa-S.-Jigdal-Dagchen-Sakya02-1.jpg 1174w\" sizes=\"(max-width: 977px) 100vw, 977px\" \/><\/figure><div class=\"wp-block-media-text__content\">\n<p><br>Seine Heiligkeit Jigdal Dagchen Sakya wurde 1929 im s\u00fcdwestlichen Tibet innerhalb des Phuntsok-Zweigs der Kh\u00f6n-Linie geboren. Rinpoche erhielt Hinayana-, Mahayana- und Vajrayana-Lehren von seinem Vater, Seiner Heiligkeit Sakya Trichen Ngawang Thutob Wangchuk, dem 40. Thronhalter der Sakyas in Tibet, und von anderen bedeutenden Meistern. Er erhielt auch die ungebrochene \u00dcbertragung der Kh\u00f6n-Linie, die Sakya-Einweihungen von Vajrakilaya und Hevajra, das vollst\u00e4ndige Lamdre und die 13 Goldenen Dharmas.<\/p>\n\n\n\n<p>Er erhielt seine Ausbildung in Sakya bis zum Alter von 22 Jahren, reiste dann in das \u00f6stliche Tibet, um fortgeschrittenere spirituelle Unterweisungen zu erhalten, und traf dort seine wichtigsten Lehrer. Er wurde ein gro\u00dfer tantrischer Meister, \u00e4u\u00dferst gelehrt, und \u00fcbertrug das Lamdre wiederholt in Tibet &#8211; in Kham und Sakya, sowie in Nepal und Indien.<\/p>\n\n\n\n<p>Ab 1960 lebte Rinpoche in Seattle in den Vereinigten Staaten von Amerika, wo er sich intensiv f\u00fcr die Erhaltung und \u00dcbertragung der tibetisch-buddhistischen Tradition einsetzte. Er erteilte viele Lehren und Einweihungen in den Vereinigten Staaten, Kanada, Europa und Ostasien.<\/p>\n\n\n\n<p>In Seattle gr\u00fcndete er ein wichtiges Kloster, das als Sitz f\u00fcr kulturelle und religi\u00f6se Studien im Westen dient. Im Jahr 2001 gr\u00fcndete er in New Delhi auch die Sakya Heritage Society mit dem Ziel, das Familienerbe f\u00fcr zuk\u00fcnftige Generationen und f\u00fcr die Inhaber der Linie zu bewahren.<\/p>\n\n\n\n<p>Am 8. Mai 2014 wurde das neue Nachfolgesystem, das eine dreij\u00e4hrliche Rotation des amtierenden Sakya Trizin vorsieht, einstimmig vom Dolma Phodrang (S.H. Gongma Trichen) und dem Phuntsok Phodrang (S.H. Jigdal Dagchen) angenommen.<\/p>\n\n\n\n<p>Am 29. April 2016 trat Seine Heiligkeit Jigdal Dagchen in die tiefe Meditation namens Thukdam ein, und am 5. Mai 2016 verlie\u00df er seinen irdischen K\u00f6rper und trat in das Parinirvana ein.<\/p>\n<\/div><\/div>\n","protected":false},"excerpt":{"rendered":"<p>Seine Heiligkeit Jigdal Dagchen Sakya wurde 1929 im s\u00fcdwestlichen Tibet innerhalb des Phuntsok-Zweigs der Kh\u00f6n-Linie geboren. Rinpoche erhielt Hinayana-, Mahayana- und Vajrayana-Lehren von seinem Vater, &hellip; <\/p>\n","protected":false},"author":1,"featured_media":0,"parent":0,"menu_order":0,"comment_status":"closed","ping_status":"closed","template":"","meta":{"_tec_requires_first_save":true,"_eb_attr":"","_price":"","_stock":"","_tribe_ticket_header":"","_tribe_default_ticket_provider":"","_tribe_ticket_capacity":"0","_ticket_start_date":"","_ticket_end_date":"","_tribe_ticket_show_description":"","_tribe_ticket_show_not_going":false,"_tribe_ticket_use_global_stock":"","_tribe_ticket_global_stock_level":"","_global_stock_mode":"","_global_stock_cap":"","_tribe_rsvp_for_event":"","_tribe_ticket_going_count":"","_tribe_ticket_not_going_count":"","_tribe_tickets_list":"[]","_tribe_ticket_has_attendee_info_fields":false,"_EventAllDay":false,"_EventTimezone":"","_EventStartDate":"","_EventEndDate":"","_EventStartDateUTC":"","_EventEndDateUTC":"","_EventShowMap":false,"_EventShowMapLink":false,"_EventURL":"","_EventCost":"","_EventCostDescription":"","_EventCurrencySymbol":"","_EventCurrencyCode":"","_EventCurrencyPosition":"","_EventDateTimeSeparator":"","_EventTimeRangeSeparator":"","_EventOrganizerID":[],"_EventVenueID":[],"_OrganizerEmail":"","_OrganizerPhone":"","_OrganizerWebsite":"","_VenueAddress":"","_VenueCity":"","_VenueCountry":"","_VenueProvince":"","_VenueState":"","_VenueZip":"","_VenuePhone":"","_VenueURL":"","_VenueStateProvince":"","_VenueLat":"","_VenueLng":"","_VenueShowMap":false,"_VenueShowMapLink":false,"_tribe_blocks_recurrence_rules":"","_tribe_blocks_recurrence_description":"","_tribe_blocks_recurrence_exclusions":"","footnotes":"","_tec_slr_enabled":"","_tec_slr_layout":""},"class_list":["post-37267","page","type-page","status-publish","hentry","latest_post"],"ticketed":false,"_links":{"self":[{"href":"https:\/\/sakyapa.eu\/de\/wp-json\/wp\/v2\/pages\/37267","targetHints":{"allow":["GET"]}}],"collection":[{"href":"https:\/\/sakyapa.eu\/de\/wp-json\/wp\/v2\/pages"}],"about":[{"href":"https:\/\/sakyapa.eu\/de\/wp-json\/wp\/v2\/types\/page"}],"author":[{"embeddable":true,"href":"https:\/\/sakyapa.eu\/de\/wp-json\/wp\/v2\/users\/1"}],"replies":[{"embeddable":true,"href":"https:\/\/sakyapa.eu\/de\/wp-json\/wp\/v2\/comments?post=37267"}],"version-history":[{"count":5,"href":"https:\/\/sakyapa.eu\/de\/wp-json\/wp\/v2\/pages\/37267\/revisions"}],"predecessor-version":[{"id":37312,"href":"https:\/\/sakyapa.eu\/de\/wp-json\/wp\/v2\/pages\/37267\/revisions\/37312"}],"wp:attachment":[{"href":"https:\/\/sakyapa.eu\/de\/wp-json\/wp\/v2\/media?parent=37267"}],"curies":[{"name":"wp","href":"https:\/\/api.w.org\/{rel}","templated":true}]}}