{"id":37251,"date":"2025-06-14T09:03:10","date_gmt":"2025-06-14T07:03:10","guid":{"rendered":"https:\/\/sakyapa.eu\/seine-heiligkeit-kyabgon-gongma-trichen-rinpoche\/"},"modified":"2025-06-14T09:38:49","modified_gmt":"2025-06-14T07:38:49","slug":"hh41","status":"publish","type":"page","link":"https:\/\/sakyapa.eu\/de\/hh41\/","title":{"rendered":"Seine Heiligkeit Kyabgon Gongma Trichen Rinpoche"},"content":{"rendered":"\n<div class=\"wp-block-media-text is-stacked-on-mobile\" style=\"grid-template-columns:39% auto\"><figure class=\"wp-block-media-text__media\"><img fetchpriority=\"high\" decoding=\"async\" width=\"932\" height=\"1024\" src=\"https:\/\/sakyapa.eu\/wp-content\/uploads\/2024\/08\/HH41ST-Gongma-Trichen-Rinpoche-with-bumpa-932x1024.jpg\" alt=\"\" class=\"wp-image-34620 size-full\" srcset=\"https:\/\/sakyapa.eu\/wp-content\/uploads\/2024\/08\/HH41ST-Gongma-Trichen-Rinpoche-with-bumpa-932x1024.jpg 932w, https:\/\/sakyapa.eu\/wp-content\/uploads\/2024\/08\/HH41ST-Gongma-Trichen-Rinpoche-with-bumpa-273x300.jpg 273w, https:\/\/sakyapa.eu\/wp-content\/uploads\/2024\/08\/HH41ST-Gongma-Trichen-Rinpoche-with-bumpa-768x844.jpg 768w, https:\/\/sakyapa.eu\/wp-content\/uploads\/2024\/08\/HH41ST-Gongma-Trichen-Rinpoche-with-bumpa-1398x1536.jpg 1398w, https:\/\/sakyapa.eu\/wp-content\/uploads\/2024\/08\/HH41ST-Gongma-Trichen-Rinpoche-with-bumpa-1864x2048.jpg 1864w, https:\/\/sakyapa.eu\/wp-content\/uploads\/2024\/08\/HH41ST-Gongma-Trichen-Rinpoche-with-bumpa-55x60.jpg 55w\" sizes=\"(max-width: 932px) 100vw, 932px\" \/><\/figure><div class=\"wp-block-media-text__content\">\n<p><br>Seine Heiligkeit Kyabgon Gongma Trichen Rinpoche, der 41. Sakya Trizin, ist das Oberhaupt der Sakya-Schule des tibetischen Buddhismus. Er wurde 1945 in Tibet geboren und geh\u00f6rt der alten Kh\u00f6n-Familienlinie an. Er gilt als eine Manifestation von Buddha Manjushri; er ist ein sehr hoher spiritueller Meister, der mit tiefer Weisheit und grenzenlosem Mitgef\u00fchl ausgestattet ist. Schon in jungen Jahren wurde Seine Heiligkeit in die buddhistische Philosophie eingef\u00fchrt und nahm an Meditationsr\u00fcckz\u00fcgen teil.<\/p>\n\n\n\n<p>Die Zeremonie f\u00fcr seine Inthronisierung fand 1959 in Tibet statt, in dem Jahr, in dem er gezwungen war, Tibet zusammen mit seinem Gefolge nach Indien zu verlassen. Seitdem setzt er sich f\u00fcr sein Volk, die Sakya-Schule und den Buddhismus ein, indem er Kl\u00f6ster und Schulen f\u00fcr M\u00f6nche und Nonnen der Sakya-Tradition sowie D\u00f6rfer f\u00fcr Fl\u00fcchtlinge wiederaufbaut. Diese D\u00f6rfer bilden eine neue Grundlage f\u00fcr das weltliche und religi\u00f6se Leben der Tibeter. In Nepal und Indien hat er die Gr\u00fcndung von mehr als 30 Kl\u00f6stern geleitet. Dar\u00fcber hinaus unterst\u00fctzt er die Gr\u00fcndung von Sakya-Zentren auf der ganzen Welt.<\/p>\n\n\n\n<p>Seine Heiligkeit unternimmt zahlreiche Reisen, um den Dharma weltweit zu lehren und vermittelt die tiefgr\u00fcndigen Lehren umfassend in einer Sprache, die den F\u00e4higkeiten der Sch\u00fcler entspricht.<\/p>\n\n\n\n<p>Da S.H. Sakya Trizin in den vier Hauptschulen des tibetischen Buddhismus Einweihungen erhalten hat, ist er als ein Rim\u00e9-Lama bekannt.<\/p>\n\n\n\n<p>Seine Heiligkeit Kyabgon Gongma Trichen Rinpoche erkannte mit seiner weiten Sicht, dass es in der gegenw\u00e4rtigen Zeit von Vorteil w\u00e4re, das System der Nachfolge der Thronhalter zu \u00e4ndern, auch wenn dies von dem seit Jahrhunderten in der Sakya-Tradition geltenden Verfahren abwich. Diese \u00c4nderung w\u00fcrde tats\u00e4chlich zu einer Zunahme der Stabilit\u00e4t in der Kontinuit\u00e4t der Lehren und in der Verwaltung der Sakya-Schule f\u00fchren. Am 8. Mai 2014 wurde das neue Nachfolgesystem, das eine dreij\u00e4hrliche Rotation des amtierenden Sakya Trizin vorsieht, einstimmig vom Dolma Phodrang (S.H. Gongma Trichen) und dem Phuntsok Phodrang (S.H. Jigdal Dagchen) angenommen.<\/p>\n<\/div><\/div>\n","protected":false},"excerpt":{"rendered":"<p>Seine Heiligkeit Kyabgon Gongma Trichen Rinpoche, der 41. Sakya Trizin, ist das Oberhaupt der Sakya-Schule des tibetischen Buddhismus. Er wurde 1945 in Tibet geboren und &hellip; <\/p>\n","protected":false},"author":1,"featured_media":0,"parent":0,"menu_order":0,"comment_status":"closed","ping_status":"closed","template":"","meta":{"_tec_requires_first_save":true,"_eb_attr":"","_price":"","_stock":"","_tribe_ticket_header":"","_tribe_default_ticket_provider":"","_tribe_ticket_capacity":"0","_ticket_start_date":"","_ticket_end_date":"","_tribe_ticket_show_description":"","_tribe_ticket_show_not_going":false,"_tribe_ticket_use_global_stock":"","_tribe_ticket_global_stock_level":"","_global_stock_mode":"","_global_stock_cap":"","_tribe_rsvp_for_event":"","_tribe_ticket_going_count":"","_tribe_ticket_not_going_count":"","_tribe_tickets_list":"[]","_tribe_ticket_has_attendee_info_fields":false,"_EventAllDay":false,"_EventTimezone":"","_EventStartDate":"","_EventEndDate":"","_EventStartDateUTC":"","_EventEndDateUTC":"","_EventShowMap":false,"_EventShowMapLink":false,"_EventURL":"","_EventCost":"","_EventCostDescription":"","_EventCurrencySymbol":"","_EventCurrencyCode":"","_EventCurrencyPosition":"","_EventDateTimeSeparator":"","_EventTimeRangeSeparator":"","_EventOrganizerID":[],"_EventVenueID":[],"_OrganizerEmail":"","_OrganizerPhone":"","_OrganizerWebsite":"","_VenueAddress":"","_VenueCity":"","_VenueCountry":"","_VenueProvince":"","_VenueState":"","_VenueZip":"","_VenuePhone":"","_VenueURL":"","_VenueStateProvince":"","_VenueLat":"","_VenueLng":"","_VenueShowMap":false,"_VenueShowMapLink":false,"_tribe_blocks_recurrence_rules":"","_tribe_blocks_recurrence_description":"","_tribe_blocks_recurrence_exclusions":"","footnotes":"","_tec_slr_enabled":"","_tec_slr_layout":""},"class_list":["post-37251","page","type-page","status-publish","hentry","latest_post"],"ticketed":false,"_links":{"self":[{"href":"https:\/\/sakyapa.eu\/de\/wp-json\/wp\/v2\/pages\/37251","targetHints":{"allow":["GET"]}}],"collection":[{"href":"https:\/\/sakyapa.eu\/de\/wp-json\/wp\/v2\/pages"}],"about":[{"href":"https:\/\/sakyapa.eu\/de\/wp-json\/wp\/v2\/types\/page"}],"author":[{"embeddable":true,"href":"https:\/\/sakyapa.eu\/de\/wp-json\/wp\/v2\/users\/1"}],"replies":[{"embeddable":true,"href":"https:\/\/sakyapa.eu\/de\/wp-json\/wp\/v2\/comments?post=37251"}],"version-history":[{"count":2,"href":"https:\/\/sakyapa.eu\/de\/wp-json\/wp\/v2\/pages\/37251\/revisions"}],"predecessor-version":[{"id":37291,"href":"https:\/\/sakyapa.eu\/de\/wp-json\/wp\/v2\/pages\/37251\/revisions\/37291"}],"wp:attachment":[{"href":"https:\/\/sakyapa.eu\/de\/wp-json\/wp\/v2\/media?parent=37251"}],"curies":[{"name":"wp","href":"https:\/\/api.w.org\/{rel}","templated":true}]}}