{"id":34400,"date":"2024-06-17T21:34:43","date_gmt":"2024-06-17T19:34:43","guid":{"rendered":"https:\/\/sakyapa.eu\/?page_id=34400"},"modified":"2024-06-17T21:34:58","modified_gmt":"2024-06-17T19:34:58","slug":"mantra-des-namens","status":"publish","type":"page","link":"https:\/\/sakyapa.eu\/de\/mantra-des-namens\/","title":{"rendered":"Mantra des Namens von S.H. Kyabgon Gongma Trichen Rinpoche"},"content":{"rendered":"\n<h3 class=\"wp-block-heading\">\u0f68\u0f7c\u0f7e\u0f0b\u0f68\u0f71\u0f7f \u0f42\u0f74\u0f0b\u0f62\u0f74\u0f0b\u0f56\u0f5b\u0fb2\u0f0b\u0f51\u0fb7\u0f0b\u0f62\u0f0b\u0f5d\u0f0b\u0f42\u0f72\u0f53\u0fa1\u0fb2\u0f0b\u0f53\u0f53\u0fa1\u0f0b\u0f66\u0f62\u0fa6\u0f0b\u0f66\u0f72\u0f51\u0fa1\u0fb7\u0f72\u0f0b\u0f67\u0f71\u0f74\u0f7e\u0f0d<\/h3>\n\n\n\n<p>Om Ah Guru Vajradhara Vagindra Nanda Sarva Siddhi Hum<\/p>\n\n\n\n<p>\u0f04\u0f05\u0f0d\u0f0d \u0f44\u0f42\u0f35\u0f0b\u0f51\u0f56\u0f35\u0f44\u0f0b\u0f66\u0f92\u0fb1\u0f74\u0f0b\u0f60\u0f55\u0fb2\u0f74\u0f63\u0f0b\u0f63\u0fb7\u0f0b\u0f62\u0f72\u0f42\u0f66\u0f0b\u0f60\u0f41\u0f7c\u0f53\u0f0b\u0f42\u0fb1\u0f72\u0f0b\u0f42\u0f51\u0f74\u0f44\u0f0c\u0f0d&nbsp;\u0f0d<\/p>\n\n\n\n<p class=\"has-vivid-red-color has-text-color has-link-color wp-elements-13df21bfce7c3c4f394babf60aedb9f6\">NGAWANG GYUTRUL LHA RIK KH\u00d6N GYI DUNG<br>Herr der Sprache, magische Emanation der edlen Kh\u00f6n-Familie,<\/p>\n\n\n\n<p>\u0f60\u0f42\u0fb2\u0f7c\u0f0b\u0f40\u0f74\u0f35\u0f53\u0f0b\u0f51\u0f42\u0f35\u0f60\u0f0b\u0f58\u0f5b\u0f51\u0f0b\u0f50\u0f7a\u0f42\u0f35\u0f0b\u0f46\u0f7a\u0f35\u0f53\u0f0b\u0f58\u0f51\u0f7c\u0f0b\u0f66\u0f94\u0f42\u0f66\u0f0b\u0f63\u0f58\u0f0d&nbsp;\u0f0d<\/p>\n\n\n\n<p class=\"has-vivid-red-color has-text-color has-link-color wp-elements-e7aa26b9125cece25044fe8a0b2c8d27\">DRO K\u00dcN GADZE TEKCHEN DO NGAK LAM<br>durch die S\u016btra- und Tantra-Pfade des gro\u00dfen Fahrzeugs bringst du allen Wesen Wohlergehen,<\/p>\n\n\n\n<p>\u0f55\u0f53\u0f0b\u0f56\u0f51\u0f7a\u0f60\u0f72\u0f0b\u0f51\u0f54\u0f35\u0f63\u0f0b\u0f51\u0f74\u0f0b\u0f60\u0f56\u0f35\u0f62\u0f0b\u0f56\u0f60\u0f72\u0f0b\u0f55\u0fb2\u0f72\u0f53\u0f0b\u0f63\u0f66\u0f0b\u0f45\u0f53\u0f0d&nbsp;\u0f0d<\/p>\n\n\n\n<p class=\"has-vivid-red-color has-text-color has-link-color wp-elements-315a31faf3efe86cfc434bb4b5916305\">PENDE PAL DU BARWE TRINLE CHEN<br>durch deine erleuchtete Aktivit\u00e4t bringst du au\u00dferordentlichen Nutzen und Gl\u00fcck,<\/p>\n\n\n\n<p>\u0f56\u0f66\u0f58\u0f0b\u0f60\u0f55\u0f7a\u0f63\u0f0b\u0f51\u0f56\u0f44\u0f0b\u0f42\u0f72\u0f0b\u0f62\u0f92\u0fb1\u0f63\u0f0b\u0f54\u0f7c\u0f0b\u0f5e\u0f56\u0f66\u0f0b\u0f56\u0f62\u0f9f\u0f53\u0f0b\u0f42\u0f66\u0f7c\u0f63\u0f0d&nbsp;\u0f0d<\/p>\n\n\n\n<p class=\"has-vivid-red-color has-text-color has-link-color wp-elements-be7510f7a29fc83485bb108d54fabfad\">SAMPEL WANG GI GYALPO ZHABTEN SOL<br>Wunsch erf\u00fcllender K\u00f6nig voller Kraft, m\u00f6ge dein Leben sicher und lang sein!<br><\/p>\n","protected":false},"excerpt":{"rendered":"<p>\u0f68\u0f7c\u0f7e\u0f0b\u0f68\u0f71\u0f7f \u0f42\u0f74\u0f0b\u0f62\u0f74\u0f0b\u0f56\u0f5b\u0fb2\u0f0b\u0f51\u0fb7\u0f0b\u0f62\u0f0b\u0f5d\u0f0b\u0f42\u0f72\u0f53\u0fa1\u0fb2\u0f0b\u0f53\u0f53\u0fa1\u0f0b\u0f66\u0f62\u0fa6\u0f0b\u0f66\u0f72\u0f51\u0fa1\u0fb7\u0f72\u0f0b\u0f67\u0f71\u0f74\u0f7e\u0f0d Om Ah Guru Vajradhara Vagindra Nanda Sarva Siddhi Hum \u0f04\u0f05\u0f0d\u0f0d \u0f44\u0f42\u0f35\u0f0b\u0f51\u0f56\u0f35\u0f44\u0f0b\u0f66\u0f92\u0fb1\u0f74\u0f0b\u0f60\u0f55\u0fb2\u0f74\u0f63\u0f0b\u0f63\u0fb7\u0f0b\u0f62\u0f72\u0f42\u0f66\u0f0b\u0f60\u0f41\u0f7c\u0f53\u0f0b\u0f42\u0fb1\u0f72\u0f0b\u0f42\u0f51\u0f74\u0f44\u0f0c\u0f0d&nbsp;\u0f0d NGAWANG GYUTRUL LHA RIK KH\u00d6N GYI DUNGHerr der Sprache, magische Emanation der &hellip; <\/p>\n","protected":false},"author":1,"featured_media":0,"parent":0,"menu_order":0,"comment_status":"closed","ping_status":"closed","template":"","meta":{"_tec_requires_first_save":true,"_eb_attr":"","_price":"","_stock":"","_tribe_ticket_header":"","_tribe_default_ticket_provider":"","_tribe_ticket_capacity":"0","_ticket_start_date":"","_ticket_end_date":"","_tribe_ticket_show_description":"","_tribe_ticket_show_not_going":false,"_tribe_ticket_use_global_stock":"","_tribe_ticket_global_stock_level":"","_global_stock_mode":"","_global_stock_cap":"","_tribe_rsvp_for_event":"","_tribe_ticket_going_count":"","_tribe_ticket_not_going_count":"","_tribe_tickets_list":"[]","_tribe_ticket_has_attendee_info_fields":false,"_EventAllDay":false,"_EventTimezone":"","_EventStartDate":"","_EventEndDate":"","_EventStartDateUTC":"","_EventEndDateUTC":"","_EventShowMap":false,"_EventShowMapLink":false,"_EventURL":"","_EventCost":"","_EventCostDescription":"","_EventCurrencySymbol":"","_EventCurrencyCode":"","_EventCurrencyPosition":"","_EventDateTimeSeparator":"","_EventTimeRangeSeparator":"","_EventOrganizerID":[],"_EventVenueID":[],"_OrganizerEmail":"","_OrganizerPhone":"","_OrganizerWebsite":"","_VenueAddress":"","_VenueCity":"","_VenueCountry":"","_VenueProvince":"","_VenueState":"","_VenueZip":"","_VenuePhone":"","_VenueURL":"","_VenueStateProvince":"","_VenueLat":"","_VenueLng":"","_VenueShowMap":false,"_VenueShowMapLink":false,"_tribe_blocks_recurrence_rules":"","_tribe_blocks_recurrence_description":"","_tribe_blocks_recurrence_exclusions":"","footnotes":"","_tec_slr_enabled":"","_tec_slr_layout":""},"class_list":["post-34400","page","type-page","status-publish","hentry","latest_post"],"ticketed":false,"_links":{"self":[{"href":"https:\/\/sakyapa.eu\/de\/wp-json\/wp\/v2\/pages\/34400","targetHints":{"allow":["GET"]}}],"collection":[{"href":"https:\/\/sakyapa.eu\/de\/wp-json\/wp\/v2\/pages"}],"about":[{"href":"https:\/\/sakyapa.eu\/de\/wp-json\/wp\/v2\/types\/page"}],"author":[{"embeddable":true,"href":"https:\/\/sakyapa.eu\/de\/wp-json\/wp\/v2\/users\/1"}],"replies":[{"embeddable":true,"href":"https:\/\/sakyapa.eu\/de\/wp-json\/wp\/v2\/comments?post=34400"}],"version-history":[{"count":1,"href":"https:\/\/sakyapa.eu\/de\/wp-json\/wp\/v2\/pages\/34400\/revisions"}],"predecessor-version":[{"id":34401,"href":"https:\/\/sakyapa.eu\/de\/wp-json\/wp\/v2\/pages\/34400\/revisions\/34401"}],"wp:attachment":[{"href":"https:\/\/sakyapa.eu\/de\/wp-json\/wp\/v2\/media?parent=34400"}],"curies":[{"name":"wp","href":"https:\/\/api.w.org\/{rel}","templated":true}]}}