{"id":32483,"date":"2023-11-22T14:52:35","date_gmt":"2023-11-22T13:52:35","guid":{"rendered":"https:\/\/sakyapa.eu\/khenchen-sherab-gyaltsen-amipa-rinpoche\/"},"modified":"2024-04-12T22:37:05","modified_gmt":"2024-04-12T20:37:05","slug":"khenchen-sherab-gyaltsen-amipa-rinpoche","status":"publish","type":"page","link":"https:\/\/sakyapa.eu\/de\/khenchen-sherab-gyaltsen-amipa-rinpoche\/","title":{"rendered":"Khenchen Sherab Gyaltsen Amipa Rinpoche"},"content":{"rendered":"\t\t<div data-elementor-type=\"wp-page\" data-elementor-id=\"32483\" class=\"elementor elementor-32483 elementor-30871\">\n\t\t\t\t<div class=\"elementor-element elementor-element-adeb4ac e-flex e-con-boxed e-con e-parent\" data-id=\"adeb4ac\" data-element_type=\"container\">\n\t\t\t\t\t<div class=\"e-con-inner\">\n\t\t<div class=\"elementor-element elementor-element-c916f27 e-con-full e-flex e-con e-child\" data-id=\"c916f27\" data-element_type=\"container\">\n\t\t\t\t<div class=\"elementor-element elementor-element-d4e57b3 elementor-widget elementor-widget-text-editor\" data-id=\"d4e57b3\" data-element_type=\"widget\" data-widget_type=\"text-editor.default\">\n\t\t\t\t<div class=\"elementor-widget-container\">\n\t\t\t\t\t\t\t\t\t<p>Der Ehrw\u00fcrdige Lama Sherab Gyaltsen Amipa wurde 1931 in Sakya im westlichen Tibet geboren. Im Alter von sieben Jahren trat er in das Hauptkloster von Sakya, Thubten Lhakhang Chenmo, ein. Nach Abschluss seiner Grundausbildung vertiefte er sein Wissen \u00fcber viele Jahre an der Sakya Monastic University und studierte die f\u00fcnf h\u00f6heren Wissenschaften: Pramana (Logik), Vinaya (Disziplin), Madhyamika (der Mittlere Weg), Prajna Paramita (transzendentale Weisheit) und Abhidharma (Philosophie). Dar\u00fcber hinaus studierte er die f\u00fcnf h\u00f6heren Themen: Tantra, tibetische Grammatik, Dichtung, Geschichte des Buddhismus und tibetische Geschichte. Sein bedeutendster und relevantester Meister war sein Wurzelguru, S.H. der 40. Sakya Trizin Ngawang Thutob Wangchuk. Seine Heiligkeit verlieh tantrische Einweihungen in zahlreiche Gottheiten, das Lamdre und die 13 Goldenen Dharmas. Diese \u00dcbertragungen wurden w\u00e4hrend vieler Meditationsretreats vertieft und in spirituelle Erfahrungen umgewandelt. Nach dem Erlangen des h\u00f6chsten philosophischen Grades als Geshe Rabjampa, der einem Doktor in Philosophie entspricht, begann er, den M\u00f6nchen des Hauptklosters von Sakya und auch Laien zu unterrichten. Im Jahr 1960 ging Ven. Lama Sherab, wie andere Tibeter auch, ins Exil nach Indien, wo er seine Studien fortsetzte, insbesondere die seiner Tradition, in den Sakya-Kl\u00f6stern von Darjeeling und Dalhousie. Im Jahr 1967 entsandten S.H. der 14. Dalai Lama und die tibetische Exilregierung ihn zusammen mit einer ersten Gruppe von M\u00f6nchen nach Rikon (bei Z\u00fcrich) zum neu gegr\u00fcndeten Tibet-Institut. Seine Aufgabe bestand darin, tibetische Fl\u00fcchtlinge in der Schweiz zu unterst\u00fctzen. Sp\u00e4ter gr\u00fcndete er, um der Nachfrage vieler interessierter Westler gerecht zu werden, zahlreiche buddhistische Zentren in Europa. Das Hauptzentrum ist Sakya Tsechen Ling (Europ\u00e4isches Institut f\u00fcr Tibetischen Buddhismus), das 1978 in Kuttolsheim (Stra\u00dfburg\/Frankreich) gegr\u00fcndet wurde. Andere wurden in Den Haag, Freiburg (Deutschland), Z\u00fcrich, Stockholm, Triest, Toulouse und Lugano-Arosio gegr\u00fcndet. An allen Zentren werden regelm\u00e4\u00dfig Lehren abgehalten, und im Hauptzentrum finden zwei j\u00e4hrliche Retreats statt. Ehrerbietung dem Guru Im Jahr 2010 verlieh S.H. Kyabgon Gongma Trichen Rinpoche in Stra\u00dfburg dem Ehrw\u00fcrdigen Lama Sherab den Titel Khenchen (Seniorabt). Am 14. April 2014 verstarb Khenchen Lama Sherab. Die Weisheit und Mitgef\u00fchl, die er \u00fcber all die Jahre \u00fcbertragen hat, inspirieren weiterhin die Sch\u00fcler, die das Gl\u00fcck hatten, ihn zu treffen. Am 14. April 2014 um 11:04 Uhr verlie\u00df unser geliebter Guru seinen K\u00f6rper, aber nicht seine F\u00e4higkeit, das Heilige Dharma auf reine und kontinuierliche Weise zu \u00fcbermitteln. <br \/><strong>Ehrerbietung dem Guru<\/strong><br \/>In seinem privaten Wohnsitz in Rikon fanden die Praktiken statt, die ihn auf dieser Reise begleiteten, wo seine kostbare Anwesenheit sowohl tags\u00fcber als auch nachts sp\u00fcrbar war. Entsprechend der tibetischen Tradition wurden in Rikon, in seinen Zentren und in vielen Kl\u00f6stern sieben Wochen lang Gebete und gl\u00fccksverhei\u00dfende Rituale f\u00fcr unseren Guru durchgef\u00fchrt. Er widmete sein ganzes Dasein der Praxis des Dharma und erlangte den h\u00f6chsten Bildungsgrad an der monastischen Universit\u00e4t in Sakya. Er wurde vom Dalai Lama ausgew\u00e4hlt, in den Sechzigern in die Schweiz zu kommen, um die erste tibetische Exilgemeinschaft zu unterst\u00fctzen. Aber er h\u00f6rte nicht damit auf; er gr\u00fcndete mehrere Dharma-Zentren in verschiedenen europ\u00e4ischen L\u00e4ndern, wo er mit seinen Sch\u00fclern seine spirituelle Erfahrung teilte, die von gro\u00dfer mitf\u00fchlender Liebe und Weisheit gepr\u00e4gt ist. Sein Beispiel als wahrer Dharma-Praktizierender lehrte uns, dass tiefes Vertrauen die Verg\u00e4nglichkeit der Ph\u00e4nomene \u00fcberwindet und dass es die Sch\u00fcler sind, die die Meister durch ihre Hingabe und aufrichtige Praxis gem\u00e4\u00df den erhaltenen Lehren wiederbeleben. Er gab uns alles, was er hatte, und deutete klar den Weg an, dem zu folgen ist. Indem wir seinen Anweisungen folgen, erreichen wir sicherlich das Ziel, den Ort, an dem es keine Trennung oder Bedauern dar\u00fcber gibt, was man zu verloren glaubt. Er hat uns nicht verlassen; er hat nur vor\u00fcbergehend seine Art zu lehren ver\u00e4ndert. Jedes Mal, wenn wir eine tugendhafte Handlung ausf\u00fchren, ist Er bei uns; jedes Mal, wenn unser L\u00e4cheln mit Liebe erf\u00fcllt ist, \u00fcben wir Seine Lehren aus; jedes Mal, wenn wir wissen, wie wir die richtige Entscheidung treffen, haben wir das Dharma verstanden. Der Sch\u00fcler, der in Harmonie mit sich selbst lebt, ist nie allein. Um die Ursachen und Bedingungen f\u00fcr die R\u00fcckkehr von Rinpoche unter uns zu schaffen, damit er uns weiterhin mit seiner Weisheit f\u00fchrt, k\u00f6nnen Sie Gebete f\u00fcr seine rasche R\u00fcckkehr rezitieren. Klicken Sie auf den blauen Link unten, um die PDF herunterzuladen.<\/p>\t\t\t\t\t\t\t\t<\/div>\n\t\t\t\t<\/div>\n\t\t\t\t<\/div>\n\t\t<div class=\"elementor-element elementor-element-bc4bcbb e-con-full e-flex e-con e-child\" data-id=\"bc4bcbb\" data-element_type=\"container\">\n\t\t<div class=\"elementor-element elementor-element-c6c30f6 e-flex e-con-boxed e-con e-child\" data-id=\"c6c30f6\" data-element_type=\"container\">\n\t\t\t\t\t<div class=\"e-con-inner\">\n\t\t\t\t<div class=\"elementor-element elementor-element-79c0c66 elementor-widget elementor-widget-image\" data-id=\"79c0c66\" data-element_type=\"widget\" data-widget_type=\"image.default\">\n\t\t\t\t<div class=\"elementor-widget-container\">\n\t\t\t\t\t\t\t\t\t\t\t\t\t\t\t<img fetchpriority=\"high\" decoding=\"async\" width=\"840\" height=\"559\" src=\"https:\/\/sakyapa.eu\/wp-content\/uploads\/2024\/04\/DSC03013_PS-CS6-1024x681.jpg\" class=\"attachment-large size-large wp-image-32398\" alt=\"\" srcset=\"https:\/\/sakyapa.eu\/wp-content\/uploads\/2024\/04\/DSC03013_PS-CS6-1024x681.jpg 1024w, https:\/\/sakyapa.eu\/wp-content\/uploads\/2024\/04\/DSC03013_PS-CS6-300x199.jpg 300w, https:\/\/sakyapa.eu\/wp-content\/uploads\/2024\/04\/DSC03013_PS-CS6-768x511.jpg 768w, https:\/\/sakyapa.eu\/wp-content\/uploads\/2024\/04\/DSC03013_PS-CS6-90x60.jpg 90w, https:\/\/sakyapa.eu\/wp-content\/uploads\/2024\/04\/DSC03013_PS-CS6-480x320.jpg 480w, https:\/\/sakyapa.eu\/wp-content\/uploads\/2024\/04\/DSC03013_PS-CS6-420x280.jpg 420w, https:\/\/sakyapa.eu\/wp-content\/uploads\/2024\/04\/DSC03013_PS-CS6-520x345.jpg 520w, https:\/\/sakyapa.eu\/wp-content\/uploads\/2024\/04\/DSC03013_PS-CS6.jpg 1396w\" sizes=\"(max-width: 840px) 100vw, 840px\" \/>\t\t\t\t\t\t\t\t\t\t\t\t\t\t\t<\/div>\n\t\t\t\t<\/div>\n\t\t\t\t\t<\/div>\n\t\t\t\t<\/div>\n\t\t<div class=\"elementor-element elementor-element-cb6c79e e-flex e-con-boxed e-con e-child\" data-id=\"cb6c79e\" data-element_type=\"container\">\n\t\t\t\t\t<div class=\"e-con-inner\">\n\t\t\t\t<div class=\"elementor-element elementor-element-6578073 elementor-widget elementor-widget-video\" data-id=\"6578073\" data-element_type=\"widget\" data-settings=\"{&quot;video_type&quot;:&quot;hosted&quot;,&quot;controls&quot;:&quot;yes&quot;}\" data-widget_type=\"video.default\">\n\t\t\t\t<div class=\"elementor-widget-container\">\n\t\t\t\t\t\t\t<div class=\"e-hosted-video elementor-wrapper elementor-open-inline\">\n\t\t\t\t\t<video class=\"elementor-video\" src=\"https:\/\/sakyapa.eu\/wp-content\/uploads\/2023\/11\/KC1.mp4\" controls=\"\" preload=\"metadata\" controlsList=\"nodownload\"><\/video>\n\t\t\t\t<\/div>\n\t\t\t\t\t\t<\/div>\n\t\t\t\t<\/div>\n\t\t\t\t\t<\/div>\n\t\t\t\t<\/div>\n\t\t\t\t<\/div>\n\t\t\t\t\t<\/div>\n\t\t\t\t<\/div>\n\t\t<div class=\"elementor-element elementor-element-39d88fc3 e-flex e-con-boxed e-con e-parent\" data-id=\"39d88fc3\" data-element_type=\"container\">\n\t\t\t\t\t<div class=\"e-con-inner\">\n\t\t\t\t<div class=\"elementor-element elementor-element-9a4e434 elementor-widget elementor-widget-heading\" data-id=\"9a4e434\" data-element_type=\"widget\" data-widget_type=\"heading.default\">\n\t\t\t\t<div class=\"elementor-widget-container\">\n\t\t\t\t\t<h4 class=\"elementor-heading-title elementor-size-default\"><a href=\"https:\/\/sakyapa.eu\/wp-content\/uploads\/2024\/04\/Rinpoche-Prayer-for-Swift-return_TIB_EN_DE.pdf\">Eine inst\u00e4ndige Bitte, Mitempfinden zu gew\u00e4hren \n<br>Das Gebet f\u00fcr eine baldige Wiedergeburt von Khenchen Sherab Gyaltsen Amipa Rinpoche<\/a><\/h4>\t\t\t\t<\/div>\n\t\t\t\t<\/div>\n\t\t\t\t\t<\/div>\n\t\t\t\t<\/div>\n\t\t<div class=\"elementor-element elementor-element-29fb269 e-flex e-con-boxed e-con e-parent\" data-id=\"29fb269\" data-element_type=\"container\">\n\t\t\t\t\t<div class=\"e-con-inner\">\n\t\t<div class=\"elementor-element elementor-element-026bb07 e-con-full e-flex e-con e-child\" data-id=\"026bb07\" data-element_type=\"container\">\n\t\t\t\t<div class=\"elementor-element elementor-element-c093f03 elementor-position-top elementor-widget elementor-widget-image-box\" data-id=\"c093f03\" data-element_type=\"widget\" data-widget_type=\"image-box.default\">\n\t\t\t\t<div class=\"elementor-widget-container\">\n\t\t\t\t\t<div class=\"elementor-image-box-wrapper\"><figure class=\"elementor-image-box-img\"><a href=\"https:\/\/player.vod2.infomaniak.com\/embed\/1jhvl2uqnzdic\" tabindex=\"-1\"><img decoding=\"async\" width=\"1772\" height=\"1181\" src=\"https:\/\/sakyapa.eu\/wp-content\/uploads\/2024\/03\/Lama_Sherab_15x10.jpg\" class=\"attachment-full size-full wp-image-32184\" alt=\"\" srcset=\"https:\/\/sakyapa.eu\/wp-content\/uploads\/2024\/03\/Lama_Sherab_15x10.jpg 1772w, https:\/\/sakyapa.eu\/wp-content\/uploads\/2024\/03\/Lama_Sherab_15x10-300x200.jpg 300w, https:\/\/sakyapa.eu\/wp-content\/uploads\/2024\/03\/Lama_Sherab_15x10-1024x682.jpg 1024w, https:\/\/sakyapa.eu\/wp-content\/uploads\/2024\/03\/Lama_Sherab_15x10-768x512.jpg 768w, https:\/\/sakyapa.eu\/wp-content\/uploads\/2024\/03\/Lama_Sherab_15x10-1536x1024.jpg 1536w, https:\/\/sakyapa.eu\/wp-content\/uploads\/2024\/03\/Lama_Sherab_15x10-90x60.jpg 90w, https:\/\/sakyapa.eu\/wp-content\/uploads\/2024\/03\/Lama_Sherab_15x10-480x320.jpg 480w, https:\/\/sakyapa.eu\/wp-content\/uploads\/2024\/03\/Lama_Sherab_15x10-420x280.jpg 420w\" sizes=\"(max-width: 1772px) 100vw, 1772px\" \/><\/a><\/figure><div class=\"elementor-image-box-content\"><h3 class=\"elementor-image-box-title\"><a href=\"https:\/\/player.vod2.infomaniak.com\/embed\/1jhvl2uqnzdic\">Die letzte Lehre von Khenchen La<\/a><\/h3><p class=\"elementor-image-box-description\">Der Mittelweg von Nagarjuna<\/p><\/div><\/div>\t\t\t\t<\/div>\n\t\t\t\t<\/div>\n\t\t\t\t<\/div>\n\t\t<div class=\"elementor-element elementor-element-792c2aa e-con-full e-flex e-con e-child\" data-id=\"792c2aa\" data-element_type=\"container\">\n\t\t\t\t<div class=\"elementor-element elementor-element-1345f7e elementor-position-top elementor-widget elementor-widget-image-box\" data-id=\"1345f7e\" data-element_type=\"widget\" data-widget_type=\"image-box.default\">\n\t\t\t\t<div class=\"elementor-widget-container\">\n\t\t\t\t\t<div class=\"elementor-image-box-wrapper\"><figure class=\"elementor-image-box-img\"><a href=\"https:\/\/player.vod2.infomaniak.com\/embed\/1jhvl2uqo7p4w\" tabindex=\"-1\"><img decoding=\"async\" width=\"949\" height=\"720\" src=\"https:\/\/sakyapa.eu\/wp-content\/uploads\/2024\/04\/Tib.jpg\" class=\"attachment-full size-full wp-image-32405\" alt=\"\" srcset=\"https:\/\/sakyapa.eu\/wp-content\/uploads\/2024\/04\/Tib.jpg 949w, https:\/\/sakyapa.eu\/wp-content\/uploads\/2024\/04\/Tib-300x228.jpg 300w, https:\/\/sakyapa.eu\/wp-content\/uploads\/2024\/04\/Tib-768x583.jpg 768w, https:\/\/sakyapa.eu\/wp-content\/uploads\/2024\/04\/Tib-79x60.jpg 79w\" sizes=\"(max-width: 949px) 100vw, 949px\" \/><\/a><\/figure><div class=\"elementor-image-box-content\"><h3 class=\"elementor-image-box-title\"><a href=\"https:\/\/player.vod2.infomaniak.com\/embed\/1jhvl2uqo7p4w\">Khenchen La in Tibet<\/a><\/h3><p class=\"elementor-image-box-description\">In 1997<\/p><\/div><\/div>\t\t\t\t<\/div>\n\t\t\t\t<\/div>\n\t\t\t\t<\/div>\n\t\t\t\t\t<\/div>\n\t\t\t\t<\/div>\n\t\t\t\t<\/div>\n\t\t","protected":false},"excerpt":{"rendered":"<p>Der Ehrw\u00fcrdige Lama Sherab Gyaltsen Amipa wurde 1931 in Sakya im westlichen Tibet geboren. Im Alter von sieben Jahren trat er in das Hauptkloster von &hellip; <\/p>\n","protected":false},"author":1,"featured_media":0,"parent":0,"menu_order":0,"comment_status":"closed","ping_status":"closed","template":"","meta":{"_tec_requires_first_save":true,"_eb_attr":"","_price":"","_stock":"","_tribe_ticket_header":"","_tribe_default_ticket_provider":"","_tribe_ticket_capacity":"0","_ticket_start_date":"","_ticket_end_date":"","_tribe_ticket_show_description":"","_tribe_ticket_show_not_going":false,"_tribe_ticket_use_global_stock":"","_tribe_ticket_global_stock_level":"","_global_stock_mode":"","_global_stock_cap":"","_tribe_rsvp_for_event":"","_tribe_ticket_going_count":"","_tribe_ticket_not_going_count":"","_tribe_tickets_list":"[]","_tribe_ticket_has_attendee_info_fields":false,"_EventAllDay":false,"_EventTimezone":"","_EventStartDate":"","_EventEndDate":"","_EventStartDateUTC":"","_EventEndDateUTC":"","_EventShowMap":false,"_EventShowMapLink":false,"_EventURL":"","_EventCost":"","_EventCostDescription":"","_EventCurrencySymbol":"","_EventCurrencyCode":"","_EventCurrencyPosition":"","_EventDateTimeSeparator":"","_EventTimeRangeSeparator":"","_EventOrganizerID":[],"_EventVenueID":[],"_OrganizerEmail":"","_OrganizerPhone":"","_OrganizerWebsite":"","_VenueAddress":"","_VenueCity":"","_VenueCountry":"","_VenueProvince":"","_VenueState":"","_VenueZip":"","_VenuePhone":"","_VenueURL":"","_VenueStateProvince":"","_VenueLat":"","_VenueLng":"","_VenueShowMap":false,"_VenueShowMapLink":false,"_tribe_blocks_recurrence_rules":"","_tribe_blocks_recurrence_description":"","_tribe_blocks_recurrence_exclusions":"","footnotes":"","_tec_slr_enabled":"","_tec_slr_layout":""},"class_list":["post-32483","page","type-page","status-publish","hentry","latest_post"],"ticketed":false,"_links":{"self":[{"href":"https:\/\/sakyapa.eu\/de\/wp-json\/wp\/v2\/pages\/32483","targetHints":{"allow":["GET"]}}],"collection":[{"href":"https:\/\/sakyapa.eu\/de\/wp-json\/wp\/v2\/pages"}],"about":[{"href":"https:\/\/sakyapa.eu\/de\/wp-json\/wp\/v2\/types\/page"}],"author":[{"embeddable":true,"href":"https:\/\/sakyapa.eu\/de\/wp-json\/wp\/v2\/users\/1"}],"replies":[{"embeddable":true,"href":"https:\/\/sakyapa.eu\/de\/wp-json\/wp\/v2\/comments?post=32483"}],"version-history":[{"count":7,"href":"https:\/\/sakyapa.eu\/de\/wp-json\/wp\/v2\/pages\/32483\/revisions"}],"predecessor-version":[{"id":32548,"href":"https:\/\/sakyapa.eu\/de\/wp-json\/wp\/v2\/pages\/32483\/revisions\/32548"}],"wp:attachment":[{"href":"https:\/\/sakyapa.eu\/de\/wp-json\/wp\/v2\/media?parent=32483"}],"curies":[{"name":"wp","href":"https:\/\/api.w.org\/{rel}","templated":true}]}}