{"id":31081,"date":"2023-11-23T15:16:52","date_gmt":"2023-11-23T14:16:52","guid":{"rendered":"https:\/\/sakyapa.eu\/thupten-changchup-ling\/"},"modified":"2025-06-14T11:25:26","modified_gmt":"2025-06-14T09:25:26","slug":"thupten-changchup-ling","status":"publish","type":"page","link":"https:\/\/sakyapa.eu\/de\/thupten-changchup-ling\/","title":{"rendered":"Thupten Changchup Ling"},"content":{"rendered":"\t\t<div data-elementor-type=\"wp-page\" data-elementor-id=\"31081\" class=\"elementor elementor-31081 elementor-30987\">\n\t\t\t\t<div class=\"elementor-element elementor-element-20e24c3 e-flex e-con-boxed e-con e-parent\" data-id=\"20e24c3\" data-element_type=\"container\">\n\t\t\t\t\t<div class=\"e-con-inner\">\n\t\t<div class=\"elementor-element elementor-element-750fd60 e-con-full e-flex e-con e-child\" data-id=\"750fd60\" data-element_type=\"container\">\n\t\t\t\t<div class=\"elementor-element elementor-element-f173bc8 elementor-widget elementor-widget-text-editor\" data-id=\"f173bc8\" data-element_type=\"widget\" data-widget_type=\"text-editor.default\">\n\t\t\t\t<div class=\"elementor-widget-container\">\n\t\t\t\t\t\t\t\t\t<p>L\u00fccc 20, 6939 Alto Malcantone\/Arosio, Ticino, Switzerland<\/p>\t\t\t\t\t\t\t\t<\/div>\n\t\t\t\t<\/div>\n\t\t\t\t<\/div>\n\t\t<div class=\"elementor-element elementor-element-304c654 e-con-full e-flex e-con e-child\" data-id=\"304c654\" data-element_type=\"container\">\n\t\t\t\t<div class=\"elementor-element elementor-element-cc2df78 elementor-align-right elementor-widget elementor-widget-button\" data-id=\"cc2df78\" data-element_type=\"widget\" data-widget_type=\"button.default\">\n\t\t\t\t<div class=\"elementor-widget-container\">\n\t\t\t\t\t\t\t\t\t<div class=\"elementor-button-wrapper\">\n\t\t\t\t\t<a class=\"elementor-button elementor-button-link elementor-size-md\" href=\"https:\/\/donate.stripe.com\/fZe6pzcr99hI67S5kl\" target=\"_blank\">\n\t\t\t\t\t\t<span class=\"elementor-button-content-wrapper\">\n\t\t\t\t\t\t\t\t\t<span class=\"elementor-button-text\">Unterst\u00fctzen Sie dieses Zentrum<\/span>\n\t\t\t\t\t<\/span>\n\t\t\t\t\t<\/a>\n\t\t\t\t<\/div>\n\t\t\t\t\t\t\t\t<\/div>\n\t\t\t\t<\/div>\n\t\t\t\t<\/div>\n\t\t\t\t\t<\/div>\n\t\t\t\t<\/div>\n\t\t<div class=\"elementor-element elementor-element-defec15 e-flex e-con-boxed e-con e-parent\" data-id=\"defec15\" data-element_type=\"container\">\n\t\t\t\t\t<div class=\"e-con-inner\">\n\t\t<div class=\"elementor-element elementor-element-6c3a086 e-con-full e-flex e-con e-child\" data-id=\"6c3a086\" data-element_type=\"container\">\n\t\t\t\t<div class=\"elementor-element elementor-element-d135bd1 elementor-widget elementor-widget-text-editor\" data-id=\"d135bd1\" data-element_type=\"widget\" data-widget_type=\"text-editor.default\">\n\t\t\t\t<div class=\"elementor-widget-container\">\n\t\t\t\t\t\t\t\t\t<p><strong>Website:\u00a0<\/strong><a href=\"https:\/\/sakya.ch\">https:\/\/sakya.ch<\/a><\/p><p><strong>Tel :<\/strong>\u00a00041 91 600 32 15<br \/><strong>E-mail:<\/strong> <a href=\"mailto:info@sakya.ch\">info@sakya.ch<\/a><\/p>\t\t\t\t\t\t\t\t<\/div>\n\t\t\t\t<\/div>\n\t\t\t\t<\/div>\n\t\t<div class=\"elementor-element elementor-element-52dadbc e-con-full e-flex e-con e-child\" data-id=\"52dadbc\" data-element_type=\"container\">\n\t\t\t\t<div class=\"elementor-element elementor-element-812adc4 elementor-widget elementor-widget-image\" data-id=\"812adc4\" data-element_type=\"widget\" data-widget_type=\"image.default\">\n\t\t\t\t<div class=\"elementor-widget-container\">\n\t\t\t\t\t\t\t\t\t\t\t\t\t\t\t<img fetchpriority=\"high\" decoding=\"async\" width=\"840\" height=\"558\" src=\"https:\/\/sakyapa.eu\/wp-content\/uploads\/2023\/12\/Arosio-2-1024x680.jpg\" class=\"attachment-large size-large wp-image-31016\" alt=\"\" srcset=\"https:\/\/sakyapa.eu\/wp-content\/uploads\/2023\/12\/Arosio-2-1024x680.jpg 1024w, https:\/\/sakyapa.eu\/wp-content\/uploads\/2023\/12\/Arosio-2-300x199.jpg 300w, https:\/\/sakyapa.eu\/wp-content\/uploads\/2023\/12\/Arosio-2-768x510.jpg 768w, https:\/\/sakyapa.eu\/wp-content\/uploads\/2023\/12\/Arosio-2-1536x1020.jpg 1536w, https:\/\/sakyapa.eu\/wp-content\/uploads\/2023\/12\/Arosio-2-90x60.jpg 90w, https:\/\/sakyapa.eu\/wp-content\/uploads\/2023\/12\/Arosio-2-480x320.jpg 480w, https:\/\/sakyapa.eu\/wp-content\/uploads\/2023\/12\/Arosio-2-800x530.jpg 800w, https:\/\/sakyapa.eu\/wp-content\/uploads\/2023\/12\/Arosio-2-420x280.jpg 420w, https:\/\/sakyapa.eu\/wp-content\/uploads\/2023\/12\/Arosio-2-520x345.jpg 520w, https:\/\/sakyapa.eu\/wp-content\/uploads\/2023\/12\/Arosio-2.jpg 1972w\" sizes=\"(max-width: 840px) 100vw, 840px\" \/>\t\t\t\t\t\t\t\t\t\t\t\t\t\t\t<\/div>\n\t\t\t\t<\/div>\n\t\t\t\t<\/div>\n\t\t\t\t\t<\/div>\n\t\t\t\t<\/div>\n\t\t\t\t<section class=\"elementor-section elementor-top-section elementor-element elementor-element-36b54701 elementor-section-boxed elementor-section-height-default elementor-section-height-default\" data-id=\"36b54701\" data-element_type=\"section\" data-settings=\"{&quot;background_background&quot;:&quot;classic&quot;}\">\n\t\t\t\t\t\t<div class=\"elementor-container elementor-column-gap-no\">\n\t\t\t\t\t<div class=\"elementor-column elementor-col-100 elementor-top-column elementor-element elementor-element-3b96b072\" data-id=\"3b96b072\" data-element_type=\"column\">\n\t\t\t<div class=\"elementor-widget-wrap elementor-element-populated\">\n\t\t\t\t\t\t<section class=\"elementor-section elementor-inner-section elementor-element elementor-element-4d28e353 elementor-section-full_width elementor-section-height-default elementor-section-height-default\" data-id=\"4d28e353\" data-element_type=\"section\">\n\t\t\t\t\t\t<div class=\"elementor-container elementor-column-gap-no\">\n\t\t\t\t\t<div class=\"elementor-column elementor-col-100 elementor-inner-column elementor-element elementor-element-4281f75c\" data-id=\"4281f75c\" data-element_type=\"column\">\n\t\t\t<div class=\"elementor-widget-wrap elementor-element-populated\">\n\t\t\t\t\t\t<div class=\"elementor-element elementor-element-58042214 elementor-invisible elementor-widget elementor-widget-heading\" data-id=\"58042214\" data-element_type=\"widget\" data-settings=\"{&quot;_animation&quot;:&quot;fadeInDown&quot;}\" data-widget_type=\"heading.default\">\n\t\t\t\t<div class=\"elementor-widget-container\">\n\t\t\t\t\t<h2 class=\"elementor-heading-title elementor-size-default\">\u00dcber uns<\/h2>\t\t\t\t<\/div>\n\t\t\t\t<\/div>\n\t\t\t\t<div class=\"elementor-element elementor-element-7853165d elementor-widget__width-initial elementor-invisible elementor-widget elementor-widget-text-editor\" data-id=\"7853165d\" data-element_type=\"widget\" data-settings=\"{&quot;_animation&quot;:&quot;zoomIn&quot;}\" data-widget_type=\"text-editor.default\">\n\t\t\t\t<div class=\"elementor-widget-container\">\n\t\t\t\t\t\t\t\t\t<p>Das Thupten Changchup Ling ist ein Zentrum des tibetischen Buddhismus der Sakya-Tradition und befindet sich in Arosio, inmitten der malerischen H\u00fcgel des Malcantone. Sie wurde 1978 von Khenchen Sherab gegr\u00fcndet. Der Name Thupten Changchup Ling bedeutet &#8220;Ort, an dem ich die Lehren des Buddha aufbewahre&#8221;. Obwohl es ein kleines Zentrum ist, hatte es die Ehre, einer der Hauptorte zu sein, an dem der Ehrw\u00fcrdige Lama Sherab regelm\u00e4\u00dfig seine Lehren vermittelte und viele Male einige der wichtigsten Meister des tibetischen Buddhismus beherbergte. Au\u00dferdem wohnt ein sehr zug\u00e4nglicher tibetischer Lama im Zentrum, der alle Interessierten willkommen hei\u00dft.<\/p>\n<p>Das Ziel von Thupten Changchup Ling ist es, die spirituelle Entwicklung zu f\u00f6rdern und anzuregen sowie allen interessierten Personen die M\u00f6glichkeit zu bieten, ihre Selbsterkenntnis zu vertiefen und durch Meditation, Studium und Reflexion inneren Frieden und Vollst\u00e4ndigkeit zu finden. Mit diesem Ziel bietet das Zentrum verschiedene regelm\u00e4\u00dfige Aktivit\u00e4ten wie Seminare, Unterweisungen, Meditationen und Rituale an, sowohl in der warmen und entspannenden Atmosph\u00e4re des tibetischen Tempels als auch in der wundersch\u00f6nen umliegenden Natur, in der sich auch eine Stupa befindet &#8211; ein typisches heiliges Bauwerk, das den erleuchteten Geist repr\u00e4sentiert und darauf abzielt, allen Wesen Frieden zu bringen. Als buddhistisches Zentrum legt es den Schwerpunkt auf die authentischen Lehren des Buddha, ber\u00fccksichtigt aber auch alle gro\u00dfen spirituellen und philosophischen Traditionen der Menschheit.<\/p>\n\t\t\t\t\t\t\t\t<\/div>\n\t\t\t\t<\/div>\n\t\t\t\t\t<\/div>\n\t\t<\/div>\n\t\t\t\t\t<\/div>\n\t\t<\/section>\n\t\t\t\t\t<\/div>\n\t\t<\/div>\n\t\t\t\t\t<\/div>\n\t\t<\/section>\n\t\t<div class=\"elementor-element elementor-element-53fd9f8 e-flex e-con-boxed e-con e-parent\" data-id=\"53fd9f8\" data-element_type=\"container\">\n\t\t\t\t\t<div class=\"e-con-inner\">\n\t\t\t\t\t<\/div>\n\t\t\t\t<\/div>\n\t\t<div class=\"elementor-element elementor-element-482eb31 e-flex e-con-boxed e-con e-parent\" data-id=\"482eb31\" data-element_type=\"container\">\n\t\t\t\t\t<div class=\"e-con-inner\">\n\t\t<div class=\"elementor-element elementor-element-657d982 e-con-full e-flex e-con e-child\" data-id=\"657d982\" data-element_type=\"container\">\n\t\t\t\t<div class=\"elementor-element elementor-element-0abda82 elementor-align-center elementor-widget elementor-widget-button\" data-id=\"0abda82\" data-element_type=\"widget\" data-widget_type=\"button.default\">\n\t\t\t\t<div class=\"elementor-widget-container\">\n\t\t\t\t\t\t\t\t\t<div class=\"elementor-button-wrapper\">\n\t\t\t\t\t<a class=\"elementor-button elementor-button-link elementor-size-md\" href=\"https:\/\/sakyapa.eu\/it\/events\/category\/thupten-changchup-ling\/\" target=\"_blank\">\n\t\t\t\t\t\t<span class=\"elementor-button-content-wrapper\">\n\t\t\t\t\t\t\t\t\t<span class=\"elementor-button-text\">Veranstaltungen auf Italienisch<\/span>\n\t\t\t\t\t<\/span>\n\t\t\t\t\t<\/a>\n\t\t\t\t<\/div>\n\t\t\t\t\t\t\t\t<\/div>\n\t\t\t\t<\/div>\n\t\t\t\t<\/div>\n\t\t<div class=\"elementor-element elementor-element-bb0e152 e-con-full e-flex e-con e-child\" data-id=\"bb0e152\" data-element_type=\"container\">\n\t\t\t\t<div class=\"elementor-element elementor-element-86e10c1 elementor-align-center elementor-widget elementor-widget-button\" data-id=\"86e10c1\" data-element_type=\"widget\" data-widget_type=\"button.default\">\n\t\t\t\t<div class=\"elementor-widget-container\">\n\t\t\t\t\t\t\t\t\t<div class=\"elementor-button-wrapper\">\n\t\t\t\t\t<a class=\"elementor-button elementor-button-link elementor-size-md\" href=\"https:\/\/sakyapa.eu\/fr\/events\/category\/thupten-changchup-ling-fr\/\" target=\"_blank\">\n\t\t\t\t\t\t<span class=\"elementor-button-content-wrapper\">\n\t\t\t\t\t\t\t\t\t<span class=\"elementor-button-text\">Veranstaltungen auf Franz\u00f6sisch<\/span>\n\t\t\t\t\t<\/span>\n\t\t\t\t\t<\/a>\n\t\t\t\t<\/div>\n\t\t\t\t\t\t\t\t<\/div>\n\t\t\t\t<\/div>\n\t\t\t\t<\/div>\n\t\t<div class=\"elementor-element elementor-element-01f2c3b e-con-full e-flex e-con e-child\" data-id=\"01f2c3b\" data-element_type=\"container\">\n\t\t\t\t<div class=\"elementor-element elementor-element-043d3e2 elementor-align-center elementor-widget elementor-widget-button\" data-id=\"043d3e2\" data-element_type=\"widget\" data-widget_type=\"button.default\">\n\t\t\t\t<div class=\"elementor-widget-container\">\n\t\t\t\t\t\t\t\t\t<div class=\"elementor-button-wrapper\">\n\t\t\t\t\t<a class=\"elementor-button elementor-button-link elementor-size-md\" href=\"https:\/\/sakyapa.eu\/events\/category\/tcl\/\" target=\"_blank\">\n\t\t\t\t\t\t<span class=\"elementor-button-content-wrapper\">\n\t\t\t\t\t\t\t\t\t<span class=\"elementor-button-text\">Veranstaltungen auf Englisch<\/span>\n\t\t\t\t\t<\/span>\n\t\t\t\t\t<\/a>\n\t\t\t\t<\/div>\n\t\t\t\t\t\t\t\t<\/div>\n\t\t\t\t<\/div>\n\t\t\t\t<\/div>\n\t\t\t\t\t<\/div>\n\t\t\t\t<\/div>\n\t\t<div class=\"elementor-element elementor-element-7682036 e-flex e-con-boxed e-con e-parent\" data-id=\"7682036\" data-element_type=\"container\">\n\t\t\t\t\t<div class=\"e-con-inner\">\n\t\t\t\t<div class=\"elementor-element elementor-element-57a83f0 elementor-widget elementor-widget-google_maps\" data-id=\"57a83f0\" data-element_type=\"widget\" data-widget_type=\"google_maps.default\">\n\t\t\t\t<div class=\"elementor-widget-container\">\n\t\t\t\t\t\t\t<div class=\"elementor-custom-embed\">\n\t\t\t<iframe loading=\"lazy\"\n\t\t\t\t\tsrc=\"https:\/\/maps.google.com\/maps?q=Centro%20Buddhista%20THUPTEN%20CHANGCHUP%20LING&#038;t=m&#038;z=10&#038;output=embed&#038;iwloc=near\"\n\t\t\t\t\ttitle=\"Centro Buddhista THUPTEN CHANGCHUP LING\"\n\t\t\t\t\taria-label=\"Centro Buddhista THUPTEN CHANGCHUP LING\"\n\t\t\t><\/iframe>\n\t\t<\/div>\n\t\t\t\t\t\t<\/div>\n\t\t\t\t<\/div>\n\t\t\t\t\t<\/div>\n\t\t\t\t<\/div>\n\t\t\t\t<\/div>\n\t\t","protected":false},"excerpt":{"rendered":"<p>L\u00fccc 20, 6939 Alto Malcantone\/Arosio, Ticino, Switzerland Unterst\u00fctzen Sie dieses Zentrum Website:\u00a0https:\/\/sakya.ch Tel :\u00a00041 91 600 32 15E-mail: info@sakya.ch \u00dcber uns Das Thupten Changchup Ling &hellip; <\/p>\n","protected":false},"author":1,"featured_media":0,"parent":0,"menu_order":0,"comment_status":"closed","ping_status":"closed","template":"","meta":{"_tec_requires_first_save":true,"_eb_attr":"","_price":"","_stock":"","_tribe_ticket_header":"","_tribe_default_ticket_provider":"","_tribe_ticket_capacity":"0","_ticket_start_date":"","_ticket_end_date":"","_tribe_ticket_show_description":"","_tribe_ticket_show_not_going":false,"_tribe_ticket_use_global_stock":"","_tribe_ticket_global_stock_level":"","_global_stock_mode":"","_global_stock_cap":"","_tribe_rsvp_for_event":"","_tribe_ticket_going_count":"","_tribe_ticket_not_going_count":"","_tribe_tickets_list":"[]","_tribe_ticket_has_attendee_info_fields":false,"_EventAllDay":false,"_EventTimezone":"","_EventStartDate":"","_EventEndDate":"","_EventStartDateUTC":"","_EventEndDateUTC":"","_EventShowMap":false,"_EventShowMapLink":false,"_EventURL":"","_EventCost":"","_EventCostDescription":"","_EventCurrencySymbol":"","_EventCurrencyCode":"","_EventCurrencyPosition":"","_EventDateTimeSeparator":"","_EventTimeRangeSeparator":"","_EventOrganizerID":[],"_EventVenueID":[],"_OrganizerEmail":"","_OrganizerPhone":"","_OrganizerWebsite":"","_VenueAddress":"","_VenueCity":"","_VenueCountry":"","_VenueProvince":"","_VenueState":"","_VenueZip":"","_VenuePhone":"","_VenueURL":"","_VenueStateProvince":"","_VenueLat":"","_VenueLng":"","_VenueShowMap":false,"_VenueShowMapLink":false,"_tribe_blocks_recurrence_rules":"","_tribe_blocks_recurrence_description":"","_tribe_blocks_recurrence_exclusions":"","footnotes":"","_tec_slr_enabled":"","_tec_slr_layout":""},"class_list":["post-31081","page","type-page","status-publish","hentry","latest_post"],"ticketed":false,"_links":{"self":[{"href":"https:\/\/sakyapa.eu\/de\/wp-json\/wp\/v2\/pages\/31081","targetHints":{"allow":["GET"]}}],"collection":[{"href":"https:\/\/sakyapa.eu\/de\/wp-json\/wp\/v2\/pages"}],"about":[{"href":"https:\/\/sakyapa.eu\/de\/wp-json\/wp\/v2\/types\/page"}],"author":[{"embeddable":true,"href":"https:\/\/sakyapa.eu\/de\/wp-json\/wp\/v2\/users\/1"}],"replies":[{"embeddable":true,"href":"https:\/\/sakyapa.eu\/de\/wp-json\/wp\/v2\/comments?post=31081"}],"version-history":[{"count":16,"href":"https:\/\/sakyapa.eu\/de\/wp-json\/wp\/v2\/pages\/31081\/revisions"}],"predecessor-version":[{"id":37392,"href":"https:\/\/sakyapa.eu\/de\/wp-json\/wp\/v2\/pages\/31081\/revisions\/37392"}],"wp:attachment":[{"href":"https:\/\/sakyapa.eu\/de\/wp-json\/wp\/v2\/media?parent=31081"}],"curies":[{"name":"wp","href":"https:\/\/api.w.org\/{rel}","templated":true}]}}