{"id":30539,"date":"2023-10-26T15:23:08","date_gmt":"2023-10-26T13:23:08","guid":{"rendered":"https:\/\/sakyapa.eu\/welche-pujas-koennen-durchgefuehrt-werden\/"},"modified":"2023-11-18T16:04:15","modified_gmt":"2023-11-18T15:04:15","slug":"welche-pujas-koennen-durchgefuehrt-werden","status":"publish","type":"page","link":"https:\/\/sakyapa.eu\/de\/welche-pujas-koennen-durchgefuehrt-werden\/","title":{"rendered":"Welche Pujas k\u00f6nnen durchgef\u00fchrt werden?"},"content":{"rendered":"\n<div class=\"wp-block-media-text is-stacked-on-mobile\" style=\"grid-template-columns:25% auto\"><figure class=\"wp-block-media-text__media\"><img decoding=\"async\" width=\"250\" height=\"156\" src=\"https:\/\/sakyapa.eu\/wp-content\/uploads\/2023\/10\/LongLife-S.png\" alt=\"\" class=\"wp-image-29861 size-full\" srcset=\"https:\/\/sakyapa.eu\/wp-content\/uploads\/2023\/10\/LongLife-S.png 250w, https:\/\/sakyapa.eu\/wp-content\/uploads\/2023\/10\/LongLife-S-96x60.png 96w\" sizes=\"(max-width: 250px) 100vw, 250px\" \/><\/figure><div class=\"wp-block-media-text__content\">\n<p style=\"font-size:17px\"><mark style=\"background-color:rgba(0, 0, 0, 0)\" class=\"has-inline-color has-vivid-red-color\"><strong>Puja f\u00fcr ein langes Leben <\/strong><\/mark><br\/>Eine Puja (Tse Lha Nam Sum\/tib.), die drei Langlebigkeits-Buddhas &#8211; Amitayus, Ushnishavijaya und Wei\u00dfe Tara &#8211; einbezieht, um die Lebensenergie, Verdienste und Kraft zu erh\u00f6hen.<\/p>\n<\/div><\/div>\n\n<hr class=\"wp-block-separator has-alpha-channel-opacity\"\/>\n\n<p class=\"has-medium-font-size\"><strong><mark style=\"background-color:rgba(0, 0, 0, 0)\" class=\"has-inline-color has-vivid-cyan-blue-color\">Pujas, um Ihre Aktivit\u00e4ten zu unterst\u00fctzen und Sie vor Hindernissen zu sch\u00fctzen:<\/mark><\/strong><\/p>\n\n<div class=\"wp-block-media-text is-stacked-on-mobile\" style=\"grid-template-columns:25% auto\"><figure class=\"wp-block-media-text__media\"><img decoding=\"async\" width=\"250\" height=\"156\" src=\"https:\/\/sakyapa.eu\/wp-content\/uploads\/2023\/10\/Green-1.png\" alt=\"\" class=\"wp-image-29863 size-full\" srcset=\"https:\/\/sakyapa.eu\/wp-content\/uploads\/2023\/10\/Green-1.png 250w, https:\/\/sakyapa.eu\/wp-content\/uploads\/2023\/10\/Green-1-96x60.png 96w\" sizes=\"(max-width: 250px) 100vw, 250px\" \/><\/figure><div class=\"wp-block-media-text__content\">\n<p style=\"font-size:17px\"><mark style=\"background-color:rgba(0, 0, 0, 0)\" class=\"has-inline-color has-vivid-red-color\"><strong>Ritual der Gr\u00fcnen Tara <\/strong><\/mark><br\/>Tara gew\u00e4hrt besonders schnell Erfolg, um sowohl das zeitliche als auch das endg\u00fcltige Gl\u00fcck der Erleuchtung zu erlangen. Sie kann uns vor lebensbedrohlichen Krankheiten bewahren, uns bei der Genesung von Krankheiten helfen, uns Erfolg und Gl\u00fcck im Leben im Allgemeinen bringen, uns vor \u00c4ngsten sch\u00fctzen, uns helfen, ein Kind zu bekommen und \u00e4hnliches. Besonders empfehlenswert ist sie in allen Familienangelegenheiten. <\/p>\n<\/div><\/div>\n\n<hr class=\"wp-block-separator has-alpha-channel-opacity\"\/>\n\n<div class=\"wp-block-media-text is-stacked-on-mobile\" style=\"grid-template-columns:25% auto\"><figure class=\"wp-block-media-text__media\"><img decoding=\"async\" width=\"249\" height=\"156\" src=\"https:\/\/sakyapa.eu\/wp-content\/uploads\/2023\/10\/Maha-1.jpg\" alt=\"\" class=\"wp-image-29864 size-full\" srcset=\"https:\/\/sakyapa.eu\/wp-content\/uploads\/2023\/10\/Maha-1.jpg 249w, https:\/\/sakyapa.eu\/wp-content\/uploads\/2023\/10\/Maha-1-96x60.jpg 96w\" sizes=\"(max-width: 249px) 100vw, 249px\" \/><\/figure><div class=\"wp-block-media-text__content\">\n<p style=\"font-size:17px\"><strong><mark style=\"background-color:rgba(0, 0, 0, 0)\" class=\"has-inline-color has-vivid-red-color\">Mahakala-Ritual<\/mark><\/strong><\/p>\n\n\n\n<p style=\"font-size:17px\">Die Mahakala-Puja wird durchgef\u00fchrt, um Hindernisse im t\u00e4glichen Leben zu beseitigen &#8211; w\u00e4hrend einer Reise, beim Antritt einer neuen Stelle, wenn unsere Aktivit\u00e4ten erfolgreich werden &#8211; und Herausforderungen f\u00fcr die eigene spirituelle Praxis zu beseitigen und das eigene Leben sowie Tugend und Weisheit zu bereichern. <\/p>\n<\/div><\/div>\n\n<hr class=\"wp-block-separator has-alpha-channel-opacity\"\/>\n\n<div class=\"wp-block-media-text is-stacked-on-mobile\" style=\"grid-template-columns:25% auto\"><figure class=\"wp-block-media-text__media\"><img loading=\"lazy\" decoding=\"async\" width=\"250\" height=\"156\" src=\"https:\/\/sakyapa.eu\/wp-content\/uploads\/2023\/10\/Medicine-1.jpg\" alt=\"\" class=\"wp-image-29865 size-full\" srcset=\"https:\/\/sakyapa.eu\/wp-content\/uploads\/2023\/10\/Medicine-1.jpg 250w, https:\/\/sakyapa.eu\/wp-content\/uploads\/2023\/10\/Medicine-1-96x60.jpg 96w\" sizes=\"(max-width: 250px) 100vw, 250px\" \/><\/figure><div class=\"wp-block-media-text__content\">\n<p style=\"font-size:17px\"><mark style=\"background-color:rgba(0, 0, 0, 0)\" class=\"has-inline-color has-vivid-red-color\"><strong>Ritual des Medizinbuddhas<\/strong><\/mark><\/p>\n\n\n\n<p style=\"font-size:17px\">Meistens wird diese Puja durchgef\u00fchrt, um die Genesung einer Person zu unterst\u00fctzen, die sich einer Behandlung oder Operation unterzieht. Sie wird auch f\u00fcr die Verstorbenen durchgef\u00fchrt, um ihnen zu helfen, in den h\u00f6heren Bereichen wiedergeboren zu werden. <\/p>\n<\/div><\/div>\n\n<hr class=\"wp-block-separator has-alpha-channel-opacity\"\/>\n\n<div class=\"wp-block-media-text is-stacked-on-mobile\" style=\"grid-template-columns:25% auto\"><figure class=\"wp-block-media-text__media\"><img loading=\"lazy\" decoding=\"async\" width=\"249\" height=\"156\" src=\"https:\/\/sakyapa.eu\/wp-content\/uploads\/2023\/10\/Av-2.jpg\" alt=\"\" class=\"wp-image-29866 size-full\" srcset=\"https:\/\/sakyapa.eu\/wp-content\/uploads\/2023\/10\/Av-2.jpg 249w, https:\/\/sakyapa.eu\/wp-content\/uploads\/2023\/10\/Av-2-96x60.jpg 96w\" sizes=\"(max-width: 249px) 100vw, 249px\" \/><\/figure><div class=\"wp-block-media-text__content\">\n<p style=\"font-size:17px\"><mark style=\"background-color:rgba(0, 0, 0, 0)\" class=\"has-inline-color has-vivid-red-color\"><strong>Avalokiteshvara-Ritual<\/strong><\/mark><\/p>\n\n\n\n<p style=\"font-size:17px\">Die Avalokiteshvara-Puja wird durchgef\u00fchrt, um liebendes Mitgef\u00fchl im t\u00e4glichen Leben zu entwickeln und zu steigern, damit die Aktivit\u00e4ten erfolgreich werden.<\/p>\n<\/div><\/div>\n\n<hr class=\"wp-block-separator has-alpha-channel-opacity\"\/>\n\n<div class=\"wp-block-media-text is-stacked-on-mobile\" style=\"grid-template-columns:25% auto\"><figure class=\"wp-block-media-text__media\"><img loading=\"lazy\" decoding=\"async\" width=\"250\" height=\"156\" src=\"https:\/\/sakyapa.eu\/wp-content\/uploads\/2023\/10\/Simha-1.png\" alt=\"\" class=\"wp-image-29867 size-full\" srcset=\"https:\/\/sakyapa.eu\/wp-content\/uploads\/2023\/10\/Simha-1.png 250w, https:\/\/sakyapa.eu\/wp-content\/uploads\/2023\/10\/Simha-1-96x60.png 96w\" sizes=\"(max-width: 250px) 100vw, 250px\" \/><\/figure><div class=\"wp-block-media-text__content\">\n<p style=\"font-size:17px\"><mark style=\"background-color:rgba(0, 0, 0, 0)\" class=\"has-inline-color has-vivid-red-color\"><strong>Simhanada-Ritual <\/strong><\/mark><\/p>\n\n\n\n<p style=\"font-size:17px\">Die Hauptaufgabe besteht darin, Krankheiten zu beseitigen, insbesondere solche, die durch Nagas verursacht werden.<\/p>\n<\/div><\/div>\n\n<hr class=\"wp-block-separator has-alpha-channel-opacity\"\/>\n\n<div class=\"wp-block-media-text is-stacked-on-mobile\" style=\"grid-template-columns:25% auto\"><figure class=\"wp-block-media-text__media\"><img loading=\"lazy\" decoding=\"async\" width=\"250\" height=\"156\" src=\"https:\/\/sakyapa.eu\/wp-content\/uploads\/2023\/10\/White-1.png\" alt=\"\" class=\"wp-image-29868 size-full\" srcset=\"https:\/\/sakyapa.eu\/wp-content\/uploads\/2023\/10\/White-1.png 250w, https:\/\/sakyapa.eu\/wp-content\/uploads\/2023\/10\/White-1-96x60.png 96w\" sizes=\"(max-width: 250px) 100vw, 250px\" \/><\/figure><div class=\"wp-block-media-text__content\">\n<p style=\"font-size:17px\"><strong><mark style=\"background-color:rgba(0, 0, 0, 0)\" class=\"has-inline-color has-vivid-red-color\">Wei\u00dfes Mahakala-Ritual <\/mark><\/strong><\/p>\n\n\n\n<p style=\"font-size:17px\">Diese Puja wird durchgef\u00fchrt, um Gro\u00dfz\u00fcgigkeit und Gl\u00fcck in unser Leben zu bringen.<\/p>\n\n\n\n<p style=\"font-size:17px\">Die Wei\u00dfe Mahakala ist ber\u00fchmt daf\u00fcr, Hindernisse f\u00fcr unsere Praxis zu beseitigen, die mit einem Mangel an Unterst\u00fctzung, Ressourcen oder Wohlstand einhergehen und unsere F\u00e4higkeit, anderen Wesen zu helfen, einschr\u00e4nken. Er ist der Mahakala, der die Armut lindert und uns Wohlstand bringt. <\/p>\n<\/div><\/div>\n\n<hr class=\"wp-block-separator has-alpha-channel-opacity\"\/>\n\n<div class=\"wp-block-media-text is-stacked-on-mobile\" style=\"grid-template-columns:25% auto\"><figure class=\"wp-block-media-text__media\"><img loading=\"lazy\" decoding=\"async\" width=\"249\" height=\"156\" src=\"https:\/\/sakyapa.eu\/wp-content\/uploads\/2023\/10\/Torma-1.png\" alt=\"\" class=\"wp-image-29869 size-full\" srcset=\"https:\/\/sakyapa.eu\/wp-content\/uploads\/2023\/10\/Torma-1.png 249w, https:\/\/sakyapa.eu\/wp-content\/uploads\/2023\/10\/Torma-1-96x60.png 96w\" sizes=\"(max-width: 249px) 100vw, 249px\" \/><\/figure><div class=\"wp-block-media-text__content\">\n<p style=\"font-size:17px\"><strong><mark style=\"background-color:rgba(0, 0, 0, 0)\" class=\"has-inline-color has-vivid-red-color\">Cha-Sum-Ritual (eine Besch\u00fctzer-Puja)<\/mark><\/strong><\/p>\n\n\n\n<p style=\"font-size:17px\">Diese Puja ist gut f\u00fcr die Heilung von Krankheiten, die Heilung von schlechten Tr\u00e4umen und schlechten Omen. Sie ist gut geeignet f\u00fcr Menschen, die sich gr\u00f6\u00dferen medizinischen Eingriffen unterziehen m\u00fcssen, und kann auch zur Reinigung der Energie in H\u00e4usern und Wohnungen durchgef\u00fchrt werden. <\/p>\n<\/div><\/div>\n\n<hr class=\"wp-block-separator has-alpha-channel-opacity\"\/>\n\n<div class=\"wp-block-media-text is-stacked-on-mobile\" style=\"grid-template-columns:25% auto\"><figure class=\"wp-block-media-text__media\"><img loading=\"lazy\" decoding=\"async\" width=\"251\" height=\"156\" src=\"https:\/\/sakyapa.eu\/wp-content\/uploads\/2023\/10\/Naga-1.jpg\" alt=\"\" class=\"wp-image-29870 size-full\" srcset=\"https:\/\/sakyapa.eu\/wp-content\/uploads\/2023\/10\/Naga-1.jpg 251w, https:\/\/sakyapa.eu\/wp-content\/uploads\/2023\/10\/Naga-1-97x60.jpg 97w\" sizes=\"(max-width: 251px) 100vw, 251px\" \/><\/figure><div class=\"wp-block-media-text__content\">\n<p style=\"font-size:17px\"><strong><mark style=\"background-color:rgba(0, 0, 0, 0)\" class=\"has-inline-color has-vivid-red-color\">Naga-Ritual <\/mark><\/strong><\/p>\n\n\n\n<p style=\"font-size:17px\">Dem Naga-Ritual wird nachgesagt, dass es die Macht hat, Reichtum, Ruhm, Gesundheit und Verdienste zu mehren. Es ist auch angezeigt, um Ressourcen, Frieden und Wohlstand zu erh\u00f6hen und Hindernisse und Krankheiten, insbesondere Hautkrankheiten, zu beseitigen. <\/p>\n<\/div><\/div>\n\n<hr class=\"wp-block-separator has-alpha-channel-opacity\"\/>\n\n<p class=\"has-medium-font-size\"><mark style=\"background-color:rgba(0, 0, 0, 0)\" class=\"has-inline-color has-vivid-cyan-blue-color\"><strong>Pujas f\u00fcr die Verstorbenen<\/strong><\/mark><\/p>\n\n<p style=\"font-size:17px\">Vairocana-Ritual f\u00fcr die Verstorbenen <br\/>Vajrayogini-Ritual f\u00fcr die Verstorbenen<br\/>Amitabha-Anstrebensgebet<br\/>Samantabhadra-Gebet<\/p>\n\n<div class=\"wp-block-buttons is-layout-flex wp-block-buttons-is-layout-flex\">\n<div class=\"wp-block-button\"><a class=\"wp-block-button__link has-vivid-red-background-color has-background wp-element-button\" href=\"https:\/\/sakyapa.eu\/de\/?page_id=30097\"><strong>Puja anfordern<\/strong><\/a><\/div>\n<\/div>\n","protected":false},"excerpt":{"rendered":"<p>Puja f\u00fcr ein langes Leben Eine Puja (Tse Lha Nam Sum\/tib.), die drei Langlebigkeits-Buddhas &#8211; Amitayus, Ushnishavijaya und Wei\u00dfe Tara &#8211; einbezieht, um die Lebensenergie, &hellip; <\/p>\n","protected":false},"author":1,"featured_media":0,"parent":0,"menu_order":0,"comment_status":"closed","ping_status":"closed","template":"","meta":{"_tec_requires_first_save":true,"_eb_attr":"","_price":"","_stock":"","_tribe_ticket_header":"","_tribe_default_ticket_provider":"","_tribe_ticket_capacity":"0","_ticket_start_date":"","_ticket_end_date":"","_tribe_ticket_show_description":"","_tribe_ticket_show_not_going":false,"_tribe_ticket_use_global_stock":"","_tribe_ticket_global_stock_level":"","_global_stock_mode":"","_global_stock_cap":"","_tribe_rsvp_for_event":"","_tribe_ticket_going_count":"","_tribe_ticket_not_going_count":"","_tribe_tickets_list":"[]","_tribe_ticket_has_attendee_info_fields":false,"_EventAllDay":false,"_EventTimezone":"","_EventStartDate":"","_EventEndDate":"","_EventStartDateUTC":"","_EventEndDateUTC":"","_EventShowMap":false,"_EventShowMapLink":false,"_EventURL":"","_EventCost":"","_EventCostDescription":"","_EventCurrencySymbol":"","_EventCurrencyCode":"","_EventCurrencyPosition":"","_EventDateTimeSeparator":"","_EventTimeRangeSeparator":"","_EventOrganizerID":[],"_EventVenueID":[],"_OrganizerEmail":"","_OrganizerPhone":"","_OrganizerWebsite":"","_VenueAddress":"","_VenueCity":"","_VenueCountry":"","_VenueProvince":"","_VenueState":"","_VenueZip":"","_VenuePhone":"","_VenueURL":"","_VenueStateProvince":"","_VenueLat":"","_VenueLng":"","_VenueShowMap":false,"_VenueShowMapLink":false,"_tribe_blocks_recurrence_rules":"","_tribe_blocks_recurrence_description":"","_tribe_blocks_recurrence_exclusions":"","footnotes":"","_tec_slr_enabled":"","_tec_slr_layout":""},"class_list":["post-30539","page","type-page","status-publish","hentry","latest_post"],"ticketed":false,"_links":{"self":[{"href":"https:\/\/sakyapa.eu\/de\/wp-json\/wp\/v2\/pages\/30539","targetHints":{"allow":["GET"]}}],"collection":[{"href":"https:\/\/sakyapa.eu\/de\/wp-json\/wp\/v2\/pages"}],"about":[{"href":"https:\/\/sakyapa.eu\/de\/wp-json\/wp\/v2\/types\/page"}],"author":[{"embeddable":true,"href":"https:\/\/sakyapa.eu\/de\/wp-json\/wp\/v2\/users\/1"}],"replies":[{"embeddable":true,"href":"https:\/\/sakyapa.eu\/de\/wp-json\/wp\/v2\/comments?post=30539"}],"version-history":[{"count":2,"href":"https:\/\/sakyapa.eu\/de\/wp-json\/wp\/v2\/pages\/30539\/revisions"}],"predecessor-version":[{"id":30595,"href":"https:\/\/sakyapa.eu\/de\/wp-json\/wp\/v2\/pages\/30539\/revisions\/30595"}],"wp:attachment":[{"href":"https:\/\/sakyapa.eu\/de\/wp-json\/wp\/v2\/media?parent=30539"}],"curies":[{"name":"wp","href":"https:\/\/api.w.org\/{rel}","templated":true}]}}