{"id":30537,"date":"2023-10-26T15:14:22","date_gmt":"2023-10-26T13:14:22","guid":{"rendered":"https:\/\/sakyapa.eu\/was-ist-eine-puja-und-wie-waehlt-man-die-richtige-aus\/"},"modified":"2023-11-19T21:44:00","modified_gmt":"2023-11-19T20:44:00","slug":"was-ist-eine-puja-und-wie-waehlt-man-die-richtige-aus","status":"publish","type":"page","link":"https:\/\/sakyapa.eu\/de\/was-ist-eine-puja-und-wie-waehlt-man-die-richtige-aus\/","title":{"rendered":"Was ist eine Puja und wie w\u00e4hlt man die richtige aus?"},"content":{"rendered":"\n<figure class=\"wp-block-gallery has-nested-images columns-default is-cropped wp-block-gallery-1 is-layout-flex wp-block-gallery-is-layout-flex\">\n<figure class=\"wp-block-image size-full\"><img fetchpriority=\"high\" decoding=\"async\" width=\"236\" height=\"229\" data-id=\"29889\" src=\"https:\/\/sakyapa.eu\/wp-content\/uploads\/2023\/10\/Puja1-e1700426607185.png\" alt=\"\" class=\"wp-image-29889\" srcset=\"https:\/\/sakyapa.eu\/wp-content\/uploads\/2023\/10\/Puja1-e1700426607185.png 236w, https:\/\/sakyapa.eu\/wp-content\/uploads\/2023\/10\/Puja1-e1700426607185-62x60.png 62w\" sizes=\"(max-width: 236px) 100vw, 236px\" \/><\/figure>\n\n\n\n<figure class=\"wp-block-image size-large\"><img decoding=\"async\" width=\"833\" height=\"556\" data-id=\"29890\" src=\"https:\/\/sakyapa.eu\/wp-content\/uploads\/2023\/10\/Puja-Lama.png\" alt=\"\" class=\"wp-image-29890\" srcset=\"https:\/\/sakyapa.eu\/wp-content\/uploads\/2023\/10\/Puja-Lama.png 833w, https:\/\/sakyapa.eu\/wp-content\/uploads\/2023\/10\/Puja-Lama-300x200.png 300w, https:\/\/sakyapa.eu\/wp-content\/uploads\/2023\/10\/Puja-Lama-768x513.png 768w, https:\/\/sakyapa.eu\/wp-content\/uploads\/2023\/10\/Puja-Lama-90x60.png 90w, https:\/\/sakyapa.eu\/wp-content\/uploads\/2023\/10\/Puja-Lama-420x280.png 420w\" sizes=\"(max-width: 833px) 100vw, 833px\" \/><\/figure>\n\n\n\n<figure class=\"wp-block-image size-large\"><img decoding=\"async\" width=\"611\" height=\"556\" data-id=\"29891\" src=\"https:\/\/sakyapa.eu\/wp-content\/uploads\/2023\/10\/Puja-Lama-2.png\" alt=\"\" class=\"wp-image-29891\" srcset=\"https:\/\/sakyapa.eu\/wp-content\/uploads\/2023\/10\/Puja-Lama-2.png 611w, https:\/\/sakyapa.eu\/wp-content\/uploads\/2023\/10\/Puja-Lama-2-300x273.png 300w, https:\/\/sakyapa.eu\/wp-content\/uploads\/2023\/10\/Puja-Lama-2-66x60.png 66w\" sizes=\"(max-width: 611px) 100vw, 611px\" \/><\/figure>\n<\/figure>\n\n<p>Die Kraft des Gebets ist in allen religi\u00f6sen und spirituellen Traditionen bekannt. Dem Buddhismus zufolge sind unsere Erfahrungen im Leben das Ergebnis unserer vergangenen Handlungen. Sch\u00e4dliche Handlungen der Vergangenheit schaffen Leiden und tugendhafte Handlungen schaffen Gl\u00fcck. <\/p>\n\n<p>Gebete und Pujas erm\u00f6glichen es uns, die negativen Handlungen, die wir in der Vergangenheit angesammelt haben, zu reinigen und die daraus resultierenden Hindernisse zu beseitigen oder deren Entstehung zu verhindern. Pujas sind besondere Rituale, bei denen den Buddhas Gebete dargebracht werden, um ihre Hilfe zu erbitten und ihren Segen zu erflehen.<\/p>\n\n<p>Die Kraft der Gebete beruht auf der aufrichtigen Motivation der Person, die um Gebete bittet, sowie auf dem reinen Geist derjenigen, die die Gebete verrichten. Es hei\u00dft, dass Gebete, die von Ordinierten verrichtet werden, besonders kraftvoll und wirksam sind, da sie auf der Grundlage reiner Moral verrichtet werden. Aber das Wichtigste ist, dass das Darbringen von Opfergaben an die verschiedenen Manifestationen erleuchteter Wesen und an die Sangha-Gemeinschaft Verdienst, unser positives Potenzial, erzeugt und erh\u00f6ht. Um bei allen Aktivit\u00e4ten Erfolg zu haben, braucht man Verdienste.<\/p>\n\n<p>Pujas werden durchgef\u00fchrt, um die drei Arten von Hindernissen abzuwenden und zu beseitigen, die aufgrund des Mangels an Verdiensten entstehen und uns daran hindern, unsere weltlichen und spirituellen Ziele zu erreichen. Die Beseitigung dieser Hindernisse kann uns helfen, bei all unseren Aktivit\u00e4ten Gl\u00fcck und Erfolg zu haben.<\/p>\n\n<p class=\"has-medium-font-size\"><strong><mark style=\"background-color:rgba(0, 0, 0, 0)\" class=\"has-inline-color has-vivid-red-color\">Wie w\u00e4hlt man eine Puja aus?<\/mark><\/strong><\/p>\n\n<p>W\u00e4hrend einige Gebete von allgemeinem Nutzen sind, k\u00f6nnen andere uns bei speziellen Problemen helfen. Wenn Sie sich nicht sicher sind, welche Puja Sie w\u00e4hlen sollen, k\u00f6nnen Sie <a href=\"https:\/\/sakyapa.eu\/de\/puja-und-gebetsanliegen\/\" data-type=\"link\" data-id=\"https:\/\/sakyapa.eu\/puja-and-prayer-requests\/\">dieses Formular <\/a>verwenden, um Ihre Motivation f\u00fcr die Anforderung einer Puja zu beschreiben (z.B. die Herausforderungen, denen Sie gegen\u00fcberstehen oder die Ziele, die Sie erreichen wollen), und unsere ans\u00e4ssigen Lamas werden Sie beraten. <\/p>\n\n<p class=\"has-medium-font-size\"><strong><mark style=\"background-color:rgba(0, 0, 0, 0)\" class=\"has-inline-color has-vivid-red-color\">Warum eine Puja beantragen?<\/mark><\/strong><\/p>\n\n<p class=\"has-text-align-left\"><strong>Pujas k\u00f6nnen uns helfen, verschiedene Arten von Hindernissen zu beseitigen: <\/strong><\/p>\n\n<ol class=\"wp-block-list\">\n<li>Allt\u00e4gliche Hindernisse, z. B. im Zusammenhang mit unserem Beruf und unseren Finanzen, unserer Familie und unseren Beziehungen.<\/li>\n\n\n\n<li>Innere Hindernisse, die geistige und k\u00f6rperliche Gesundheitsprobleme, starke Emotionen, Verwirrung und dergleichen verursachen. <\/li>\n\n\n\n<li>Geheime Hindernisse, die unsere spirituelle Praxis behindern. <\/li>\n<\/ol>\n\n<p><strong>Pujas k\u00f6nnen f\u00fcr verschiedene Zwecke durchgef\u00fchrt werden:<\/strong><\/p>\n\n<ol class=\"wp-block-list\">\n<li>F\u00fcr Sterbende &#8211; zur Beruhigung ihres Gem\u00fcts zum Zeitpunkt des Todes und zur Unterst\u00fctzung im Sterbeprozess. <\/li>\n\n\n\n<li>F\u00fcr die Verstorbenen &#8211; um ihnen zu helfen, Verdienste anzusammeln und sie zu guten Wiedergeburten und\/oder Befreiung zu f\u00fchren.<\/li>\n\n\n\n<li>Bei Krankheit &#8211; um Hindernisse f\u00fcr die geistige und k\u00f6rperliche Gesundheit zu beseitigen.<\/li>\n\n\n\n<li>F\u00fcr den Erfolg in den eigenen Aktivit\u00e4ten &#8211; um Hindernisse f\u00fcr den Erfolg in allen weltlichen und spirituellen Aktivit\u00e4ten zu beseitigen.<\/li>\n<\/ol>\n\n<p>Eine Puja kann angefordert werden mit einer <strong><mark style=\"background-color:rgba(0, 0, 0, 0)\" class=\"has-inline-color has-vivid-red-color\">Karte &#8220;Geschenk des Segens<\/mark><\/strong>beantragen, wenn Sie ein besonderes Geschenk f\u00fcr einen besonderen Menschen oder eine Person in Not suchen. <br\/>In diesem Fall w\u00e4hlen Sie auf dem Bestellformular die Option &#8220;<strong>Als Geschenk von Blessings Card<\/strong>&#8220;. Sobald wir Ihre Anfrage erhalten haben, senden wir die Karte &#8220;The Gift of Blessings&#8221; zusammen mit Ihrer pers\u00f6nlichen Widmung per E-Mail an den Empf\u00e4nger, den Sie auf dem Formular angegeben haben. <br\/>Sie erhalten auch eine Best\u00e4tigung mit den genauen Daten der Puja(s), die gem\u00e4\u00df den g\u00fcnstigen Daten des tibetischen Mondkalenders geplant sind.<\/p>\n\n<div class=\"wp-block-buttons is-layout-flex wp-block-buttons-is-layout-flex\">\n<div class=\"wp-block-button\"><a class=\"wp-block-button__link has-vivid-red-background-color has-background wp-element-button\" href=\"\/de\/?page_id=30097\"><strong>Puja anfordern<\/strong><\/a><\/div>\n<\/div>\n","protected":false},"excerpt":{"rendered":"<p>Die Kraft des Gebets ist in allen religi\u00f6sen und spirituellen Traditionen bekannt. Dem Buddhismus zufolge sind unsere Erfahrungen im Leben das Ergebnis unserer vergangenen Handlungen. &hellip; <\/p>\n","protected":false},"author":1,"featured_media":0,"parent":0,"menu_order":0,"comment_status":"closed","ping_status":"closed","template":"","meta":{"_tec_requires_first_save":true,"_eb_attr":"","_price":"","_stock":"","_tribe_ticket_header":"","_tribe_default_ticket_provider":"","_tribe_ticket_capacity":"0","_ticket_start_date":"","_ticket_end_date":"","_tribe_ticket_show_description":"","_tribe_ticket_show_not_going":false,"_tribe_ticket_use_global_stock":"","_tribe_ticket_global_stock_level":"","_global_stock_mode":"","_global_stock_cap":"","_tribe_rsvp_for_event":"","_tribe_ticket_going_count":"","_tribe_ticket_not_going_count":"","_tribe_tickets_list":"[]","_tribe_ticket_has_attendee_info_fields":false,"_EventAllDay":false,"_EventTimezone":"","_EventStartDate":"","_EventEndDate":"","_EventStartDateUTC":"","_EventEndDateUTC":"","_EventShowMap":false,"_EventShowMapLink":false,"_EventURL":"","_EventCost":"","_EventCostDescription":"","_EventCurrencySymbol":"","_EventCurrencyCode":"","_EventCurrencyPosition":"","_EventDateTimeSeparator":"","_EventTimeRangeSeparator":"","_EventOrganizerID":[],"_EventVenueID":[],"_OrganizerEmail":"","_OrganizerPhone":"","_OrganizerWebsite":"","_VenueAddress":"","_VenueCity":"","_VenueCountry":"","_VenueProvince":"","_VenueState":"","_VenueZip":"","_VenuePhone":"","_VenueURL":"","_VenueStateProvince":"","_VenueLat":"","_VenueLng":"","_VenueShowMap":false,"_VenueShowMapLink":false,"_tribe_blocks_recurrence_rules":"","_tribe_blocks_recurrence_description":"","_tribe_blocks_recurrence_exclusions":"","footnotes":"","_tec_slr_enabled":"","_tec_slr_layout":""},"class_list":["post-30537","page","type-page","status-publish","hentry","latest_post"],"ticketed":false,"_links":{"self":[{"href":"https:\/\/sakyapa.eu\/de\/wp-json\/wp\/v2\/pages\/30537","targetHints":{"allow":["GET"]}}],"collection":[{"href":"https:\/\/sakyapa.eu\/de\/wp-json\/wp\/v2\/pages"}],"about":[{"href":"https:\/\/sakyapa.eu\/de\/wp-json\/wp\/v2\/types\/page"}],"author":[{"embeddable":true,"href":"https:\/\/sakyapa.eu\/de\/wp-json\/wp\/v2\/users\/1"}],"replies":[{"embeddable":true,"href":"https:\/\/sakyapa.eu\/de\/wp-json\/wp\/v2\/comments?post=30537"}],"version-history":[{"count":3,"href":"https:\/\/sakyapa.eu\/de\/wp-json\/wp\/v2\/pages\/30537\/revisions"}],"predecessor-version":[{"id":30807,"href":"https:\/\/sakyapa.eu\/de\/wp-json\/wp\/v2\/pages\/30537\/revisions\/30807"}],"wp:attachment":[{"href":"https:\/\/sakyapa.eu\/de\/wp-json\/wp\/v2\/media?parent=30537"}],"curies":[{"name":"wp","href":"https:\/\/api.w.org\/{rel}","templated":true}]}}