{"id":30457,"date":"2023-11-17T19:25:23","date_gmt":"2023-11-17T18:25:23","guid":{"rendered":"https:\/\/sakyapa.eu\/mike-bortolotti\/"},"modified":"2023-11-17T19:35:20","modified_gmt":"2023-11-17T18:35:20","slug":"mike-bortolotti","status":"publish","type":"page","link":"https:\/\/sakyapa.eu\/de\/mike-bortolotti\/","title":{"rendered":"Mike Bortolotti"},"content":{"rendered":"\n<div class=\"wp-block-media-text is-stacked-on-mobile\" style=\"grid-template-columns:41% auto\"><figure class=\"wp-block-media-text__media\"><img fetchpriority=\"high\" decoding=\"async\" width=\"768\" height=\"1024\" src=\"https:\/\/sakyapa.eu\/wp-content\/uploads\/2023\/11\/WhatsApp-Image-2023-11-15-at-21.02.10-1-768x1024.jpeg\" alt=\"\" class=\"wp-image-30449 size-full\" srcset=\"https:\/\/sakyapa.eu\/wp-content\/uploads\/2023\/11\/WhatsApp-Image-2023-11-15-at-21.02.10-1-768x1024.jpeg 768w, https:\/\/sakyapa.eu\/wp-content\/uploads\/2023\/11\/WhatsApp-Image-2023-11-15-at-21.02.10-1-225x300.jpeg 225w, https:\/\/sakyapa.eu\/wp-content\/uploads\/2023\/11\/WhatsApp-Image-2023-11-15-at-21.02.10-1-1152x1536.jpeg 1152w, https:\/\/sakyapa.eu\/wp-content\/uploads\/2023\/11\/WhatsApp-Image-2023-11-15-at-21.02.10-1-45x60.jpeg 45w, https:\/\/sakyapa.eu\/wp-content\/uploads\/2023\/11\/WhatsApp-Image-2023-11-15-at-21.02.10-1-rotated.jpeg 1200w\" sizes=\"(max-width: 768px) 100vw, 768px\" \/><\/figure><div class=\"wp-block-media-text__content\">\n<p>Mike Bortolotti, geboren 1977 und aufgewachsen im Tessin, Schweiz, studiert und praktiziert den tibetischen Buddhismus seit 2000. Nachdem er den Buddhismus in Nepal kennengelernt hatte, wo er Meditationskurse und Retreats in Kl\u00f6stern besuchte, traf er seinen Lehrer, Ven. Khenchen Sherab Amipa, im Tessin. Er hat Belehrungen und \u00dcbertragungen von verschiedenen tibetischen Meistern aus unterschiedlichen Schulen erhalten. Insbesondere von S.H. Sakya Gongma Trichen Rinpoche erhielt er den Lamdre, den erweiterten Zyklus der Vajrayogini, und andere \u00dcbertragungen, wobei er mehrere grundlegende Retreats zu den wichtigsten Vajrayana-Praktiken der Sakya-Schule absolvierte.<\/p>\n\n\n\n<p>Dar\u00fcber hinaus hat er weitere, zum Teil l\u00e4ngere Exerzitien unternommen. Er verbrachte mehrere Jahre in Indien und in der Himalaya-Region, wo er seine Kenntnisse des Buddhismus vertiefte und verschiedene Pilgerst\u00e4tten besuchte. Er erwarb einen Bachelor-Abschluss in angewandter Philosophie und einen Master-Abschluss in Religionswissenschaften an der Universit\u00e4t von Lugano. Au\u00dferdem nimmt er an dem siebenj\u00e4hrigen Programm des &#8220;Vollst\u00e4ndigen Pfades&#8221; an der Internationalen Buddhistischen Akademie (IBA) in Kathmandu teil.<\/p>\n\n\n\n<p>Mike leitet regelm\u00e4\u00dfig Kurse und Seminare in Thupten Changchup Ling in Arosio sowie in anderen europ\u00e4ischen Zentren. Er lernt und \u00fcbt weiter, um seine Erfahrungen zu erweitern.<\/p>\n\n\n\n\n<\/div><\/div>\n\n\n\n\n\n<script data-js='tribe-events-view-nonce-data' type='application\/json'>{\"tvn1\":\"9c7eb1d916\",\"tvn2\":\"\"}<\/script>\n","protected":false},"excerpt":{"rendered":"","protected":false},"author":1,"featured_media":0,"parent":0,"menu_order":0,"comment_status":"closed","ping_status":"closed","template":"","meta":{"_tec_requires_first_save":true,"_eb_attr":"","_price":"","_stock":"","_tribe_ticket_header":"","_tribe_default_ticket_provider":"","_tribe_ticket_capacity":"0","_ticket_start_date":"","_ticket_end_date":"","_tribe_ticket_show_description":"","_tribe_ticket_show_not_going":false,"_tribe_ticket_use_global_stock":"","_tribe_ticket_global_stock_level":"","_global_stock_mode":"","_global_stock_cap":"","_tribe_rsvp_for_event":"","_tribe_ticket_going_count":"","_tribe_ticket_not_going_count":"","_tribe_tickets_list":"[]","_tribe_ticket_has_attendee_info_fields":false,"_EventAllDay":false,"_EventTimezone":"","_EventStartDate":"","_EventEndDate":"","_EventStartDateUTC":"","_EventEndDateUTC":"","_EventShowMap":false,"_EventShowMapLink":false,"_EventURL":"","_EventCost":"","_EventCostDescription":"","_EventCurrencySymbol":"","_EventCurrencyCode":"","_EventCurrencyPosition":"","_EventDateTimeSeparator":"","_EventTimeRangeSeparator":"","_EventOrganizerID":[],"_EventVenueID":[],"_OrganizerEmail":"","_OrganizerPhone":"","_OrganizerWebsite":"","_VenueAddress":"","_VenueCity":"","_VenueCountry":"","_VenueProvince":"","_VenueState":"","_VenueZip":"","_VenuePhone":"","_VenueURL":"","_VenueStateProvince":"","_VenueLat":"","_VenueLng":"","_VenueShowMap":false,"_VenueShowMapLink":false,"_tribe_blocks_recurrence_rules":"","_tribe_blocks_recurrence_description":"","_tribe_blocks_recurrence_exclusions":"","footnotes":"","_tec_slr_enabled":"","_tec_slr_layout":""},"class_list":["post-30457","page","type-page","status-publish","hentry","latest_post"],"ticketed":false,"_links":{"self":[{"href":"https:\/\/sakyapa.eu\/de\/wp-json\/wp\/v2\/pages\/30457","targetHints":{"allow":["GET"]}}],"collection":[{"href":"https:\/\/sakyapa.eu\/de\/wp-json\/wp\/v2\/pages"}],"about":[{"href":"https:\/\/sakyapa.eu\/de\/wp-json\/wp\/v2\/types\/page"}],"author":[{"embeddable":true,"href":"https:\/\/sakyapa.eu\/de\/wp-json\/wp\/v2\/users\/1"}],"replies":[{"embeddable":true,"href":"https:\/\/sakyapa.eu\/de\/wp-json\/wp\/v2\/comments?post=30457"}],"version-history":[{"count":2,"href":"https:\/\/sakyapa.eu\/de\/wp-json\/wp\/v2\/pages\/30457\/revisions"}],"predecessor-version":[{"id":30465,"href":"https:\/\/sakyapa.eu\/de\/wp-json\/wp\/v2\/pages\/30457\/revisions\/30465"}],"wp:attachment":[{"href":"https:\/\/sakyapa.eu\/de\/wp-json\/wp\/v2\/media?parent=30457"}],"curies":[{"name":"wp","href":"https:\/\/api.w.org\/{rel}","templated":true}]}}